

{"id":20726,"date":"2012-08-09T01:17:21","date_gmt":"2012-08-08T13:17:21","guid":{"rendered":"https:\/\/www.languages.ac.nz\/languages-international-2\/"},"modified":"2019-08-19T18:29:35","modified_gmt":"2019-08-19T06:29:35","slug":"languages-international-2","status":"publish","type":"page","link":"https:\/\/www.languages.ac.nz\/pt-br\/","title":{"rendered":"Languages International"},"content":{"rendered":"<h2>Cursos de Ingl\u00eas na Nova Zel\u00e2ndia<\/h2>\n<h3>Aprenda ingl\u00eas estudando na escola Languages International em Auckland<\/h3>\n<p>Bem-vindo a Languages International. Oferecemos a voc\u00ea uma\u00a0localiza\u00e7\u00e3o central maravilhosa em Auckland na Nova Zel\u00e2ndia. N\u00f3s utilizamos tr\u00eas pr\u00e9dios hist\u00f3ricos dentro e ao redor do belo Albert Park.<\/p>\n<img loading=\"lazy\" decoding=\"async\" src=\"https:\/\/www.languages.ac.nz\/wp-content\/uploads\/english-courses-auckland-new-zealand.png\" alt=\"Languages International Auckland, an English school in New Zealand\" width=\"750\" height=\"725\" class=\"alignnone size-full wp-image-29586\" srcset=\"https:\/\/www.languages.ac.nz\/wp-content\/uploads\/english-courses-auckland-new-zealand.png 750w, https:\/\/www.languages.ac.nz\/wp-content\/uploads\/english-courses-auckland-new-zealand-300x290.png 300w\" sizes=\"auto, (max-width: 750px) 100vw, 750px\" \/>\n<p>Oferecemos a voc\u00ea ensino da mais alta qualidade e aten\u00e7\u00e3o individual num ambiente agrad\u00e1vel e estimulante onde voc\u00ea ir\u00e1 conhecer pessoas interessantes do mundo inteiro. \u00d3timos colegas de classe, professores am\u00e1veis e altamente qualificados, fam\u00edlias neozelandesas dedicadas e uma grande variedade de atividade ap\u00f3s aula, proporcionam uma estada agrad\u00e1vel e cheia de \u00eaxito nesta linda cidade.<\/p>\n<p>A Languages International, fundada em 1978, \u00e9 a mais antiga escola particular de ingl\u00eas da Nova Zel\u00e2ndia. A escola possui uma excelente reputa\u00e7\u00e3o em n\u00edvel internacional pela sua qualidade de ensino, confiabilidade e aten\u00e7\u00e3o dada aos estudantes.<\/p>\n<h3>Languages International oferece a voc\u00ea:<\/h3>\n<ul>\n<li>Uma linda localiza\u00e7\u00e3o no centro de Auckland<\/li>\n<li>Professores altamente qualificados e muito am\u00e1veis. Todos os principais membros da equipe acad\u00eamica possuem um Mestrado em Lingu\u00edstica Aplicada<\/li>\n<li>M\u00e1ximo de 14 alunos por sala de aula<\/li>\n<li>Possui grande variedade de estudantes provenientes da Europa, \u00c1sia, Am\u00e9rica do Sul e Ilhas do Pac\u00edfico<\/li>\n<li>Salas de aula confort\u00e1veis em lindos pr\u00e9dios hist\u00f3ricos<img loading=\"lazy\" decoding=\"async\" class=\"alignright size-full wp-image-4047\" title=\"International-friends-people\" src=\"https:\/\/www.languages.ac.nz\/wp-content\/uploads\/2012\/08\/International-friends-people.jpg\" alt=\"Make international friends\" width=\"250\" height=\"166\" \/><\/li>\n<li>Uma grande variedade de cursos para prepar\u00e1-lo para o futuro<\/li>\n<li>Centro de Aprendizado Independente, com computadores, DVDs, biblioteca e professores de plant\u00e3o<\/li>\n<li>Alto \u00edndice de aprova\u00e7\u00e3o nos exames<\/li>\n<li>Sala de estar para alunos<\/li>\n<li>Acesso gratuito ao e-mail e internet<\/li>\n<li>Traslado do aeroporto caso solicitado<\/li>\n<li>Programa regular de atividades sociais<\/li>\n<li>Excurs\u00f5es organizadas nos fins de semana<\/li>\n<li>Churrascos e festas<\/li>\n<\/ul>\n<h3>Depoimentos de Estudantes e Experi\u00eancias na Languages International<\/h3>\n<p>Conhe\u00e7a um pouco mais sobre a experi\u00eancia de quem j\u00e1 estudou na Languages International, e leia os depoimentos dos nossos estudantes.<\/p>\n<ul>\n<li>Veja os depoimentos de estudantes brasileiros <a href=\"\/pt-br\/category\/depoimentos\/\">em portugu\u00eas.<\/a><\/li>\n<li>Veja os depoimentos de estudantes do mundo inteiro<a href=\"\/category\/students-say\/\"> em ingl\u00eas<\/a>.<\/li>\n<\/ul>\n<h3 class=\"h2\">Conselheiros e Assist\u00eancia Acad\u00eamica<\/h3>\n<p>No seu primeiro dia voc\u00ea ser\u00e1 recebido por um conselheiro que fala seu idioma nativo. Esse te auxiliar\u00e1 na adapta\u00e7\u00e3o em sua nova vida na Nova Zel\u00e2ndia. Para ver a foto do seu conselheiro click <a href=\"https:\/\/www.languages.ac.nz\/about-us\/our-people\/counsellors-in-auckland\/\">aqui<\/a>\u00a0<em>(p\u00e1gina em ingl\u00eas)<\/em>.<\/p>\n<p>No primeiro dia seu conselheiro te informar\u00e1 sobre suas classes e sobre as facilidades da escola, como tamb\u00e9m, como aproveitar ao m\u00e1ximo a vida familiar de <em>homestay<\/em>. Voc\u00ea receber\u00e1 todas as informa\u00e7\u00f5es necess\u00e1rias e b\u00e1sicas incluindo aonde comprar um passe de \u00f4nibus e como abrir uma conta banc\u00e1ria. Seu conselheiro tamb\u00e9m te levar\u00e1 a um <em>tour<\/em> da escola e arredores.<\/p>\n<p>Mais importante, por\u00e9m, \u00e9 o fato de seu conselheiro estar dispon\u00edvel todas as semanas para responder \u00e0s suas perguntas e d\u00favidas.<\/p>\n<p>Nossos professores s\u00e3o tamb\u00e9m ativamente envolvidos no processo de aprendizagem do aluno. Seu bem estar na escola \u00e9 garantido pelo aux\u00edlio de nosso amig\u00e1vel e eficiente corpo administrativo.<\/p>\n<p>Para maiores informa\u00e7\u00f5es em nosso <em>first day<\/em> livro de orienta\u00e7\u00e3o <em>click <\/em><a href=\"https:\/\/www.languages.ac.nz\/courses\/your-first-day\/\">aqui<\/a>\u00a0<em>(p\u00e1gina em ingl\u00eas)<\/em>.<\/p>\n<h3 class=\"h2\">Cursos<\/h3>\n<p><a href=\"https:\/\/www.languages.ac.nz\/wp-content\/uploads\/2012\/10\/Classroom.jpg\"><img loading=\"lazy\" decoding=\"async\" class=\"alignleft size-medium wp-image-1407\" title=\"Classroom at Languages International\" src=\"https:\/\/www.languages.ac.nz\/wp-content\/uploads\/2012\/10\/Classroom-300x108.jpg\" alt=\"\" width=\"300\" height=\"108\" srcset=\"https:\/\/www.languages.ac.nz\/wp-content\/uploads\/2012\/10\/Classroom-300x108.jpg 300w, https:\/\/www.languages.ac.nz\/wp-content\/uploads\/2012\/10\/Classroom.jpg 953w\" sizes=\"auto, (max-width: 300px) 100vw, 300px\" \/><\/a>Nosso ano escolar e dividido em per\u00edodos de primavera, ver\u00e3o, outono e inverno. A lista completa de cursos e datas de in\u00edcio esta <a href=\"https:\/\/www.languages.ac.nz\/courses\/\">aqui<\/a> <em>(p\u00e1gina em ingl\u00eas)<\/em>. Voc\u00ea pode come\u00e7ar o curso de General English todas as segundas\u2013feiras. A escola est\u00e1 aberta durante todo o ano fechando somente por duas semanas no Natal.<\/p>\n<p>N\u00f3s oferecemos uma vasta sele\u00e7\u00e3o de cursos na \u00e1rea de <em>General English<\/em>, ingl\u00eas para fins universit\u00e1rios, ingl\u00eas para <em>business<\/em> e treinamento de professores do idioma ingl\u00eas (<em>English Teacher Training<\/em>). Nos especializamos em cursos de prepara\u00e7\u00e3o universit\u00e1ria e cursos t\u00e9cnicos. Preparamos estudantes para v\u00e1rios testes no idioma ingl\u00eas incluindo o Cambridge (PET, CAE, CPE e BEC), <em>Preparation for TOEIC\u00ae Test, Preparation for TOEFL\u00ae Test<\/em> e IELTS. As salas de aula cont\u00eam no m\u00e1ximo 14 estudantes.<\/p>\n<h3 class=\"h2\">General English (GE)<\/h3>\n<p>Per\u00edodo Integral- 23 horas por semana, 20 (60 minutos) horas em sala de aula e 3 (60 minutos) horas de <em>Independent Learning<\/em> supervisionadas por professores. Meio-per\u00edodo-13 horas por semana, 10 (60 minutos) horas em sala de aula e 3 (60 minutos) horas de <em>Independent Learning<\/em> supervisionadas por professores.<\/p>\n<p>Oferecemos oito n\u00edveis cuidadosamente classificados e reconhecidos internacionalmente, de principiante a p\u00f3s-avan\u00e7ado. Cada n\u00edvel possui um curr\u00edculo detalhado. Gra\u00e7as ao uso de livros e diversas atividades em classe, o seu professor tornar\u00e1 as aulas interessantes e eficazes.<\/p>\n<h3 class=\"h2\">Hor\u00e1rios<\/h3>\n<p><a title=\"Sample timetable\" href=\"https:\/\/www.languages.ac.nz\/courses\/sample-timetable\/\" target=\"_blank\" rel=\"noopener\">Os hor\u00e1rios de aula<\/a> variam entre as 8.30am e 3.50pm, de segunda \u00e0 sexta. Cada estudante recebe seu hor\u00e1rio individual no in\u00edcio do curso.<\/p>\n<h3 class=\"h2\">O Learning Centre<\/h3>\n<p><strong>(O Centro de Aprendizado)<\/strong><\/p>\n<p><a href=\"https:\/\/www.languages.ac.nz\/wp-content\/uploads\/2012\/08\/Learning-Centre.jpg\"><img loading=\"lazy\" decoding=\"async\" class=\"size-medium wp-image-4284 alignleft\" title=\"Learning-Centre\" src=\"https:\/\/www.languages.ac.nz\/wp-content\/uploads\/2012\/08\/Learning-Centre-300x200.jpg\" alt=\"Languages International's Learning Centre in Auckland New Zealand\" width=\"300\" height=\"200\" srcset=\"https:\/\/www.languages.ac.nz\/wp-content\/uploads\/2012\/08\/Learning-Centre-300x200.jpg 300w, https:\/\/www.languages.ac.nz\/wp-content\/uploads\/2012\/08\/Learning-Centre.jpg 774w\" sizes=\"auto, (max-width: 300px) 100vw, 300px\" \/><\/a>As instala\u00e7\u00f5es de multim\u00eddia existentes no nosso\u00a0<a title=\"About our Learning Centres\" href=\"https:\/\/www.languages.ac.nz\/about-us\/our-learning-centres\/\" target=\"_blank\" rel=\"noopener\">Centro de Aprendizado<\/a>\u00a0<em>(p\u00e1gina em ingl\u00eas)<\/em> oferecem ao aluno todos os recursos necess\u00e1rios para estudar de forma independente e atingir assim os seus objetivos pessoais em termos de estudos. O programa semanal de aulas inclui hor\u00e1rios espec\u00edficos para o uso do Centro e o aluno poder\u00e1 ampliar as suas horas de estudo, passando mais tempo no Centro de Aprendizado antes e depois das aulas. Um pouco antes do in\u00edcio de seu curso, um professor ir\u00e1 auxili\u00e1-lo a preparar um plano de estudo individual, que voc\u00ea poder\u00e1 continuar utilizando quando voltar ao seu pa\u00eds.<br \/>\n<div class=\"clear\" style=\" \"><\/div>\n<h3 class=\"h2\">Hospedagem<\/h3>\n<p>Podemos oferecer hospedagem em:<\/p>\n<ul>\n<li>casa de fam\u00edlia<\/li>\n<li>resid\u00eancia universit\u00e1ria<\/li>\n<li>apartamento mobiliado<\/li>\n<\/ul>\n<p>Todas as acomoda\u00e7\u00f5es s\u00e3o selecionadas cuidadosamente, tendo em vista a qualidade de suas instala\u00e7\u00f5es e a aten\u00e7\u00e3o oferecidas aos h\u00f3spedes. <em>Click<\/em> <a href=\"https:\/\/www.languages.ac.nz\/accommodation\/\">aqui<\/a> para fotos e maiores informa\u00e7\u00f5es <em>(em ingl\u00eas)<\/em>.<br \/>\n<a href=\"https:\/\/www.languages.ac.nz\/wp-content\/uploads\/2012\/08\/christchurch-Homestay.jpg\"><img loading=\"lazy\" decoding=\"async\" class=\"size-medium wp-image-4441 alignright\" title=\"Banner Homestay\" src=\"https:\/\/www.languages.ac.nz\/wp-content\/uploads\/2012\/08\/christchurch-Homestay-300x107.jpg\" alt=\"Languages International homestay na Nova Zel\u00e2ndia\" width=\"300\" height=\"107\" srcset=\"https:\/\/www.languages.ac.nz\/wp-content\/uploads\/2012\/08\/christchurch-Homestay-300x107.jpg 300w, https:\/\/www.languages.ac.nz\/wp-content\/uploads\/2012\/08\/christchurch-Homestay.jpg 953w\" sizes=\"auto, (max-width: 300px) 100vw, 300px\" \/><\/a><\/p>\n<h3 class=\"h2\">Viver com uma fam\u00edlia neozelandesa<\/h3>\n<p>Selecionamos as fam\u00edlias com cuidado, levando em conta seu estilo de vida, a qualidade e a localiza\u00e7\u00e3o de suas casas e a sua gentileza. Temos muito orgulho das fam\u00edlias com quem trabalhamos devido ao carinho com o qual estas sempre receberam nossos alunos. Os neozelandeses s\u00e3o conhecidos pela sua hospitalidade e se voc\u00ea fizer um esfor\u00e7o e for comunicativo, far\u00e1 um amigo para o resto da vida.<\/p>\n<p>A estada em casa de fam\u00edlia inclui jantar e caf\u00e9 da manh\u00e3 nos dias de semana e todas as refei\u00e7\u00f5es nos fins-de-semana. O aluno ter\u00e1 o seu pr\u00f3prio quarto, com espa\u00e7o para estudar. No caso de haver mais de um aluno por casa, a l\u00edngua materna destes n\u00e3o ser\u00e1 a mesma, exceto em casos de amigos que desejam permanecer juntos na mesma casa. As fam\u00edlias vivem perto de pontos de \u00f4nibus e o percurso at\u00e9 a escola \u00e9 normalmente de 20 a 30 minutos.<\/p>\n<h3 class=\"h2\">Atividades ap\u00f3s as aulas e nos fins-de-semana<\/h3>\n<p>Na Languages International incentivamos aos alunos a dedicarem-se ao m\u00e1ximo aos seus estudos e contrabalanceamos isto com um programa completo de atividades p\u00f3s-aula coordenado por um de nossos professores. Cada segunda-feira, afixamos nas salas de aula a programa\u00e7\u00e3o de atividades para cada dia da semana. Participar destas atividades \u00e9 a sua melhor oportunidade para conhecer melhor os alunos frequentando outros cursos e n\u00edveis.<\/p>\n<p>Tamb\u00e9m oferecemos viagens para fora de Auckland todos os fins-de-semana. Tais viagens s\u00e3o feitas por guias com experi\u00eancia. As viagens favoritas s\u00e3o para a \u00e1rea termal de Rotorua, cavernas de Waitomo, Lake Taupo e Bay of Island.<\/p>\n<h3 class=\"h2\">Seguro Medico e de Viagem<\/h3>\n<p>Conforme as leis da Nova Zel\u00e2ndia, estudantes n\u00e3o poder\u00e3o iniciar suas aulas sem comprovante de seguro m\u00e9dico e de viagem. O seguro \u00e9 obrigat\u00f3rio durante o seu curso completo na Languages International. Voc\u00ea poder\u00e1 adquirir esse seguro por nosso interm\u00e9dio antes de sua chegada ou por uma companhia em seu pa\u00eds. Requeremos comprovante de seguro (nome da companhia, n\u00famero da ap\u00f3lice, data de t\u00e9rmino) pr\u00e9vio ao in\u00edcio das aulas.<\/p>\n<h3 class=\"h2\">\u00c9 f\u00e1cil juntar-se a n\u00f3s, matricule-se <em>online<\/em> <a href=\"https:\/\/www.languages.ac.nz\/courses\/enrol-now\/\">aqui.<\/a><span style=\"font-size: 13px;\">\u00a0<\/span><\/h3>\n<p>Visite nosso <a href=\"https:\/\/www.languages.ac.nz\/\">home page em ingl\u00eas<\/a> para mais informa\u00e7\u00f5es.<\/p>\n<p><a class=\"enrol-now\" href=\"\/courses\/enrol-now\/\">Matricule-se<\/a><\/p>\n","protected":false},"excerpt":{"rendered":"<p>Cursos de Ingl\u00eas na Nova Zel\u00e2ndia Aprenda ingl\u00eas estudando na escola Languages International em Auckland Bem-vindo a Languages International. Oferecemos a voc\u00ea uma\u00a0localiza\u00e7\u00e3o central maravilhosa em Auckland na Nova Zel\u00e2ndia. N\u00f3s utilizamos tr\u00eas pr\u00e9dios hist\u00f3ricos dentro e ao redor do belo Albert Park. Oferecemos a voc\u00ea ensino da mais alta qualidade e aten\u00e7\u00e3o individual num<!-- ...  <a href=\"https:\/\/www.languages.ac.nz\/pt-br\/\" title=\"Read Languages International\">Leia mais &raquo;<\/a> --><\/p>\n","protected":false},"author":1,"featured_media":0,"parent":0,"menu_order":1,"comment_status":"closed","ping_status":"closed","template":"page-home.php","meta":{"footnotes":""},"class_list":["post-20726","page","type-page","status-publish","hentry"],"acf":[],"_links":{"self":[{"href":"https:\/\/www.languages.ac.nz\/pt-br\/wp-json\/wp\/v2\/pages\/20726","targetHints":{"allow":["GET"]}}],"collection":[{"href":"https:\/\/www.languages.ac.nz\/pt-br\/wp-json\/wp\/v2\/pages"}],"about":[{"href":"https:\/\/www.languages.ac.nz\/pt-br\/wp-json\/wp\/v2\/types\/page"}],"author":[{"embeddable":true,"href":"https:\/\/www.languages.ac.nz\/pt-br\/wp-json\/wp\/v2\/users\/1"}],"replies":[{"embeddable":true,"href":"https:\/\/www.languages.ac.nz\/pt-br\/wp-json\/wp\/v2\/comments?post=20726"}],"version-history":[{"count":25,"href":"https:\/\/www.languages.ac.nz\/pt-br\/wp-json\/wp\/v2\/pages\/20726\/revisions"}],"predecessor-version":[{"id":31062,"href":"https:\/\/www.languages.ac.nz\/pt-br\/wp-json\/wp\/v2\/pages\/20726\/revisions\/31062"}],"wp:attachment":[{"href":"https:\/\/www.languages.ac.nz\/pt-br\/wp-json\/wp\/v2\/media?parent=20726"}],"curies":[{"name":"wp","href":"https:\/\/api.w.org\/{rel}","templated":true}]}}