

{"id":667,"date":"2012-08-29T02:32:49","date_gmt":"2012-08-28T14:32:49","guid":{"rendered":"http:\/\/languages-new.reactivework.co.nz\/?page_id=667"},"modified":"2015-10-17T20:43:04","modified_gmt":"2015-10-17T08:43:04","slug":"votre-premiere-journee","status":"publish","type":"page","link":"https:\/\/www.languages.ac.nz\/fr\/vie-etudiante\/votre-premiere-journee\/","title":{"rendered":"Votre premi\u00e8re journ\u00e9e"},"content":{"rendered":"<h2>Votre premi\u00e8re journ\u00e9e \u00e0 Languages International<\/h2>\n<p>Pour votre premier lundi avec nous, nous vous attendons \u00e0 la r\u00e9ception entre 8\u00a0h\u00a000 et 8\u00a0h\u00a045. Si vous \u00eates h\u00e9berg\u00e9(e) en <a href=\"https:\/\/www.languages.ac.nz\/homestay.html\">famille d&rsquo;accueil<\/a>, votre famille vous aidera \u00e0 trouver le chemin de l&rsquo;\u00e9cole.<\/p>\n<p>Apr\u00e8s un test d&rsquo;aptitude et un entretien, notre <a href=\"https:\/\/www.languages.ac.nz\/counsellors-in-auckland.html\">conseill\u00e8re francophone<\/a>\u00a0se chargera de votre orientation. Elle vous parlera de vos cours et de nos installations, et vous donnera des conseils pour que vous puissiez profiter \u00e0 fond de votre s\u00e9jour en Nouvelle-Z\u00e9lande. Elle vous expliquera comment vous d\u00e9brouiller dans vos d\u00e9marches quotidiennes, y compris pour prendre le bus ou ouvrir un compte en banque. Vous aurez aussi droit \u00e0 une visite guid\u00e9e de l&rsquo;\u00e9cole et du voisinage. Notre conseill\u00e8re francophone reste \u00e0 votre disposition au cours des semaines suivantes si vous avez besoin d&rsquo;aide.<\/p>\n<p>Au cours de l&rsquo;apr\u00e8s-midi, nous vous pr\u00e9senterons les cours, le <a href=\"https:\/\/www.languages.ac.nz\/our-learning-centres.html\">Learning Centre<\/a> et les <a href=\"https:\/\/www.languages.ac.nz\/social-programme.html\">loisirs<\/a>. Vos cours commencent le mardi.<\/p>\n<h3>Pour le premier jour, n&rsquo;oubliez pas d&rsquo;apporter\u00a0:<\/h3>\n<ul>\n<li>votre passeport (l&rsquo;original, pas de photocopie)\u00a0;<\/li>\n<li>une photo d&rsquo;identit\u00e9 (pour votre carte d&rsquo;\u00e9tudiant)\u00a0;<\/li>\n<li>un stylo\u00a0;<\/li>\n<li>votre appareil Wi-Fi (smartphone, tablette ou ordinateur portable) ;<\/li>\n<li>les d\u00e9tails de votre assurance voyage.<\/li>\n<\/ul>\n<p>Pour plus de renseignements, veuillez t\u00e9l\u00e9charger notre guide <a title=\"Guide book Auckland\" href=\"https:\/\/www.languages.ac.nz\/wp-content\/uploads\/1st-day-book.pdf\">1st Day Guide Book Auckland<\/a> (PDF 0,62\u00a0Mo \u2013 en anglais)<\/p>\n","protected":false},"excerpt":{"rendered":"<p>Votre premi\u00e8re journ\u00e9e \u00e0 Languages International Pour votre premier lundi avec nous, nous vous attendons \u00e0 la r\u00e9ception entre 8\u00a0h\u00a000 et 8\u00a0h\u00a045. Si vous \u00eates h\u00e9berg\u00e9(e) en famille d&rsquo;accueil, votre famille vous aidera \u00e0 trouver le chemin de l&rsquo;\u00e9cole. Apr\u00e8s un test d&rsquo;aptitude et un entretien, notre conseill\u00e8re francophone\u00a0se chargera de votre orientation. Elle vous<!-- ...  <a href=\"https:\/\/www.languages.ac.nz\/fr\/vie-etudiante\/votre-premiere-journee\/\" title=\"Read Votre premi\u00e8re journ\u00e9e\">Lire la suite &raquo;<\/a> --><\/p>\n","protected":false},"author":2,"featured_media":0,"parent":3919,"menu_order":2,"comment_status":"closed","ping_status":"closed","template":"","meta":{"footnotes":""},"class_list":["post-667","page","type-page","status-publish","hentry"],"acf":[],"_links":{"self":[{"href":"https:\/\/www.languages.ac.nz\/fr\/wp-json\/wp\/v2\/pages\/667","targetHints":{"allow":["GET"]}}],"collection":[{"href":"https:\/\/www.languages.ac.nz\/fr\/wp-json\/wp\/v2\/pages"}],"about":[{"href":"https:\/\/www.languages.ac.nz\/fr\/wp-json\/wp\/v2\/types\/page"}],"author":[{"embeddable":true,"href":"https:\/\/www.languages.ac.nz\/fr\/wp-json\/wp\/v2\/users\/2"}],"replies":[{"embeddable":true,"href":"https:\/\/www.languages.ac.nz\/fr\/wp-json\/wp\/v2\/comments?post=667"}],"version-history":[{"count":0,"href":"https:\/\/www.languages.ac.nz\/fr\/wp-json\/wp\/v2\/pages\/667\/revisions"}],"up":[{"embeddable":true,"href":"https:\/\/www.languages.ac.nz\/fr\/wp-json\/wp\/v2\/pages\/3919"}],"wp:attachment":[{"href":"https:\/\/www.languages.ac.nz\/fr\/wp-json\/wp\/v2\/media?parent=667"}],"curies":[{"name":"wp","href":"https:\/\/api.w.org\/{rel}","templated":true}]}}