

{"id":664,"date":"2012-08-29T02:22:43","date_gmt":"2012-08-28T14:22:43","guid":{"rendered":"http:\/\/languages-new.reactivework.co.nz\/?page_id=664"},"modified":"2018-06-19T12:34:23","modified_gmt":"2018-06-19T00:34:23","slug":"preparation-a-lexamen-ielts","status":"publish","type":"page","link":"https:\/\/www.languages.ac.nz\/fr\/cours\/preparation-a-lexamen-ielts\/","title":{"rendered":"Pr\u00e9paration \u00e0 l&rsquo;examen IELTS"},"content":{"rendered":"<p><a class=\"enrol-now\" href=\"\/fr\/cours\/inscription\/\">S&rsquo;inscrire<\/a><\/p>\n<p>Formation \u00e0 temps complet combinant un cours d&rsquo;<a href=\"https:\/\/www.languages.ac.nz\/english-for-university.html\">anglais pour l&rsquo;universit\u00e9<\/a>, d&rsquo;<a href=\"https:\/\/www.languages.ac.nz\/general-english.html\">anglais g\u00e9n\u00e9ral<\/a> ou d&rsquo;<a href=\"https:\/\/www.languages.ac.nz\/english-for-business.html\">anglais des affaires<\/a> avec un cours de pr\u00e9paration \u00e0 l&rsquo;examen IELTS. Ce cursus vous donne tous les moyens de r\u00e9ussir votre examen IELTS ainsi que <a href=\"https:\/\/www.languages.ac.nz\/further-studies.html\">les \u00e9tudes<\/a> que vous entreprendrez par la suite.<\/p>\n<p>L&rsquo;examen IELTS (International English Language Testing System) \u00e9value la ma\u00eetrise de l&rsquo;anglais pour deux raisons\u00a0: il \u00e9value, d&rsquo;une part, le niveau des personnes souhaitant <a href=\"https:\/\/www.languages.ac.nz\/further-studies.html\">\u00e9tudier dans un \u00e9tablissement d&rsquo;enseignement sup\u00e9rieur<\/a> en <a href=\"https:\/\/www.languages.ac.nz\/new-zealand.html\">Nouvelle-Z\u00e9lande<\/a>, en Australie ou au Royaume-Uni\u00a0; il constitue, d&rsquo;autre part, une obligation \u00e0 satisfaire pour toute personne souhaitant immigrer en Nouvelle-Z\u00e9lande et en Australie.\u00a0 En Nouvelle-Z\u00e9lande, la pr\u00e9f\u00e9rence est donn\u00e9e \u00e0 l&rsquo;examen IELTS pour \u00e9valuer la connaissance d&rsquo;anglais des \u00e9tudiants potentiels.<\/p>\n<p>Il y a un certain nombre de centres IELTS \u00e0 Auckland o\u00f9 vous pouvez passer l&rsquo;examen. Les sessions d&rsquo;examen y sont organis\u00e9es toutes les deux \u00e0 quatre semaines. Nous pouvons vous aider \u00e0 trouver un centre et \u00e0 vous inscrire pour passer l&rsquo;examen une fois que vous aurez commenc\u00e9 votre cours au sein de Languages International.<\/p>\n<table border=\"0\" cellpadding=\"0\">\n<tbody>\n<tr>\n<td valign=\"top\" width=\"160\">Niveau<\/td>\n<td valign=\"top\">Pr\u00e9-interm\u00e9diaire\u00a0(<a href=\"https:\/\/www.languages.ac.nz\/test-your-english.html\">\u00c9valuez votre niveau<\/a>)<\/td>\n<\/tr>\n<tr>\n<td valign=\"top\">Dur\u00e9e<\/td>\n<td valign=\"top\">Plus de 6\u00a0semaines<\/td>\n<\/tr>\n<tr>\n<td valign=\"top\">Charge horaire<\/td>\n<td valign=\"top\">Temps plein\u00a0: 23\u00a0heures par semaine<br \/>\n<em>20\u00a0heures compl\u00e8tes en classe<\/em><br \/>\n<em>3\u00a0heures compl\u00e8tes de travail <\/em><a href=\"https:\/\/www.languages.ac.nz\/our-learning-centres.html\"><em>autonome sous la supervision d&rsquo;un enseignant<\/em><\/a><a href=\"https:\/\/www.languages.ac.nz\/sample-timetable.html\">Voir un exemple d&#8217;emploi du temps<\/a><\/td>\n<\/tr>\n<tr>\n<td valign=\"top\">Lieu<\/td>\n<td valign=\"top\">Cours assur\u00e9s \u00e0 <a href=\"https:\/\/www.languages.ac.nz\/languages-international-auckland.html\">Auckland<\/a>\u00a0en <a href=\"https:\/\/www.languages.ac.nz\/our-learning-centres.html\">Nouvelle-Z\u00e9lande<\/a><\/td>\n<\/tr>\n<tr>\n<td valign=\"top\">Nombre d&rsquo;\u00e9tudiants par classe<\/td>\n<td valign=\"top\">14\u00a0au maximum<\/td>\n<\/tr>\n<tr>\n<td valign=\"top\">Dates de d\u00e9but et tarifs<\/td>\n<td valign=\"top\">Veuillez consulter notre <a title=\"brochure d'information sur les cours\" href=\"https:\/\/www.languages.ac.nz\/wp-content\/uploads\/course-information.pdf\" target=\"_blank\" rel=\"noopener\">brochure d&rsquo;information sur les cours<\/a> pour plus de renseignements.<\/td>\n<\/tr>\n<tr>\n<td valign=\"top\">Frais d&rsquo;inscription \u00e0 l&rsquo;examen IELTS (NZD)<\/td>\n<td valign=\"top\">Veuillez consulter notre <a title=\"brochure d'information sur les cours\" href=\"https:\/\/www.languages.ac.nz\/wp-content\/uploads\/course-information.pdf\" target=\"_blank\" rel=\"noopener\">brochure d&rsquo;information sur les cours<\/a>\u00a0pour plus de renseignements.<\/td>\n<\/tr>\n<tr>\n<td valign=\"top\">Voir \u00e9galement<\/td>\n<td valign=\"top\">\n<ul>\n<li>Si vous souhaitez assister \u00e0 des cours suppl\u00e9mentaires de pr\u00e9paration \u00e0 l&rsquo;examen IELTS en soir\u00e9e, inscrivez-vous \u00e0\u00a0<a href=\"https:\/\/www.languages.ac.nz\/extension-classes.html#IELTS\">IELTS Extra<\/a>\u00a0pour six heures de pr\u00e9paration en plus par semaine.<\/li>\n<li>Si vous souhaitez plus d&rsquo;entra\u00eenement, participez \u00e0 nos cours de\u00a0<a href=\"https:\/\/www.languages.ac.nz\/extension-classes.html#conversation\">conversation<\/a>\u00a0du soir.<\/li>\n<li>Vous pouvez \u00e9galement pratiquer votre anglais au\u00a0<a href=\"https:\/\/www.languages.ac.nz\/our-learning-centres.html\">Learning Centre<\/a>\u00a0(demandez \u00e0 un enseignant des informations sur l&rsquo;\u00e9change de conversation) et par l&rsquo;interm\u00e9diaire\u00a0<a href=\"https:\/\/www.languages.ac.nz\/social-programme.html\">des loisirs<\/a>.<\/li>\n<\/ul>\n<\/td>\n<\/tr>\n<tr>\n<td valign=\"top\">T\u00e9moignages<\/td>\n<td valign=\"top\">Lisez les\u00a0<a href=\"https:\/\/www.languages.ac.nz\/ielts-students-say.html\">t\u00e9moignages de nos \u00e9tudiants qui ont suivi le cours de pr\u00e9paration \u00e0 l&rsquo;examen IELTS<\/a>.<\/td>\n<\/tr>\n<\/tbody>\n<\/table>\n<p><a class=\"enrol-now\" href=\"\/fr\/cours\/inscription\/\">S&rsquo;inscrire<\/a><\/p>\n","protected":false},"excerpt":{"rendered":"<p>S&rsquo;inscrire Formation \u00e0 temps complet combinant un cours d&rsquo;anglais pour l&rsquo;universit\u00e9, d&rsquo;anglais g\u00e9n\u00e9ral ou d&rsquo;anglais des affaires avec un cours de pr\u00e9paration \u00e0 l&rsquo;examen IELTS. Ce cursus vous donne tous les moyens de r\u00e9ussir votre examen IELTS ainsi que les \u00e9tudes que vous entreprendrez par la suite. L&rsquo;examen IELTS (International English Language Testing System) \u00e9value<!-- ...  <a href=\"https:\/\/www.languages.ac.nz\/fr\/cours\/preparation-a-lexamen-ielts\/\" title=\"Read Pr\u00e9paration \u00e0 l&rsquo;examen IELTS\">Lire la suite &raquo;<\/a> --><\/p>\n","protected":false},"author":2,"featured_media":0,"parent":447,"menu_order":5,"comment_status":"closed","ping_status":"closed","template":"","meta":{"footnotes":""},"class_list":["post-664","page","type-page","status-publish","hentry"],"acf":[],"_links":{"self":[{"href":"https:\/\/www.languages.ac.nz\/fr\/wp-json\/wp\/v2\/pages\/664","targetHints":{"allow":["GET"]}}],"collection":[{"href":"https:\/\/www.languages.ac.nz\/fr\/wp-json\/wp\/v2\/pages"}],"about":[{"href":"https:\/\/www.languages.ac.nz\/fr\/wp-json\/wp\/v2\/types\/page"}],"author":[{"embeddable":true,"href":"https:\/\/www.languages.ac.nz\/fr\/wp-json\/wp\/v2\/users\/2"}],"replies":[{"embeddable":true,"href":"https:\/\/www.languages.ac.nz\/fr\/wp-json\/wp\/v2\/comments?post=664"}],"version-history":[{"count":3,"href":"https:\/\/www.languages.ac.nz\/fr\/wp-json\/wp\/v2\/pages\/664\/revisions"}],"predecessor-version":[{"id":13070,"href":"https:\/\/www.languages.ac.nz\/fr\/wp-json\/wp\/v2\/pages\/664\/revisions\/13070"}],"up":[{"embeddable":true,"href":"https:\/\/www.languages.ac.nz\/fr\/wp-json\/wp\/v2\/pages\/447"}],"wp:attachment":[{"href":"https:\/\/www.languages.ac.nz\/fr\/wp-json\/wp\/v2\/media?parent=664"}],"curies":[{"name":"wp","href":"https:\/\/api.w.org\/{rel}","templated":true}]}}