

{"id":662,"date":"2012-08-29T02:12:23","date_gmt":"2012-08-28T14:12:23","guid":{"rendered":"http:\/\/languages-new.reactivework.co.nz\/?page_id=662"},"modified":"2022-02-23T11:50:38","modified_gmt":"2022-02-22T23:50:38","slug":"anglais-general","status":"publish","type":"page","link":"https:\/\/www.languages.ac.nz\/fr\/cours\/anglais-general\/","title":{"rendered":"Anglais g\u00e9n\u00e9ral"},"content":{"rendered":"<ul>\n<li>Apprenez \u00e0 communiquer en anglais avec plus d&rsquo;aisance et plus de pr\u00e9cision<\/li>\n<li>en assistant \u00e0 des cours int\u00e9ressants et efficaces.<\/li>\n<\/ul>\n<p>Les enseignants suivent un cursus d\u00e9taill\u00e9 \u00e0 l&rsquo;aide d&rsquo;un manuel et d&rsquo;autres activit\u00e9s en classe.&nbsp; Les cours en matin\u00e9e mettent l&rsquo;accent sur l&rsquo;expression et la compr\u00e9hension orales, la grammaire et le vocabulaire. Le programme du cours \u00e0 temps complet pr\u00e9voit plus d&rsquo;activit\u00e9s de lecture et d&rsquo;\u00e9criture ainsi que toute une gamme d&rsquo;options telles que l&rsquo;anglais du monde du travail, la Nouvelle-Z\u00e9lande, le cin\u00e9ma, les m\u00e9dias, l&rsquo;anglais des affaires et l&rsquo;anglais conversationnel. Vous pouvez changer d&rsquo;option d&rsquo;un mois \u00e0 l&rsquo;autre.<\/p>\n<table border=\"0\" cellpadding=\"0\">\n<tbody>\n<tr>\n<td valign=\"top\" width=\"200\">\n<h3>Niveau<\/h3>\n<\/td>\n<td valign=\"top\">Tous niveaux (Nous dispensons des cours \u00e0 8&nbsp;niveaux mondialement reconnus de d\u00e9butant \u00e0 expert.)<\/td>\n<\/tr>\n<tr>\n<td valign=\"top\">\n<h3>Dur\u00e9e<\/h3>\n<\/td>\n<td valign=\"top\">Plus de 2&nbsp;semaines<\/td>\n<\/tr>\n<tr>\n<td valign=\"top\">\n<h3>Charge horaire<\/h3>\n<\/td>\n<td valign=\"top\"><em>Temps plein&nbsp;: <\/em>23&nbsp;heures par semaine<br \/>\n<em>20&nbsp;heures compl\u00e8tes en classe<\/em><br \/>\n<em>3&nbsp;heures compl\u00e8tes de travail <\/em><a title=\"Nos Learning Centres\" href=\"\/fr\/qui-sommes-nous\/nos-learning-centres\/\"><em>autonome sous la supervision d&rsquo;un enseignant<\/em><\/a><br \/>\n<em>Temps partiel&nbsp;: <\/em>13&nbsp;heures par semaine<br \/>\n<em>10&nbsp;heures compl\u00e8tes en classe<\/em><br \/>\n<em>3&nbsp;heures compl\u00e8tes de travail <\/em><a title=\"Nos Learning Centres\" href=\"\/fr\/qui-sommes-nous\/nos-learning-centres\/\"><em>autonome sous la supervision d&rsquo;un enseignant<\/em><\/a><a title=\"Sample timetable\" href=\"\/courses\/sample-timetable\/\" target=\"_blank\" rel=\"noopener\"><br \/>\nVoir un exemple d&#8217;emploi du temps<\/a><\/td>\n<\/tr>\n<tr>\n<td valign=\"top\">\n<h3>Nombre d&rsquo;\u00e9tudiants par classe<\/h3>\n<\/td>\n<td valign=\"top\">14&nbsp;au maximum<\/td>\n<\/tr>\n<tr>\n<td valign=\"top\">\n<h3>Dates de d\u00e9but<\/h3>\n<\/td>\n<td valign=\"top\">Tous les lundis<\/td>\n<\/tr>\n<tr>\n<td valign=\"top\">\n<h3>Lieu<\/h3>\n<\/td>\n<td valign=\"top\">Cours assur\u00e9s \u00e0 <a title=\"Languages International Auckland\" href=\"\/fr\/qui-sommes-nous\/languages-international-auckland\/\">Auckland<\/a>&nbsp;en <a title=\"Nouvelle-Z\u00e9lande\" href=\"\/fr\/qui-sommes-nous\/nouvelle-zelande\/\">Nouvelle-Z\u00e9lande<\/a><\/td>\n<\/tr>\n<tr>\n<td valign=\"top\">\n<h3>Tarifs (NZD)<\/h3>\n<\/td>\n<td valign=\"top\">Veuillez consulter notre&nbsp;<a title=\"Brochure d'information sur les cours\" href=\"https:\/\/www.languages.ac.nz\/wp-content\/uploads\/2022-Course-Information.pdf\" target=\"_blank\" rel=\"noopener\">brochure d&rsquo;information sur les cours<\/a> pour plus de renseignements.<\/td>\n<\/tr>\n<tr>\n<td>\n<h3>Voir \u00e9galement<\/h3>\n<\/td>\n<td>Si vous souhaitez plus d&rsquo;entra\u00eenement, participez \u00e0 nos cours de conversation du soir.<br \/>\nVous pouvez \u00e9galement pratiquer votre anglais au <a title=\"Nos Learning Centres\" href=\"\/fr\/qui-sommes-nous\/nos-learning-centres\/\">Learning Centre<\/a> (demandez \u00e0 un enseignant des informations sur l&rsquo;\u00e9change de conversation) et par l&rsquo;interm\u00e9diaire <a title=\"Loisirs\" href=\"\/fr\/vie-etudiante\/loisirs\/\">des loisirs<\/a>.<\/td>\n<\/tr>\n<tr>\n<td valign=\"top\">\n<h3>T\u00e9moignages d&rsquo;\u00e9tudiants<\/h3>\n<\/td>\n<td>Lisez les <a title=\"Students say...\" href=\"\/category\/students-say\/general-english\/\" target=\"_blank\" rel=\"noopener\">t\u00e9moignages de nos \u00e9tudiants qui ont suivi le cours d&rsquo;anglais g\u00e9n\u00e9ral<\/a>.<\/td>\n<\/tr>\n<\/tbody>\n<\/table>\n<p><a class=\"enrol-now\" href=\"\/fr\/cours\/inscription\/\">S&rsquo;inscrire<\/a><\/p>\n","protected":false},"excerpt":{"rendered":"<p>Apprenez \u00e0 communiquer en anglais avec plus d&rsquo;aisance et plus de pr\u00e9cision en assistant \u00e0 des cours int\u00e9ressants et efficaces. Les enseignants suivent un cursus d\u00e9taill\u00e9 \u00e0 l&rsquo;aide d&rsquo;un manuel et d&rsquo;autres activit\u00e9s en classe.&nbsp; Les cours en matin\u00e9e mettent l&rsquo;accent sur l&rsquo;expression et la compr\u00e9hension orales, la grammaire et le vocabulaire. Le programme du<!-- ...  <a href=\"https:\/\/www.languages.ac.nz\/fr\/cours\/anglais-general\/\" title=\"Read Anglais g\u00e9n\u00e9ral\">Lire la suite &raquo;<\/a> --><\/p>\n","protected":false},"author":2,"featured_media":0,"parent":447,"menu_order":2,"comment_status":"closed","ping_status":"closed","template":"","meta":{"footnotes":""},"class_list":["post-662","page","type-page","status-publish","hentry"],"acf":[],"_links":{"self":[{"href":"https:\/\/www.languages.ac.nz\/fr\/wp-json\/wp\/v2\/pages\/662","targetHints":{"allow":["GET"]}}],"collection":[{"href":"https:\/\/www.languages.ac.nz\/fr\/wp-json\/wp\/v2\/pages"}],"about":[{"href":"https:\/\/www.languages.ac.nz\/fr\/wp-json\/wp\/v2\/types\/page"}],"author":[{"embeddable":true,"href":"https:\/\/www.languages.ac.nz\/fr\/wp-json\/wp\/v2\/users\/2"}],"replies":[{"embeddable":true,"href":"https:\/\/www.languages.ac.nz\/fr\/wp-json\/wp\/v2\/comments?post=662"}],"version-history":[{"count":6,"href":"https:\/\/www.languages.ac.nz\/fr\/wp-json\/wp\/v2\/pages\/662\/revisions"}],"predecessor-version":[{"id":33888,"href":"https:\/\/www.languages.ac.nz\/fr\/wp-json\/wp\/v2\/pages\/662\/revisions\/33888"}],"up":[{"embeddable":true,"href":"https:\/\/www.languages.ac.nz\/fr\/wp-json\/wp\/v2\/pages\/447"}],"wp:attachment":[{"href":"https:\/\/www.languages.ac.nz\/fr\/wp-json\/wp\/v2\/media?parent=662"}],"curies":[{"name":"wp","href":"https:\/\/api.w.org\/{rel}","templated":true}]}}