

{"id":643,"date":"2012-08-29T02:10:41","date_gmt":"2012-08-28T14:10:41","guid":{"rendered":"http:\/\/languages-new.reactivework.co.nz\/?page_id=643"},"modified":"2018-06-19T11:52:33","modified_gmt":"2018-06-18T23:52:33","slug":"inscription","status":"publish","type":"page","link":"https:\/\/www.languages.ac.nz\/fr\/cours\/inscription\/","title":{"rendered":"Inscription"},"content":{"rendered":"<p>Vous pouvez obtenir de l&rsquo;aide aupr\u00e8s d&rsquo;un conseiller en s\u00e9jours linguistiques francophone bas\u00e9 dans votre pays ou en Nouvelle-Z\u00e9lande. Votre agent peut vous donner plus de renseignements sur Languages International et nos cours. Il peut vous aider \u00e0 compl\u00e9ter le formulaire d&rsquo;inscription et \u00e0 comprendre les conditions d&rsquo;inscription. Dans certains cas, il pourra vous aider dans les d\u00e9marches administratives telles que l&rsquo;obtention d&rsquo;un visa et l&rsquo;organisation du voyage. Voici une liste des <a href=\"\/courses\/enrol-now\/get-help-from-a-language-travel-consultant-in-your-country\/\">conseillers en s\u00e9jours linguistiques<\/a> qui pourront vous aider avec votre inscription aupr\u00e8s de Languages International.<\/p>\n<p>Si vous souhaitez proc\u00e9der \u00e0 votre inscription vous-m\u00eame, remplissez notre <a href=\"\/courses\/enrol-now\/\" target=\"_blank\">formulaire d&rsquo;inscription \u00e9lectronique<\/a>\u00a0ou imprimez notre\u00a0<a href=\"https:\/\/www.languages.ac.nz\/wp-content\/uploads\/application-form.pdf\">formulaire d&rsquo;inscription papier<\/a>. Nous vous contacterons sans d\u00e9lai. Les deux formulaires sont en anglais. Vous devrez les remplir en anglais. Il est important que vous compreniez les conditions d&rsquo;inscription. Celles-ci sont \u00e9galement en anglais. C&rsquo;est pourquoi il peut s&rsquo;av\u00e9rer utile de faire appel \u00e0 un <a href=\"\/courses\/enrol-now\/get-help-from-a-language-travel-consultant-in-your-country\/\" target=\"_blank\">conseiller en s\u00e9jours linguistiques<\/a>. Par ailleurs, si vous avez moins de 18 ans, veuillez lire les <a href=\"\/courses\/enrol-now\/are-you-under-18-years-old\/\" target=\"_blank\">informations pour les mineurs<\/a> (en anglais) avant de vous inscrire.<\/p>\n<p><a class=\"enrol-now\" href=\"\/courses\/enrol-now\/\">S&rsquo;inscrire<\/a><\/p>\n","protected":false},"excerpt":{"rendered":"<p>Vous pouvez obtenir de l&rsquo;aide aupr\u00e8s d&rsquo;un conseiller en s\u00e9jours linguistiques francophone bas\u00e9 dans votre pays ou en Nouvelle-Z\u00e9lande. Votre agent peut vous donner plus de renseignements sur Languages International et nos cours. Il peut vous aider \u00e0 compl\u00e9ter le formulaire d&rsquo;inscription et \u00e0 comprendre les conditions d&rsquo;inscription. Dans certains cas, il pourra vous aider<!-- ...  <a href=\"https:\/\/www.languages.ac.nz\/fr\/cours\/inscription\/\" title=\"Read Inscription\">Lire la suite &raquo;<\/a> --><\/p>\n","protected":false},"author":2,"featured_media":0,"parent":447,"menu_order":1,"comment_status":"closed","ping_status":"closed","template":"","meta":{"footnotes":""},"class_list":["post-643","page","type-page","status-publish","hentry"],"acf":[],"_links":{"self":[{"href":"https:\/\/www.languages.ac.nz\/fr\/wp-json\/wp\/v2\/pages\/643","targetHints":{"allow":["GET"]}}],"collection":[{"href":"https:\/\/www.languages.ac.nz\/fr\/wp-json\/wp\/v2\/pages"}],"about":[{"href":"https:\/\/www.languages.ac.nz\/fr\/wp-json\/wp\/v2\/types\/page"}],"author":[{"embeddable":true,"href":"https:\/\/www.languages.ac.nz\/fr\/wp-json\/wp\/v2\/users\/2"}],"replies":[{"embeddable":true,"href":"https:\/\/www.languages.ac.nz\/fr\/wp-json\/wp\/v2\/comments?post=643"}],"version-history":[{"count":1,"href":"https:\/\/www.languages.ac.nz\/fr\/wp-json\/wp\/v2\/pages\/643\/revisions"}],"predecessor-version":[{"id":13052,"href":"https:\/\/www.languages.ac.nz\/fr\/wp-json\/wp\/v2\/pages\/643\/revisions\/13052"}],"up":[{"embeddable":true,"href":"https:\/\/www.languages.ac.nz\/fr\/wp-json\/wp\/v2\/pages\/447"}],"wp:attachment":[{"href":"https:\/\/www.languages.ac.nz\/fr\/wp-json\/wp\/v2\/media?parent=643"}],"curies":[{"name":"wp","href":"https:\/\/api.w.org\/{rel}","templated":true}]}}