

{"id":640,"date":"2012-08-29T02:13:43","date_gmt":"2012-08-28T14:13:43","guid":{"rendered":"http:\/\/languages-new.reactivework.co.nz\/?page_id=640"},"modified":"2018-09-07T10:39:07","modified_gmt":"2018-09-06T22:39:07","slug":"anglais-pour-luniversite","status":"publish","type":"page","link":"https:\/\/www.languages.ac.nz\/fr\/cours\/anglais-pour-luniversite\/","title":{"rendered":"Anglais pour l&rsquo;universit\u00e9"},"content":{"rendered":"<p><a class=\"enrol-now\" href=\"\/fr\/cours\/inscription\/\">S&rsquo;inscrire<\/a><\/p>\n<ul>\n<li>Pr\u00e9parez-vous pour vos \u00e9tudes dans un \u00e9tablissement d&rsquo;enseignement sup\u00e9rieur en Nouvelle-Z\u00e9lande ou dans un autre pays anglophone.<\/li>\n<li>Ouvrez-vous les <a title=\"Further Studies\" href=\"\/further-studies\/\" target=\"_blank\" rel=\"noopener\">portes des universit\u00e9s, des instituts techniques et des autres \u00e9tablissements d&rsquo;enseignement sup\u00e9rieur<\/a>.<\/li>\n<li>Am\u00e9liorez vos comp\u00e9tences d&rsquo;\u00e9tude et ma\u00eetrisez l&rsquo;art de la communication acad\u00e9mique.<\/li>\n<li>Renforcez votre compr\u00e9hension des livres et articles universitaires et techniques ; ma\u00eetrisez l&rsquo;\u00e9criture d&rsquo;essais et de comptes rendus ; apprenez \u00e0 \u00e9couter les cours et \u00e0 prendre des notes ; et osez participer aux d\u00e9bats, travaux dirig\u00e9s et ateliers.<\/li>\n<li>Notre \u00e9quipe p\u00e9dagogique du cours d&rsquo;anglais pour l&rsquo;universit\u00e9 est l\u00e0 pour vous aider \u00e0 entrer \u00e0 l&rsquo;universit\u00e9 ou dans un institut technique.<\/li>\n<li>Vous pouvez combiner ce cours \u00e0 une pr\u00e9paration\u00a0\u00e0 l&rsquo;examen <a title=\"Pr\u00e9paration \u00e0 l\u2019examen IELTS\" href=\"\/fr\/cours\/preparation-a-lexamen-ielts\/\">IELTS<\/a>.<\/li>\n<\/ul>\n<p>Le programme du cours d&rsquo;anglais pour l&rsquo;universit\u00e9 pr\u00e9voit des travaux pratiques, des travaux de recherche, des pr\u00e9sentations par les \u00e9tudiants et l&rsquo;\u00e9criture d&rsquo;essais et de comptes rendus sur divers th\u00e8mes. Le cours d&rsquo;anglais pour l&rsquo;universit\u00e9 est dispens\u00e9 selon trois niveaux de comp\u00e9tence. Vous devez suivre avec succ\u00e8s le cours de niveau sup\u00e9rieur pour satisfaire les conditions de ma\u00eetrise linguistique pour l&rsquo;universit\u00e9.<\/p>\n<p>Ce graphique illustre la place que peut occuper le cours d&rsquo;anglais pour l&rsquo;universit\u00e9 (EU) de Languages International dans votre parcours de formation approfondi (FS).<\/p>\n<a href=\"\/wp-content\/uploads\/2013\/04\/university-pathways.png\"><img loading=\"lazy\" decoding=\"async\" class=\"alignnone size-full wp-image-3788\" title=\"University Pathways\" src=\"\/wp-content\/uploads\/2013\/04\/university-pathways.png\" alt=\"University Pathways\" width=\"482\" height=\"600\" srcset=\"https:\/\/www.languages.ac.nz\/wp-content\/uploads\/2013\/04\/university-pathways.png 482w, https:\/\/www.languages.ac.nz\/wp-content\/uploads\/2013\/04\/university-pathways-241x300.png 241w\" sizes=\"auto, (max-width: 482px) 100vw, 482px\" \/><\/a>\n<table border=\"0\">\n<tbody>\n<tr valign=\"top\">\n<td>\n<h3>Niveau<\/h3>\n<\/td>\n<td>EU pr\u00e9-interm\u00e9diaire<br \/>\nEU interm\u00e9diaire<br \/>\nEU interm\u00e9diaire avanc\u00e9<br \/>\n(<a title=\"Test Your English\" href=\"\/courses\/test-your-english\/\" target=\"_blank\" rel=\"noopener\">\u00c9valuez votre niveau<\/a>)<\/td>\n<\/tr>\n<tr valign=\"top\">\n<td>\n<h3>Dur\u00e9e<\/h3>\n<\/td>\n<td>12 semaines par cours<\/td>\n<\/tr>\n<tr valign=\"top\">\n<td>\n<h3>Nombre d&rsquo;\u00e9tudiants<\/h3>\n<\/td>\n<td>14 au maximum<\/td>\n<\/tr>\n<tr valign=\"top\">\n<td>\n<h3>Charge horaire<\/h3>\n<\/td>\n<td><em>Temps plein :<\/em> 23 heures par semaine<br \/>\n20 heures compl\u00e8tes en classe<br \/>\n3 heures compl\u00e8tes de <a title=\"Nos Learning Centres\" href=\"\/fr\/qui-sommes-nous\/nos-learning-centres\/\">travail autonome sous la supervision d&rsquo;un enseignant <\/a><br \/>\nVoir un <a title=\"EU Sample Timetable\" href=\"\/further-studies\/english-for-university\/eu-sample-timetable\/\" target=\"_blank\" rel=\"noopener\">exemple d&#8217;emploi du temps<\/a><\/td>\n<\/tr>\n<tr valign=\"top\">\n<td>\n<h3>Dates de d\u00e9but et tarifs<\/h3>\n<\/td>\n<td>\u00a0Veuillez consulter notre\u00a0<a title=\"Brochure d'information sur les cours\" href=\"https:\/\/www.languages.ac.nz\/wp-content\/uploads\/course-information.pdf\" target=\"_blank\" rel=\"noopener\">brochure d&rsquo;information sur les cours<\/a> pour plus de renseignements.<\/td>\n<\/tr>\n<tr valign=\"top\">\n<td>\n<h3>Lieu<\/h3>\n<\/td>\n<td>Cours assur\u00e9s \u00e0 <a title=\"Languages International Auckland\" href=\"\/fr\/qui-sommes-nous\/languages-international-auckland\/\">Auckland<\/a> en <a title=\"Nouvelle-Z\u00e9lande\" href=\"\/fr\/qui-sommes-nous\/nouvelle-zelande\/\">Nouvelle-Z\u00e9lande<\/a><\/td>\n<\/tr>\n<tr valign=\"top\">\n<td>\n<h3>T\u00e9moignages<\/h3>\n<\/td>\n<td>\u00a0Lisez les <a href=\"\/fr\/lavis-des-etudiants\/\">t\u00e9moignages de nos \u00e9tudiants qui ont suivi le cours d&rsquo;anglais pour l&rsquo;universit\u00e9.<\/a><\/td>\n<\/tr>\n<\/tbody>\n<\/table>\n<p><a class=\"enrol-now\" href=\"\/fr\/cours\/inscription\/\">S&rsquo;inscrire<\/a><\/p>\n","protected":false},"excerpt":{"rendered":"<p>S&rsquo;inscrire Pr\u00e9parez-vous pour vos \u00e9tudes dans un \u00e9tablissement d&rsquo;enseignement sup\u00e9rieur en Nouvelle-Z\u00e9lande ou dans un autre pays anglophone. Ouvrez-vous les portes des universit\u00e9s, des instituts techniques et des autres \u00e9tablissements d&rsquo;enseignement sup\u00e9rieur. Am\u00e9liorez vos comp\u00e9tences d&rsquo;\u00e9tude et ma\u00eetrisez l&rsquo;art de la communication acad\u00e9mique. Renforcez votre compr\u00e9hension des livres et articles universitaires et techniques ; ma\u00eetrisez<!-- ...  <a href=\"https:\/\/www.languages.ac.nz\/fr\/cours\/anglais-pour-luniversite\/\" title=\"Read Anglais pour l&rsquo;universit\u00e9\">Lire la suite &raquo;<\/a> --><\/p>\n","protected":false},"author":2,"featured_media":0,"parent":447,"menu_order":4,"comment_status":"closed","ping_status":"closed","template":"","meta":{"footnotes":""},"class_list":["post-640","page","type-page","status-publish","hentry"],"acf":[],"_links":{"self":[{"href":"https:\/\/www.languages.ac.nz\/fr\/wp-json\/wp\/v2\/pages\/640","targetHints":{"allow":["GET"]}}],"collection":[{"href":"https:\/\/www.languages.ac.nz\/fr\/wp-json\/wp\/v2\/pages"}],"about":[{"href":"https:\/\/www.languages.ac.nz\/fr\/wp-json\/wp\/v2\/types\/page"}],"author":[{"embeddable":true,"href":"https:\/\/www.languages.ac.nz\/fr\/wp-json\/wp\/v2\/users\/2"}],"replies":[{"embeddable":true,"href":"https:\/\/www.languages.ac.nz\/fr\/wp-json\/wp\/v2\/comments?post=640"}],"version-history":[{"count":5,"href":"https:\/\/www.languages.ac.nz\/fr\/wp-json\/wp\/v2\/pages\/640\/revisions"}],"predecessor-version":[{"id":19780,"href":"https:\/\/www.languages.ac.nz\/fr\/wp-json\/wp\/v2\/pages\/640\/revisions\/19780"}],"up":[{"embeddable":true,"href":"https:\/\/www.languages.ac.nz\/fr\/wp-json\/wp\/v2\/pages\/447"}],"wp:attachment":[{"href":"https:\/\/www.languages.ac.nz\/fr\/wp-json\/wp\/v2\/media?parent=640"}],"curies":[{"name":"wp","href":"https:\/\/api.w.org\/{rel}","templated":true}]}}