

{"id":638,"date":"2012-08-29T02:16:34","date_gmt":"2012-08-28T14:16:34","guid":{"rendered":"http:\/\/languages-new.reactivework.co.nz\/?page_id=638"},"modified":"2018-06-19T12:34:00","modified_gmt":"2018-06-19T00:34:00","slug":"anglais-des-affaires","status":"publish","type":"page","link":"https:\/\/www.languages.ac.nz\/fr\/cours\/anglais-des-affaires\/","title":{"rendered":"Anglais des affaires"},"content":{"rendered":"<p><a class=\"enrol-now\" href=\"\/fr\/cours\/inscription\/\">S&rsquo;inscrire<\/a><\/p>\n<ul>\n<li>\u00a0Apprenez l&rsquo;anglais sp\u00e9cifique au monde du travail et des affaires.<\/li>\n<li>Vous avez la possibilit\u00e9 de pr\u00e9parer un examen international comme le <a title=\"Cambridge BEC\" href=\"\/courses\/cambridge\/bec\/\" target=\"_blank\" rel=\"noopener\">BEC (Cambridge Business English Certificate)<\/a> (le lien vous redirigera vers la version anglaise de notre site).<\/li>\n<\/ul>\n<p>Ce cours met l&rsquo;accent sur les interactions dans le monde du travail, comme les conversations t\u00e9l\u00e9phoniques, l&rsquo;\u00e9criture de courriers commerciaux, les r\u00e9unions et l&rsquo;art de la pr\u00e9sentation. Il porte principalement sur la comp\u00e9tence orale et la grammaire ainsi que l&rsquo;\u00e9criture soutenue et l&rsquo;acquisition du vocabulaire commercial.<\/p>\n<table border=\"0\" cellpadding=\"0\">\n<tbody>\n<tr>\n<td valign=\"top\" width=\"200\">\n<h3>Niveau<\/h3>\n<\/td>\n<td valign=\"top\">Interm\u00e9diaire\u00a0 (<a title=\"Test Your English\" href=\"\/courses\/test-your-english\/\" target=\"_blank\" rel=\"noopener\">\u00c9valuez votre niveau<\/a>)Nos cours d&rsquo;anglais des affaires sont dispens\u00e9s selon les niveaux interm\u00e9diaire \u00e0 avanc\u00e9.<\/td>\n<\/tr>\n<tr>\n<td valign=\"top\">\n<h3>Dur\u00e9e<\/h3>\n<\/td>\n<td valign=\"top\">Plus de 2\u00a0semaines<\/td>\n<\/tr>\n<tr>\n<td valign=\"top\">\n<h3>Charge horaire<\/h3>\n<\/td>\n<td valign=\"top\"><em>Temps plein\u00a0:<\/em> 23\u00a0heures par semaine<br \/>\n<em>20\u00a0heures compl\u00e8tes en classe<\/em><br \/>\n<em>3\u00a0heures compl\u00e8tes de travail <\/em><a title=\"Nos Learning Centres\" href=\"\/fr\/qui-sommes-nous\/nos-learning-centres\/\"><em>autonome sous la supervision d&rsquo;un enseignant<\/em><\/a><br \/>\n<em>Temps plein\u00a0:<\/em> 13\u00a0heures par semaine<br \/>\n<em>10\u00a0heures compl\u00e8tes en classe<\/em><br \/>\n<em>3\u00a0heures compl\u00e8tes de travail <\/em><a title=\"Nos Learning Centres\" href=\"\/fr\/qui-sommes-nous\/nos-learning-centres\/\"><em>autonome sous la supervision d&rsquo;un enseignant<\/em><\/a><br \/>\nVoir un <a title=\"Sample timetable\" href=\"\/courses\/sample-timetable\/\" target=\"_blank\" rel=\"noopener\">exemple d&#8217;emploi du temps<\/a><\/td>\n<\/tr>\n<tr>\n<td valign=\"top\">\n<h3>Nombre d&rsquo;\u00e9tudiants par classe<\/h3>\n<\/td>\n<td valign=\"top\">14\u00a0au maximum<\/td>\n<\/tr>\n<tr>\n<td valign=\"top\">\n<h3>Lieu<\/h3>\n<\/td>\n<td valign=\"top\">Ce cours est assur\u00e9 \u00e0 <a title=\"Languages International Auckland\" href=\"\/fr\/qui-sommes-nous\/languages-international-auckland\/\">Auckland<\/a> en <a title=\"Nouvelle-Z\u00e9lande\" href=\"\/fr\/qui-sommes-nous\/nouvelle-zelande\/\">Nouvelle-Z\u00e9lande<\/a>.<\/td>\n<\/tr>\n<tr>\n<td valign=\"top\">\n<h3>Dates de d\u00e9but<\/h3>\n<\/td>\n<td valign=\"top\">Tous les lundis<\/td>\n<\/tr>\n<tr>\n<td valign=\"top\">\n<h3>Tarifs (NZD)<\/h3>\n<\/td>\n<td valign=\"top\">Veuillez consulter notre\u00a0<a title=\"Brochure d'information sur les cours\" href=\"https:\/\/www.languages.ac.nz\/wp-content\/uploads\/course-information.pdf\" target=\"_blank\" rel=\"noopener\">brochure d&rsquo;information sur les cours<\/a> pour plus de renseignements.<\/td>\n<\/tr>\n<tr>\n<td valign=\"top\">\n<h3>T\u00e9moignages d&rsquo;\u00e9tudiants<\/h3>\n<\/td>\n<td valign=\"top\">Lisez les\u00a0<a title=\"Students say...\" href=\"\/category\/students-say\/english-for-business-students-say\/\" target=\"_blank\" rel=\"noopener\">t\u00e9moignages de nos \u00e9tudiants qui ont suivi le cours d&rsquo;anglais des affaires<\/a>.<\/td>\n<\/tr>\n<\/tbody>\n<\/table>\n<p><a class=\"enrol-now\" href=\"\/fr\/cours\/inscription\/\">S&rsquo;inscrire<\/a><\/p>\n","protected":false},"excerpt":{"rendered":"<p>S&rsquo;inscrire \u00a0Apprenez l&rsquo;anglais sp\u00e9cifique au monde du travail et des affaires. Vous avez la possibilit\u00e9 de pr\u00e9parer un examen international comme le BEC (Cambridge Business English Certificate) (le lien vous redirigera vers la version anglaise de notre site). Ce cours met l&rsquo;accent sur les interactions dans le monde du travail, comme les conversations t\u00e9l\u00e9phoniques, l&rsquo;\u00e9criture<!-- ...  <a href=\"https:\/\/www.languages.ac.nz\/fr\/cours\/anglais-des-affaires\/\" title=\"Read Anglais des affaires\">Lire la suite &raquo;<\/a> --><\/p>\n","protected":false},"author":2,"featured_media":0,"parent":447,"menu_order":3,"comment_status":"closed","ping_status":"closed","template":"","meta":{"footnotes":""},"class_list":["post-638","page","type-page","status-publish","hentry"],"acf":[],"_links":{"self":[{"href":"https:\/\/www.languages.ac.nz\/fr\/wp-json\/wp\/v2\/pages\/638","targetHints":{"allow":["GET"]}}],"collection":[{"href":"https:\/\/www.languages.ac.nz\/fr\/wp-json\/wp\/v2\/pages"}],"about":[{"href":"https:\/\/www.languages.ac.nz\/fr\/wp-json\/wp\/v2\/types\/page"}],"author":[{"embeddable":true,"href":"https:\/\/www.languages.ac.nz\/fr\/wp-json\/wp\/v2\/users\/2"}],"replies":[{"embeddable":true,"href":"https:\/\/www.languages.ac.nz\/fr\/wp-json\/wp\/v2\/comments?post=638"}],"version-history":[{"count":3,"href":"https:\/\/www.languages.ac.nz\/fr\/wp-json\/wp\/v2\/pages\/638\/revisions"}],"predecessor-version":[{"id":13069,"href":"https:\/\/www.languages.ac.nz\/fr\/wp-json\/wp\/v2\/pages\/638\/revisions\/13069"}],"up":[{"embeddable":true,"href":"https:\/\/www.languages.ac.nz\/fr\/wp-json\/wp\/v2\/pages\/447"}],"wp:attachment":[{"href":"https:\/\/www.languages.ac.nz\/fr\/wp-json\/wp\/v2\/media?parent=638"}],"curies":[{"name":"wp","href":"https:\/\/api.w.org\/{rel}","templated":true}]}}