

{"id":633,"date":"2012-08-29T02:17:54","date_gmt":"2012-08-28T14:17:54","guid":{"rendered":"http:\/\/languages-new.reactivework.co.nz\/?page_id=633"},"modified":"2018-06-19T12:34:56","modified_gmt":"2018-06-19T00:34:56","slug":"cambridge","status":"publish","type":"page","link":"https:\/\/www.languages.ac.nz\/fr\/cours\/cambridge\/","title":{"rendered":"Cambridge"},"content":{"rendered":"<p><a class=\"enrol-now\" href=\"\/fr\/cours\/inscription\/\">S&rsquo;inscrire<\/a><\/p>\n<h2>Pr\u00e9paration aux examens de Cambridge<\/h2>\n<p>Les examens d&rsquo;anglais de Cambridge ESOL sont reconnus par les employeurs et \u00e9tablissements scolaires et universitaires du monde entier. Languages International d\u00e9livre des cours de pr\u00e9paration au FCE (First Certificate in English), au CAE (Certificate in Advanced English), CPE (Certificate of Proficiency in English) et aux BEC (Business English Certificates). Nos enseignants ont une longue exp\u00e9rience de la pr\u00e9paration des \u00e9tudiants \u00e0 ces examens. Nos cours vous permettront de mettre toutes les chances de votre c\u00f4t\u00e9 pour obtenir les r\u00e9sultats que vous souhaitez.<\/p>\n<p>Pour \u00e9valuer quel examen vous convient, passez <a title=\"Notre test en ligne\" href=\"\/courses\/test-your-english\/\" target=\"_blank\">notre test en ligne<\/a> et nous vous donnerons des conseils.<\/p>\n<table border=\"0\" cellpadding=\"0\">\n<tbody>\n<tr>\n<td valign=\"top\">\n<h3>Niveaux<\/h3>\n<\/td>\n<td valign=\"top\">\n<table border=\"1\" cellspacing=\"0\" cellpadding=\"0\">\n<tbody>\n<tr>\n<td valign=\"top\" width=\"229\"><em>Cours de pr\u00e9paration<\/em><\/td>\n<td valign=\"top\" width=\"229\"><em>Niveau<\/em><\/td>\n<\/tr>\n<tr>\n<td valign=\"top\" width=\"229\">FCE<\/td>\n<td valign=\"top\" width=\"229\">Interm\u00e9diaire avanc\u00e9 \/ B2<\/td>\n<\/tr>\n<tr>\n<td valign=\"top\" width=\"229\">CAE<\/td>\n<td valign=\"top\" width=\"229\">Avanc\u00e9 \/ C1<\/td>\n<\/tr>\n<tr>\n<td valign=\"top\" width=\"229\">CPE<\/td>\n<td valign=\"top\" width=\"229\">Autonome \/ C2<\/td>\n<\/tr>\n<tr>\n<td valign=\"top\" width=\"229\">BEC Preliminary<\/td>\n<td valign=\"top\" width=\"229\">Interm\u00e9diaire \/ B1+<\/td>\n<\/tr>\n<tr>\n<td valign=\"top\" width=\"229\">BEC Vantage<\/td>\n<td valign=\"top\" width=\"229\">Interm\u00e9diaire avanc\u00e9 \/ B2<\/td>\n<\/tr>\n<tr>\n<td valign=\"top\" width=\"229\">BEC Higher<\/td>\n<td valign=\"top\" width=\"229\">Avanc\u00e9 \/ C1<\/td>\n<\/tr>\n<\/tbody>\n<\/table>\n<p>&nbsp;<\/td>\n<\/tr>\n<tr>\n<td valign=\"top\">\n<h3>Dur\u00e9e<\/h3>\n<\/td>\n<td valign=\"top\">De 9 \u00e0 12\u00a0semaines<\/td>\n<\/tr>\n<tr>\n<td valign=\"top\">\n<h3>Charge horaire<\/h3>\n<\/td>\n<td valign=\"top\">Temps plein\u00a0: 23\u00a0heures par semaine<br \/>\n<em>20\u00a0heures compl\u00e8tes en classe<\/em><br \/>\n<em>3\u00a0heures compl\u00e8tes de travail autonome sous la supervision d&rsquo;un enseignant<\/em><a title=\"Exemple d'emploi du temps\" href=\"\/courses\/sample-timetable\/\" target=\"_blank\"><br \/>\nVoir un exemple d&#8217;emploi du temps<\/a><\/td>\n<\/tr>\n<tr>\n<td valign=\"top\">\n<h3>Dates de d\u00e9but<\/h3>\n<\/td>\n<td valign=\"top\">Veuillez consulter notre <a title=\"Brochure d'information sur les cours\" href=\"https:\/\/www.languages.ac.nz\/wp-content\/uploads\/course-information.pdf\" target=\"_blank\">brochure d&rsquo;information sur les cours<\/a>\u00a0pour plus de renseignements.<\/td>\n<\/tr>\n<tr>\n<td valign=\"top\">\n<h3>Lieu<\/h3>\n<\/td>\n<td valign=\"top\">Cours assur\u00e9s \u00e0 <a title=\"Languages International Auckland\" href=\"\/fr\/qui-sommes-nous\/languages-international-auckland\/\">Auckland<\/a>\u00a0en Nouvelle-Z\u00e9lande<\/td>\n<\/tr>\n<tr>\n<td valign=\"top\">\n<h3>Nombre d&rsquo;\u00e9tudiants par classe<\/h3>\n<\/td>\n<td valign=\"top\">12\u00a0\u00e9tudiants (FCE, CAE et CPE) ou 14\u00a0\u00e9tudiants (BEC) au maximum<\/td>\n<\/tr>\n<tr>\n<td valign=\"top\">\n<h3>Tarifs des cours et frais d&rsquo;examen (NZD)<\/h3>\n<\/td>\n<td valign=\"top\">Veuillez consulter notre <a title=\"Brochure d'information sur les cours\" href=\"https:\/\/www.languages.ac.nz\/wp-content\/uploads\/course-information.pdf\" target=\"_blank\">brochure d&rsquo;information sur les cours<\/a> pour plus de renseignements.<\/td>\n<\/tr>\n<tr>\n<td valign=\"top\">\n<h3>T\u00e9moignages d&rsquo;\u00e9tudiants<\/h3>\n<\/td>\n<td valign=\"top\">Lisez les t\u00e9moignages de nos \u00e9tudiants sur les cours de pr\u00e9paration qu&rsquo;ils ont suivis sur le <a title=\"Cambridge Blog\" href=\"\/category\/news\/cambridge\/\" target=\"_blank\">blog des \u00e9tudiants<\/a>.<\/td>\n<\/tr>\n<\/tbody>\n<\/table>\n<p>&nbsp;<br \/>\n<a class=\"enrol-now\" href=\"\/fr\/cours\/inscription\/\">S&rsquo;inscrire<\/a><\/p>\n","protected":false},"excerpt":{"rendered":"<p>S&rsquo;inscrire Pr\u00e9paration aux examens de Cambridge Les examens d&rsquo;anglais de Cambridge ESOL sont reconnus par les employeurs et \u00e9tablissements scolaires et universitaires du monde entier. Languages International d\u00e9livre des cours de pr\u00e9paration au FCE (First Certificate in English), au CAE (Certificate in Advanced English), CPE (Certificate of Proficiency in English) et aux BEC (Business English<!-- ...  <a href=\"https:\/\/www.languages.ac.nz\/fr\/cours\/cambridge\/\" title=\"Read Cambridge\">Lire la suite &raquo;<\/a> --><\/p>\n","protected":false},"author":2,"featured_media":0,"parent":447,"menu_order":6,"comment_status":"closed","ping_status":"closed","template":"","meta":{"footnotes":""},"class_list":["post-633","page","type-page","status-publish","hentry"],"acf":[],"_links":{"self":[{"href":"https:\/\/www.languages.ac.nz\/fr\/wp-json\/wp\/v2\/pages\/633","targetHints":{"allow":["GET"]}}],"collection":[{"href":"https:\/\/www.languages.ac.nz\/fr\/wp-json\/wp\/v2\/pages"}],"about":[{"href":"https:\/\/www.languages.ac.nz\/fr\/wp-json\/wp\/v2\/types\/page"}],"author":[{"embeddable":true,"href":"https:\/\/www.languages.ac.nz\/fr\/wp-json\/wp\/v2\/users\/2"}],"replies":[{"embeddable":true,"href":"https:\/\/www.languages.ac.nz\/fr\/wp-json\/wp\/v2\/comments?post=633"}],"version-history":[{"count":2,"href":"https:\/\/www.languages.ac.nz\/fr\/wp-json\/wp\/v2\/pages\/633\/revisions"}],"predecessor-version":[{"id":13071,"href":"https:\/\/www.languages.ac.nz\/fr\/wp-json\/wp\/v2\/pages\/633\/revisions\/13071"}],"up":[{"embeddable":true,"href":"https:\/\/www.languages.ac.nz\/fr\/wp-json\/wp\/v2\/pages\/447"}],"wp:attachment":[{"href":"https:\/\/www.languages.ac.nz\/fr\/wp-json\/wp\/v2\/media?parent=633"}],"curies":[{"name":"wp","href":"https:\/\/api.w.org\/{rel}","templated":true}]}}