

{"id":631,"date":"2012-08-28T22:01:06","date_gmt":"2012-08-28T10:01:06","guid":{"rendered":"http:\/\/languages-new.reactivework.co.nz\/?page_id=631"},"modified":"2015-10-17T20:35:06","modified_gmt":"2015-10-17T08:35:06","slug":"nos-learning-centres","status":"publish","type":"page","link":"https:\/\/www.languages.ac.nz\/fr\/qui-sommes-nous\/nos-learning-centres\/","title":{"rendered":"Notre Learning Centre"},"content":{"rendered":"<p><img loading=\"lazy\" decoding=\"async\" class=\"alignleft size-full wp-image-104\" title=\"Learning Centre\" src=\"https:\/\/www.languages.ac.nz\/wp-content\/uploads\/2012\/08\/learning-centre2008.jpg\" alt=\"Learning Centre\" width=\"150\" height=\"150\" srcset=\"https:\/\/www.languages.ac.nz\/wp-content\/uploads\/2012\/08\/learning-centre2008.jpg 150w, https:\/\/www.languages.ac.nz\/wp-content\/uploads\/2012\/08\/learning-centre2008-125x125.jpg 125w\" sizes=\"auto, (max-width: 150px) 100vw, 150px\" \/>Chez Languages International, nous savons que chacun a ses propres raisons pour apprendre l&rsquo;anglais. L&rsquo;objectif de notre Learning Centre est de vous donner les moyens d&rsquo;approfondir l&rsquo;enseignement dispens\u00e9 en classe afin de vous permettre d&rsquo;atteindre vos objectifs personnels. Nous vous accompagnons dans votre apprentissage de l&rsquo;anglais en \u00e9laborant un cursus personnalis\u00e9, en vous orientant vers les bonnes ressources et activit\u00e9s et en soutenant votre progression.<\/p>\n<p>&nbsp;<\/p>\n<h3>Principales caract\u00e9ristiques du Learning Centre :<\/h3>\n<ul>\n<li>Votre emploi du temps consacre 3 heures par semaine au Learning Centre. Mais rien ne vous emp\u00eache d&rsquo;y passer plus de temps pour \u00e9tudier.<\/li>\n<li>Des enseignants sont disponibles dans le Learning Centre pour vous aider dans vos \u00e9tudes et vous sugg\u00e9rer des ressources et des activit\u00e9s.<\/li>\n<li>Du lundi au vendredi, le Learning Centre reste ouvert apr\u00e8s la fin des cours.<\/li>\n<\/ul>\n<h3>Voici quelques-unes des ressources \u00e0 votre disposition dans le Learning Centre :<\/h3>\n<img loading=\"lazy\" decoding=\"async\" class=\"alignright size-full wp-image-109\" title=\"Learning Centre\" src=\"https:\/\/www.languages.ac.nz\/wp-content\/uploads\/2012\/08\/learning-centre-2.jpg\" alt=\"Learning Centre\" width=\"150\" height=\"150\" srcset=\"https:\/\/www.languages.ac.nz\/wp-content\/uploads\/2012\/08\/learning-centre-2.jpg 150w, https:\/\/www.languages.ac.nz\/wp-content\/uploads\/2012\/08\/learning-centre-2-125x125.jpg 125w\" sizes=\"auto, (max-width: 150px) 100vw, 150px\" \/>\n<ul>\n<li>des manuels d&rsquo;activit\u00e9s et des programmes informatiques pour perfectionner votre vocabulaire, votre grammaire et vos capacit\u00e9s de lecture et d&rsquo;\u00e9criture en anglais ;<\/li>\n<li>des films, des documentaires et des programmes TV sur DVD ;<\/li>\n<li>des exercices d&rsquo;\u00e9coute et de prononciation sur ordinateur ou CD ;<\/li>\n<li>des suggestions de liens et d&rsquo;activit\u00e9s sur Internet ;<\/li>\n<li>les annales d&rsquo;examens de Cambridge, IELTS, TOEFL\u00ae, BEC ou TOEIC\u00ae ;<\/li>\n<li>une biblioth\u00e8que proposant des ouvrages tous niveaux ;<\/li>\n<li>des groupes de conversation ;<\/li>\n<li>des entretiens individuels avec un enseignant (sur rendez-vous) pour guider votre apprentissage ;<\/li>\n<li>notre intranet \u00ab Learning Web \u00bb qui contient beaucoup d&rsquo;informations sur le Learning Centre et l&rsquo;\u00e9cole en g\u00e9n\u00e9ral<\/li>\n<\/ul>\n","protected":false},"excerpt":{"rendered":"<p>Chez Languages International, nous savons que chacun a ses propres raisons pour apprendre l&rsquo;anglais. L&rsquo;objectif de notre Learning Centre est de vous donner les moyens d&rsquo;approfondir l&rsquo;enseignement dispens\u00e9 en classe afin de vous permettre d&rsquo;atteindre vos objectifs personnels. Nous vous accompagnons dans votre apprentissage de l&rsquo;anglais en \u00e9laborant un cursus personnalis\u00e9, en vous orientant vers<!-- ...  <a href=\"https:\/\/www.languages.ac.nz\/fr\/qui-sommes-nous\/nos-learning-centres\/\" title=\"Read Notre Learning Centre\">Lire la suite &raquo;<\/a> --><\/p>\n","protected":false},"author":2,"featured_media":0,"parent":430,"menu_order":4,"comment_status":"closed","ping_status":"closed","template":"","meta":{"footnotes":""},"class_list":["post-631","page","type-page","status-publish","hentry"],"acf":[],"_links":{"self":[{"href":"https:\/\/www.languages.ac.nz\/fr\/wp-json\/wp\/v2\/pages\/631","targetHints":{"allow":["GET"]}}],"collection":[{"href":"https:\/\/www.languages.ac.nz\/fr\/wp-json\/wp\/v2\/pages"}],"about":[{"href":"https:\/\/www.languages.ac.nz\/fr\/wp-json\/wp\/v2\/types\/page"}],"author":[{"embeddable":true,"href":"https:\/\/www.languages.ac.nz\/fr\/wp-json\/wp\/v2\/users\/2"}],"replies":[{"embeddable":true,"href":"https:\/\/www.languages.ac.nz\/fr\/wp-json\/wp\/v2\/comments?post=631"}],"version-history":[{"count":0,"href":"https:\/\/www.languages.ac.nz\/fr\/wp-json\/wp\/v2\/pages\/631\/revisions"}],"up":[{"embeddable":true,"href":"https:\/\/www.languages.ac.nz\/fr\/wp-json\/wp\/v2\/pages\/430"}],"wp:attachment":[{"href":"https:\/\/www.languages.ac.nz\/fr\/wp-json\/wp\/v2\/media?parent=631"}],"curies":[{"name":"wp","href":"https:\/\/api.w.org\/{rel}","templated":true}]}}