

{"id":621,"date":"2012-08-28T21:55:57","date_gmt":"2012-08-28T09:55:57","guid":{"rendered":"http:\/\/languages-new.reactivework.co.nz\/?page_id=621"},"modified":"2019-08-15T10:46:21","modified_gmt":"2019-08-14T22:46:21","slug":"nouvelle-zelande","status":"publish","type":"page","link":"https:\/\/www.languages.ac.nz\/fr\/qui-sommes-nous\/nouvelle-zelande\/","title":{"rendered":"Nouvelle-Z\u00e9lande"},"content":{"rendered":"<h2>La Nouvelle-Z\u00e9lande est l&rsquo;endroit id\u00e9al pour apprendre l&rsquo;anglais<\/h2>\n<h3>Le pays est&#8230;<\/h3>\n<ul>\n<li>connu pour l&rsquo;hospitalit\u00e9 de ses habitants<\/li>\n<li>s\u00fbr, calme et politiquement stable<\/li>\n<li>\u00e0 peu pr\u00e8s de la m\u00eame taille que le Royaume-Uni ou le Japon mais ne compte que 4 millions d&rsquo;habitants environ<\/li>\n<\/ul>\n<h3>La Nouvelle-Z\u00e9lande vous propose&#8230;<\/h3>\n<ul>\n<li>un cadre id\u00e9al pour apprendre l&rsquo;anglais<\/li>\n<li>un syst\u00e8me d&rsquo;\u00e9ducation mondialement r\u00e9put\u00e9 et huit universit\u00e9s de haut niveau<\/li>\n<li>une qualit\u00e9 de vie exceptionnelle<\/li>\n<li>un pays s\u00fbr et d\u00e9contract\u00e9 \u00e0 explorer<\/li>\n<li><a href=\"#systeme\">un syst\u00e8me d&rsquo;assurance<\/a> couvrant les frais de scolarit\u00e9 et un accueil respectant la <a href=\"#Charte\">Charte d&rsquo;accueil<\/a> des \u00e9tudiants \u00e9trangers du minist\u00e8re n\u00e9o-z\u00e9landais de l&rsquo;\u00c9ducation<\/li>\n<li>des paysages d&rsquo;une beaut\u00e9 spectaculaire \u00e0 d\u00e9couvrir lors d&rsquo;excursions touristiques<\/li>\n<li>un rapport qualit\u00e9-prix imbattable<\/li>\n<\/ul>\n<h3>Co\u00fbt de la vie<\/h3>\n<p>La vie en Nouvelle-Z\u00e9lande est moins ch\u00e8re que dans de nombreux autres pays. L&rsquo;<a href=\"https:\/\/mobilityexchange.mercer.com\/Insights\/cost-of-living-rankings\" target=\"_blank\">enqu\u00eate internationale Mercer 2019 sur le co\u00fbt de la vie<\/a> a class\u00e9 Auckland, la plus grande ville de Nouvelle-Z\u00e9lande, au 89e rang sur les 214 villes \u00e9tudi\u00e9es (1 = ville la plus ch\u00e8re, 214 = ville la moins ch\u00e8re). Pour une indication du prix que co\u00fbtent certains articles que vous \u00eates susceptible d&rsquo;acheter en Nouvelle-Z\u00e9lande consultez la page <a href=\"https:\/\/www.languages.ac.nz\/faq,article,19.html\" target=\"_blank\">Co\u00fbt de la vie<\/a> [en anglais].<\/p>\n<h3>Visas<\/h3>\n<p>En fonction de votre pays d&rsquo;origine et de la dur\u00e9e des \u00e9tudes que vous pr\u00e9voyez, il vous faudra peut-\u00eatre demander un visa de tourisme ou d&rsquo;\u00e9tudes pour pouvoir \u00e9tudier en Nouvelle-Z\u00e9lande. Consultez le site <a href=\"http:\/\/www.immigration.govt.nz\/migrant\/\" target=\"_blank\">Web d&rsquo;Immigration New Zealand<\/a> pour plus d&rsquo;informations sur les visas. Si vous vous trouvez d\u00e9j\u00e0 en Nouvelle-Z\u00e9lande, vous pouvez faire votre demande de visa d&rsquo;\u00e9tudes \u00e0 l&rsquo;\u00e9cole par l&rsquo;interm\u00e9diaire de la plateforme Students Online (SOL).<\/p>\n<h3>Climat<\/h3>\n<table border=\"1\" align=\"left\">\n<tbody class=\"table\">\n<tr>\n<td><strong>Saison<\/strong><\/td>\n<td>\u00a0Printemps<\/td>\n<td>\u00a0\u00c9t\u00e9<\/td>\n<td>\u00a0Automne<\/td>\n<td>\u00a0Hiver<\/td>\n<\/tr>\n<tr>\n<td><strong>Mois<br \/>\n<\/strong><\/td>\n<td>\u00a0sep &#8211; nov<\/td>\n<td>\u00a0d\u00e9c &#8211;\u00a0f\u00e9v<\/td>\n<td>\u00a0mar &#8211; mai<\/td>\n<td>\u00a0juin &#8211;\u00a0ao\u00fbt<\/td>\n<\/tr>\n<tr>\n<td><strong><strong>Temp\u00e9ratures max.\/min. quotidiennes<\/strong><br \/>\n<strong>moyennes \u00e0 Auckland\u00a0<\/strong>\u00a0<\/strong><\/td>\n<td>\u00a018\u00a0\u00b0C \/ \u00a011\u00a0\u00b0C<\/td>\n<td>\u00a024\u00a0\u00b0C \/ \u00a012\u00a0\u00b0C<\/td>\n<td>\u00a020\u00a0\u00b0C \/ \u00a013\u00a0\u00b0C<\/td>\n<td>\u00a015\u00a0\u00b0C \/ \u00a09\u00a0\u00b0C<\/td>\n<\/tr>\n<tr>\n<td><strong>Jours de pluie \u00e0 Auckland<\/strong><\/td>\n<td>\u00a012<\/td>\n<td>\u00a08<\/td>\n<td>\u00a011<\/td>\n<td>\u00a015<\/td>\n<\/tr>\n<\/tbody>\n<\/table>\n<h3><\/h3>\n<p>&nbsp;<\/p>\n<h3><\/h3>\n<h3><\/h3>\n<h3>En Nouvelle-Z\u00e9lande, vos frais de scolarit\u00e9 sont couverts par un <a id=\"systeme\">syst\u00e8me d&rsquo;assurance.<\/a><\/h3>\n<p>La New Zealand Qualifications Authority (NZQA) exige des \u00e9tablissements d&rsquo;enseignement qu&rsquo;ils garantissent les frais de scolarit\u00e9 vers\u00e9s par les \u00e9tudiants en avance. \u00c0 cette fin, Languages International poss\u00e8de un fonds de d\u00e9p\u00f4t ind\u00e9pendant pour les \u00e9tudiants, g\u00e9r\u00e9 par un administrateur ind\u00e9pendant. Les fonds d\u00e9tenus par l&rsquo;administrateur sont sup\u00e9rieurs \u00e0 la somme des frais vers\u00e9s en avance par les \u00e9tudiants. La New Zealand Qualifications Authority (NZQA) a confirm\u00e9 que ce dispositif est conforme aux dispositions de la clause relative \u00e0 la garantie des frais de scolarit\u00e9.<\/p>\n<h3><a id=\"Charte\"><\/a>Charte d&rsquo;accueil des \u00e9tudiants \u00e9trangers<\/h3>\n<p>Le minist\u00e8re n\u00e9o-z\u00e9landais de l&rsquo;\u00c9ducation d\u00e9finit les obligations des \u00e9tablissements d&rsquo;enseignement en mati\u00e8re d&rsquo;accueil des \u00e9tudiants \u00e9trangers et a publi\u00e9 la Charte d&rsquo;accueil des \u00e9tudiants \u00e9trangers (Code of Practice for the Pastoral Care of International Students). Languages International s&rsquo;est engag\u00e9e \u00e0 appliquer la charte. Des exemplaires de la charte sont disponibles sur demande aupr\u00e8s de l&rsquo;\u00e9cole ou en ligne sur le site Web du minist\u00e8re de l&rsquo;\u00c9ducation : <a title=\"minist\u00e8re de l'\u00c9ducation\" href=\"http:\/\/www.minedu.govt.nz\/goto\/international\">http:\/\/www.minedu.govt.nz\/goto\/international<\/a>.<\/p>\n<h3>Plus d&rsquo;informations<\/h3>\n<p>Vous trouverez plus d&rsquo;informations sur la Nouvelle-Z\u00e9lande sur <a href=\"http:\/\/www.newzealand.com\/nouvelle-z\u00e9lande\/\" target=\"_blank\">http:\/\/www.newzealand.com\/nouvelle-z\u00e9lande\/<\/a><\/p>\n<a href=\"\/wp-content\/uploads\/2012\/10\/New-Zealand-beach.jpg\"><img loading=\"lazy\" decoding=\"async\" class=\"alignnone size-full wp-image-1584\" title=\"New Zealand beach\" src=\"\/wp-content\/uploads\/2012\/10\/New-Zealand-beach.jpg\" alt=\"New Zealand beach\" width=\"160\" height=\"250\" \/><\/a><a href=\"\/wp-content\/uploads\/2012\/10\/new-zealand-map.png\"><img loading=\"lazy\" decoding=\"async\" class=\"alignnone size-full wp-image-1585\" title=\"New Zealand map\" src=\"\/wp-content\/uploads\/2012\/10\/new-zealand-map.png\" alt=\"\" width=\"170\" height=\"250\" \/><\/a><a href=\"\/wp-content\/uploads\/2012\/10\/New-Zealand.jpg\"><img loading=\"lazy\" decoding=\"async\" class=\"alignnone size-full wp-image-1583\" title=\"New Zealand mountains\" src=\"\/wp-content\/uploads\/2012\/10\/New-Zealand.jpg\" alt=\"New Zealand mountains\" width=\"160\" height=\"250\" \/><\/a>\n","protected":false},"excerpt":{"rendered":"<p>La Nouvelle-Z\u00e9lande est l&rsquo;endroit id\u00e9al pour apprendre l&rsquo;anglais Le pays est&#8230; connu pour l&rsquo;hospitalit\u00e9 de ses habitants s\u00fbr, calme et politiquement stable \u00e0 peu pr\u00e8s de la m\u00eame taille que le Royaume-Uni ou le Japon mais ne compte que 4 millions d&rsquo;habitants environ La Nouvelle-Z\u00e9lande vous propose&#8230; un cadre id\u00e9al pour apprendre l&rsquo;anglais un syst\u00e8me<!-- ...  <a href=\"https:\/\/www.languages.ac.nz\/fr\/qui-sommes-nous\/nouvelle-zelande\/\" title=\"Read Nouvelle-Z\u00e9lande\">Lire la suite &raquo;<\/a> --><\/p>\n","protected":false},"author":2,"featured_media":13989,"parent":430,"menu_order":3,"comment_status":"closed","ping_status":"closed","template":"","meta":{"footnotes":""},"class_list":["post-621","page","type-page","status-publish","hentry"],"acf":[],"_links":{"self":[{"href":"https:\/\/www.languages.ac.nz\/fr\/wp-json\/wp\/v2\/pages\/621","targetHints":{"allow":["GET"]}}],"collection":[{"href":"https:\/\/www.languages.ac.nz\/fr\/wp-json\/wp\/v2\/pages"}],"about":[{"href":"https:\/\/www.languages.ac.nz\/fr\/wp-json\/wp\/v2\/types\/page"}],"author":[{"embeddable":true,"href":"https:\/\/www.languages.ac.nz\/fr\/wp-json\/wp\/v2\/users\/2"}],"replies":[{"embeddable":true,"href":"https:\/\/www.languages.ac.nz\/fr\/wp-json\/wp\/v2\/comments?post=621"}],"version-history":[{"count":2,"href":"https:\/\/www.languages.ac.nz\/fr\/wp-json\/wp\/v2\/pages\/621\/revisions"}],"predecessor-version":[{"id":31035,"href":"https:\/\/www.languages.ac.nz\/fr\/wp-json\/wp\/v2\/pages\/621\/revisions\/31035"}],"up":[{"embeddable":true,"href":"https:\/\/www.languages.ac.nz\/fr\/wp-json\/wp\/v2\/pages\/430"}],"wp:featuredmedia":[{"embeddable":true,"href":"https:\/\/www.languages.ac.nz\/fr\/wp-json\/wp\/v2\/media\/13989"}],"wp:attachment":[{"href":"https:\/\/www.languages.ac.nz\/fr\/wp-json\/wp\/v2\/media?parent=621"}],"curies":[{"name":"wp","href":"https:\/\/api.w.org\/{rel}","templated":true}]}}