

{"id":613,"date":"2012-08-29T01:59:17","date_gmt":"2012-08-28T13:59:17","guid":{"rendered":"http:\/\/languages-new.reactivework.co.nz\/?page_id=613"},"modified":"2016-02-04T14:21:57","modified_gmt":"2016-02-04T02:21:57","slug":"livres-ecrit-par-notre-personnel","status":"publish","type":"page","link":"https:\/\/www.languages.ac.nz\/fr\/qui-sommes-nous\/livres-ecrit-par-notre-personnel\/","title":{"rendered":"Livres \u00e9crit par notre personnel"},"content":{"rendered":"<p>Certains de <a title=\"enseignants\" href=\"\/fr\/qui-sommes-nous\/languages-international-auckland\/#enseignants\">nos enseignants<\/a> ont publi\u00e9 des livres. Les manuels ci-dessous ont \u00e9t\u00e9 r\u00e9dig\u00e9s par des membres de l\u2019\u00e9quipe p\u00e9dagogique de Languages International et publi\u00e9s par des maisons d\u2019\u00e9dition de premier plan. Ils sont disponibles \u00e0 l\u2019international et utilis\u00e9s par des \u00e9coles dans le monde entier.<\/p>\n<table border=\"0\">\n<tbody>\n<tr>\n<td colspan=\"2\">\n<h3>Oxford University Press<\/h3>\n<\/td>\n<\/tr>\n<tr>\n<td><a href=\"\/wp-content\/uploads\/2012\/10\/on-course-for-ielts1.jpg\"><img loading=\"lazy\" decoding=\"async\" class=\"alignleft wp-image-1321\" title=\"on-course-for-ielts\" src=\"\/wp-content\/uploads\/2012\/10\/on-course-for-ielts1.jpg\" alt=\"Ielts Book\" width=\"112\" height=\"150\" \/><\/a><\/td>\n<td><strong><strong>On Course for IELTS\u00a0 &#8211;\u00a02e\u00a0\u00e9ditio<\/strong>n<\/strong><br \/>\npar Brett Shirreffs (directeur commercial de Languages International) et Darren Conway (PDG de Languages International)<br \/>\nMaison d&rsquo;\u00e9dition : Oxford University Press, 2011<\/td>\n<\/tr>\n<tr>\n<td><\/td>\n<td><\/td>\n<\/tr>\n<tr>\n<td colspan=\"2\">\n<h3>Cambridge University Press<\/h3>\n<\/td>\n<\/tr>\n<tr>\n<td><a href=\"\/wp-content\/uploads\/2012\/08\/craig-eap.jpg\"><img loading=\"lazy\" decoding=\"async\" class=\"alignnone size-full wp-image-1662\" title=\"Cambridge Academic English Intermediate\" src=\"\/wp-content\/uploads\/2012\/08\/craig-eap.jpg\" alt=\"Cambridge Academic English Intermediate book cover\" width=\"112\" height=\"150\" \/><\/a><\/td>\n<td><strong><strong>Cambridge Academic English B1+ Intermediate<\/strong><br \/>\n<\/strong>par Craig Thaine (directeur de la formation des enseignants de Languages International)<br \/>\nMaison d&rsquo;\u00e9dition : Cambridge University Press, 2012<\/td>\n<\/tr>\n<tr>\n<td><a href=\"\/wp-content\/uploads\/2012\/08\/craig-advanced.jpg\"><img loading=\"lazy\" decoding=\"async\" class=\"alignnone size-full wp-image-1661\" title=\"Cambridge Academic English Advanced\" src=\"\/wp-content\/uploads\/2012\/08\/craig-advanced.jpg\" alt=\"Cambridge Academic English Advanced book cover\" width=\"112\" height=\"150\" \/><\/a><\/td>\n<td><strong><strong>Cambridge Academic English C1 Advanced<\/strong><\/strong><strong><br \/>\n<\/strong>par Craig Thaine (directeur de la formation des enseignants de Languages International)<br \/>\n(with Martin Hewings)<br \/>\nMaison d&rsquo;\u00e9dition : Cambridge University Press, 2012<\/td>\n<\/tr>\n<tr>\n<td><a href=\"\/wp-content\/uploads\/2012\/10\/teacher-training-essentials.jpg\"><img loading=\"lazy\" decoding=\"async\" class=\"alignleft wp-image-1323\" title=\"Teacher Training Essentials\" src=\"\/wp-content\/uploads\/2012\/10\/teacher-training-essentials.jpg\" alt=\"Teacher Training Essentials book at Languages International \" width=\"112\" height=\"150\" \/><\/a><\/td>\n<td><strong>Teacher Training Essentials<\/strong><br \/>\npar Craig Thaine (directeur de la formation des enseignants de Languages International)<br \/>\nMaison d&rsquo;\u00e9dition : Cambridge University Press, 2010<\/td>\n<\/tr>\n<tr>\n<td><a href=\"\/wp-content\/uploads\/2012\/10\/Cambridge-English-skills-listening-speaking.jpg\"><img loading=\"lazy\" decoding=\"async\" class=\"alignleft wp-image-1324\" title=\"Cambridge English Skills Book\" src=\"\/wp-content\/uploads\/2012\/10\/Cambridge-English-skills-listening-speaking.jpg\" alt=\"Cambridge English Skills Book (listening and speaking) at Languages International\" width=\"112\" height=\"150\" \/><\/a><\/td>\n<td><strong>English Skills Series: Listening and Speaking 2\u00a0<\/strong><br \/>\npar Craig Thaine (directeur de la formation des enseignants de Languages International) avec Sally Logan (ancienne employ\u00e9e)<br \/>\nMaison d&rsquo;\u00e9dition : Cambridge University Press, 2008<\/td>\n<\/tr>\n<tr>\n<td><\/td>\n<td><\/td>\n<\/tr>\n<tr>\n<td colspan=\"2\">\n<h3>Palgrave Macmillan<\/h3>\n<\/td>\n<\/tr>\n<tr>\n<td><a href=\"\/wp-content\/uploads\/2012\/10\/international-studdent-handbook1.jpg\"><img loading=\"lazy\" decoding=\"async\" class=\"alignleft size-full wp-image-1340\" title=\"The International Student Handbook\" src=\"\/wp-content\/uploads\/2012\/10\/international-studdent-handbook1.jpg\" alt=\"The International Student Handbook at Languages International\" width=\"112\" height=\"150\" \/><\/a><\/td>\n<td><strong>The International Student Handbook<\/strong><br \/>\nde Nick Moore (directeur de centre de formation de Languages International) avec Hayo Reinders et Marilyn Lewis<br \/>\nMaison d&rsquo;\u00e9dition : Palgrave Macmillan, 2008<\/td>\n<\/tr>\n<tr>\n<td><\/td>\n<td><\/td>\n<\/tr>\n<tr>\n<td colspan=\"2\">\n<h3>Macmillan<\/h3>\n<\/td>\n<\/tr>\n<tr>\n<td><a href=\"\/wp-content\/uploads\/2012\/10\/essential-reading.jpg\"><img loading=\"lazy\" decoding=\"async\" class=\"alignleft size-full wp-image-1332\" title=\"Essential Reading Book\" src=\"\/wp-content\/uploads\/2012\/10\/essential-reading.jpg\" alt=\"Essential Reading Book at Languages International\" width=\"112\" height=\"150\" \/><\/a><\/td>\n<td><strong>Essential Reading 4<\/strong><br \/>\npar Amanda French enseignante chevronn\u00e9e, formatrice d&rsquo;enseignants chez Languages International<br \/>\nMaison d&rsquo;\u00e9dition : Macmillan, 2008<\/td>\n<\/tr>\n<tr>\n<td><a href=\"\/wp-content\/uploads\/2012\/11\/KET-test-builder.jpg\"><img loading=\"lazy\" decoding=\"async\" class=\"alignnone size-medium wp-image-1472\" title=\"KET test builder at Languages International in New Zealand\" src=\"\/wp-content\/uploads\/2012\/11\/KET-test-builder-211x300.jpg\" alt=\"KET test builder at Languages International in New Zealand\" width=\"112\" height=\"150\" \/><\/a><\/td>\n<td><strong>KET Testbuilder<\/strong><br \/>\npar Amanda French enseignante chevronn\u00e9e, formatrice d&rsquo;enseignants chez Languages International<br \/>\nMaison d&rsquo;\u00e9dition : Macmillan, 2005<\/td>\n<\/tr>\n<tr>\n<td>&lt;<a href=\"\/wp-content\/uploads\/2012\/10\/IELTS-foundation.jpg\"><img loading=\"lazy\" decoding=\"async\" class=\"alignleft size-full wp-image-1336\" title=\"IELTS Foundation\" src=\"\/wp-content\/uploads\/2012\/10\/IELTS-foundation.jpg\" alt=\"IELTS Foundation at Languages International\" width=\"112\" height=\"150\" \/><\/a><\/td>\n<td><strong>IELTS Foundation Study Skills\u00a0\u00a0 \u00a0\u00a0 \u00a0\u00a0\u00a0\u00a0\u00a0\u00a0\u00a0\u00a0\u00a0\u00a0\u00a0\u00a0\u00a0\u00a0\u00a0\u00a0\u00a0\u00a0\u00a0\u00a0\u00a0\u00a0<\/strong><br \/>\npar Amanda French<br \/>\nenseignante chevronn\u00e9e, formatrice d&rsquo;enseignants chez Languages International<br \/>\nMaison d&rsquo;\u00e9dition : Macmillan, 2005<\/td>\n<\/tr>\n<tr>\n<td><a href=\"\/wp-content\/uploads\/2012\/10\/CAE-test-builder.jpg\"><img loading=\"lazy\" decoding=\"async\" class=\"alignleft size-full wp-image-1337\" title=\"CAE Test Builder\" src=\"\/wp-content\/uploads\/2012\/10\/CAE-test-builder.jpg\" alt=\"CAE Test Builder at Languages International\" width=\"112\" height=\"150\" \/><\/a><\/td>\n<td><strong>CAE Testbuilder\u00a0\u00a0\u00a0\u00a0\u00a0\u00a0\u00a0\u00a0\u00a0\u00a0\u00a0\u00a0\u00a0\u00a0\u00a0\u00a0\u00a0\u00a0\u00a0\u00a0 \u00a0 \u00a0 \u00a0\u00a0\u00a0\u00a0\u00a0\u00a0\u00a0\u00a0\u00a0\u00a0\u00a0\u00a0\u00a0\u00a0\u00a0\u00a0\u00a0\u00a0\u00a0\u00a0\u00a0\u00a0\u00a0<\/strong><br \/>\npar Amanda French<br \/>\nenseignante chevronn\u00e9e, formatrice d&rsquo;enseignants chez Languages International<br \/>\nMaison d&rsquo;\u00e9dition : Macmillan, 2003<\/td>\n<\/tr>\n<\/tbody>\n<\/table>\n<p>&nbsp;<\/p>\n","protected":false},"excerpt":{"rendered":"<p>Certains de nos enseignants ont publi\u00e9 des livres. Les manuels ci-dessous ont \u00e9t\u00e9 r\u00e9dig\u00e9s par des membres de l\u2019\u00e9quipe p\u00e9dagogique de Languages International et publi\u00e9s par des maisons d\u2019\u00e9dition de premier plan. Ils sont disponibles \u00e0 l\u2019international et utilis\u00e9s par des \u00e9coles dans le monde entier. Oxford University Press On Course for IELTS\u00a0 &#8211;\u00a02e\u00a0\u00e9dition par<!-- ...  <a href=\"https:\/\/www.languages.ac.nz\/fr\/qui-sommes-nous\/livres-ecrit-par-notre-personnel\/\" title=\"Read Livres \u00e9crit par notre personnel\">Lire la suite &raquo;<\/a> --><\/p>\n","protected":false},"author":2,"featured_media":1561,"parent":430,"menu_order":6,"comment_status":"closed","ping_status":"closed","template":"","meta":{"footnotes":""},"class_list":["post-613","page","type-page","status-publish","hentry"],"acf":[],"_links":{"self":[{"href":"https:\/\/www.languages.ac.nz\/fr\/wp-json\/wp\/v2\/pages\/613","targetHints":{"allow":["GET"]}}],"collection":[{"href":"https:\/\/www.languages.ac.nz\/fr\/wp-json\/wp\/v2\/pages"}],"about":[{"href":"https:\/\/www.languages.ac.nz\/fr\/wp-json\/wp\/v2\/types\/page"}],"author":[{"embeddable":true,"href":"https:\/\/www.languages.ac.nz\/fr\/wp-json\/wp\/v2\/users\/2"}],"replies":[{"embeddable":true,"href":"https:\/\/www.languages.ac.nz\/fr\/wp-json\/wp\/v2\/comments?post=613"}],"version-history":[{"count":0,"href":"https:\/\/www.languages.ac.nz\/fr\/wp-json\/wp\/v2\/pages\/613\/revisions"}],"up":[{"embeddable":true,"href":"https:\/\/www.languages.ac.nz\/fr\/wp-json\/wp\/v2\/pages\/430"}],"wp:featuredmedia":[{"embeddable":true,"href":"https:\/\/www.languages.ac.nz\/fr\/wp-json\/wp\/v2\/media\/1561"}],"wp:attachment":[{"href":"https:\/\/www.languages.ac.nz\/fr\/wp-json\/wp\/v2\/media?parent=613"}],"curies":[{"name":"wp","href":"https:\/\/api.w.org\/{rel}","templated":true}]}}