

{"id":594,"date":"2012-08-29T01:54:52","date_gmt":"2012-08-28T13:54:52","guid":{"rendered":"http:\/\/languages-new.reactivework.co.nz\/?page_id=594"},"modified":"2016-07-22T21:40:05","modified_gmt":"2016-07-22T09:40:05","slug":"recompenses-et-accreditations","status":"publish","type":"page","link":"https:\/\/www.languages.ac.nz\/fr\/qui-sommes-nous\/recompenses-et-accreditations\/","title":{"rendered":"R\u00e9compenses et accr\u00e9ditations"},"content":{"rendered":"<h2>R\u00e9compenses et accr\u00e9ditations<\/h2>\n<h3>Accr\u00e9ditations<\/h3>\n<ul>\n<li><strong>New Zealand Qualifications Authority<\/strong> : <a href=\"\/wp-content\/uploads\/2012\/08\/LogoNZQA.gif\"><img loading=\"lazy\" decoding=\"async\" class=\"alignright  wp-image-7771\" title=\"LogoNZQA\" src=\"\/wp-content\/uploads\/2012\/08\/LogoNZQA.gif\" alt=\"\" width=\"150\" height=\"75\" \/><\/a>l&rsquo;\u00e9cole est <a href=\"http:\/\/www.nzqa.govt.nz\/providers\/details.do?providerId=854458001\" target=\"_blank\">enregistr\u00e9e aupr\u00e8s de la New Zealand Qualifications Authority<\/a> (NZQA). Les formations d\u00e9livr\u00e9es sont accr\u00e9dit\u00e9es par la NZQA. Languages International a par ailleurs obtenu la note la plus \u00e9lev\u00e9e de l&rsquo;organisme: Category 1. Languages International est signataire du <a href=\"http:\/\/www.nzqa.govt.nz\/providers-partners\/caring-for-international-students\/\" target=\"_blank\">Code of Practice for the Pastoral Care of International Students<\/a> (charte d&rsquo;accueil des \u00e9tudiants \u00e9trangers).<\/li>\n<li><strong>Cambridge ESOL<\/strong> : Languages International fut le premier \u00e9tablissement<a href=\"\/wp-content\/uploads\/2013\/05\/Authorised-Centre_Large_RGB.jpg\"><img loading=\"lazy\" decoding=\"async\" class=\"alignright size-medium wp-image-6385\" title=\"CambEng_300_P_CMYK\" src=\"\/wp-content\/uploads\/2013\/05\/Authorised-Centre_Large_RGB-300x59.jpg\" alt=\"\" width=\"300\" height=\"59\" \/><\/a> n\u00e9o-z\u00e9landais \u00e0 devenir un centre de formation des enseignants certifi\u00e9 Cambridge (en 1988).<\/li>\n<\/ul>\n<h2>R\u00e9compenses<\/h2>\n<p><strong><a href=\"http:\/\/www.hothousemedia.com\/ltm\/star.htm\">Study Travel Magazine Star Awards<\/a> : \u00c9cole d&rsquo;anglais &#8211; H\u00e9misph\u00e8re sud<\/strong><br \/>\nLa cat\u00e9gorie H\u00e9misph\u00e8re sud a \u00e9t\u00e9 cr\u00e9\u00e9e en 2007. Chaque ann\u00e9e, des conseillers en s\u00e9jours linguistiques du monde entier \u00e9lisent leur \u00e9cole pr\u00e9f\u00e9r\u00e9e en Australie, en Afrique du Sud ou en Nouvelle-Z\u00e9lande. Cinq \u00e9coles de la r\u00e9gion sont ensuite s\u00e9lectionn\u00e9es. Languages International figure dans le palmar\u00e8s tous les ans et a \u00e9t\u00e9 couronn\u00e9e en 2008.<br \/>\n<a href=\"\/2014-shortlisted-star-award-stm\/\" target=\"_blank\"><strong>2014<\/strong> \u2013 S\u00e9lectionn\u00e9e<\/a><br \/>\n<a href=\"\/best-english-school-award-shortlisted\/\"><strong>2013<\/strong> \u2013 S\u00e9lectionn\u00e9e<\/a><br \/>\n<a href=\"\/ltm-star-awards-languages-international-shortlisted-for-5th-consecutive-year\/\"><strong>2011<\/strong> \u2013 S\u00e9lectionn\u00e9e <\/a><a href=\"\/wp-content\/uploads\/2012\/08\/LTM-logo-resize.jpg\"><img loading=\"lazy\" decoding=\"async\" class=\"alignright size-full wp-image-4770\" title=\"LTM-logo-resize\" src=\"\/wp-content\/uploads\/2012\/08\/LTM-logo-resize.jpg\" alt=\"\" width=\"250\" height=\"132\" \/><\/a><br \/>\n<a href=\"\/languages-international-shortlisted-for-ltm-star-award-again\/\"><strong>2010<\/strong> \u2013 S\u00e9lectionn\u00e9e<\/a><br \/>\n<a href=\"\/a-new-star-in-the-southern-hemisphere\/\"><strong>2009<\/strong> \u2013 S\u00e9lectionn\u00e9e<\/a><br \/>\n<a href=\"\/a-new-star-in-the-southern-hemisphere\/\"><strong>2008<\/strong> \u2013 Laur\u00e9ate<\/a><br \/>\n<a href=\"\/a-proud-nominee-for-ltm-star-awards-in-2007\/\"><strong>2007<\/strong> \u2013 S\u00e9lectionn\u00e9e<\/a><\/p>\n","protected":false},"excerpt":{"rendered":"<p>R\u00e9compenses et accr\u00e9ditations Accr\u00e9ditations New Zealand Qualifications Authority : l&rsquo;\u00e9cole est enregistr\u00e9e aupr\u00e8s de la New Zealand Qualifications Authority (NZQA). Les formations d\u00e9livr\u00e9es sont accr\u00e9dit\u00e9es par la NZQA. Languages International a par ailleurs obtenu la note la plus \u00e9lev\u00e9e de l&rsquo;organisme: Category 1. Languages International est signataire du Code of Practice for the Pastoral Care<!-- ...  <a href=\"https:\/\/www.languages.ac.nz\/fr\/qui-sommes-nous\/recompenses-et-accreditations\/\" title=\"Read R\u00e9compenses et accr\u00e9ditations\">Lire la suite &raquo;<\/a> --><\/p>\n","protected":false},"author":2,"featured_media":4448,"parent":430,"menu_order":10,"comment_status":"closed","ping_status":"closed","template":"","meta":{"footnotes":""},"class_list":["post-594","page","type-page","status-publish","hentry"],"acf":[],"_links":{"self":[{"href":"https:\/\/www.languages.ac.nz\/fr\/wp-json\/wp\/v2\/pages\/594","targetHints":{"allow":["GET"]}}],"collection":[{"href":"https:\/\/www.languages.ac.nz\/fr\/wp-json\/wp\/v2\/pages"}],"about":[{"href":"https:\/\/www.languages.ac.nz\/fr\/wp-json\/wp\/v2\/types\/page"}],"author":[{"embeddable":true,"href":"https:\/\/www.languages.ac.nz\/fr\/wp-json\/wp\/v2\/users\/2"}],"replies":[{"embeddable":true,"href":"https:\/\/www.languages.ac.nz\/fr\/wp-json\/wp\/v2\/comments?post=594"}],"version-history":[{"count":1,"href":"https:\/\/www.languages.ac.nz\/fr\/wp-json\/wp\/v2\/pages\/594\/revisions"}],"predecessor-version":[{"id":10817,"href":"https:\/\/www.languages.ac.nz\/fr\/wp-json\/wp\/v2\/pages\/594\/revisions\/10817"}],"up":[{"embeddable":true,"href":"https:\/\/www.languages.ac.nz\/fr\/wp-json\/wp\/v2\/pages\/430"}],"wp:featuredmedia":[{"embeddable":true,"href":"https:\/\/www.languages.ac.nz\/fr\/wp-json\/wp\/v2\/media\/4448"}],"wp:attachment":[{"href":"https:\/\/www.languages.ac.nz\/fr\/wp-json\/wp\/v2\/media?parent=594"}],"curies":[{"name":"wp","href":"https:\/\/api.w.org\/{rel}","templated":true}]}}