

{"id":50,"date":"2012-08-09T01:17:21","date_gmt":"2012-08-08T13:17:21","guid":{"rendered":"http:\/\/languages-local.macaroni.co.nz\/?page_id=50"},"modified":"2024-06-04T11:19:19","modified_gmt":"2024-06-03T23:19:19","slug":"languages-international","status":"publish","type":"page","link":"https:\/\/www.languages.ac.nz\/fr\/","title":{"rendered":"Cours d&rsquo;anglais en Nouvelle-Z\u00e9lande &#8211; Apprendre l&rsquo;anglais \u00e0 Auckland avec Languages International."},"content":{"rendered":"<h1>Languages International<\/h1>\n<h3>Ouvrez vos horizons : apprenez l&rsquo;anglais en Nouvelle-Z\u00e9lande<\/h3>\n<p>&nbsp;<\/p>\n<h3>Qui sommes-nous ?<\/h3>\n<p>Languages International est une \u00e9cole d&rsquo;anglais n\u00e9o-z\u00e9landaise \u00e0 Auckland, Nouvelle-Z\u00e9lande. Chez Languages International, nous visons l&rsquo;excellence sans concession, que ce soit pour nos infrastructures, nos cours d&rsquo;anglais, la formation et le d\u00e9veloppement de nos enseignants, le soutien que nous donnons \u00e0 nos \u00e9tudiants pendant leur s\u00e9jour, ou l&rsquo;assistance que nous apportons \u00e0 nos \u00e9tudiants et nos partenaires commerciaux pendant le processus d&rsquo;inscription.<\/p>\n<h3>Pourquoi choisir Languages International ?<\/h3>\n<p><a title=\"Qui sommes nous?\" href=\"\/fr\/qui-sommes-nous\/\">Voil\u00e0 pourquoi&#8230;<\/a><\/p>\n<table style=\"width: 550px;\" border=\"0\">\n<tbody>\n<tr valign=\"top\">\n<td width=\"260\">\n<h3><span class=\"h2\">Am\u00e9liorez votre anglais :<\/span><\/h3>\n<ul>\n<li><a title=\"Anglais g\u00e9n\u00e9ral\" href=\"\/fr\/cours\/anglais-general\/\"><span class=\"h2\">Anglais g\u00e9n\u00e9ral<\/span><\/a><\/li>\n<li><a title=\"Anglais des affaires\" href=\"\/fr\/cours\/anglais-des-affaires\/\">Anglais des affaires<\/a><\/li>\n<li><a title=\"Cambridge\" href=\"\/fr\/cours\/cambridge\/\">Examens de Cambridge<\/a><\/li>\n<li><a title=\"Anglais pour l\u2019universit\u00e9\" href=\"\/fr\/cours\/anglais-pour-luniversite\/\">Anglais pour l&rsquo;universit\u00e9<\/a><\/li>\n<li><a title=\"Pr\u00e9paration \u00e0 l\u2019examen IELTS\" href=\"\/fr\/cours\/preparation-a-lexamen-ielts\/\"><span class=\"h2\">Examens IELTS<\/span><\/a><\/li>\n<\/ul>\n<h3><span class=\"h2\">D\u00e9couvrez : <\/span><\/h3>\n<ul>\n<li><a title=\"Nouvelle-Z\u00e9lande\" href=\"\/fr\/qui-sommes-nous\/nouvelle-zelande\/\">La Nouvelle-Z\u00e9lande<\/a><\/li>\n<li><a title=\"\u00c0 propos de Auckland\" href=\"\/fr\/qui-sommes-nous\/languages-international-auckland\/a-propos-de-auckland\/\">Auckland<\/a><\/li>\n<li><a title=\"Languages International Auckland\" href=\"\/fr\/qui-sommes-nous\/languages-international-auckland\/#enseignants\/\">Nos enseignants<\/a><\/li>\n<\/ul>\n<\/td>\n<td width=\"260\">\n<h3>Pour plus d&rsquo;informations :<\/h3>\n<ul>\n<li><a title=\"Nous contacter\" href=\"\/fr\/nous-contacter\/\">Contactez-nous<\/a><\/li>\n<li><a href=\"\/courses\/test-your-english\/\" target=\"_blank\" rel=\"noopener\">\u00c9valuez votre niveau d&rsquo;anglais<\/a> (sur la version anglaise de notre site Web)<\/li>\n<li><a title=\"Tarifs et dates de d\u00e9but\" href=\"https:\/\/www.languages.ac.nz\/wp-content\/uploads\/2024-Course-Information.pdf\" target=\"_blank\" rel=\"noopener\">Tarifs et dates de d\u00e9but<\/a><\/li>\n<\/ul>\n<h3>&nbsp;Apprenez \u00e0 enseigner :<\/h3>\n<ul>\n<li><a title=\"Formation des enseignants\" href=\"\/fr\/formation-des-enseignants\/\">Cours d&rsquo;enseignement de l&rsquo;anglais langue \u00e9trang\u00e8re (TESOL)<\/a><\/li>\n<\/ul>\n<p><a title=\"S'inscrire\" href=\"\/fr\/cours\/inscription\/\"><img loading=\"lazy\" decoding=\"async\" class=\"alignnone size-full wp-image-3762\" title=\"Enrol Now French button\" src=\"\/wp-content\/uploads\/2012\/08\/enroll-fr.png\" alt=\"S'inscrire\" width=\"150\" height=\"49\"><\/a><\/td>\n<\/tr>\n<\/tbody>\n<\/table>\n<p>&nbsp;<\/p>\n","protected":false},"excerpt":{"rendered":"<p>Languages International Ouvrez vos horizons : apprenez l&rsquo;anglais en Nouvelle-Z\u00e9lande &nbsp; Qui sommes-nous ? Languages International est une \u00e9cole d&rsquo;anglais n\u00e9o-z\u00e9landaise \u00e0 Auckland, Nouvelle-Z\u00e9lande. Chez Languages International, nous visons l&rsquo;excellence sans concession, que ce soit pour nos infrastructures, nos cours d&rsquo;anglais, la formation et le d\u00e9veloppement de nos enseignants, le soutien que nous donnons \u00e0<!-- ...  <a href=\"https:\/\/www.languages.ac.nz\/fr\/\" title=\"Read Cours d&rsquo;anglais en Nouvelle-Z\u00e9lande &#8211; Apprendre l&rsquo;anglais \u00e0 Auckland avec Languages International.\">Lire la suite &raquo;<\/a> --><\/p>\n","protected":false},"author":1,"featured_media":0,"parent":0,"menu_order":1,"comment_status":"closed","ping_status":"closed","template":"page-home.php","meta":{"footnotes":""},"class_list":["post-50","page","type-page","status-publish","hentry"],"acf":[],"_links":{"self":[{"href":"https:\/\/www.languages.ac.nz\/fr\/wp-json\/wp\/v2\/pages\/50","targetHints":{"allow":["GET"]}}],"collection":[{"href":"https:\/\/www.languages.ac.nz\/fr\/wp-json\/wp\/v2\/pages"}],"about":[{"href":"https:\/\/www.languages.ac.nz\/fr\/wp-json\/wp\/v2\/types\/page"}],"author":[{"embeddable":true,"href":"https:\/\/www.languages.ac.nz\/fr\/wp-json\/wp\/v2\/users\/1"}],"replies":[{"embeddable":true,"href":"https:\/\/www.languages.ac.nz\/fr\/wp-json\/wp\/v2\/comments?post=50"}],"version-history":[{"count":6,"href":"https:\/\/www.languages.ac.nz\/fr\/wp-json\/wp\/v2\/pages\/50\/revisions"}],"predecessor-version":[{"id":34786,"href":"https:\/\/www.languages.ac.nz\/fr\/wp-json\/wp\/v2\/pages\/50\/revisions\/34786"}],"wp:attachment":[{"href":"https:\/\/www.languages.ac.nz\/fr\/wp-json\/wp\/v2\/media?parent=50"}],"curies":[{"name":"wp","href":"https:\/\/api.w.org\/{rel}","templated":true}]}}