

{"id":478,"date":"2012-08-11T04:23:51","date_gmt":"2012-08-10T16:23:51","guid":{"rendered":"http:\/\/languages-new.reactivework.co.nz\/?page_id=478"},"modified":"2020-01-08T13:05:27","modified_gmt":"2020-01-08T01:05:27","slug":"languages-international-auckland","status":"publish","type":"page","link":"https:\/\/www.languages.ac.nz\/fr\/qui-sommes-nous\/languages-international-auckland\/","title":{"rendered":"Languages International Auckland"},"content":{"rendered":"<h2>Apprenez l&rsquo;anglais \u00e0 Auckland en Nouvelle-Z\u00e9lande<\/h2>\n<h3>Lieu<\/h3>\n<p>L&rsquo;\u00e9cole de Languages International \u00e0 <a title=\"\u00c0 propos de Auckland\" href=\"\/fr\/languages-international-auckland\/a-propos-de-auckland\/\">Auckland<\/a> est en plein c\u0153ur du centre-ville, \u00e0 deux pas des magasins, des cin\u00e9mas et salles de spectacle, des restaurants, des bars et des clubs, et des moyens de transport. L&rsquo;\u00e9cole se trouve dans un cadre unique : les trois immeubles historiques sont dans l&rsquo;Albert Park, au milieu d&rsquo;arbres et de jardins. De l&rsquo;autre c\u00f4t\u00e9 de la rue se trouvent les locaux de l&rsquo;universit\u00e9 d&rsquo;Auckland, o\u00f9 les \u00e9tudiants peuvent facilement se restaurer, aller \u00e0 la librairie ou acheter des tickets de transport.<\/p>\n<p><img loading=\"lazy\" decoding=\"async\" src=\"https:\/\/www.languages.ac.nz\/wp-content\/uploads\/english-courses-auckland-new-zealand.png\" alt=\"Languages International Auckland, une \u00e9cole d''anglais en Nouvelle-Z\u00e9lande\" class=\"alignright size-full wp-image-29586\" width=\"750\" height=\"725\" srcset=\"https:\/\/www.languages.ac.nz\/wp-content\/uploads\/english-courses-auckland-new-zealand.png 750w, https:\/\/www.languages.ac.nz\/wp-content\/uploads\/english-courses-auckland-new-zealand-300x290.png 300w\" sizes=\"auto, (max-width: 750px) 100vw, 750px\" \/><br \/>\n<iframe loading=\"lazy\" src=\"https:\/\/maps.google.com\/maps\/ms?hl=en&amp;ie=UTF8&amp;msa=0&amp;msid=101018543665079386891.00045eaf32b08b3006a77&amp;ll=-36.849853,174.769092&amp;spn=0.013376,0.01929&amp;output=embed\" marginwidth=\"0\" marginheight=\"0\" scrolling=\"no\" width=\"750\" height=\"250\" frameborder=\"0\"><\/iframe><br \/>\n<small><a style=\"color: #0000ff; text-align: left;\" href=\"http:\/\/maps.google.com\/maps\/ms?hl=en&amp;ie=UTF8&amp;msa=0&amp;msid=101018543665079386891.00045eaf32b08b3006a77&amp;ll=-36.849853,174.769092&amp;spn=0.013376,0.01929&amp;source=embed\">Carte plus grande<\/a><\/small><\/p>\n<h3>Caract\u00e9ristiques<\/h3>\n<p><img loading=\"lazy\" decoding=\"async\" src=\"https:\/\/www.languages.ac.nz\/wp-content\/uploads\/english-class-auckland-new-zealand.jpg\" alt=\"Cours d'anglais  \u00e0 Auckland en Nouvelle-Z\u00e9lande\" class=\"alignright size-full wp-image-29540\" width=\"350\" height=\"233\" srcset=\"https:\/\/www.languages.ac.nz\/wp-content\/uploads\/english-class-auckland-new-zealand.jpg 350w, https:\/\/www.languages.ac.nz\/wp-content\/uploads\/english-class-auckland-new-zealand-300x200.jpg 300w\" sizes=\"auto, (max-width: 350px) 100vw, 350px\" \/><\/p>\n<ul>\n<li>\u00c9cole de taille moyenne \u00e0 grande, accueillant 200 \u00e0 300 \u00e9tudiants en fonction de la p\u00e9riode dans l&rsquo;ann\u00e9e.<\/li>\n<li>14 \u00e9tudiants par classe au maximum (12 pour les cours de <a title=\"Cambridge\" href=\"\/fr\/cours\/cambridge\/\">pr\u00e9paration aux examens Cambridge<\/a> et <a title=\"Formation des enseignants\" href=\"\/fr\/cours\/formation-des-enseignants\/\">TESOL<\/a>) et une moyenne de 11 \u00e9tudiants par classe.<\/li>\n<li>Languages International Auckland place la barre tr\u00e8s haut mais l&rsquo;ambiance y est chaleureuse et d\u00e9tendue gr\u00e2ce \u00e0 son emplacement et \u00e0 l&rsquo;excellent soutien donn\u00e9 aux \u00e9tudiants. Avec des \u00e9tudiants de plus de 20 pays diff\u00e9rents, l&rsquo;\u00e9cole poss\u00e8de une atmosph\u00e8re v\u00e9ritablement internationale.<\/li>\n<\/ul>\n<p><a name=\"enseignants\"><\/a><\/p>\n<h3>Enseignants<\/h3>\n<div style=\"margin: 10px 0\"  class=\"html-cell col-3-12 teachers\">\n<img loading=\"lazy\" decoding=\"async\" class=\"alignnone size-full wp-image-22391\" src=\"https:\/\/www.languages.ac.nz\/wp-content\/uploads\/nick-1.jpg\" alt=\"Nick\" width=\"150\" height=\"150\"><\/div>\n<div style=\"margin: 10px 0\"  class=\"html-cell col-9-12 teachers\">\nBonjour, je souhaite vous pr\u00e9sente notre merveilleuse \u00e9quipe p\u00e9dagogique. Je me r\u00e9jouis \u00e0 l&rsquo;id\u00e9e de vous accueillir au sein de Languages International Auckland.<\/p>\n<p><strong>Nick Moore<\/strong><br \/>\nDirecteur p\u00e9dagogique et formateur d&rsquo;enseignants<br \/>\n<em>Master \u00e8s enseignement et apprentissage des langues (avec mention), CertTESOL (1996), DELTA (2001)<\/em><br \/>\n<\/div>\n<div class=\"clear\" style=\" \"><\/div>\n<div style=\"margin: 10px 0\"  class=\"html-cell col-3-12 teachers\">\n<img loading=\"lazy\" decoding=\"async\" class=\"alignnone size-full wp-image-22267\" src=\"https:\/\/www.languages.ac.nz\/wp-content\/uploads\/michael-1.jpg\" alt=\"Michael\" width=\"150\" height=\"150\"><br \/>\n<strong>Michael Gask<\/strong><br \/>\nDirecteur p\u00e9dagogique adjoint, formateur d&rsquo;enseignants<br \/>\n<em>Master (Anglais), Master (TESOL), CELTA (1996), DELTA (2004)<\/em><br \/>\n<\/div>\n<div style=\"margin: 10px 0\"  class=\"html-cell col-3-12 teachers\">\n<img loading=\"lazy\" decoding=\"async\" class=\"alignnone size-full wp-image-22275\" src=\"https:\/\/www.languages.ac.nz\/wp-content\/uploads\/peter.jpg\" alt=\"Peter\" width=\"150\" height=\"150\"><br \/>\n<strong>Peter Nicoll<\/strong><br \/>\nDirecteur du Learning Centre, directeur p\u00e9dagogique adjoint, enseignant et formateur d&rsquo;enseignants<br \/>\n<em>Master \u00e8s linguistique appliqu\u00e9e, CELTA (1992), DELTA (1998)<\/em><br \/>\n<\/div>\n<div style=\"margin: 10px 0\"  class=\"html-cell col-3-12 teachers\">\n<img loading=\"lazy\" decoding=\"async\" class=\"alignnone size-full wp-image-22299\" src=\"https:\/\/www.languages.ac.nz\/wp-content\/uploads\/derene.jpg\" alt=\"Derene\" width=\"150\" height=\"150\"><br \/>\n<strong>D\u00e9rene Els<\/strong><br \/>\nEnseignante et coordinatrice de la formation d&rsquo;alphab\u00e9tisation<br \/>\n<em>Master professionnel en enseignement et apprentissage des langues, CELTA (2002)<\/em><br \/>\n<\/div>\n<div style=\"margin: 10px 0\"  class=\"html-cell col-3-12 teachers\"><img loading=\"lazy\" decoding=\"async\" src=\"https:\/\/www.languages.ac.nz\/wp-content\/uploads\/stacy_k.jpg\" alt=\"Enseignante Stacy \u2013 Auckland, Nouvelle Z\u00e9lande\" class=\"alignnone size-full wp-image-23077\" width=\"150\" height=\"150\"><\/p>\n<p><strong>Stacy Kot<\/strong><br \/>\nEnseignante<br \/>\nMaster, CELTA, Delta<\/p>\n<\/div>\n<div class=\"clear\" style=\" \"><\/div>\n<div style=\"margin: 10px 0\"  class=\"html-cell col-3-12 teachers\">\n<img loading=\"lazy\" decoding=\"async\" class=\"alignnone size-full wp-image-22283\" src=\"https:\/\/www.languages.ac.nz\/wp-content\/uploads\/katie-1.jpg\" alt=\"Katie\" width=\"150\" height=\"150\"><br \/>\n<strong>Katie Lochore<\/strong><br \/>\nEnseignante<br \/>\n<em>Licence, CELTA<\/em><br \/>\n<\/div>\n<div style=\"margin: 10px 0\"  class=\"html-cell col-3-12 teachers\">\n<img loading=\"lazy\" decoding=\"async\" class=\"alignnone size-full wp-image-22315\" src=\"https:\/\/www.languages.ac.nz\/wp-content\/uploads\/sally.jpg\" alt=\"Sally\" width=\"150\" height=\"150\"><br \/>\n<strong>Sally MacGregor<\/strong><br \/>\nEnseignante<br \/>\n<em>Licence en agronomie, CELTA (1989), DELTA (2004)<\/em><br \/>\n<\/div>\n<div style=\"margin: 10px 0\"  class=\"html-cell col-3-12 teachers\">\n<img loading=\"lazy\" decoding=\"async\" class=\"alignnone size-full wp-image-22477\" src=\"https:\/\/www.languages.ac.nz\/wp-content\/uploads\/christine.jpg\" alt=\"Christine\" width=\"150\" height=\"150\"><br \/>\n<strong>Christine Malin<\/strong><br \/>\nEnseignante<br \/>\n<em>Licence, CELTA (1999)<\/em><br \/>\n<\/div>\n<div style=\"margin: 10px 0\"  class=\"html-cell col-3-12 teachers\">\n<img loading=\"lazy\" decoding=\"async\" class=\"alignnone size-full wp-image-22331\" src=\"https:\/\/www.languages.ac.nz\/wp-content\/uploads\/pauline.jpg\" alt=\"Pauline\" width=\"150\" height=\"150\"><br \/>\n<strong>Pauline Newell<\/strong><br \/>\nEnseignante<br \/>\n<em>Licence, CELTA, Delta<\/em><\/p>\n<\/div>\n<div class=\"clear\" style=\" \"><\/div>\n<div style=\"margin: 10px 0\"  class=\"html-cell col-3-12 teachers\">\n<img loading=\"lazy\" decoding=\"async\" class=\"alignnone size-full wp-image-22291\" src=\"https:\/\/www.languages.ac.nz\/wp-content\/uploads\/lizzie.jpg\" alt=\"Lizzie\" width=\"150\" height=\"150\"><br \/>\n<strong>Lizzie Downey<\/strong><br \/>\nEnseignante et formatrice d&rsquo;enseignants<br \/>\n<em>Licence, dipl\u00f4me en enseignement de l&rsquo;anglais, CELTA (1989), DELTA (1995)<\/em><br \/>\n<\/div>\n<div style=\"margin: 10px 0\"  class=\"html-cell col-3-12 teachers\">\n<img loading=\"lazy\" decoding=\"async\" class=\"alignnone size-full wp-image-22339\" src=\"https:\/\/www.languages.ac.nz\/wp-content\/uploads\/fiona.jpg\" alt=\"Fiona\" width=\"150\" height=\"150\"><br \/>\n<strong>Fiona Shirreffs<\/strong><br \/>\nEnseignante<br \/>\n<em>Licence, CELTA (1995)<\/em><br \/>\n<\/div>\n<div style=\"margin: 10px 0\"  class=\"html-cell col-3-12 teachers\">\n<img loading=\"lazy\" decoding=\"async\" class=\"alignnone size-full wp-image-22307\" src=\"https:\/\/www.languages.ac.nz\/wp-content\/uploads\/paul.jpg\" alt=\"Paul\" width=\"150\" height=\"150\"><br \/>\n<strong>Paul Hubbard<\/strong><br \/>\nEnseignant et formateur d&rsquo;enseignants<br \/>\n<em>Licence, CELTA (1995), DELTA (2008)<\/em><\/p>\n<\/div>\n<div style=\"margin: 10px 0\"  class=\"html-cell col-3-12 teachers\">\n<img loading=\"lazy\" decoding=\"async\" class=\"alignnone size-full wp-image-22248\" src=\"https:\/\/www.languages.ac.nz\/wp-content\/uploads\/melissa.jpg\" alt=\"Melissa\" width=\"150\" height=\"150\"><br \/>\n<strong>Melissa Hecksher<\/strong><br \/>\nEnseignante et formatrice d&rsquo;enseignants<br \/>\n<em>Licence, Master (TESOL) (avec mention) (2017), CELTA (2008), Delta (2012)<\/em><br \/>\n<\/div>\n<div class=\"clear\" style=\" \"><\/div>\n<div style=\"margin: 10px 0\"  class=\"html-cell col-3-12 teachers\">\n<img loading=\"lazy\" decoding=\"async\" class=\"alignnone size-full wp-image-22323\" src=\"https:\/\/www.languages.ac.nz\/wp-content\/uploads\/simon.jpg\" alt=\"Simon\" width=\"150\" height=\"150\"><br \/>\n<strong>Simon Flower<\/strong><br \/>\nEnseignant<br \/>\n<em>CELTA (1999), DELTA (2010)<\/em><br \/>\n<\/div>\n<div style=\"margin: 10px 0\"  class=\"html-cell col-3-12 teachers\">\n<img loading=\"lazy\" decoding=\"async\" class=\"aligncenter size-full wp-image-531\" src=\"https:\/\/www.languages.ac.nz\/wp-content\/uploads\/2012\/09\/May-Ann.jpg\" alt=\"languages international auckland\" width=\"150\" height=\"149\" srcset=\"https:\/\/www.languages.ac.nz\/wp-content\/uploads\/2012\/09\/May-Ann.jpg 150w, https:\/\/www.languages.ac.nz\/wp-content\/uploads\/2012\/09\/May-Ann-125x125.jpg 125w\" sizes=\"auto, (max-width: 150px) 100vw, 150px\" \/><\/p>\n<p><strong>May Ann Morelli<\/strong><br \/>\nEnseignante<br \/>\n<em>Licence, CELTA, CELTYL<\/em><\/p>\n<\/div>\n<div style=\"margin: 10px 0\"  class=\"html-cell col-3-12 teachers\"><img loading=\"lazy\" decoding=\"async\" class=\"aligncenter size-full wp-image-22801\" src=\"https:\/\/www.languages.ac.nz\/wp-content\/uploads\/karen.jpg\" alt=\"Karen\" width=\"150\" height=\"152\"><\/p>\n<p><strong>Karen Dombroski<\/strong><br \/>\nEnseignante<br \/>\nLicence, Dipl\u00f4me en enseignement, CELTA (2010), Master \u00e8s enseignement et apprentissage des langues (avec mention)<\/p>\n<\/div>\n<div class=\"clear\" style=\" \"><\/div>\n<h3>Infrastructures<\/h3>\n<p><img loading=\"lazy\" decoding=\"async\" src=\"https:\/\/www.languages.ac.nz\/wp-content\/uploads\/learning-centre-english-courses-nz.jpg\" alt=\"Le Learning Centre de Languages International \u00e0 Auckland en Nouvelle-Z\u00e9lande\" class=\"alignright size-full wp-image-29755\" width=\"350\" height=\"233\" srcset=\"https:\/\/www.languages.ac.nz\/wp-content\/uploads\/learning-centre-english-courses-nz.jpg 350w, https:\/\/www.languages.ac.nz\/wp-content\/uploads\/learning-centre-english-courses-nz-300x200.jpg 300w\" sizes=\"auto, (max-width: 350px) 100vw, 350px\" \/><\/p>\n<ul>\n<li>Trois immeubles sis 23, 27 et 29 Princes St, Auckland<\/li>\n<li>Salles de classe \u00e9quip\u00e9es et confortables avec vue sur le parc et les jardins<\/li>\n<li><a title=\"Nos Learning Centres\" href=\"\/fr\/qui-sommes-nous\/nos-learning-centres\/\">Learning Centre<\/a> pour les travaux autonomes<\/li>\n<li>Salle des \u00e9tudiants \u00e9quip\u00e9e de distributeurs de boissons et de nourriture, de fours micro-ondes et d&rsquo;eau potable filtr\u00e9e<\/li>\n<li>Ordinateurs et r\u00e9seau wifi pour acc\u00e9der \u00e0 Internet et consulter ses e-mails du lundi au vendredi de 8 h 00 \u00e0 17 h 00<\/li>\n<\/ul>\n","protected":false},"excerpt":{"rendered":"<p>Apprenez l&rsquo;anglais \u00e0 Auckland en Nouvelle-Z\u00e9lande Lieu L&rsquo;\u00e9cole de Languages International \u00e0 Auckland est en plein c\u0153ur du centre-ville, \u00e0 deux pas des magasins, des cin\u00e9mas et salles de spectacle, des restaurants, des bars et des clubs, et des moyens de transport. L&rsquo;\u00e9cole se trouve dans un cadre unique : les trois immeubles historiques sont<!-- ...  <a href=\"https:\/\/www.languages.ac.nz\/fr\/qui-sommes-nous\/languages-international-auckland\/\" title=\"Read Languages International Auckland\">Lire la suite &raquo;<\/a> --><\/p>\n","protected":false},"author":2,"featured_media":13203,"parent":430,"menu_order":1,"comment_status":"closed","ping_status":"closed","template":"","meta":{"footnotes":""},"class_list":["post-478","page","type-page","status-publish","hentry"],"acf":[],"_links":{"self":[{"href":"https:\/\/www.languages.ac.nz\/fr\/wp-json\/wp\/v2\/pages\/478","targetHints":{"allow":["GET"]}}],"collection":[{"href":"https:\/\/www.languages.ac.nz\/fr\/wp-json\/wp\/v2\/pages"}],"about":[{"href":"https:\/\/www.languages.ac.nz\/fr\/wp-json\/wp\/v2\/types\/page"}],"author":[{"embeddable":true,"href":"https:\/\/www.languages.ac.nz\/fr\/wp-json\/wp\/v2\/users\/2"}],"replies":[{"embeddable":true,"href":"https:\/\/www.languages.ac.nz\/fr\/wp-json\/wp\/v2\/comments?post=478"}],"version-history":[{"count":21,"href":"https:\/\/www.languages.ac.nz\/fr\/wp-json\/wp\/v2\/pages\/478\/revisions"}],"predecessor-version":[{"id":31666,"href":"https:\/\/www.languages.ac.nz\/fr\/wp-json\/wp\/v2\/pages\/478\/revisions\/31666"}],"up":[{"embeddable":true,"href":"https:\/\/www.languages.ac.nz\/fr\/wp-json\/wp\/v2\/pages\/430"}],"wp:featuredmedia":[{"embeddable":true,"href":"https:\/\/www.languages.ac.nz\/fr\/wp-json\/wp\/v2\/media\/13203"}],"wp:attachment":[{"href":"https:\/\/www.languages.ac.nz\/fr\/wp-json\/wp\/v2\/media?parent=478"}],"curies":[{"name":"wp","href":"https:\/\/api.w.org\/{rel}","templated":true}]}}