

{"id":465,"date":"2012-08-11T05:06:52","date_gmt":"2012-08-10T17:06:52","guid":{"rendered":"http:\/\/languages-new.reactivework.co.nz\/?page_id=465"},"modified":"2019-07-29T16:32:50","modified_gmt":"2019-07-29T04:32:50","slug":"a-propos-de-auckland","status":"publish","type":"page","link":"https:\/\/www.languages.ac.nz\/fr\/qui-sommes-nous\/a-propos-de-auckland\/","title":{"rendered":"\u00c0 propos de Auckland"},"content":{"rendered":"<h2>Auckland<\/h2>\n<h3>Auckland en un coup d&rsquo;\u0153il<\/h3>\n<ul>\n<li>plus grande ville de Nouvelle-Z\u00e9lande<\/li>\n<li>environ 1,5 million d&rsquo;habitants<\/li>\n<li>atmosph\u00e8re anim\u00e9e et cosmopolite<\/li>\n<li>ville \u00e9tudiante importante, avec <a href=\"https:\/\/www.languages.ac.nz\/further-studies.html#universities\">deux universit\u00e9s<\/a> et de nombreux autres \u00e9tablissements d&rsquo;enseignement<\/li>\n<li>excellente qualit\u00e9 de vie (<a href=\"https:\/\/www.mercer.com\/qualityofliving\" target=\"_blank\" rel=\"noopener\">class\u00e9e 3e<\/a> dans l&rsquo;enqu\u00eate Mercer 2019 sur la qualit\u00e9 de la vie)<\/li>\n<li>s\u00fbre (<a href=\"https:\/\/www.mercer.com\/qualityofliving\" target=\"_blank\" rel=\"noopener\">9e ex-aequo<\/a> avec Wellington dans le classement mondial de Mercer 2019 pour la s\u00e9curit\u00e9 individuelle)<\/li>\n<li>\u00e9conomique (l&rsquo;enqu\u00eate internationale Mercer 2019 sur le co\u00fbt de la vie <a href=\"https:\/\/mobilityexchange.mercer.com\/Insights\/cost-of-living-rankings\">classe Auckland \u00e0 la 89e place<\/a> sur les 200 villes prises en compte ; 1 = ville la plus ch\u00e8re, 209 = ville la moins ch\u00e8re)<\/li>\n<li>surnomm\u00e9e la \u00ab cit\u00e9 des voiles \u00bb en raison du nombre \u00e9lev\u00e9 de bateaux par habitant<\/li>\n<\/ul>\n<img loading=\"lazy\" decoding=\"async\" src=\"https:\/\/www.languages.ac.nz\/wp-content\/uploads\/english-school-auckland-city-centre.jpg\" title=\"Auckland aerial shot\" alt=\"Languages International dans le centre-ville d'Auckland Nouvelle-Z\u00e9lande\" width=\"750\" height=\"502\" class=\"alignnone size-full wp-image-30483\" srcset=\"https:\/\/www.languages.ac.nz\/wp-content\/uploads\/english-school-auckland-city-centre.jpg 750w, https:\/\/www.languages.ac.nz\/wp-content\/uploads\/english-school-auckland-city-centre-300x201.jpg 300w\" sizes=\"auto, (max-width: 750px) 100vw, 750px\" \/>\n<h3>Climat<\/h3>\n<table class=\"alignleft\" border=\"0\" align=\"left\">\n<tbody class=\"table\">\n<tr valign=\"middle\">\n<td>\n<h4>Saison<\/h4>\n<\/td>\n<td>\u00a0Printemps<\/td>\n<td>\u00a0\u00a0\u00a0 \u00c9t\u00e9<\/td>\n<td>\u00a0\u00a0\u00a0 Automne<\/td>\n<td>\u00a0\u00a0\u00a0 Hiver<\/td>\n<\/tr>\n<tr valign=\"middle\">\n<td>\n<h4>Mois<\/h4>\n<\/td>\n<td>\u00a0Sep. &#8211; Nov.<\/td>\n<td>\u00a0\u00a0\u00a0 D\u00e9c. &#8211; F\u00e9v.<\/td>\n<td>\u00a0\u00a0\u00a0 Mar. &#8211; Mai<\/td>\n<td>\u00a0\u00a0\u00a0 Jun. &#8211; Ao\u00fb.<\/td>\n<\/tr>\n<tr valign=\"middle\">\n<td>\n<h4>Temp\u00e9ratures<br \/>\nmaxima\/minima<br \/>\nquotidiennes moyennes<\/h4>\n<\/td>\n<td>\u00a018 \u00b0C \/ 11 \u00b0C<\/td>\n<td>\u00a0\u00a0\u00a0 24 \u00b0C \/ 12 \u00b0C<\/td>\n<td>\u00a0\u00a0\u00a0 20 \u00b0C \/ 13 \u00b0C<\/td>\n<td>\u00a0\u00a0\u00a0 15 \u00b0C \/ 9 \u00b0C<\/td>\n<\/tr>\n<tr valign=\"middle\">\n<td>\n<h4>Jours de pluie<\/h4>\n<\/td>\n<td>\u00a012<\/td>\n<td>\u00a0\u00a0 8<\/td>\n<td>\u00a0\u00a0\u00a0 11<\/td>\n<td>\u00a0\u00a0\u00a0 15<\/td>\n<\/tr>\n<\/tbody>\n<\/table>\n<h2>Activit\u00e9s<\/h2>\n<p><iframe loading=\"lazy\" width=\"750\" height=\"420\" src=\"https:\/\/www.youtube-nocookie.com\/embed\/oB1kHnet72M\" frameborder=\"0\" allow=\"accelerometer; autoplay; encrypted-media; gyroscope; picture-in-picture\" allowfullscreen><\/iframe><\/p>\n<h3>Auckland poss\u00e8de&#8230;<\/h3>\n<ul>\n<li>des restaurants, bars et discoth\u00e8ques internationaux<\/li>\n<li>des \u00eeles, des plages et des parcs<\/li>\n<li>une grande vari\u00e9t\u00e9 de magasins<\/li>\n<li>des \u00e9v\u00e9nements culturels, y compris des concerts et des spectacles en plein air<\/li>\n<li>des galeries d&rsquo;art, des mus\u00e9es, des th\u00e9\u00e2tres et des cin\u00e9mas<\/li>\n<li>une atmosph\u00e8re id\u00e9ale pour se relaxer<\/li>\n<li>des activit\u00e9s \u00e0 sensations fortes<\/li>\n<\/ul>\n<p><iframe loading=\"lazy\" width=\"750\" height=\"420\" src=\"https:\/\/www.youtube-nocookie.com\/embed\/1qTfVEfxM6c\" frameborder=\"0\" allow=\"accelerometer; autoplay; encrypted-media; gyroscope; picture-in-picture\" allowfullscreen><\/iframe><\/p>\n<h3>Plaisirs urbains<\/h3>\n<ul>\n<li>laissez-vous tenter par les caf\u00e9s de Ponsonby<\/li>\n<li>d\u00e9couvrez la vie nocture : les restaurants, bars et discoth\u00e8ques autour du Viaduct Harbour, sur Ponsonby Road, sur K Road, \u00e0 Parnell et Kingsland vous attendent<\/li>\n<li>faites les magasins de Newmarket ou faites une bonne affaire \u00e0 Dressmart<\/li>\n<\/ul>\n<img loading=\"lazy\" decoding=\"async\" src=\"https:\/\/www.languages.ac.nz\/wp-content\/uploads\/auckland-viaduct-harbour.jpg\" alt=\"vie nocturne d'Auckland\" width=\"750\" height=\"500\" class=\"alignnone size-full wp-image-30833\" srcset=\"https:\/\/www.languages.ac.nz\/wp-content\/uploads\/auckland-viaduct-harbour.jpg 750w, https:\/\/www.languages.ac.nz\/wp-content\/uploads\/auckland-viaduct-harbour-300x200.jpg 300w\" sizes=\"auto, (max-width: 750px) 100vw, 750px\" \/>\n<h3>Se relaxer \u00e0 Auckland<\/h3>\n<ul>\n<li>faites une croisi\u00e8re dans la baie<\/li>\n<li>allez \u00e0 l&rsquo;une des plages du North Shore<\/li>\n<li>faites un pique-nique dans l&rsquo;un des nombreux parcs de la ville<\/li>\n<li>approchez les pingouins, requins et raies pastenagues au Kelly Tarlton&rsquo;s Antartic Encounter and Underwater World<\/li>\n<\/ul>\n<img loading=\"lazy\" decoding=\"async\" src=\"https:\/\/www.languages.ac.nz\/wp-content\/uploads\/auckland-festival.jpg\" alt=\"Festival \u00e0 Auckland, Nouvelle Z\u00e9lande\" width=\"750\" height=\"500\" class=\"alignnone size-full wp-image-30844\" srcset=\"https:\/\/www.languages.ac.nz\/wp-content\/uploads\/auckland-festival.jpg 750w, https:\/\/www.languages.ac.nz\/wp-content\/uploads\/auckland-festival-300x200.jpg 300w\" sizes=\"auto, (max-width: 750px) 100vw, 750px\" \/>\n<h3>Auckland pour les sportifs<\/h3>\n<ul>\n<li>faites du saut \u00e0 l&rsquo;\u00e9lastique depuis la Sky Tower<\/li>\n<li>partez \u00e0 l&rsquo;ascension du Harbour Bridge<\/li>\n<li>faites de la voile, du kayak, de la nage ou de la plong\u00e9e<\/li>\n<li>parcourez Tamaki Drive \u00e0 velo, en roller, \u00e0 pied ou en courant et admirez le panorama<\/li>\n<li>essayez le deltaplane ou le saut en parachute<\/li>\n<\/ul>\n<img loading=\"lazy\" decoding=\"async\" src=\"https:\/\/www.languages.ac.nz\/wp-content\/uploads\/english_courses_new_zealand_10.jpg\" alt=\"Sky Diving en Nouvelle-Z\u00e9lande\" width=\"750\" height=\"500\" class=\"alignnone size-full wp-image-22094\" \/>\n<h3>Plus d&rsquo;informations<\/h3>\n<p>Vous trouverez plus d&rsquo;informations sur les sites:<\/p>\n<ul>\n<li><a href=\"https:\/\/www.newzealand.com\/nouvelle-z\u00e9lande\/auckland\/\" target=\"_blank\">www.newzealand.com\/nouvelle-z\u00e9lande\/auckland\/<\/a> (en fran\u00e7ais)<\/li>\n<li><a href=\"https:\/\/ourauckland.aucklandcouncil.govt.nz\/\">ourauckland.aucklandcouncil.govt.nz<\/a> (en anglais)<\/li>\n<li><a href=\"https:\/\/www.heartofthecity.co.nz\/\">www.heartofthecity.co.nz<\/a> (en anglais)<\/li>\n<li><a title=\"https:\/\/www.aucklandnz.com\/ ... - link will open in a new window\" href=\"http:\/\/www.aucklandnz.com\/\" target=\"_blank\" rel=\"noopener\">www.aucklandnz.com<\/a> (en anglais)<\/li>\n<\/ul>\n<p><iframe loading=\"lazy\" width=\"750\" height=\"420\" src=\"https:\/\/www.youtube-nocookie.com\/embed\/fa2QZMRquRA\" frameborder=\"0\" allow=\"accelerometer; autoplay; encrypted-media; gyroscope; picture-in-picture\" allowfullscreen><\/iframe><\/p>\n<h3>Explorez l&rsquo;\u00eele du Nord<\/h3>\n<p>Auckland est \u00e9galement un excellent point de d\u00e9part pour partir \u00e0 la d\u00e9couverte du reste de l&rsquo;\u00eele du Nord. Nous travaillons avec des agences de voyages soigneusement s\u00e9lectionn\u00e9es pour vous proposer un large choix d&rsquo;excursions. Ces excursions sont guid\u00e9es par des professionnels exp\u00e9riment\u00e9s. Vous trouverez plus d&rsquo;informations sur les diff\u00e9rentes destinations \u00e0 d\u00e9couvrir sur la version anglaise de <a href=\"\/languages-international-auckland\/auckland-city\/\">notre site Web<\/a>.<\/p>\n<img loading=\"lazy\" decoding=\"async\" src=\"https:\/\/www.languages.ac.nz\/wp-content\/uploads\/english_courses_new_zealand_8-1.jpg\" alt=\"Sky Diving en Nouvelle-Z\u00e9lande\" width=\"750\" height=\"500\" class=\"alignnone size-full wp-image-22078\" srcset=\"https:\/\/www.languages.ac.nz\/wp-content\/uploads\/english_courses_new_zealand_8-1.jpg 750w, https:\/\/www.languages.ac.nz\/wp-content\/uploads\/english_courses_new_zealand_8-1-300x200.jpg 300w\" sizes=\"auto, (max-width: 750px) 100vw, 750px\" \/>\n","protected":false},"excerpt":{"rendered":"<p>Auckland Auckland en un coup d&rsquo;\u0153il plus grande ville de Nouvelle-Z\u00e9lande environ 1,5 million d&rsquo;habitants atmosph\u00e8re anim\u00e9e et cosmopolite ville \u00e9tudiante importante, avec deux universit\u00e9s et de nombreux autres \u00e9tablissements d&rsquo;enseignement excellente qualit\u00e9 de vie (class\u00e9e 3e dans l&rsquo;enqu\u00eate Mercer 2019 sur la qualit\u00e9 de la vie) s\u00fbre (9e ex-aequo avec Wellington dans le classement<!-- ...  <a href=\"https:\/\/www.languages.ac.nz\/fr\/qui-sommes-nous\/a-propos-de-auckland\/\" title=\"Read \u00c0 propos de Auckland\">Lire la suite &raquo;<\/a> --><\/p>\n","protected":false},"author":2,"featured_media":0,"parent":430,"menu_order":2,"comment_status":"closed","ping_status":"closed","template":"","meta":{"footnotes":""},"class_list":["post-465","page","type-page","status-publish","hentry"],"acf":[],"_links":{"self":[{"href":"https:\/\/www.languages.ac.nz\/fr\/wp-json\/wp\/v2\/pages\/465","targetHints":{"allow":["GET"]}}],"collection":[{"href":"https:\/\/www.languages.ac.nz\/fr\/wp-json\/wp\/v2\/pages"}],"about":[{"href":"https:\/\/www.languages.ac.nz\/fr\/wp-json\/wp\/v2\/types\/page"}],"author":[{"embeddable":true,"href":"https:\/\/www.languages.ac.nz\/fr\/wp-json\/wp\/v2\/users\/2"}],"replies":[{"embeddable":true,"href":"https:\/\/www.languages.ac.nz\/fr\/wp-json\/wp\/v2\/comments?post=465"}],"version-history":[{"count":11,"href":"https:\/\/www.languages.ac.nz\/fr\/wp-json\/wp\/v2\/pages\/465\/revisions"}],"predecessor-version":[{"id":30883,"href":"https:\/\/www.languages.ac.nz\/fr\/wp-json\/wp\/v2\/pages\/465\/revisions\/30883"}],"up":[{"embeddable":true,"href":"https:\/\/www.languages.ac.nz\/fr\/wp-json\/wp\/v2\/pages\/430"}],"wp:attachment":[{"href":"https:\/\/www.languages.ac.nz\/fr\/wp-json\/wp\/v2\/media?parent=465"}],"curies":[{"name":"wp","href":"https:\/\/api.w.org\/{rel}","templated":true}]}}