

{"id":460,"date":"2012-08-11T04:27:13","date_gmt":"2012-08-10T16:27:13","guid":{"rendered":"http:\/\/languages-new.reactivework.co.nz\/?page_id=460"},"modified":"2019-07-09T16:30:43","modified_gmt":"2019-07-09T04:30:43","slug":"travailler-en-nouvelle-zelande","status":"publish","type":"page","link":"https:\/\/www.languages.ac.nz\/fr\/vie-etudiante\/travailler-en-nouvelle-zelande\/","title":{"rendered":"Travailler en Nouvelle-Z\u00e9lande"},"content":{"rendered":"<h2>Travailler en Nouvelle-Z\u00e9lande<\/h2>\n<p>En parall\u00e8le \u00e0 ses <a title=\"cours\" href=\"\/fr\/cours\/\">cours d&rsquo;apprentissage de l&rsquo;anglais<\/a>, Languages International vous donne la possibilit\u00e9 de pratiquer votre anglais dans le monde du travail. Nous proposons des programmes d&rsquo;exp\u00e9rience professionnelle dans le cadre desquels votre emploi du temps est partag\u00e9 entre vos \u00e9tudes avec nous et un stage dans une organisation.<br \/>\nNotre partenaire, INTERNeX, se sp\u00e9cialise dans le suivi des \u00e9tudiants \u00e9trangers et les aide \u00e0 trouver des stages professionnels. Les pr\u00e9parations commencent avant votre d\u00e9part pour la <a title=\"Nouvelle-Z\u00e9lande\" href=\"\/fr\/qui-sommes-nous\/nouvelle-zelande\/\">Nouvelle-Z\u00e9lande<\/a>. INTERNeX et Languages International commencent par faire votre connaissance, d\u00e9terminent votre niveau d&rsquo;anglais et vous demandent quelles sont vos intentions. Ces \u00e9l\u00e9ments nous servent \u00e0 mieux vous accompagner dans vos \u00e9tudes et votre exp\u00e9rience professionnelle.<br \/>\nVous devez poss\u00e9der un visa de travail pour la Nouvelle-Z\u00e9lande. Renseignez-vous sur la possibilit\u00e9 d&rsquo;un <a href=\"http:\/\/www.immigration.govt.nz\/migrant\/stream\/work\/workingholiday\" target=\"_blank\">visa vacances-travail<\/a> ou sur les modalit\u00e9s de <a href=\"http:\/\/www.immigration.govt.nz\/migrant\/stream\/study\/canistudyinnewzealand\/allaboutvisas\/\" target=\"_blank\">travail avec un visa \u00e9tudiant<\/a>.<br \/>\nNous proposons deux programmes : <strong>Work &amp; Travel (Travail et voyages)<\/strong> et <strong>Internships (Stages)<\/strong><\/p>\n<h3>Travail et voyages<\/h3>\n<ul>\n<li>Les objectifs principaux de ce programme sont de vous fournir les informations dont vous avez besoin pour travailler en Nouvelle-Z\u00e9lande, de vous aider \u00e0 trouver un emploi dans un endroit qui vous convient et de vous accompagner pendant toute la dur\u00e9e de votre s\u00e9jour parmi nous.<\/li>\n<li>Vous devez poss\u00e9der un visa vacances-travail et un niveau d&rsquo;anglais interm\u00e9diaire (B1), au minimum, afin de pouvoir participer \u00e0 ce programme. V\u00e9rifiez votre niveau d&rsquo;anglais avec <a href=\"\/courses\/test-your-english\/\">notre test en ligne<\/a>.<\/li>\n<li>Nous conseillons d&rsquo;effectuer un minimum de 4 semaines d&rsquo;\u00e9tudes \u00e0 Languages International avant de commencer \u00e0 travailler. Ces 4 semaines sont utiles pour vous acclimater \u00e0 la <a title=\"Nouvelle-Z\u00e9lande\" href=\"\/fr\/qui-sommes-nous\/nouvelle-zelande\/\">Nouvelle-Z\u00e9lande<\/a>, vous faire des amis et perfectionner votre anglais avant de vous lancer dans un environnement professionnel.<\/li>\n<li>Co\u00fbt : <strong>600 NZD<\/strong> pour un soutien de 12 mois au maximum.<\/li>\n<\/ul>\n<h3>Stages<\/h3>\n<ul>\n<li>Ce programme s&rsquo;adresse aux titulaires de dipl\u00f4mes universitaires \u00e0 la recherche d&rsquo;une exp\u00e9rience professionnelle pertinente dans une entreprise n\u00e9o-z\u00e9landaise. Nous vous aiderons \u00e0 trouver un stage correspondant \u00e0 vos objectifs et \u00e0 vos int\u00e9r\u00eats.<\/li>\n<li>Nous pouvons organiser des stages dans des domaines tels que la gestion, le marketing, les op\u00e9rations, les ressources humaines, la finance et les m\u00e9dias. Nous sommes \u00e9galement en mesure de vous proposer des stages dans des organisations \u00e0 but non lucratif, dans les secteurs de l&rsquo;hospitalit\u00e9 et du tourisme ou dans l&rsquo;agriculture.<\/li>\n<li>Vous devez poss\u00e9der un <a href=\"http:\/\/www.immigration.govt.nz\/migrant\/stream\/work\/workingholiday\" target=\"_blank\">visa vacances-travail<\/a> ou un <a href=\"http:\/\/www.immigration.govt.nz\/migrant\/stream\/work\/worktemporarily\/requirements\/studenttrainee.htm\" target=\"_blank\">visa d&rsquo;\u00e9tudiant et de stagiaire<\/a> (Student and Trainee Work Visa) pour participer \u00e0 ce programme. Si vous ne pouvez pas obtenir un de ces visas, veuillez <a href=\"mailto:info@languages.ac.nz?subject=internships%20enquiry\" target=\"_blank\">nous contacter<\/a>. Nous serons peut-\u00eatre en mesure de vous proposer d&rsquo;autres possibilit\u00e9s. Votre niveau d&rsquo;anglais doit \u00eatre interm\u00e9diaire avanc\u00e9 (B2). V\u00e9rifiez-le avec notre <a href=\"https:\/\/www.languages.ac.nz\/test-your-english.html\">test en ligne<\/a>.<\/li>\n<li>Nous conseillons d&rsquo;effectuer un minimum de 4 semaines d&rsquo;\u00e9tudes \u00e0 Languages International avant de commencer votre stage. Ces 4 semaines sont utiles pour vous acclimater \u00e0 la Nouvelle-Z\u00e9lande, vous faire des amis et perfectionner votre anglais avant de vous lancer dans un environnement professionnel.<\/li>\n<li>Co\u00fbt : <strong>1200 NZD<\/strong> pour l&rsquo;organisation d&rsquo;un stage et 12 mois de soutien au maximum.<\/li>\n<\/ul>\n","protected":false},"excerpt":{"rendered":"<p>Travailler en Nouvelle-Z\u00e9lande En parall\u00e8le \u00e0 ses cours d&rsquo;apprentissage de l&rsquo;anglais, Languages International vous donne la possibilit\u00e9 de pratiquer votre anglais dans le monde du travail. Nous proposons des programmes d&rsquo;exp\u00e9rience professionnelle dans le cadre desquels votre emploi du temps est partag\u00e9 entre vos \u00e9tudes avec nous et un stage dans une organisation. Notre partenaire,<!-- ...  <a href=\"https:\/\/www.languages.ac.nz\/fr\/vie-etudiante\/travailler-en-nouvelle-zelande\/\" title=\"Read Travailler en Nouvelle-Z\u00e9lande\">Lire la suite &raquo;<\/a> --><\/p>\n","protected":false},"author":2,"featured_media":0,"parent":3919,"menu_order":4,"comment_status":"closed","ping_status":"closed","template":"","meta":{"footnotes":""},"class_list":["post-460","page","type-page","status-publish","hentry"],"acf":[],"_links":{"self":[{"href":"https:\/\/www.languages.ac.nz\/fr\/wp-json\/wp\/v2\/pages\/460","targetHints":{"allow":["GET"]}}],"collection":[{"href":"https:\/\/www.languages.ac.nz\/fr\/wp-json\/wp\/v2\/pages"}],"about":[{"href":"https:\/\/www.languages.ac.nz\/fr\/wp-json\/wp\/v2\/types\/page"}],"author":[{"embeddable":true,"href":"https:\/\/www.languages.ac.nz\/fr\/wp-json\/wp\/v2\/users\/2"}],"replies":[{"embeddable":true,"href":"https:\/\/www.languages.ac.nz\/fr\/wp-json\/wp\/v2\/comments?post=460"}],"version-history":[{"count":1,"href":"https:\/\/www.languages.ac.nz\/fr\/wp-json\/wp\/v2\/pages\/460\/revisions"}],"predecessor-version":[{"id":28845,"href":"https:\/\/www.languages.ac.nz\/fr\/wp-json\/wp\/v2\/pages\/460\/revisions\/28845"}],"up":[{"embeddable":true,"href":"https:\/\/www.languages.ac.nz\/fr\/wp-json\/wp\/v2\/pages\/3919"}],"wp:attachment":[{"href":"https:\/\/www.languages.ac.nz\/fr\/wp-json\/wp\/v2\/media?parent=460"}],"curies":[{"name":"wp","href":"https:\/\/api.w.org\/{rel}","templated":true}]}}