

{"id":456,"date":"2012-08-28T04:03:29","date_gmt":"2012-08-27T16:03:29","guid":{"rendered":"http:\/\/languages-new.reactivework.co.nz\/?page_id=456"},"modified":"2019-07-22T15:39:26","modified_gmt":"2019-07-22T03:39:26","slug":"hebergement","status":"publish","type":"page","link":"https:\/\/www.languages.ac.nz\/fr\/vie-etudiante\/hebergement\/","title":{"rendered":"H\u00e9bergement"},"content":{"rendered":"<h2>H\u00e9bergement<\/h2>\n<p>Languages International propose \u00e0 ses \u00e9tudiants 3 principaux types d&rsquo;h\u00e9bergement.<\/p>\n<p>Nous vous recommandons de choisir l&rsquo;h\u00e9bergement dans l&rsquo;une des familles d&rsquo;accueil que nous avons soigneusement s\u00e9lectionn\u00e9es. C&rsquo;est le meilleur moyen d&rsquo;am\u00e9liorer votre anglais et d&rsquo;en savoir plus sur la Nouvelle-Z\u00e9lande et sa culture.<\/p>\n<p>Si vous souhaitez plus d&rsquo;ind\u00e9pendance, nous offrons \u00e9galement toute une gamme de logements \u00e9tudiants \u00e0 deux pas de nos locaux et du centre-ville. Vous avez le choix entre une chambre en colocation avec d&rsquo;autres \u00e9tudiants, votre propre appartement \u00e9tudiant \u00e0 un prix abordable et un appartement de luxe avec services.\u00a0 Vous trouverez plus d&rsquo;informations sur chacune de ces options, ainsi que des photos, des plans de ville et des plans au sol sur la <a href=\"\/accommodation\/\" target=\"_blank\">version anglaise de notre site Web<\/a>.<\/p>\n<p>Si vous \u00eates mineur(e), l&rsquo;h\u00e9bergement en famille d&rsquo;accueil s\u00e9lectionn\u00e9e par l&rsquo;\u00e9cole ou chez un parent ou un ami proche de votre famille est obligatoire. L&rsquo;h\u00e9bergement en r\u00e9sidence \u00e9tudiante n&rsquo;est pas \u00e0 votre disposition. <a href=\"\/courses\/enrol-now\/are-you-under-18-years-old\/\" target=\"_blank\">Vous trouverez plus d&rsquo;informations sp\u00e9cifiques aux mineurs ici<\/a> (en anglais).<\/p>\n<h3>H\u00e9bergement en famille d&rsquo;accueil<\/h3>\n<p>Si vous choisissez l&rsquo;h\u00e9bergement dans l&rsquo;une de nos familles d&rsquo;accueil, un foyer chaleureux et s\u00fbr vous accueillera \u00e0 bras ouverts. C&rsquo;est le meilleur moyen de d\u00e9couvrir le mode de vie n\u00e9o-z\u00e9landais et de mettre en pratique les connaissances acquises en cours.<\/p>\n<p>Nous s\u00e9lectionnons les familles d&rsquo;accueil en fonction de leur aptitude \u00e0 comprendre et satisfaire les besoins d&rsquo;\u00e9tudiants \u00e9trangers. Nos autres crit\u00e8res de s\u00e9lection vont de la gentillesse au mode de vie en passant par la qualit\u00e9 et l&#8217;emplacement de leur maison. Les N\u00e9o-Z\u00e9landais sont r\u00e9put\u00e9s pour leur sens de l&rsquo;hospitalit\u00e9. Nous sommes convaincus que vous trouverez votre famille accueillante et serviable pendant toute la dur\u00e9e de votre s\u00e9jour.<\/p>\n<p>L&rsquo;h\u00e9bergement en famille d&rsquo;accueil inclut :<\/p>\n<ul>\n<li>la demi-pension en semaine ;<\/li>\n<li>la pension compl\u00e8te le week-end ;<\/li>\n<li>une chambre individuelle confortable avec un espace pour \u00e9tudier.<\/li>\n<\/ul>\n<p><iframe loading=\"lazy\" src=\"https:\/\/www.youtube-nocookie.com\/embed\/zZ5s3HKvcb8?rel=0\" width=\"560\" height=\"315\" frameborder=\"0\"><\/iframe><\/p>\n<p>En r\u00e8gle g\u00e9n\u00e9rale, une famille accueille un seul \u00e9tudiant. S&rsquo;il y a plusieurs \u00e9tudiants dans une m\u00eame famille, nous veillons \u00e0 ce qu&rsquo;ils n&rsquo;aient pas la m\u00eame langue maternelle, sauf si deux personnes demandent sp\u00e9cifiquement \u00e0 rester ensemble. Les familles d&rsquo;accueil vivent \u00e0 proximit\u00e9 des lignes de bus. Le trajet jusqu&rsquo;\u00e0 l&rsquo;\u00e9cole prend g\u00e9n\u00e9ralement environ 30 minutes.<\/p>\n<h3>T\u00e9moignages<\/h3>\n<p>Lisez les t\u00e9moignages d&rsquo;\u00e9tudiants qui ont <a href=\"\/category\/students-say\/accommodation-students-say\/\">v\u00e9cu dans une famille d&rsquo;accueil<\/a>.<\/p>\n<h3>Tarifs<\/h3>\n<p>Veuillez consulter notre\u00a0<a title=\"Tarifs et dates de d\u00e9but\" href=\"https:\/\/www.languages.ac.nz\/wp-content\/uploads\/course-information.pdf\" target=\"_blank\">brochure d&rsquo;information sur les cours <\/a> pour plus de renseignements.<\/p>\n","protected":false},"excerpt":{"rendered":"<p>H\u00e9bergement Languages International propose \u00e0 ses \u00e9tudiants 3 principaux types d&rsquo;h\u00e9bergement. Nous vous recommandons de choisir l&rsquo;h\u00e9bergement dans l&rsquo;une des familles d&rsquo;accueil que nous avons soigneusement s\u00e9lectionn\u00e9es. C&rsquo;est le meilleur moyen d&rsquo;am\u00e9liorer votre anglais et d&rsquo;en savoir plus sur la Nouvelle-Z\u00e9lande et sa culture. Si vous souhaitez plus d&rsquo;ind\u00e9pendance, nous offrons \u00e9galement toute une gamme<!-- ...  <a href=\"https:\/\/www.languages.ac.nz\/fr\/vie-etudiante\/hebergement\/\" title=\"Read H\u00e9bergement\">Lire la suite &raquo;<\/a> --><\/p>\n","protected":false},"author":2,"featured_media":0,"parent":3919,"menu_order":1,"comment_status":"closed","ping_status":"closed","template":"","meta":{"footnotes":""},"class_list":["post-456","page","type-page","status-publish","hentry"],"acf":[],"_links":{"self":[{"href":"https:\/\/www.languages.ac.nz\/fr\/wp-json\/wp\/v2\/pages\/456","targetHints":{"allow":["GET"]}}],"collection":[{"href":"https:\/\/www.languages.ac.nz\/fr\/wp-json\/wp\/v2\/pages"}],"about":[{"href":"https:\/\/www.languages.ac.nz\/fr\/wp-json\/wp\/v2\/types\/page"}],"author":[{"embeddable":true,"href":"https:\/\/www.languages.ac.nz\/fr\/wp-json\/wp\/v2\/users\/2"}],"replies":[{"embeddable":true,"href":"https:\/\/www.languages.ac.nz\/fr\/wp-json\/wp\/v2\/comments?post=456"}],"version-history":[{"count":1,"href":"https:\/\/www.languages.ac.nz\/fr\/wp-json\/wp\/v2\/pages\/456\/revisions"}],"predecessor-version":[{"id":30631,"href":"https:\/\/www.languages.ac.nz\/fr\/wp-json\/wp\/v2\/pages\/456\/revisions\/30631"}],"up":[{"embeddable":true,"href":"https:\/\/www.languages.ac.nz\/fr\/wp-json\/wp\/v2\/pages\/3919"}],"wp:attachment":[{"href":"https:\/\/www.languages.ac.nz\/fr\/wp-json\/wp\/v2\/media?parent=456"}],"curies":[{"name":"wp","href":"https:\/\/api.w.org\/{rel}","templated":true}]}}