

{"id":447,"date":"2012-08-28T03:57:30","date_gmt":"2012-08-27T15:57:30","guid":{"rendered":"http:\/\/languages-new.reactivework.co.nz\/?page_id=447"},"modified":"2015-10-17T20:39:13","modified_gmt":"2015-10-17T08:39:13","slug":"cours","status":"publish","type":"page","link":"https:\/\/www.languages.ac.nz\/fr\/cours\/","title":{"rendered":"Cours"},"content":{"rendered":"<h2>Cours<\/h2>\n<p>L&rsquo;ann\u00e9e scolaire est divis\u00e9e en quatre trimestres (\u00e9t\u00e9, automne, hiver et printemps). Un cours complet d&rsquo;anglais g\u00e9n\u00e9ral tous niveaux dure un trimestre. Les dates de d\u00e9but et les tarifs pour tous les cours sont indiqu\u00e9s dans la\u00a0<a title=\"Brochure d'information sur les cours\" href=\"https:\/\/www.languages.ac.nz\/wp-content\/uploads\/course-information.pdf\" target=\"_blank\">brochure annuelle d&rsquo;information sur les cours<\/a>.<\/p>\n<ul>\n<li><a title=\"Anglais g\u00e9n\u00e9ral\" href=\"\/fr\/cours\/anglais-general\/\">\u00a0Anglais g\u00e9n\u00e9ral<\/a><\/li>\n<li>\u00a0<a title=\"Anglais des affaires\" href=\"\/fr\/cours\/anglais-des-affaires\/\">Anglais des affaires<\/a><\/li>\n<li><a title=\"Cambridge\" href=\"\/fr\/cours\/cambridge\/\">\u00a0Examens de Cambridge<\/a><\/li>\n<li><a title=\"Anglais pour l\u2019universit\u00e9\" href=\"\/fr\/cours\/anglais-pour-luniversite\/\">\u00a0Anglais pour l&rsquo;universit\u00e9<\/a><\/li>\n<li><a title=\"Pr\u00e9paration \u00e0 l\u2019examen IELTS\" href=\"\/fr\/cours\/preparation-a-lexamen-ielts\/\">Pr\u00e9paration \u00e0 l&rsquo;IELTS<\/a><\/li>\n<li><strong>Cours de pr\u00e9paration aux examens TOEFL\u00ae et TOEIC\u00ae<\/strong> en conjonction avec, au choix, un cours d&rsquo;<a title=\"Anglais g\u00e9n\u00e9ral\" href=\"\/fr\/cours\/anglais-general\/\">anglais g\u00e9n\u00e9ral<\/a>, d&rsquo;<a title=\"Anglais pour l\u2019universit\u00e9\" href=\"\/fr\/cours\/anglais-pour-luniversite\/\">anglais pour l&rsquo;universit\u00e9<\/a> ou d&rsquo;<a title=\"Anglais des affaires\" href=\"\/fr\/cours\/anglais-des-affaires\/\">anglais des affaires<\/a>.\u00a0 Obtenez plus d&rsquo;informations sur ces cours sur la <a title=\"TOEFL\" href=\"\/courses\/toefl\/\" target=\"_blank\">version anglaise<\/a> de notre site Web.<\/li>\n<li><strong>Anglais pour les cadres<\/strong> (10 heures par semaine de cours individuel en conjonction avec un cours d&rsquo;<a title=\"Anglais g\u00e9n\u00e9ral\" href=\"\/fr\/cours\/anglais-general\/\">anglais g\u00e9n\u00e9ral<\/a> ou d&rsquo;<a title=\"Anglais des affaires\" href=\"\/fr\/cours\/anglais-des-affaires\/\">anglais des affaires<\/a> \u00e0 raison de 10 heures hebdomadaires et 3 heures de travail individuel sous la supervision d&rsquo;un enseignant dans le <a title=\"Nos Learning Centres\" href=\"\/fr\/nos-learning-centres\/\" target=\"_blank\">Learning Centre<\/a>). Consultez la version anglaise de notre site Web pour <a title=\"Executive Course\" href=\"\/courses\/executive-course\/\" target=\"_blank\">plus d&rsquo;informations<\/a> sur ce cours.<\/li>\n<li><a title=\"Formation des enseignants\" href=\"\/fr\/formation-des-enseignants\/\" target=\"_blank\">Formation des enseignants<\/a><\/li>\n<\/ul>\n","protected":false},"excerpt":{"rendered":"<p>Cours L&rsquo;ann\u00e9e scolaire est divis\u00e9e en quatre trimestres (\u00e9t\u00e9, automne, hiver et printemps). Un cours complet d&rsquo;anglais g\u00e9n\u00e9ral tous niveaux dure un trimestre. Les dates de d\u00e9but et les tarifs pour tous les cours sont indiqu\u00e9s dans la\u00a0brochure annuelle d&rsquo;information sur les cours. \u00a0Anglais g\u00e9n\u00e9ral \u00a0Anglais des affaires \u00a0Examens de Cambridge \u00a0Anglais pour l&rsquo;universit\u00e9 Pr\u00e9paration<!-- ...  <a href=\"https:\/\/www.languages.ac.nz\/fr\/cours\/\" title=\"Read Cours\">Lire la suite &raquo;<\/a> --><\/p>\n","protected":false},"author":2,"featured_media":13197,"parent":0,"menu_order":16,"comment_status":"closed","ping_status":"closed","template":"","meta":{"footnotes":""},"class_list":["post-447","page","type-page","status-publish","hentry"],"acf":[],"_links":{"self":[{"href":"https:\/\/www.languages.ac.nz\/fr\/wp-json\/wp\/v2\/pages\/447","targetHints":{"allow":["GET"]}}],"collection":[{"href":"https:\/\/www.languages.ac.nz\/fr\/wp-json\/wp\/v2\/pages"}],"about":[{"href":"https:\/\/www.languages.ac.nz\/fr\/wp-json\/wp\/v2\/types\/page"}],"author":[{"embeddable":true,"href":"https:\/\/www.languages.ac.nz\/fr\/wp-json\/wp\/v2\/users\/2"}],"replies":[{"embeddable":true,"href":"https:\/\/www.languages.ac.nz\/fr\/wp-json\/wp\/v2\/comments?post=447"}],"version-history":[{"count":0,"href":"https:\/\/www.languages.ac.nz\/fr\/wp-json\/wp\/v2\/pages\/447\/revisions"}],"wp:featuredmedia":[{"embeddable":true,"href":"https:\/\/www.languages.ac.nz\/fr\/wp-json\/wp\/v2\/media\/13197"}],"wp:attachment":[{"href":"https:\/\/www.languages.ac.nz\/fr\/wp-json\/wp\/v2\/media?parent=447"}],"curies":[{"name":"wp","href":"https:\/\/api.w.org\/{rel}","templated":true}]}}