

{"id":430,"date":"2012-08-09T04:05:01","date_gmt":"2012-08-08T16:05:01","guid":{"rendered":"http:\/\/languages-new.reactivework.co.nz\/?page_id=430"},"modified":"2019-07-15T13:40:57","modified_gmt":"2019-07-15T01:40:57","slug":"qui-sommes-nous","status":"publish","type":"page","link":"https:\/\/www.languages.ac.nz\/fr\/qui-sommes-nous\/","title":{"rendered":"Qui sommes-nous?"},"content":{"rendered":"<h2>Apprenez l&rsquo;anglais en Nouvelle-Z\u00e9lande, \u00e0 Auckland, avec Languages International<\/h2>\n<h3>Languages International vous propose&#8230;<\/h3>\n<img loading=\"lazy\" decoding=\"async\" src=\"https:\/\/www.languages.ac.nz\/wp-content\/uploads\/english-class-auckland-new-zealand.jpg\" alt=\"English course in Auckland, New Zealand\" width=\"350\" height=\"233\" class=\"alignright size-full wp-image-29540\" srcset=\"https:\/\/www.languages.ac.nz\/wp-content\/uploads\/english-class-auckland-new-zealand.jpg 350w, https:\/\/www.languages.ac.nz\/wp-content\/uploads\/english-class-auckland-new-zealand-300x200.jpg 300w\" sizes=\"auto, (max-width: 350px) 100vw, 350px\" \/>\n<h3>Un enseignement de qualit\u00e9<\/h3>\n<p>Nos enseignants chevronn\u00e9s et hautement qualifi\u00e9s vous aideront \u00e0 atteindre vos objectifs d&rsquo;apprentissage avec efficacit\u00e9 dans une atmosph\u00e8re chaleureuse.<\/p>\n<ul>\n<li>Une offre diversifi\u00e9e de <a title=\"Cours\" href=\"\/fr\/cours\/\">cours <\/a>: nous dispensons des cours d&rsquo;anglais ainsi que des formations <a title=\"Formation des enseignants\" href=\"\/fr\/formation-des-enseignants\/\">d&rsquo;enseignants<\/a> tous niveaux pour r\u00e9pondre aux besoins de tous les \u00e9tudiants.<\/li>\n<li>Le <a title=\"Nos Learning Centres\" href=\"\/fr\/qui-sommes-nous\/nos-learning-centres\/\">Learning Centre<\/a> : dans notre centre de formation, nous vous aidons \u00e0 d\u00e9finir un cursus d&rsquo;anglais qui r\u00e9ponde au mieux \u00e0 vos besoins personnels. De nombreux supports d&rsquo;apprentissage y sont disponibles et des enseignants sont l\u00e0 pour vous aider.<\/li>\n<li>Examens et conseil : des examens et des entretiens avec votre enseignant sont r\u00e9guli\u00e8rement organis\u00e9s pour vous aider \u00e0 \u00e9valuer vos progr\u00e8s par rapport \u00e0 vos objectifs d&rsquo;apprentissage.<\/li>\n<\/ul>\n<h3>Notre exp\u00e9rience<\/h3>\n<p>Vous pouvez faire confiance \u00e0 une \u00e9cole qui dispense <a title=\"Cours\" href=\"\/fr\/cours\/\">des cours d&rsquo;anglais<\/a> et offre aux \u00e9tudiants une exp\u00e9rience unique de la Nouvelle-Z\u00e9lande depuis 1978, ce qui fait de nous la plus ancienne \u00e9cole d&rsquo;anglais priv\u00e9e du pays.<\/p>\n<h3>Une exp\u00e9rience unique et personnelle<\/h3>\n<p><img loading=\"lazy\" decoding=\"async\" src=\"https:\/\/www.languages.ac.nz\/wp-content\/uploads\/individual-attention-english-teacher.jpg\" alt=\"Indivudual attention outside of English classes\" width=\"350\" height=\"233\" class=\"alignright size-full wp-image-29551\" srcset=\"https:\/\/www.languages.ac.nz\/wp-content\/uploads\/individual-attention-english-teacher.jpg 350w, https:\/\/www.languages.ac.nz\/wp-content\/uploads\/individual-attention-english-teacher-300x200.jpg 300w\" sizes=\"auto, (max-width: 350px) 100vw, 350px\" \/><br \/>\nNous nous effor\u00e7ons de faire de votre s\u00e9jour en <a title=\"Nouvelle-Zelande\" href=\"\/fr\/qui-sommes-nous\/nouvelle-zelande\/\">Nouvelle-Z\u00e9lande<\/a> et au sein de Languages International une exp\u00e9rience inoubliable.<\/p>\n<ul>\n<li>Services \u00e9tudiants : notre \u00e9quipe des services \u00e9tudiants est \u00e0 votre disposition pour des informations, de l&rsquo;aide et d&rsquo;autres conseils pratiques.<\/li>\n<li><a title=\"Conseillers\" href=\"\/fr\/vie-etudiante\/\">Conseillers <\/a>: le premier jour, vous rencontrerez un conseiller qui parle votre langue. Vous pourrez lui demander de l&rsquo;aide \u00e0 tout moment pendant votre cursus.<\/li>\n<li><a title=\"H\u00e9bergement\" href=\"\/fr\/vie-etudiante\/hebergement\/\"> H\u00e9bergement<\/a> : nous organisons votre h\u00e9bergement avant votre arriv\u00e9e en Nouvelle-Z\u00e9lande. Notre \u00e9quipe d\u00e9di\u00e9e sera \u00e0 votre disposition \u00e0 l&rsquo;\u00e9cole si vous avez besoin d&rsquo;aide.<\/li>\n<li><a title=\"Loisirs\" href=\"\/fr\/vie-etudiante\/loisirs\/\"> Loisirs<\/a> : notre programme d&rsquo;activit\u00e9s sociales, sportives, culturelles et touristiques en semaine et les week-ends vous permettra de faire de nouvelles exp\u00e9riences, de nouer de nouvelles amiti\u00e9s et de parler anglais en dehors des cours.<\/li>\n<\/ul>\n<div style=\" \"  class=\"html-cell col-6-12\">\n<h3>Un cadre exceptionnel<\/h3>\n<p>Notre local \u00e0 <a title=\"Auckland\" href=\"\/fr\/qui-sommes-nous\/languages-international-auckland\/a-propos-de-auckland\/\">Auckland<\/a>\u00a0offre un cadre d&rsquo;apprentissage unique, pratique et agr\u00e9able. Languages International\u00a0occupe trois\u00a0immeubles historiques d&rsquo;Albert Park. Ce magnifique cadre est \u00e0 quelques minutes \u00e0 pied du centre-ville et \u00e0 deux pas de l&rsquo;universit\u00e9 d&rsquo;Auckland.<\/div><div style=\" \"  class=\"html-cell col-6-12\"><img loading=\"lazy\" decoding=\"async\" src=\"https:\/\/www.languages.ac.nz\/wp-content\/uploads\/english-school-auckland-new-zelaand.jpg\" alt=\"English courses in Auckland ,New Zealand\" width=\"350\" height=\"233\" class=\"alignright size-full wp-image-29517\" srcset=\"https:\/\/www.languages.ac.nz\/wp-content\/uploads\/english-school-auckland-new-zelaand.jpg 350w, https:\/\/www.languages.ac.nz\/wp-content\/uploads\/english-school-auckland-new-zelaand-300x200.jpg 300w\" sizes=\"auto, (max-width: 350px) 100vw, 350px\" \/><\/div><div class=\"clear\" style=\" \"><\/div>\n<h3>Notre r\u00e9seau de relations<\/h3>\n<p>Languages International entretient d&rsquo;\u00e9troites relations avec beaucoup d&rsquo;autres <a title=\"Recompenses et Accreditations\" href=\"\/fr\/recompenses-et-accreditations\/\">organisations<\/a>, parmi lesquelles :<\/p>\n<ul>\n<li><a href=\"http:\/\/www.englishnewzealand.co.nz\/\" target=\"_blank\">English New Zealand<\/a><\/li>\n<li><a href=\"http:\/\/www.ialc.org\/\" target=\"_blank\">IALC<\/a><\/li>\n<li>NZQA<\/li>\n<img loading=\"lazy\" decoding=\"async\" src=\"https:\/\/www.languages.ac.nz\/wp-content\/uploads\/international-friends-english-course.jpg\" alt=\"International friends on an English course together\" width=\"350\" height=\"233\" class=\"alignright size-full wp-image-29528\" srcset=\"https:\/\/www.languages.ac.nz\/wp-content\/uploads\/international-friends-english-course.jpg 350w, https:\/\/www.languages.ac.nz\/wp-content\/uploads\/international-friends-english-course-300x200.jpg 300w\" sizes=\"auto, (max-width: 350px) 100vw, 350px\" \/>\n<li>Centres d&rsquo;examen de Cambridge ESOL<\/li>\n<li>Language Travel Magazine \u2013 <a title=\"LTM Star\" href=\"\/fr\/recompenses-et-accreditations\/\">Star Awards<\/a><\/li>\n<\/ul>\n<h3>T\u00e9moignages<\/h3>\n<p>Lisez les t\u00e9moignages d&rsquo;anciens \u00e9tudiants de Languages International \u00e0 la page <a title=\"T\u00e9moignages d\u2019\u00e9tudiants\" href=\"\/fr\/lavis-des-etudiants\/\">T\u00e9moignages<\/a>.<\/p>\n","protected":false},"excerpt":{"rendered":"<p>Apprenez l&rsquo;anglais en Nouvelle-Z\u00e9lande, \u00e0 Auckland, avec Languages International Languages International vous propose&#8230; Un enseignement de qualit\u00e9 Nos enseignants chevronn\u00e9s et hautement qualifi\u00e9s vous aideront \u00e0 atteindre vos objectifs d&rsquo;apprentissage avec efficacit\u00e9 dans une atmosph\u00e8re chaleureuse. Une offre diversifi\u00e9e de cours : nous dispensons des cours d&rsquo;anglais ainsi que des formations d&rsquo;enseignants tous niveaux pour<!-- ...  <a href=\"https:\/\/www.languages.ac.nz\/fr\/qui-sommes-nous\/\" title=\"Read Qui sommes-nous?\">Lire la suite &raquo;<\/a> --><\/p>\n","protected":false},"author":2,"featured_media":13197,"parent":0,"menu_order":5,"comment_status":"closed","ping_status":"closed","template":"","meta":{"footnotes":""},"class_list":["post-430","page","type-page","status-publish","hentry"],"acf":[],"_links":{"self":[{"href":"https:\/\/www.languages.ac.nz\/fr\/wp-json\/wp\/v2\/pages\/430","targetHints":{"allow":["GET"]}}],"collection":[{"href":"https:\/\/www.languages.ac.nz\/fr\/wp-json\/wp\/v2\/pages"}],"about":[{"href":"https:\/\/www.languages.ac.nz\/fr\/wp-json\/wp\/v2\/types\/page"}],"author":[{"embeddable":true,"href":"https:\/\/www.languages.ac.nz\/fr\/wp-json\/wp\/v2\/users\/2"}],"replies":[{"embeddable":true,"href":"https:\/\/www.languages.ac.nz\/fr\/wp-json\/wp\/v2\/comments?post=430"}],"version-history":[{"count":4,"href":"https:\/\/www.languages.ac.nz\/fr\/wp-json\/wp\/v2\/pages\/430\/revisions"}],"predecessor-version":[{"id":29568,"href":"https:\/\/www.languages.ac.nz\/fr\/wp-json\/wp\/v2\/pages\/430\/revisions\/29568"}],"wp:featuredmedia":[{"embeddable":true,"href":"https:\/\/www.languages.ac.nz\/fr\/wp-json\/wp\/v2\/media\/13197"}],"wp:attachment":[{"href":"https:\/\/www.languages.ac.nz\/fr\/wp-json\/wp\/v2\/media?parent=430"}],"curies":[{"name":"wp","href":"https:\/\/api.w.org\/{rel}","templated":true}]}}