

{"id":3933,"date":"2013-01-13T07:33:06","date_gmt":"2013-01-12T19:33:06","guid":{"rendered":"http:\/\/languages-new.reactivework.co.nz\/?page_id=3933"},"modified":"2019-08-06T16:56:04","modified_gmt":"2019-08-06T04:56:04","slug":"nous-contacter","status":"publish","type":"page","link":"https:\/\/www.languages.ac.nz\/fr\/nous-contacter\/","title":{"rendered":"Nous contacter"},"content":{"rendered":"<p><strong>E-mail<\/strong> <a href=\"mailto:info@languages.ac.nz\">info@languages.ac.nz<\/a><\/p>\n<p><strong>T\u00e9l\u00e9phone<\/strong> <a href=\"phone:+6493090615\">+64 (9) 309 0615<\/a><br \/>\n(de 8 h 30 \u00e0 16 h 30, du lundi au vendredi, <a href=\"http:\/\/www.worldtimeserver.com\/current_time_in_NZ.aspx\">heure n\u00e9o-z\u00e9landaise<\/a>)<\/p>\n<p><strong>Fax<\/strong> +64 (9) 377 2806<\/p>\n<div style=\" \"  class=\"html-cell col-3-12\"><strong>Adresse postale<\/strong><br \/>\nP.O. Box 5293<br \/>\nAuckland 1141<br \/>\nNouvelle-Z\u00e9lande<\/p>\n<h3><\/h3>\n<p><strong>Adresse physique<\/strong><br \/>\n27 Princes Street<br \/>\nAuckland 1010<\/div>\n<div style=\" \"  class=\"html-cell col-9-12\"><a href=\"https:\/\/www.languages.ac.nz\/wp-content\/uploads\/2013\/04\/princesstreet.jpg\"><img loading=\"lazy\" decoding=\"async\" class=\"size-full wp-image-4086 alignleft\" title=\"27 Princes Street Facade\" src=\"\/wp-content\/uploads\/2013\/04\/princesstreet.jpg\" alt=\"Languages International Auckland School\" width=\"200\" height=\"160\" \/><\/div>\n<div class=\"clear\" style=\" \"><\/div>\n<iframe loading=\"lazy\" src=\"https:\/\/maps.google.com\/maps\/ms?hl=en&amp;ie=UTF8&amp;msa=0&amp;msid=101018543665079386891.00045eaf32b08b3006a77&amp;ll=-36.849853,174.769092&amp;spn=0.013376,0.01929&amp;output=embed\" width=\"425\" height=\"350\" frameborder=\"0\" marginwidth=\"0\" marginheight=\"0\" scrolling=\"no\"><\/iframe><br \/>\n<small>View <\/small><\/a><small><a style=\"color: #0000ff; text-align: left;\" href=\"http:\/\/maps.google.com\/maps\/ms?hl=en&amp;ie=UTF8&amp;msa=0&amp;msid=101018543665079386891.00045eaf32b08b3006a77&amp;ll=-36.849853,174.769092&amp;spn=0.013376,0.01929&amp;source=embed\">Languages International Auckland<\/a> in a larger map<\/small><\/p>\n<p><a id=\"social\" href=\"\/wp-content\/uploads\/2013\/01\/Instagram.png\"><img loading=\"lazy\" decoding=\"async\" class=\"alignnone size-full wp-image-4816\" title=\"Instagram\" src=\"\/wp-content\/uploads\/2013\/01\/Instagram.png\" alt=\"Instagram\" width=\"37\" height=\"39\" \/><\/a><a title=\"Instagram\" href=\"https:\/\/instagram.com\/languagesinternational\" target=\"_blank\" rel=\"noopener\">@LanguagesInternational<\/a><\/p>\n<p><a href=\"\/wp-content\/uploads\/2013\/01\/Facebook.png\"><img loading=\"lazy\" decoding=\"async\" class=\"alignnone size-full wp-image-4811\" title=\"Facebook\" src=\"\/wp-content\/uploads\/2013\/01\/Facebook.png\" alt=\"Facebook\" width=\"39\" height=\"40\" \/><\/a><a title=\"Facebook\" href=\"https:\/\/www.facebook.com\/LanguagesInternational\" target=\"_blank\" rel=\"noopener\">www.facebook.com\/LanguagesInternational<\/a><\/p>\n<p><a href=\"\/wp-content\/uploads\/2013\/01\/YouTube.png\"><img loading=\"lazy\" decoding=\"async\" class=\"alignnone wp-image-4814\" title=\"YouTube\" src=\"\/wp-content\/uploads\/2013\/01\/YouTube.png\" alt=\"YouTube\" width=\"39\" height=\"41\" \/><\/a><a title=\"YouTube\" href=\"https:\/\/www.youtube.com\/LanguagesInt\" target=\"_blank\" rel=\"noopener\">www.youtube.com\/LanguagesInt<\/a><\/p>\n<p><a href=\"\/wp-content\/uploads\/2013\/01\/Flickr.png\"><img loading=\"lazy\" decoding=\"async\" class=\"alignnone size-full wp-image-4815\" title=\"Flickr\" src=\"\/wp-content\/uploads\/2013\/01\/Flickr.png\" alt=\"Flickr\" width=\"39\" height=\"40\" \/><\/a><a title=\"Flickr\" href=\"\/flickr\" target=\"_blank\" rel=\"noopener\">www.languages.ac.nz\/flickr<\/a><\/p>\n<p><a href=\"\/wp-content\/uploads\/2013\/01\/Twitter.png\"><img loading=\"lazy\" decoding=\"async\" class=\"alignnone size-full wp-image-4812\" title=\"Twitter\" src=\"\/wp-content\/uploads\/2013\/01\/Twitter.png\" alt=\"Twitter\" width=\"39\" height=\"38\" \/><\/a><a title=\"http:\/\/twitter.com\/LanguagesInt ... - link will open in a new window\" href=\"http:\/\/twitter.com\/LanguagesInt\" target=\"_blank\" rel=\"noopener\">@LanguagesInt<\/a><\/p>\n<p><a class=\"enrol-now\" href=\"\/reviews\/\">Notez-nous sur Google et Facebook<br \/>\n\u2b50\ufe0f\u2b50\ufe0f\u2b50\ufe0f\u2b50\ufe0f\u2b50\ufe0f<\/a><\/p>\n","protected":false},"excerpt":{"rendered":"<p>E-mail info@languages.ac.nz T\u00e9l\u00e9phone +64 (9) 309 0615 (de 8 h 30 \u00e0 16 h 30, du lundi au vendredi, heure n\u00e9o-z\u00e9landaise) Fax +64 (9) 377 2806 View Languages International Auckland in a larger map @LanguagesInternational www.facebook.com\/LanguagesInternational www.youtube.com\/LanguagesInt www.languages.ac.nz\/flickr @LanguagesInt Notez-nous sur Google et Facebook \u2b50\ufe0f\u2b50\ufe0f\u2b50\ufe0f\u2b50\ufe0f\u2b50\ufe0f<\/p>\n","protected":false},"author":9,"featured_media":0,"parent":0,"menu_order":12,"comment_status":"closed","ping_status":"closed","template":"","meta":{"footnotes":""},"class_list":["post-3933","page","type-page","status-publish","hentry"],"acf":[],"_links":{"self":[{"href":"https:\/\/www.languages.ac.nz\/fr\/wp-json\/wp\/v2\/pages\/3933","targetHints":{"allow":["GET"]}}],"collection":[{"href":"https:\/\/www.languages.ac.nz\/fr\/wp-json\/wp\/v2\/pages"}],"about":[{"href":"https:\/\/www.languages.ac.nz\/fr\/wp-json\/wp\/v2\/types\/page"}],"author":[{"embeddable":true,"href":"https:\/\/www.languages.ac.nz\/fr\/wp-json\/wp\/v2\/users\/9"}],"replies":[{"embeddable":true,"href":"https:\/\/www.languages.ac.nz\/fr\/wp-json\/wp\/v2\/comments?post=3933"}],"version-history":[{"count":5,"href":"https:\/\/www.languages.ac.nz\/fr\/wp-json\/wp\/v2\/pages\/3933\/revisions"}],"predecessor-version":[{"id":30984,"href":"https:\/\/www.languages.ac.nz\/fr\/wp-json\/wp\/v2\/pages\/3933\/revisions\/30984"}],"wp:attachment":[{"href":"https:\/\/www.languages.ac.nz\/fr\/wp-json\/wp\/v2\/media?parent=3933"}],"curies":[{"name":"wp","href":"https:\/\/api.w.org\/{rel}","templated":true}]}}