

{"id":3922,"date":"2012-08-29T01:51:06","date_gmt":"2012-08-28T13:51:06","guid":{"rendered":"http:\/\/languages-new.reactivework.co.nz\/?page_id=3922"},"modified":"2019-07-22T10:21:34","modified_gmt":"2019-07-21T22:21:34","slug":"loisirs","status":"publish","type":"page","link":"https:\/\/www.languages.ac.nz\/fr\/vie-etudiante\/loisirs\/","title":{"rendered":"Loisirs"},"content":{"rendered":"<p>Outre notre offre de formations, nous proposons un programme vari\u00e9 d&rsquo;activit\u00e9s divertissantes o\u00f9 chacun trouvera son compte. Un enseignant accompagne les \u00e9tudiants pour chacune des activit\u00e9s. Vous pouvez vous adonner \u00e0 une activit\u00e9 diff\u00e9rente tous les jours, comme faire de la voile, apprendre un nouveau sport ou visiter un mus\u00e9e ou une galerie d&rsquo;art. Prendre part \u00e0 l&rsquo;une de ces activit\u00e9s est le meilleur moyen de se faire de nouveaux amis et de pratiquer l&rsquo;anglais avec des \u00e9tudiants d&rsquo;autres pays. Consultez la version anglaise de notre site Web pour voir quelques-unes des <a href=\"https:\/\/www.languages.ac.nz\/about-us\/social-programme\/\">activit\u00e9s propos\u00e9es<\/a> .<\/p>\n<p>Le week-end, vous pouvez partir \u00e0 la d\u00e9couverte des environs d&rsquo;Auckland. Nous proposons diverses excursions \u00e0 la journ\u00e9e ou sur deux jours. Nous travaillons en \u00e9troite collaboration avec des agences de voyages soigneusement s\u00e9lectionn\u00e9es pour vous offrir un vaste choix de sorties. Ces excursions sont guid\u00e9es par des professionnels exp\u00e9riment\u00e9s. D\u00e9couvrez quelques-unes des excursions de <a href=\"https:\/\/www.languages.ac.nz\/about-us\/social-programme\/\">week-end propos\u00e9es<\/a> (sur la version anglaise de notre site Web)<\/p>\n","protected":false},"excerpt":{"rendered":"<p>Outre notre offre de formations, nous proposons un programme vari\u00e9 d&rsquo;activit\u00e9s divertissantes o\u00f9 chacun trouvera son compte. Un enseignant accompagne les \u00e9tudiants pour chacune des activit\u00e9s. Vous pouvez vous adonner \u00e0 une activit\u00e9 diff\u00e9rente tous les jours, comme faire de la voile, apprendre un nouveau sport ou visiter un mus\u00e9e ou une galerie d&rsquo;art. Prendre<!-- ...  <a href=\"https:\/\/www.languages.ac.nz\/fr\/vie-etudiante\/loisirs\/\" title=\"Read Loisirs\">Lire la suite &raquo;<\/a> --><\/p>\n","protected":false},"author":9,"featured_media":0,"parent":3919,"menu_order":3,"comment_status":"closed","ping_status":"closed","template":"","meta":{"footnotes":""},"class_list":["post-3922","page","type-page","status-publish","hentry"],"acf":[],"_links":{"self":[{"href":"https:\/\/www.languages.ac.nz\/fr\/wp-json\/wp\/v2\/pages\/3922","targetHints":{"allow":["GET"]}}],"collection":[{"href":"https:\/\/www.languages.ac.nz\/fr\/wp-json\/wp\/v2\/pages"}],"about":[{"href":"https:\/\/www.languages.ac.nz\/fr\/wp-json\/wp\/v2\/types\/page"}],"author":[{"embeddable":true,"href":"https:\/\/www.languages.ac.nz\/fr\/wp-json\/wp\/v2\/users\/9"}],"replies":[{"embeddable":true,"href":"https:\/\/www.languages.ac.nz\/fr\/wp-json\/wp\/v2\/comments?post=3922"}],"version-history":[{"count":2,"href":"https:\/\/www.languages.ac.nz\/fr\/wp-json\/wp\/v2\/pages\/3922\/revisions"}],"predecessor-version":[{"id":30627,"href":"https:\/\/www.languages.ac.nz\/fr\/wp-json\/wp\/v2\/pages\/3922\/revisions\/30627"}],"up":[{"embeddable":true,"href":"https:\/\/www.languages.ac.nz\/fr\/wp-json\/wp\/v2\/pages\/3919"}],"wp:attachment":[{"href":"https:\/\/www.languages.ac.nz\/fr\/wp-json\/wp\/v2\/media?parent=3922"}],"curies":[{"name":"wp","href":"https:\/\/api.w.org\/{rel}","templated":true}]}}