

{"id":3919,"date":"2019-03-01T09:35:09","date_gmt":"2019-02-28T21:35:09","guid":{"rendered":"http:\/\/languages-new.reactivework.co.nz\/?page_id=3919"},"modified":"2019-07-22T16:41:36","modified_gmt":"2019-07-22T04:41:36","slug":"vie-etudiante","status":"publish","type":"page","link":"https:\/\/www.languages.ac.nz\/fr\/vie-etudiante\/","title":{"rendered":"Vie \u00e9tudiante"},"content":{"rendered":"<p>Languages International vous offre un certain nombre de services pour vous faciliter la vie : nous pouvons notamment organiser votre <a title=\"H\u00e9bergement\" href=\"\/fr\/vie-etudiante\/hebergement\/\">h\u00e9bergement<\/a>, vous donner des <a title=\"conseiller\" href=\"#conseiller\">conseils en fran\u00e7ais<\/a>, vous proposer tout un programme de <a title=\"Loisirs\" href=\"\/fr\/qui-sommes-nous\/loisirs\/\">loisirs<\/a>, vous aider dans vos d\u00e9marches pour<a title=\"Travailler en Nouvelle-Z\u00e9lande\" href=\"\/fr\/qui-sommes-nous\/travailler-en-nouvelle-zelande\/\"> travailler en Nouvelle-Z\u00e9lande<\/a>, vous aider pour organiser vos excursions et vous conseiller en mati\u00e8re d&rsquo;assurance.<br \/>\n<a name=\"conseiller\"><\/a><\/p>\n<h3>Conseiller francophone<\/h3>\n<div id=\"attachment_3341\" style=\"width: 119px\" class=\"wp-caption alignleft\"><img loading=\"lazy\" decoding=\"async\" aria-describedby=\"caption-attachment-3341\" src=\"https:\/\/www.languages.ac.nz\/wp-content\/uploads\/severine.jpg\" alt=\"S\u00e9verine\" width=\"150\" height=\"150\" class=\"alignnone size-full wp-image-22403\" \/><\/a><p id=\"caption-attachment-3341\" class=\"wp-caption-text\">S\u00e9verine<\/p><\/div>\n<p>Bonjour, je m&rsquo;appelle S\u00e9verine et je suis conseill\u00e8re francophone au sein de Languages International.<\/p>\n<p>Mon r\u00f4le est de m&rsquo;occuper de vous pendant votre s\u00e9jour \u00e0 Languages International et de vous aider \u00e0 vous adapter \u00e0 la vie en Nouvelle-Z\u00e9lande. Pour votre premi\u00e8re journ\u00e9e \u00e0 l&rsquo;\u00e9cole, je serai l\u00e0 pour vous accueillir et vous faire visiter toutes nos installations. Je v\u00e9rifierai \u00e9galement que votre h\u00e9bergement vous convient et que vous avez bien compris votre emploi du temps. Apr\u00e8s cette premi\u00e8re journ\u00e9e, je resterai en contact avec vous. De votre c\u00f4t\u00e9, n&rsquo;h\u00e9sitez pas \u00e0 faire appel \u00e0 moi.<\/p>\n<p>\u00c0 tr\u00e8s bient\u00f4t en Nouvelle-Z\u00e9lande et \u00e0 Languages International !<\/p>\n<div style=\" \"  class=\"html-cell col-6-12\"><a href=\"https:\/\/www.languages.ac.nz\/fr\/vie-etudiante\/votre-premiere-journee\/\"><img loading=\"lazy\" decoding=\"async\" src=\"https:\/\/www.languages.ac.nz\/wp-content\/uploads\/premiere-jour-1.jpg\" alt=\"Votre premi\u00e8re journ\u00e9e avec Languages International\" width=\"350\" height=\"350\" class=\"alignnone size-full wp-image-29205\" \/><\/a><\/div>\n<div style=\" \"  class=\"html-cell col-6-12\"><a href=\"https:\/\/www.languages.ac.nz\/fr\/vie-etudiante\/hebergement\/\"><img loading=\"lazy\" decoding=\"async\" src=\"https:\/\/www.languages.ac.nz\/wp-content\/uploads\/herbergement.jpg\" alt=\"H\u00e9bergement \u00e0 Auckland, New Zealand\" width=\"350\" height=\"350\" class=\"alignnone size-full wp-image-29218\" \/><\/a><\/div>\n<div style=\" \"  class=\"html-cell col-6-12\"><a href=\"https:\/\/www.languages.ac.nz\/fr\/vie-etudiante\/loisirs\/\"><img loading=\"lazy\" decoding=\"async\" src=\"https:\/\/www.languages.ac.nz\/wp-content\/uploads\/loisirs.jpg\" alt=\"Loisirs avec Languages International en Nouvelle-Zelande\" width=\"350\" height=\"350\" class=\"alignnone size-full wp-image-29193\" \/><\/a><\/div>\n<div style=\" \"  class=\"html-cell col-6-12\"><a href=\"https:\/\/www.languages.ac.nz\/fr\/vie-etudiante\/travailler-en-nouvelle-zelande\/\"><img loading=\"lazy\" decoding=\"async\" src=\"https:\/\/www.languages.ac.nz\/wp-content\/uploads\/travailler.jpg\" alt=\"Travailler \u00e0 Auckland, New Zealand\" width=\"350\" height=\"350\" class=\"alignnone size-full wp-image-29171\" \/><\/a><\/div>\n","protected":false},"excerpt":{"rendered":"<p>Languages International vous offre un certain nombre de services pour vous faciliter la vie : nous pouvons notamment organiser votre h\u00e9bergement, vous donner des conseils en fran\u00e7ais, vous proposer tout un programme de loisirs, vous aider dans vos d\u00e9marches pour travailler en Nouvelle-Z\u00e9lande, vous aider pour organiser vos excursions et vous conseiller en mati\u00e8re d&rsquo;assurance.<!-- ...  <a href=\"https:\/\/www.languages.ac.nz\/fr\/vie-etudiante\/\" title=\"Read Vie \u00e9tudiante\">Lire la suite &raquo;<\/a> --><\/p>\n","protected":false},"author":9,"featured_media":0,"parent":0,"menu_order":42,"comment_status":"closed","ping_status":"closed","template":"","meta":{"footnotes":""},"class_list":["post-3919","page","type-page","status-publish","hentry"],"acf":[],"_links":{"self":[{"href":"https:\/\/www.languages.ac.nz\/fr\/wp-json\/wp\/v2\/pages\/3919","targetHints":{"allow":["GET"]}}],"collection":[{"href":"https:\/\/www.languages.ac.nz\/fr\/wp-json\/wp\/v2\/pages"}],"about":[{"href":"https:\/\/www.languages.ac.nz\/fr\/wp-json\/wp\/v2\/types\/page"}],"author":[{"embeddable":true,"href":"https:\/\/www.languages.ac.nz\/fr\/wp-json\/wp\/v2\/users\/9"}],"replies":[{"embeddable":true,"href":"https:\/\/www.languages.ac.nz\/fr\/wp-json\/wp\/v2\/comments?post=3919"}],"version-history":[{"count":5,"href":"https:\/\/www.languages.ac.nz\/fr\/wp-json\/wp\/v2\/pages\/3919\/revisions"}],"predecessor-version":[{"id":30799,"href":"https:\/\/www.languages.ac.nz\/fr\/wp-json\/wp\/v2\/pages\/3919\/revisions\/30799"}],"wp:attachment":[{"href":"https:\/\/www.languages.ac.nz\/fr\/wp-json\/wp\/v2\/media?parent=3919"}],"curies":[{"name":"wp","href":"https:\/\/api.w.org\/{rel}","templated":true}]}}