

{"id":610,"date":"2012-08-29T02:12:23","date_gmt":"2012-08-28T14:12:23","guid":{"rendered":"http:\/\/languages-new.reactivework.co.nz\/?page_id=610"},"modified":"2023-02-10T13:43:51","modified_gmt":"2023-02-10T01:43:51","slug":"ingles-general","status":"publish","type":"page","link":"https:\/\/www.languages.ac.nz\/es\/cursos\/ingles-general\/","title":{"rendered":"Ingl\u00e9s general"},"content":{"rendered":"<h2>Curso de Ingl\u00e9s General<\/h2>\n<ul>\n<li>Aprenda a comunicarse en ingl\u00e9s con mayor fluidez y precisi\u00f3n.<\/li>\n<li>Disfrute de clases interesantes y eficaces.<\/li>\n<\/ul>\n<p>Los docentes siguen un programa detallado, en el que se utiliza un libro de texto junto con otras actividades de clase. El curso matutino se centra especialmente en la expresi\u00f3n oral, la comprensi\u00f3n auditiva, la gram\u00e1tica y el vocabulario. El curso de tiempo completo incluye m\u00e1s lectura y escritura, as\u00ed como tambi\u00e9n una serie de opciones como Estudios Cinematogr\u00e1ficos, Ingl\u00e9s Laboral, Nueva Zelanda, Prensa, Ingl\u00e9s Comercial y Conversaci\u00f3n. Puede cambiar de opci\u00f3n una vez por mes.<\/p>\n<table border=\"0\">\n<tbody class=\"table\">\n<tr valign=\"top\">\n<td width=\"200\">\n<h3>Nivel de ingreso para los cursos<\/h3>\n<\/td>\n<td>Cualquier nivel (ofrecemos cursos en 8 niveles reconocidos, desde b\u00e1sico a posavanzado)<\/td>\n<\/tr>\n<tr valign=\"top\">\n<td>\n<h3>Duraci\u00f3n de los cursos<\/h3>\n<\/td>\n<td>2 semanas en adelante<\/td>\n<\/tr>\n<tr valign=\"top\">\n<td>\n<h3>Horario de los cursos<\/h3>\n<\/td>\n<td><em>Horario completo:<\/em> 23 horas semanales<br \/>\n20 horas (de 60 minutos) en clase<br \/>\n3 horas (de 60 minutos) <a title=\"Nuestros Centros de Aprendizaje\" href=\"\/es\/nuestros-centros-de-aprendizaje\/\">de estudio independiente con supervisi\u00f3n docente<\/a><br \/>\n<em>Horario parcial:<\/em> 13 horas semanales<br \/>\n10 horas (de 60 minutos) en clase<br \/>\n3 horas (de 60 minutos) <a title=\"Nuestros Centros de Aprendizaje\" href=\"\/es\/nuestros-centros-de-aprendizaje\/\">de estudio independiente con supervisi\u00f3n docente<\/a><br \/>\n<a title=\"Sample timetable\" href=\"\/courses\/sample-timetable\/\">Consulte un horario modelo<\/a><\/td>\n<\/tr>\n<tr valign=\"top\">\n<td>\n<h3>Tama\u00f1o de los grupos<\/h3>\n<\/td>\n<td>M\u00e1ximo de 14 estudiantes<\/td>\n<\/tr>\n<tr valign=\"top\">\n<td>\n<h3>Fechas de inicio<\/h3>\n<\/td>\n<td>Todos los lunes<\/td>\n<\/tr>\n<tr valign=\"top\">\n<td>\n<h3>Ubicaci\u00f3n<\/h3>\n<\/td>\n<td>El curso se dicta en <a title=\"Languages International Auckland\" href=\"https:\/\/www.languages.ac.nz\/es\/cursos-de-ingles-auckland-languages-international\/ciudad-de-auckland\/\">Auckland<\/a>, <a title=\"Nueva Zelanda\" href=\"\/es\/quienes-somos\/nueva-zelanda-aprender-ingles\/\">Nueva Zelanda<\/a>.<\/td>\n<\/tr>\n<tr valign=\"top\">\n<td>\n<h3>Precio del curso (NZ$)<\/h3>\n<\/td>\n<td>Consulte el documento&nbsp;<a title=\"Cursos de Ingl\u00e9s\" href=\"https:\/\/www.languages.ac.nz\/wp-content\/uploads\/2023-Course-Information-1.pdf\" target=\"_blank\" rel=\"noopener\">Informaci\u00f3n de los Cursos<\/a> para obtener informaci\u00f3n.<\/td>\n<\/tr>\n<tr valign=\"top\">\n<td>\n<h3>Otras opciones<\/h3>\n<\/td>\n<td>Si desea m\u00e1s pr\u00e1ctica oral, puede participar en la clase nocturna Conversaci\u00f3n Extra.<br \/>\nTambi\u00e9n puede practicar m\u00e1s sus habilidades de comunicaci\u00f3n oral en el <a title=\"Nuestros Centros de Aprendizaje\" href=\"\/es\/nuestros-centros-de-aprendizaje\/\">Centro de Aprendizaje <\/a>(pregunte a un docente acerca de \u00abConversation Exchange\u00bb) y a trav\u00e9s del <a href=\"\/es\/vida-estudiantil\/actividades-y-programa-social\/\">Programa Social<\/a>.<\/td>\n<\/tr>\n<tr valign=\"top\">\n<td>\n<h3>Lo que dicen los estudiantes<\/h3>\n<\/td>\n<td>&nbsp;Lea lo que dicen los estudiantes acerca del curso de Ingl\u00e9s General en la p\u00e1gina \u00ab<a title=\"Lo que dicen los estudiantes\" href=\"\/es\/lo-que-dicen-los-estudiantes\/\">Lo que dicen los estudiantes de Ingl\u00e9s General<\/a>\u00ab.<\/td>\n<\/tr>\n<\/tbody>\n<\/table>\n<div class=\"clear\" style=\" \"><\/div>\n<a class=\"enrol-now\" href=\"\/es\/cursos\/como-me-inscribo\/\">Inscribirse ahora<\/a><\/p>\n","protected":false},"excerpt":{"rendered":"<p>Curso de Ingl\u00e9s General Aprenda a comunicarse en ingl\u00e9s con mayor fluidez y precisi\u00f3n. Disfrute de clases interesantes y eficaces. Los docentes siguen un programa detallado, en el que se utiliza un libro de texto junto con otras actividades de clase. El curso matutino se centra especialmente en la expresi\u00f3n oral, la comprensi\u00f3n auditiva, la<!-- ...  <a href=\"https:\/\/www.languages.ac.nz\/es\/cursos\/ingles-general\/\" title=\"Read Ingl\u00e9s general\">Lee mas &raquo;<\/a> --><\/p>\n","protected":false},"author":2,"featured_media":4643,"parent":607,"menu_order":2,"comment_status":"closed","ping_status":"closed","template":"","meta":{"footnotes":""},"class_list":["post-610","page","type-page","status-publish","hentry"],"acf":[],"_links":{"self":[{"href":"https:\/\/www.languages.ac.nz\/es\/wp-json\/wp\/v2\/pages\/610","targetHints":{"allow":["GET"]}}],"collection":[{"href":"https:\/\/www.languages.ac.nz\/es\/wp-json\/wp\/v2\/pages"}],"about":[{"href":"https:\/\/www.languages.ac.nz\/es\/wp-json\/wp\/v2\/types\/page"}],"author":[{"embeddable":true,"href":"https:\/\/www.languages.ac.nz\/es\/wp-json\/wp\/v2\/users\/2"}],"replies":[{"embeddable":true,"href":"https:\/\/www.languages.ac.nz\/es\/wp-json\/wp\/v2\/comments?post=610"}],"version-history":[{"count":10,"href":"https:\/\/www.languages.ac.nz\/es\/wp-json\/wp\/v2\/pages\/610\/revisions"}],"predecessor-version":[{"id":34314,"href":"https:\/\/www.languages.ac.nz\/es\/wp-json\/wp\/v2\/pages\/610\/revisions\/34314"}],"up":[{"embeddable":true,"href":"https:\/\/www.languages.ac.nz\/es\/wp-json\/wp\/v2\/pages\/607"}],"wp:featuredmedia":[{"embeddable":true,"href":"https:\/\/www.languages.ac.nz\/es\/wp-json\/wp\/v2\/media\/4643"}],"wp:attachment":[{"href":"https:\/\/www.languages.ac.nz\/es\/wp-json\/wp\/v2\/media?parent=610"}],"curies":[{"name":"wp","href":"https:\/\/api.w.org\/{rel}","templated":true}]}}