

{"id":607,"date":"2012-08-28T03:57:30","date_gmt":"2012-08-27T15:57:30","guid":{"rendered":"http:\/\/languages-new.reactivework.co.nz\/?page_id=607"},"modified":"2015-10-17T20:38:58","modified_gmt":"2015-10-17T08:38:58","slug":"cursos","status":"publish","type":"page","link":"https:\/\/www.languages.ac.nz\/es\/cursos\/","title":{"rendered":"Cursos"},"content":{"rendered":"<h2>Cursos<\/h2>\n<p title=\"Ingl\u00e9s general\">El a\u00f1o escolar se divide en los trimestres de verano, oto\u00f1o, invierno y primavera. Un curso completo de <a title=\"Ingl\u00e9s general\" href=\"\/es\/cursos\/ingles-general\/\">Ingl\u00e9s General<\/a> para cada nivel dura un trimestre. Las fechas de inicio y los precios correspondientes a todos los cursos aparecen en el documento denominado\u00a0<a title=\"Precios y fechas de inicio\" href=\"https:\/\/www.languages.ac.nz\/wp-content\/uploads\/course-information.pdf\" target=\"_blank\">Course Information<\/a>, que se publica cada a\u00f1o.<\/p>\n<ul>\n<li><a title=\"Ingl\u00e9s General\" href=\"\/es\/cursos\/ingles-general\/\">Ingl\u00e9s General<\/a><\/li>\n<li><a title=\"Curso de Ingl\u00e9s Comercial\" href=\"\/es\/cursos\/curso-de-ingles-comercial\/\">Ingl\u00e9s Comercial<\/a><\/li>\n<li><strong>Ex\u00e1menes de Cambridge<\/strong> (Para obtener m\u00e1s informaci\u00f3n acerca de estos cursos, visite nuestro sitio <a title=\"Cursos de preparaci\u00f3n para los ex\u00e1menes de Cambridge\" href=\"\/courses\/cambridge\/\" target=\"_blank\">en idioma ingl\u00e9s<\/a>.)<\/li>\n<li><a title=\"Curso de Ingl\u00e9s Universitario\" href=\"\/es\/cursos\/curso-de-ingles-universitario\/\">Ingl\u00e9s Universitario<\/a><\/li>\n<li><a title=\"Curso de preparaci\u00f3n para el IELTS\" href=\"\/es\/cursos\/curso-de-preparacion-para-el-ielts\/\">Preparaci\u00f3n para el IELTS<\/a><\/li>\n<li><strong>Cursos de preparaci\u00f3n para las pruebas TOEFL\u00ae y TOEIC\u00ae<\/strong>, combinado con la opci\u00f3n que usted elija de <a title=\"Ingl\u00e9s general\" href=\"\/es\/cursos\/ingles-general\/\">Ingl\u00e9s General<\/a>, <a title=\"Curso de Ingl\u00e9s Universitario\" href=\"\/es\/cursos\/curso-de-ingles-universitario\/\">Ingl\u00e9s Universitario<\/a> o <a title=\"Curso de Ingl\u00e9s Comercial\" href=\"\/es\/cursos\/curso-de-ingles-comercial\/\">Ingl\u00e9s Comercial<\/a>.\u00a0Para obtener m\u00e1s informaci\u00f3n acerca de estos cursos, visite nuestro sitio <a title=\"TOEFL\" href=\"\/courses\/toefl\/\" target=\"_blank\">en idioma ingl\u00e9s<\/a>.<\/li>\n<li><strong>Curso Ejecutivo<\/strong> (10 horas de clase individual por semana, combinado con 10 horas de clase de <a title=\"Ingl\u00e9s general\" href=\"\/es\/cursos\/ingles-general\/\">Ingl\u00e9s General<\/a> o <a title=\"Curso de Ingl\u00e9s Comercial\" href=\"\/es\/cursos\/curso-de-ingles-comercial\/\">Ingl\u00e9s Comercial<\/a> por semana y 3 horas por semana de estudio independiente con supervisi\u00f3n docente en el <a title=\"Nuestros Centros de Aprendizaje\" href=\"\/es\/nuestros-centros-de-aprendizaje\/\">Centro de Aprendizaje<\/a>.) Para obtener m\u00e1s informaci\u00f3n acerca de este curso, visite nuestro sitio <a href=\"\/courses\/executive-course\/\" target=\"_blank\">en idioma ingl\u00e9s<\/a>.<\/li>\n<li><a title=\"Cursos de Capacitaci\u00f3n Docente\" href=\"\/es\/cursos-de-capacitacion-docente\/\">Cursos de Capacitaci\u00f3n Docente<\/a><\/li>\n<\/ul>\n","protected":false},"excerpt":{"rendered":"<p>Cursos El a\u00f1o escolar se divide en los trimestres de verano, oto\u00f1o, invierno y primavera. Un curso completo de Ingl\u00e9s General para cada nivel dura un trimestre. Las fechas de inicio y los precios correspondientes a todos los cursos aparecen en el documento denominado\u00a0Course Information, que se publica cada a\u00f1o. Ingl\u00e9s General Ingl\u00e9s Comercial Ex\u00e1menes<!-- ...  <a href=\"https:\/\/www.languages.ac.nz\/es\/cursos\/\" title=\"Read Cursos\">Lee mas &raquo;<\/a> --><\/p>\n","protected":false},"author":2,"featured_media":1550,"parent":0,"menu_order":16,"comment_status":"closed","ping_status":"closed","template":"","meta":{"footnotes":""},"class_list":["post-607","page","type-page","status-publish","hentry"],"acf":[],"_links":{"self":[{"href":"https:\/\/www.languages.ac.nz\/es\/wp-json\/wp\/v2\/pages\/607","targetHints":{"allow":["GET"]}}],"collection":[{"href":"https:\/\/www.languages.ac.nz\/es\/wp-json\/wp\/v2\/pages"}],"about":[{"href":"https:\/\/www.languages.ac.nz\/es\/wp-json\/wp\/v2\/types\/page"}],"author":[{"embeddable":true,"href":"https:\/\/www.languages.ac.nz\/es\/wp-json\/wp\/v2\/users\/2"}],"replies":[{"embeddable":true,"href":"https:\/\/www.languages.ac.nz\/es\/wp-json\/wp\/v2\/comments?post=607"}],"version-history":[{"count":0,"href":"https:\/\/www.languages.ac.nz\/es\/wp-json\/wp\/v2\/pages\/607\/revisions"}],"wp:featuredmedia":[{"embeddable":true,"href":"https:\/\/www.languages.ac.nz\/es\/wp-json\/wp\/v2\/media\/1550"}],"wp:attachment":[{"href":"https:\/\/www.languages.ac.nz\/es\/wp-json\/wp\/v2\/media?parent=607"}],"curies":[{"name":"wp","href":"https:\/\/api.w.org\/{rel}","templated":true}]}}