

{"id":600,"date":"2012-08-11T04:23:51","date_gmt":"2012-08-10T16:23:51","guid":{"rendered":"http:\/\/languages-new.reactivework.co.nz\/?page_id=600"},"modified":"2020-01-08T13:00:32","modified_gmt":"2020-01-08T01:00:32","slug":"cursos-de-ingles-auckland-languages-international","status":"publish","type":"page","link":"https:\/\/www.languages.ac.nz\/es\/quienes-somos\/cursos-de-ingles-auckland-languages-international\/","title":{"rendered":"Languages International en Auckland"},"content":{"rendered":"<h2>Aprender ingl\u00e9s en Auckland, Nueva Zelanda<\/h2>\n<h3>Ubicaci\u00f3n<\/h3>\n<p>La sede de Languages International en <a title=\"Acerca de la ciudad de Auckland\" href=\"\/es\/cursos-de-ingles-auckland-languages-international\/ciudad-de-auckland\/\">Auckland<\/a> se encuentra en el coraz\u00f3n de la ciudad, cerca de las tiendas, el entretenimiento y el transporte del centro. El emplazamiento de la sede es \u00fanico: tres edificios hist\u00f3ricos rodeados por los \u00e1rboles y jardines de Albert Park. Directamente enfrente se encuentra la Universidad de Auckland, un sitio pr\u00e1ctico donde los estudiantes pueden comprar el almuerzo, recorrer la librer\u00eda o pagar los pases de transporte.<br \/>\n<img loading=\"lazy\" decoding=\"async\" src=\"https:\/\/www.languages.ac.nz\/wp-content\/uploads\/english-courses-auckland-new-zealand.png\" alt=\"Languages International Auckland, una escuela de ingl\u00e9s en Nueva Zelanda\" class=\"alignright size-full wp-image-29586\" width=\"750\" height=\"725\" srcset=\"https:\/\/www.languages.ac.nz\/wp-content\/uploads\/english-courses-auckland-new-zealand.png 750w, https:\/\/www.languages.ac.nz\/wp-content\/uploads\/english-courses-auckland-new-zealand-300x290.png 300w\" sizes=\"auto, (max-width: 750px) 100vw, 750px\" \/><br \/>\n<iframe loading=\"lazy\" src=\"https:\/\/maps.google.com\/maps\/ms?hl=en&amp;ie=UTF8&amp;msa=0&amp;msid=101018543665079386891.00045eaf32b08b3006a77&amp;ll=-36.849853,174.769092&amp;spn=0.013376,0.01929&amp;output=embed\" marginwidth=\"0\" marginheight=\"0\" scrolling=\"no\" width=\"750\" height=\"250\" frameborder=\"0\"><\/iframe><br \/>\n<small>Ver <a style=\"color: #0000ff; text-align: left;\" href=\"http:\/\/maps.google.com\/maps\/ms?hl=en&amp;ie=UTF8&amp;msa=0&amp;msid=101018543665079386891.00045eaf32b08b3006a77&amp;ll=-36.849853,174.769092&amp;spn=0.013376,0.01929&amp;source=embed\">Languages International Auckland<\/a> en un mapa m\u00e1s grande<\/small><\/p>\n<h3>Caracter\u00edsticas<\/h3>\n<p><img loading=\"lazy\" decoding=\"async\" src=\"https:\/\/www.languages.ac.nz\/wp-content\/uploads\/english-class-auckland-new-zealand.jpg\" alt=\"Cursos de Ingl\u00e9s en Auckland, Nueva Zelanda\" class=\"alignright size-full wp-image-29540\" width=\"350\" height=\"233\" srcset=\"https:\/\/www.languages.ac.nz\/wp-content\/uploads\/english-class-auckland-new-zealand.jpg 350w, https:\/\/www.languages.ac.nz\/wp-content\/uploads\/english-class-auckland-new-zealand-300x200.jpg 300w\" sizes=\"auto, (max-width: 350px) 100vw, 350px\" \/><\/p>\n<ul>\n<li>Un establecimiento educativo de tama\u00f1o mediano a grande, con 200 a 300 estudiantes, seg\u00fan la \u00e9poca del a\u00f1o.<\/li>\n<li>Un m\u00e1ximo de 14 estudiantes por clase (12 estudiantes en las clases de <a title=\"Cambridge\" href=\"\/es\/cursos\/cambridge\/\">preparaci\u00f3n para ex\u00e1menes de Cambridge<\/a> y en las clases de <a title=\"Cursos de Capacitaci\u00f3n Docente\" href=\"\/es\/cursos\/cursos-de-capacitacion-docente\/\">TESOL<\/a>), con un promedio de 11 estudiantes por grupo.<\/li>\n<li>Languages International Auckland es muy exigente desde el punto de vista acad\u00e9mico, pero ofrece un entorno relajado y amigable gracias a su ubicaci\u00f3n y al excepcional apoyo que brinda a los estudiantes. Con estudiantes provenientes de m\u00e1s de 20 pa\u00edses, la instituci\u00f3n<br \/>\nofrece una atm\u00f3sfera verdaderamente internacional.<\/li>\n<\/ul>\n<h3>Docentes<\/h3>\n<p><a name=\"docentes\"><\/a><\/p>\n<div style=\"margin: 10px 0\"  class=\"html-cell col-3-12 teachers\">\n<img loading=\"lazy\" decoding=\"async\" src=\"https:\/\/www.languages.ac.nz\/wp-content\/uploads\/nick-1.jpg\" alt=\"Nick\" class=\"aligncenter size-full wp-image-22395\" width=\"150\" height=\"150\"><\/div>\n<div style=\"margin: 10px 0\"  class=\"html-cell col-9-12 teachers\">Me gustar\u00eda presentarles a mi extraordinario equipo docente. Lo<br \/>\nesperamos con gusto en Languages International Auckland.<\/p>\n<p><strong>Nick Moore<\/strong><br \/>\nDirector de estudios, capacitador docente<br \/>\n<em>Maestr\u00eda en Letras (con honores): Ense\u00f1anza y Aprendizaje de Idiomas, Cert. TESOL (1996), DELTA (2001)<\/em><br \/>\n<\/div>\n<div style=\"margin: 10px 0\"  class=\"html-cell col-3-12 teachers\">\n<img loading=\"lazy\" decoding=\"async\" src=\"https:\/\/www.languages.ac.nz\/wp-content\/uploads\/michael-1.jpg\" alt=\"Michael\" class=\"aligncenter size-full wp-image-22271\" width=\"150\" height=\"150\"><br \/>\n<strong>Michael Gask<\/strong><br \/>\nSubdirector de estudios,<br \/>\ncapacitador docente<br \/>\n<em>Maestr\u00eda en Letras (con honores) (Ingl\u00e9s), Maestr\u00eda en Letras (TESOL), CELTA (1996), DELTA (2004)<\/em><br \/>\n<\/div>\n<div style=\"margin: 10px 0\"  class=\"html-cell col-3-12 teachers\">\n<img loading=\"lazy\" decoding=\"async\" src=\"https:\/\/www.languages.ac.nz\/wp-content\/uploads\/peter.jpg\" alt=\"Peter\" class=\"aligncenter size-full wp-image-22279\" width=\"150\" height=\"150\"><br \/>\n<strong>Peter Nicoll<\/strong><br \/>\nSubdirector de<br \/>\nestudios, encargado del Centro de Aprendizaje, docente,<br \/>\ncapacitador docente<br \/>\n<em>Maestr\u00eda en Ling\u00fc\u00edstica<\/em><br \/>\n<em> Aplicada, CELTA<\/em><br \/>\n<em> (1992), DELTA (1998)<\/em><br \/>\n<\/div>\n<div style=\"margin: 10px 0\"  class=\"html-cell col-3-12 teachers\">\n<img loading=\"lazy\" decoding=\"async\" src=\"https:\/\/www.languages.ac.nz\/wp-content\/uploads\/derene.jpg\" alt=\"Derene\" class=\"aligncenter size-full wp-image-22303\" width=\"150\" height=\"150\"><br \/>\n<strong>D\u00e9rene Els<\/strong><br \/>\nCoordinadora de alfabetizaci\u00f3n, docente, alfabetizadora Maestr\u00eda en Estudios<br \/>\nProfesionales:<br \/>\nEnse\u00f1anza y<br \/>\nAprendizaje de Idiomas,<br \/>\nCELTA (2002)<br \/>\n<\/div>\n<div style=\"margin: 10px 0\"  class=\"html-cell col-3-12 teachers\">\n<img loading=\"lazy\" decoding=\"async\" src=\"https:\/\/www.languages.ac.nz\/wp-content\/uploads\/melissa.jpg\" alt=\"Melissa\" class=\"aligncenter size-full wp-image-22252\" width=\"150\" height=\"150\"><br \/>\n<strong>Melissa Hecksher<\/strong><br \/>\nDocente, capacitadora docente<br \/>\n<em>Licenciada en Letras, Maestr\u00eda en Letras (TESOL) (con honores) (2017), CELTA (2008), Delta (2012)<\/em><br \/>\n<\/div>\n<div class=\"clear\" style=\" \"><\/div>\n<div style=\"margin: 10px 0\"  class=\"html-cell col-3-12 teachers\">\n<img loading=\"lazy\" decoding=\"async\" src=\"https:\/\/www.languages.ac.nz\/wp-content\/uploads\/paul.jpg\" alt=\"Paul\" class=\"aligncenter size-full wp-image-22311\" width=\"150\" height=\"150\"><br \/>\n<strong>Paul Hubbard<\/strong><br \/>\nDocente, capacitador<br \/>\ndocente<br \/>\n<em>Licenciado en Letras,<\/em><br \/>\n<em> CELTA (1995), DELTA<\/em><br \/>\n<em> (2008)<\/em><br \/>\n<\/div>\n<div style=\"margin: 10px 0\"  class=\"html-cell col-3-12 teachers\">\n<img loading=\"lazy\" decoding=\"async\" src=\"https:\/\/www.languages.ac.nz\/wp-content\/uploads\/sally.jpg\" alt=\"Sally\" class=\"aligncenter size-full wp-image-22319\" width=\"150\" height=\"150\"><br \/>\n<strong>Sally MacGregor<\/strong><br \/>\nDocente<br \/>\n<em>Licenciada en Ciencias<\/em><br \/>\n<em> Agr\u00edcolas, CELTA (1989),<\/em><br \/>\n<em> DELTA (2004)<\/em><br \/>\n<\/div>\n<div style=\"margin: 10px 0\"  class=\"html-cell col-3-12 teachers\">\n<img loading=\"lazy\" decoding=\"async\" src=\"https:\/\/www.languages.ac.nz\/wp-content\/uploads\/christine.jpg\" alt=\"Christine\" class=\"aligncenter size-full wp-image-22481\" width=\"150\" height=\"150\"><br \/>\n<strong>Christine Malin<\/strong><br \/>\nDocente<br \/>\nLicenciada en Letras,<br \/>\nCELTA (1999)<br \/>\n<\/div>\n<div style=\"margin: 10px 0\"  class=\"html-cell col-3-12 teachers\"><img loading=\"lazy\" decoding=\"async\" src=\"https:\/\/www.languages.ac.nz\/wp-content\/uploads\/stacy_k.jpg\" alt=\"Enseignante Stacy \u2013 Auckland, Nouvelle Z\u00e9lande\" class=\"aligncenter size-full wp-image-23077\" width=\"150\" height=\"150\"><\/p>\n<p><strong>Stacy Kot<\/strong><br \/>\nDocente<br \/>\nMaestr\u00eda en Letras, CELTA, Delta<\/p>\n<\/div>\n<div class=\"clear\" style=\" \"><\/div>\n<div style=\"margin: 10px 0\"  class=\"html-cell col-3-12 teachers\">\n<img loading=\"lazy\" decoding=\"async\" class=\"aligncenter size-full wp-image-531\" src=\"https:\/\/www.languages.ac.nz\/wp-content\/uploads\/2012\/09\/May-Ann.jpg\" alt=\"languages international auckland\" width=\"150\" height=\"149\" srcset=\"https:\/\/www.languages.ac.nz\/wp-content\/uploads\/2012\/09\/May-Ann.jpg 150w, https:\/\/www.languages.ac.nz\/wp-content\/uploads\/2012\/09\/May-Ann-125x125.jpg 125w\" sizes=\"auto, (max-width: 150px) 100vw, 150px\" \/><strong>May Ann Morelli<\/strong><br \/>\nDocente<br \/>\n<em>Licenciada en Letras, CELTA, CELTYL<\/em><\/p>\n<\/div>\n<div style=\"margin: 10px 0\"  class=\"html-cell col-3-12 teachers\">\n<img loading=\"lazy\" decoding=\"async\" src=\"https:\/\/www.languages.ac.nz\/wp-content\/uploads\/fiona.jpg\" alt=\"Fiona\" class=\"aligncenter size-full wp-image-22343\" width=\"150\" height=\"150\"><br \/>\n<strong>Fiona Shirreffs<\/strong><br \/>\nDocente<br \/>\nLicenciada en Letras,<br \/>\nCELTA (1995)<br \/>\n<\/div>\n<div style=\"margin: 10px 0\"  class=\"html-cell col-3-12 teachers\">\n<img loading=\"lazy\" decoding=\"async\" src=\"https:\/\/www.languages.ac.nz\/wp-content\/uploads\/simon.jpg\" alt=\"Simon\" class=\"aligncenter size-full wp-image-22327\" width=\"150\" height=\"150\"><br \/>\n<strong>Simon Flower<\/strong><br \/>\nDocente<br \/>\n<em>CELTA (1999), DELTA<\/em><br \/>\n<em>(2010)<\/em><br \/>\n<\/div>\n<div style=\"margin: 10px 0\"  class=\"html-cell col-3-12 teachers\">\n<img loading=\"lazy\" decoding=\"async\" src=\"https:\/\/www.languages.ac.nz\/wp-content\/uploads\/katie-1.jpg\" alt=\"Katie\" class=\"aligncenter size-full wp-image-22287\" width=\"150\" height=\"150\"><br \/>\n<strong>Katie Lochore<\/strong><br \/>\nDocente<br \/>\n<em>Licenciada en Letras, CELTA<\/em><\/p>\n<\/div>\n<div class=\"clear\" style=\" \"><\/div>\n<div style=\"margin: 10px 0\"  class=\"html-cell col-3-12 teachers\">\n<img loading=\"lazy\" decoding=\"async\" src=\"https:\/\/www.languages.ac.nz\/wp-content\/uploads\/lizzie.jpg\" alt=\"Lizzie\" class=\"aligncenter size-full wp-image-22295\" width=\"150\" height=\"150\"><br \/>\n<strong>Lizzie Downey<\/strong><br \/>\nDocente, capacitadora<br \/>\ndocente<br \/>\n<em>Licenciada en Letras,<\/em><br \/>\n<em> Diploma en Ense\u00f1anza<\/em><br \/>\n<em> de Ingl\u00e9s, CELTA (1989),<\/em><br \/>\n<em> DELTA (1995)<\/em><\/p>\n<\/div>\n<div style=\"margin: 10px 0\"  class=\"html-cell col-3-12 teachers\">\n<img loading=\"lazy\" decoding=\"async\" src=\"https:\/\/www.languages.ac.nz\/wp-content\/uploads\/pauline.jpg\" alt=\"Pauline\" class=\"aligncenter size-full wp-image-22335\" width=\"150\" height=\"150\"><br \/>\n<strong>Pauline Newell<\/strong><br \/>\nDocente<br \/>\n<em>Licenciada en Letras, CELTA, Delta<\/em><\/p>\n<\/div>\n<div style=\"margin: 10px 0\"  class=\"html-cell col-3-12 teachers\"><img loading=\"lazy\" decoding=\"async\" class=\"aligncenter size-full wp-image-22801\" src=\"https:\/\/www.languages.ac.nz\/wp-content\/uploads\/karen.jpg\" alt=\"Karen\" width=\"150\" height=\"152\"><\/p>\n<p><strong>Karen Dombroski<\/strong><br \/>\nDocente<br \/>\nLicenciada en Letras, Diploma en Ense\u00f1anza, CELTA (2010), Maestr\u00eda en Letras (con honores): Ense\u00f1anza y Aprendizaje de Idiomas<\/p>\n<\/div>\n<div class=\"clear\" style=\" \"><\/div>\n<p>&nbsp;<\/p>\n<h3>Servicios e instalaciones<\/h3>\n<p><img loading=\"lazy\" decoding=\"async\" src=\"https:\/\/www.languages.ac.nz\/wp-content\/uploads\/learning-centre-english-courses-nz.jpg\" alt=\"El Centro de Anprendizaje de Languages International en Auckland, Nueva Zelanda\" class=\"alignright size-full wp-image-29755\" width=\"350\" height=\"233\" srcset=\"https:\/\/www.languages.ac.nz\/wp-content\/uploads\/learning-centre-english-courses-nz.jpg 350w, https:\/\/www.languages.ac.nz\/wp-content\/uploads\/learning-centre-english-courses-nz-300x200.jpg 300w\" sizes=\"auto, (max-width: 350px) 100vw, 350px\" \/><\/p>\n<ul>\n<li>Tres&nbsp;edificios situados en el 23, 27 y 29 Princes St, Auckland.<\/li>\n<li>Salones c\u00f3modos y bien equipados, con vista a los parques y jardines.<\/li>\n<li><a title=\"Nuestros Centros de Aprendizaje\" href=\"\/es\/quienes-somos\/nuestros-centros-de-aprendizaje\/\">Centro de Aprendizaje<\/a> para estudio independiente.<\/li>\n<li>Comedor estudiantil con m\u00e1quinas dispensadoras de alimentos y bebidas, hornos microondas y agua potable filtrada.<\/li>\n<li>Computadoras y una red inal\u00e1mbrica para acceder al correo electr\u00f3nico y a la Internet de 8:00 a 17:00 h, de lunes a viernes.<\/li>\n<\/ul>\n","protected":false},"excerpt":{"rendered":"<p>Aprender ingl\u00e9s en Auckland, Nueva Zelanda Ubicaci\u00f3n La sede de Languages International en Auckland se encuentra en el coraz\u00f3n de la ciudad, cerca de las tiendas, el entretenimiento y el transporte del centro. El emplazamiento de la sede es \u00fanico: tres edificios hist\u00f3ricos rodeados por los \u00e1rboles y jardines de Albert Park. Directamente enfrente se<!-- ...  <a href=\"https:\/\/www.languages.ac.nz\/es\/quienes-somos\/cursos-de-ingles-auckland-languages-international\/\" title=\"Read Languages International en Auckland\">Lee mas &raquo;<\/a> --><\/p>\n","protected":false},"author":2,"featured_media":1359,"parent":597,"menu_order":1,"comment_status":"closed","ping_status":"closed","template":"","meta":{"footnotes":""},"class_list":["post-600","page","type-page","status-publish","hentry"],"acf":[],"_links":{"self":[{"href":"https:\/\/www.languages.ac.nz\/es\/wp-json\/wp\/v2\/pages\/600","targetHints":{"allow":["GET"]}}],"collection":[{"href":"https:\/\/www.languages.ac.nz\/es\/wp-json\/wp\/v2\/pages"}],"about":[{"href":"https:\/\/www.languages.ac.nz\/es\/wp-json\/wp\/v2\/types\/page"}],"author":[{"embeddable":true,"href":"https:\/\/www.languages.ac.nz\/es\/wp-json\/wp\/v2\/users\/2"}],"replies":[{"embeddable":true,"href":"https:\/\/www.languages.ac.nz\/es\/wp-json\/wp\/v2\/comments?post=600"}],"version-history":[{"count":25,"href":"https:\/\/www.languages.ac.nz\/es\/wp-json\/wp\/v2\/pages\/600\/revisions"}],"predecessor-version":[{"id":31663,"href":"https:\/\/www.languages.ac.nz\/es\/wp-json\/wp\/v2\/pages\/600\/revisions\/31663"}],"up":[{"embeddable":true,"href":"https:\/\/www.languages.ac.nz\/es\/wp-json\/wp\/v2\/pages\/597"}],"wp:featuredmedia":[{"embeddable":true,"href":"https:\/\/www.languages.ac.nz\/es\/wp-json\/wp\/v2\/media\/1359"}],"wp:attachment":[{"href":"https:\/\/www.languages.ac.nz\/es\/wp-json\/wp\/v2\/media?parent=600"}],"curies":[{"name":"wp","href":"https:\/\/api.w.org\/{rel}","templated":true}]}}