

{"id":597,"date":"2012-08-09T04:05:01","date_gmt":"2012-08-08T16:05:01","guid":{"rendered":"http:\/\/languages-new.reactivework.co.nz\/?page_id=597"},"modified":"2019-07-15T13:42:07","modified_gmt":"2019-07-15T01:42:07","slug":"quienes-somos","status":"publish","type":"page","link":"https:\/\/www.languages.ac.nz\/es\/quienes-somos\/","title":{"rendered":"Qui\u00e9nes somos"},"content":{"rendered":"<h2>Aprenda ingl\u00e9s en Auckland, Nueva Zelanda, con Languages International<\/h2>\n<h3>En Languages International, le ofrecemos\u2026<\/h3>\n<img loading=\"lazy\" decoding=\"async\" src=\"https:\/\/www.languages.ac.nz\/wp-content\/uploads\/english-class-auckland-new-zealand.jpg\" alt=\"English course in Auckland, New Zealand\" width=\"350\" height=\"233\" class=\"alignright size-full wp-image-29540\" srcset=\"https:\/\/www.languages.ac.nz\/wp-content\/uploads\/english-class-auckland-new-zealand.jpg 350w, https:\/\/www.languages.ac.nz\/wp-content\/uploads\/english-class-auckland-new-zealand-300x200.jpg 300w\" sizes=\"auto, (max-width: 350px) 100vw, 350px\" \/>\n<h3>Una educaci\u00f3n excelente<\/h3>\n<p>Nuestro personal docente experimentado, amable y altamente calificado lo ayudar\u00e1 a lograr sus objetivos de aprendizaje de un modo eficaz y disfrutable.<\/p>\n<ul>\n<li>Una amplia gama de <a href=\"\/es\/cursos\/\">cursos<\/a>: Contamos con cursos de idioma ingl\u00e9s y con <a href=\"\/es\/cursos-de-capacitacion-docente\/\">cursos de capacitaci\u00f3n docente <\/a>que se adaptan al nivel y a los objetivos de todos los estudiantes.<\/li>\n<li>El <a href=\"\/es\/quienes-somos\/nuestros-centros-de-aprendizaje\/\">Centro de Aprendizaje<\/a>: En el Centro de Aprendizaje lo ayudamos a hacer que el curso de idioma ingl\u00e9s se adapte lo mejor posible a sus necesidades personales, con gran cantidad de materiales de estudio y asistencia de los docentes.<\/li>\n<li>Evaluaci\u00f3n y orientaci\u00f3n: La evaluaci\u00f3n regular del progreso y la orientaci\u00f3n personalizada del docente le permitir\u00e1 observar cu\u00e1n cerca est\u00e1 de alcanzar sus objetivos de aprendizaje.<\/li>\n<\/ul>\n<h3>Nuestra experiencia<\/h3>\n<p>Puede confiar en la experiencia de una instituci\u00f3n que desde el a\u00f1o 1978 recibe estudiantes que vienen a tomar cursos de ingl\u00e9s y a vivir una experiencia excepcional en <a title=\"Nueva Zelanda\" href=\"\/es\/quienes-somos\/nueva-zelanda-aprender-ingles\/\">Nueva Zelanda<\/a>. Somos la instituci\u00f3n privada dedicada a la ense\u00f1anza del idioma ingl\u00e9s m\u00e1s antigua del pa\u00eds.<br \/>\n<img loading=\"lazy\" decoding=\"async\" src=\"https:\/\/www.languages.ac.nz\/wp-content\/uploads\/individual-attention-english-teacher.jpg\" alt=\"Indivudual attention outside of English classes\" width=\"350\" height=\"233\" class=\"alignright size-full wp-image-29551\" srcset=\"https:\/\/www.languages.ac.nz\/wp-content\/uploads\/individual-attention-english-teacher.jpg 350w, https:\/\/www.languages.ac.nz\/wp-content\/uploads\/individual-attention-english-teacher-300x200.jpg 300w\" sizes=\"auto, (max-width: 350px) 100vw, 350px\" \/><\/p>\n<h3>El \u00e9nfasis puesto en usted<\/h3>\n<p>Deseamos asegurarnos de que viva una experiencia excepcional y maravillosa en <a title=\"Nueva Zelanda\" href=\"\/es\/quienes-somos\/nueva-zelanda-aprender-ingles\/\">Nueva Zelanda <\/a>y en Languages International.<\/p>\n<ul>\n<li>Servicios Estudiantiles: Nuestro amable equipo de Servicios Estudiantiles siempre estar\u00e1 dispuesto a brindarle informaci\u00f3n, asesoramiento y dem\u00e1s asistencia en asuntos pr\u00e1cticos.<\/li>\n<li><a title=\"Consejeros\" href=\"\/es\/vida-estudiantil\/#consejera\">Consejeros<\/a>: El primer d\u00eda en Languages International conocer\u00e1 a un consejero que habla su idioma y este lo asistir\u00e1 cada vez que lo necesite durante el curso.<\/li>\n<li><a title=\"Alojamiento\" href=\"\/es\/vida-estudiantil\/alojamiento\/\">Alojamiento<\/a>: Organizamos su alojamiento antes de que llegue a Nueva Zelanda y nuestro personal encargado de esta \u00e1rea siempre est\u00e1 disponible en la instituci\u00f3n para ayudarlo luego de su llegada.<\/li>\n<li><a href=\"\/es\/quienes-somos\/actividades-y-programa-social\/\">Programa social<\/a>: Ofrecemos una gama de actividades sociales, deportivas, culturales y tur\u00edsticas entre semana y los fines de semana, que le permitir\u00e1n vivir nuevas experiencias, hacer nuevos amigos y tener m\u00e1s oportunidades de hablar ingl\u00e9s en el mundo real.<\/li>\n<\/ul>\n<div style=\" \"  class=\"html-cell col-6-12\">\n<h3>Instalaciones excepcionales<\/h3>\n<p>Nuestra instituci\u00f3n es un sitio pr\u00e1ctico, c\u00f3modo y especial para estudiar en Auckland.\u00a0Languages\u00a0International\u00a0ocupa tres\u00a0edificios hist\u00f3ricos en Albert Park. Este entorno hermoso y pac\u00edfico se encuentra a pocos minutos a pie del centro de la ciudad y directamente enfrente de la Universidad de Auckland.<\/div><div style=\" \"  class=\"html-cell col-6-12\"><img loading=\"lazy\" decoding=\"async\" src=\"https:\/\/www.languages.ac.nz\/wp-content\/uploads\/english-school-auckland-new-zelaand.jpg\" alt=\"English courses in Auckland ,New Zealand\" width=\"350\" height=\"233\" class=\"alignright size-full wp-image-29517\" srcset=\"https:\/\/www.languages.ac.nz\/wp-content\/uploads\/english-school-auckland-new-zelaand.jpg 350w, https:\/\/www.languages.ac.nz\/wp-content\/uploads\/english-school-auckland-new-zelaand-300x200.jpg 300w\" sizes=\"auto, (max-width: 350px) 100vw, 350px\" \/><\/div><div class=\"clear\" style=\" \"><\/div>\n<h3>Nuestros v\u00ednculos<\/h3>\n<p>Languages International tiene v\u00ednculos con muchas otras organizaciones, entre las que se encuentran:<\/p>\n<ul>\n<li><a href=\"http:\/\/www.englishnewzealand.co.nz\/\">English New Zealand<\/a><\/li>\n<li><a href=\"http:\/\/www.ialc.org\/\">IALC<\/a><\/li>\n<li>Administraci\u00f3n de T\u00edtulos de Nueva Zelanda (NZQA)<\/li>\n<img loading=\"lazy\" decoding=\"async\" src=\"https:\/\/www.languages.ac.nz\/wp-content\/uploads\/international-friends-english-course.jpg\" alt=\"International friends on an English course together\" width=\"350\" height=\"233\" class=\"alignright size-full wp-image-29528\" srcset=\"https:\/\/www.languages.ac.nz\/wp-content\/uploads\/international-friends-english-course.jpg 350w, https:\/\/www.languages.ac.nz\/wp-content\/uploads\/international-friends-english-course-300x200.jpg 300w\" sizes=\"auto, (max-width: 350px) 100vw, 350px\" \/>\n<li>Ex\u00e1menes ESOL de Cambridge<\/li>\n<li>Revista Language Travel Magazine \u2013 <a href=\"\/es\/quienes-somos\/premios-y-acreditaciones\/\">Star Awards<\/a><\/li>\n<\/ul>\n<h3>Nuestra comunidad<\/h3>\n<p>En la p\u00e1gina <a title=\"Lo que dicen los estudiantes\" href=\"\/es\/lo-que-dicen-los-estudiantes\/\">Lo Que Dicen los Estudiantes<\/a> puede leer acerca de las experiencias de otras personas en Languages International.<\/p>\n","protected":false},"excerpt":{"rendered":"<p>Aprenda ingl\u00e9s en Auckland, Nueva Zelanda, con Languages International En Languages International, le ofrecemos\u2026 Una educaci\u00f3n excelente Nuestro personal docente experimentado, amable y altamente calificado lo ayudar\u00e1 a lograr sus objetivos de aprendizaje de un modo eficaz y disfrutable. Una amplia gama de cursos: Contamos con cursos de idioma ingl\u00e9s y con cursos de capacitaci\u00f3n<!-- ...  <a href=\"https:\/\/www.languages.ac.nz\/es\/quienes-somos\/\" title=\"Read Qui\u00e9nes somos\">Lee mas &raquo;<\/a> --><\/p>\n","protected":false},"author":2,"featured_media":1318,"parent":0,"menu_order":5,"comment_status":"closed","ping_status":"closed","template":"","meta":{"footnotes":""},"class_list":["post-597","page","type-page","status-publish","hentry"],"acf":[],"_links":{"self":[{"href":"https:\/\/www.languages.ac.nz\/es\/wp-json\/wp\/v2\/pages\/597","targetHints":{"allow":["GET"]}}],"collection":[{"href":"https:\/\/www.languages.ac.nz\/es\/wp-json\/wp\/v2\/pages"}],"about":[{"href":"https:\/\/www.languages.ac.nz\/es\/wp-json\/wp\/v2\/types\/page"}],"author":[{"embeddable":true,"href":"https:\/\/www.languages.ac.nz\/es\/wp-json\/wp\/v2\/users\/2"}],"replies":[{"embeddable":true,"href":"https:\/\/www.languages.ac.nz\/es\/wp-json\/wp\/v2\/comments?post=597"}],"version-history":[{"count":5,"href":"https:\/\/www.languages.ac.nz\/es\/wp-json\/wp\/v2\/pages\/597\/revisions"}],"predecessor-version":[{"id":29569,"href":"https:\/\/www.languages.ac.nz\/es\/wp-json\/wp\/v2\/pages\/597\/revisions\/29569"}],"wp:featuredmedia":[{"embeddable":true,"href":"https:\/\/www.languages.ac.nz\/es\/wp-json\/wp\/v2\/media\/1318"}],"wp:attachment":[{"href":"https:\/\/www.languages.ac.nz\/es\/wp-json\/wp\/v2\/media?parent=597"}],"curies":[{"name":"wp","href":"https:\/\/api.w.org\/{rel}","templated":true}]}}