

{"id":3907,"date":"2012-08-09T01:17:21","date_gmt":"2012-08-08T13:17:21","guid":{"rendered":"http:\/\/languages-new.reactivework.co.nz\/?page_id=3907"},"modified":"2019-07-18T16:06:57","modified_gmt":"2019-07-18T04:06:57","slug":"es","status":"publish","type":"page","link":"https:\/\/www.languages.ac.nz\/es\/","title":{"rendered":"Cursos de Ingl\u00e9s &#8211; Estudiar Ingl\u00e9s en Auckland, Nueva Zelanda con Languages International"},"content":{"rendered":"<h1>Languages International<\/h1>\n<h3>Viva una experiencia m\u00e1s rica: aprenda ingl\u00e9s en Nueva Zelanda<\/h3>\n<p>&nbsp;<\/p>\n<h3>Acerca de Languages International<\/h3>\n<p>Languages International es una instituci\u00f3n de ense\u00f1anza de idioma ingl\u00e9s situada en Auckland, Nueva Zelanda. En Languages International buscamos la excelencia en todo lo que somos y lo que hacemos: las instalaciones de estudio, los cursos de ingl\u00e9s, la capacitaci\u00f3n y el desarrollo de los docentes, el apoyo a los estudiantes durante su estad\u00eda en Nueva Zelanda, y la atenci\u00f3n a los estudiantes y socios comerciales durante el proceso de reserva.<\/p>\n<h3>\u00bfPor qu\u00e9 escoger Languages International?<\/h3>\n<p><a title=\"Qui\u00e9nes somos\" href=\"\/es\/quienes-somos\/\">Le contamos por qu\u00e9&#8230;<\/a><\/p>\n<table style=\"width: 550px;\" border=\"0\">\n<tbody>\n<tr valign=\"top\">\n<td width=\"260\">\n<h3><span class=\"h2\">Mejorar el nivel de ingl\u00e9s:<\/span><\/h3>\n<ul>\n<li><a title=\"Ingl\u00e9s general\" href=\"\/es\/cursos\/ingles-general\/\">Ingl\u00e9s General<\/a><\/li>\n<li><a title=\"Curso de Ingl\u00e9s Comercial\" href=\"\/es\/cursos\/curso-de-ingles-comercial\/\">Ingl\u00e9s Comercial<\/a><\/li>\n<li><a title=\"Cambridge\" href=\"\/es\/cursos\/cambridge\/\">Ex\u00e1menes de Cambridge<\/a><\/li>\n<li><a title=\"Curso de Ingl\u00e9s Universitario\" href=\"\/es\/cursos\/curso-de-ingles-universitario\/\"><span class=\"html\">Ingl\u00e9s Universitario con acceso a carreras<\/span><\/a><\/li>\n<li><span class=\"html\"><a title=\"Curso de preparaci\u00f3n para el IELTS\" href=\"\/es\/cursos\/curso-de-preparacion-para-el-ielts\/\">Preparaci\u00f3n para el examen IELTS<\/a>\u00a0<\/span><\/li>\n<\/ul>\n<h3><span class=\"h2\">Informarse sobre:<\/span><\/h3>\n<ul>\n<li><a title=\"Nueva Zelanda\" href=\"\/es\/quienes-somos\/nueva-zelanda-aprender-ingles\/\"><span class=\"h2\">Nueva Zelanda<\/span><\/a><\/li>\n<li><a title=\"Acerca de la ciudad de Auckland\" href=\"\/es\/quienes-somos\/cursos-de-ingles-auckland-languages-international\/ciudad-de-auckland\/\">Auckland<\/a><\/li>\n<li><a title=\"Languages International en Auckland\" href=\"\/es\/quienes-somos\/cursos-de-ingles-auckland-languages-international\/#docentes\"><span class=\"h2\">Nuestros docentes <\/span><\/a><\/li>\n<\/ul>\n<\/td>\n<td width=\"260\">\n<h3>Obtener informaci\u00f3n:<\/h3>\n<ul>\n<li><a title=\"Comun\u00edquese con nosotros\" href=\"\/es\/comuniquese-con-nosotros\/\">Comun\u00edquese con nosotros<\/a><\/li>\n<li><a title=\"Prueba previa en l\u00ednea\" href=\"\/courses\/test-your-english\/\" target=\"_blank\" rel=\"noopener\">Eval\u00fae su nivel de ingl\u00e9s<\/a> (en nuestro sitio en idioma ingl\u00e9s)<\/li>\n<li><a title=\"Precios y fechas de inicio\" href=\"https:\/\/www.languages.ac.nz\/wp-content\/uploads\/course-information.pdf\" target=\"_blank\" rel=\"noopener\">Precios y fechas de inicio<\/a><\/li>\n<\/ul>\n<h3>Aprender a ense\u00f1ar:<\/h3>\n<ul>\n<li><a title=\"Cursos de Capacitaci\u00f3n Docente\" href=\"\/es\/cursos-de-capacitacion-docente\/\">Cursos de capacitaci\u00f3n para docentes de ingl\u00e9s para hablantes de otras lenguas (TESOL)<\/a><\/li>\n<\/ul>\n<p><a title=\"Inscribirse ahora\" href=\"\/es\/cursos\/como-me-inscribo\/\"><img loading=\"lazy\" decoding=\"async\" class=\"alignnone wp-image-3763\" title=\"Enrol Now Spanish button\" src=\"\/wp-content\/uploads\/2012\/08\/enroll-esp.png\" alt=\"Inscribirse ahora\" width=\"150\" height=\"49\" \/><\/a><\/td>\n<\/tr>\n<\/tbody>\n<\/table>\n<p>&nbsp;<\/p>\n","protected":false},"excerpt":{"rendered":"<p>Languages International Viva una experiencia m\u00e1s rica: aprenda ingl\u00e9s en Nueva Zelanda &nbsp; Acerca de Languages International Languages International es una instituci\u00f3n de ense\u00f1anza de idioma ingl\u00e9s situada en Auckland, Nueva Zelanda. En Languages International buscamos la excelencia en todo lo que somos y lo que hacemos: las instalaciones de estudio, los cursos de ingl\u00e9s,<!-- ...  <a href=\"https:\/\/www.languages.ac.nz\/es\/\" title=\"Read Cursos de Ingl\u00e9s &#8211; Estudiar Ingl\u00e9s en Auckland, Nueva Zelanda con Languages International\">Lee mas &raquo;<\/a> --><\/p>\n","protected":false},"author":9,"featured_media":0,"parent":0,"menu_order":1,"comment_status":"closed","ping_status":"closed","template":"page-home.php","meta":{"footnotes":""},"class_list":["post-3907","page","type-page","status-publish","hentry"],"acf":[],"_links":{"self":[{"href":"https:\/\/www.languages.ac.nz\/es\/wp-json\/wp\/v2\/pages\/3907","targetHints":{"allow":["GET"]}}],"collection":[{"href":"https:\/\/www.languages.ac.nz\/es\/wp-json\/wp\/v2\/pages"}],"about":[{"href":"https:\/\/www.languages.ac.nz\/es\/wp-json\/wp\/v2\/types\/page"}],"author":[{"embeddable":true,"href":"https:\/\/www.languages.ac.nz\/es\/wp-json\/wp\/v2\/users\/9"}],"replies":[{"embeddable":true,"href":"https:\/\/www.languages.ac.nz\/es\/wp-json\/wp\/v2\/comments?post=3907"}],"version-history":[{"count":3,"href":"https:\/\/www.languages.ac.nz\/es\/wp-json\/wp\/v2\/pages\/3907\/revisions"}],"predecessor-version":[{"id":30141,"href":"https:\/\/www.languages.ac.nz\/es\/wp-json\/wp\/v2\/pages\/3907\/revisions\/30141"}],"wp:attachment":[{"href":"https:\/\/www.languages.ac.nz\/es\/wp-json\/wp\/v2\/media?parent=3907"}],"curies":[{"name":"wp","href":"https:\/\/api.w.org\/{rel}","templated":true}]}}