

{"id":3890,"date":"2012-08-29T01:51:06","date_gmt":"2012-08-28T13:51:06","guid":{"rendered":"http:\/\/languages-new.reactivework.co.nz\/?page_id=3890"},"modified":"2019-07-22T10:21:06","modified_gmt":"2019-07-21T22:21:06","slug":"actividades-y-programa-social","status":"publish","type":"page","link":"https:\/\/www.languages.ac.nz\/es\/vida-estudiantil\/actividades-y-programa-social\/","title":{"rendered":"Actividades y Programa Social"},"content":{"rendered":"<p>Apoyamos nuestro programa acad\u00e9mico con un Programa Social divertido y variado fuera del horario de clase, el cual ofrece algo para cada uno. Un docente acompa\u00f1a a los estudiantes en todas las actividades del Programa Social. Se puede hacer algo diferente todos los d\u00edas, como por ejemplo ir a navegar, aprender un deporte o visitar un museo o una galer\u00eda de arte. Participar en una actividad del Programa Social es el mejor modo de hacer nuevos amigos y de practicar el ingl\u00e9s con estudiantes de diferentes pa\u00edses. Visite nuestro <a href=\"https:\/\/www.languages.ac.nz\/about-us\/social-programme\/\" target=\"_blank\">sitio web en idioma ingl\u00e9s<\/a> para ver los tipos de actividades del Programa Social que puede hacer.<\/p>\n<p>Los fines de semana, puede visitar una amplia gama de destinos tur\u00edsticos cercanos a <a title=\"Ciudad de Auckland\" href=\"https:\/\/www.languages.ac.nz\/about-us\/social-programme\/auckland-activities\/\">Auckland<\/a>. Hay una selecci\u00f3n de excursiones por el d\u00eda y de excursiones de dos d\u00edas. Para ofrecer una amplia gama de paseos, trabajamos junto a agencias de viaje cuidadosamente seleccionadas. Estos paseos son guiados por experimentados gu\u00edas tur\u00edsticos. Visite nuestro <a href=\"https:\/\/www.languages.ac.nz\/about-us\/social-programme\/\" target=\"_blank\">sitio web en ingl\u00e9s<\/a>, para ver algunos de los paseos de fin de semana en los que puede participar.<\/p>\n","protected":false},"excerpt":{"rendered":"<p>Apoyamos nuestro programa acad\u00e9mico con un Programa Social divertido y variado fuera del horario de clase, el cual ofrece algo para cada uno. Un docente acompa\u00f1a a los estudiantes en todas las actividades del Programa Social. Se puede hacer algo diferente todos los d\u00edas, como por ejemplo ir a navegar, aprender un deporte o visitar<!-- ...  <a href=\"https:\/\/www.languages.ac.nz\/es\/vida-estudiantil\/actividades-y-programa-social\/\" title=\"Read Actividades y Programa Social\">Lee mas &raquo;<\/a> --><\/p>\n","protected":false},"author":9,"featured_media":4522,"parent":3853,"menu_order":3,"comment_status":"closed","ping_status":"closed","template":"","meta":{"footnotes":""},"class_list":["post-3890","page","type-page","status-publish","hentry"],"acf":[],"_links":{"self":[{"href":"https:\/\/www.languages.ac.nz\/es\/wp-json\/wp\/v2\/pages\/3890","targetHints":{"allow":["GET"]}}],"collection":[{"href":"https:\/\/www.languages.ac.nz\/es\/wp-json\/wp\/v2\/pages"}],"about":[{"href":"https:\/\/www.languages.ac.nz\/es\/wp-json\/wp\/v2\/types\/page"}],"author":[{"embeddable":true,"href":"https:\/\/www.languages.ac.nz\/es\/wp-json\/wp\/v2\/users\/9"}],"replies":[{"embeddable":true,"href":"https:\/\/www.languages.ac.nz\/es\/wp-json\/wp\/v2\/comments?post=3890"}],"version-history":[{"count":1,"href":"https:\/\/www.languages.ac.nz\/es\/wp-json\/wp\/v2\/pages\/3890\/revisions"}],"predecessor-version":[{"id":30625,"href":"https:\/\/www.languages.ac.nz\/es\/wp-json\/wp\/v2\/pages\/3890\/revisions\/30625"}],"up":[{"embeddable":true,"href":"https:\/\/www.languages.ac.nz\/es\/wp-json\/wp\/v2\/pages\/3853"}],"wp:featuredmedia":[{"embeddable":true,"href":"https:\/\/www.languages.ac.nz\/es\/wp-json\/wp\/v2\/media\/4522"}],"wp:attachment":[{"href":"https:\/\/www.languages.ac.nz\/es\/wp-json\/wp\/v2\/media?parent=3890"}],"curies":[{"name":"wp","href":"https:\/\/api.w.org\/{rel}","templated":true}]}}