

{"id":3856,"date":"2012-08-28T04:03:29","date_gmt":"2012-08-27T16:03:29","guid":{"rendered":"http:\/\/languages-new.reactivework.co.nz\/?page_id=3856"},"modified":"2019-07-22T15:39:34","modified_gmt":"2019-07-22T03:39:34","slug":"alojamiento","status":"publish","type":"page","link":"https:\/\/www.languages.ac.nz\/es\/vida-estudiantil\/alojamiento\/","title":{"rendered":"Alojamiento"},"content":{"rendered":"<p>Languages International ofrece 3 tipos principales de alojamiento a los estudiantes que asisten a sus cursos.<\/p>\n<p>Recomendamos optar por una estad\u00eda en casa de familia, que seleccionamos cuidadosamente. Es una buena manera de mejorar los conocimientos de ingl\u00e9s y de aprender m\u00e1s acerca de Nueva Zelanda y su cultura.<\/p>\n<p>Si desea un alojamiento m\u00e1s independiente, tambi\u00e9n ofrecemos una serie de alojamientos estudiantiles desde donde se puede llegar caminando a nuestras instituciones y al centro de la ciudad. Se puede escoger entre habitaciones individuales situadas en apartamentos compartidos con otros estudiantes, hasta un apartamento estudiantil propio a precios accesibles o un apartamento con servicios de estilo ejecutivo.\u00a0 Hay m\u00e1s informaci\u00f3n acerca de cada opci\u00f3n, con fotos, mapas y planos de las plantas en nuestro <a href=\"https:\/\/www.languages.ac.nz\/accommodation\/\" target=\"_blank\">sitio web en idioma ingl\u00e9s<\/a>.<\/p>\n<p>Los menores de 18 a\u00f1os solo pueden optar por una estad\u00eda en casa de familia organizada por la instituci\u00f3n, o por quedarse con un pariente o amigo cercano de su familia. No pueden quedarse en una residencia estudiantil. <a href=\"https:\/\/www.languages.ac.nz\/courses\/enrol-now\/are-you-under-18-years-old\/\" target=\"_blank\">M\u00e1s informaci\u00f3n<\/a> para menores de 18 a\u00f1os (en ingl\u00e9s.)<\/p>\n<h3>Estad\u00eda en casa de familia: vivir con una familia neozelandesa<\/h3>\n<p>Al quedarse con una de nuestras familias, encontrar\u00e1 un hogar que lo recibir\u00e1 con gusto y le ofrecer\u00e1 calidez y seguridad. Este es el modo de experimentar el estilo de vida de Nueva Zelanda y de practicar el idioma que aprender\u00e1 en la instituci\u00f3n durante el d\u00eda.<\/p>\n<p>Las familias de acogida se seleccionan especialmente por su capacidad para comprender y satisfacer las necesidades de los estudiantes extranjeros. Escogemos a las familias con cuidado, por su amabilidad, su estilo de vida, y la calidad y ubicaci\u00f3n de sus casas. Los neozelandeses son conocidos por su hospitalidad. Estamos seguros de que le resultar\u00e1n amistosos y atentos durante toda su estad\u00eda en el pa\u00eds.<\/p>\n<p>La estad\u00eda en casa de familia incluye:<\/p>\n<ul>\n<li>cena, cama y desayuno entre semana;<\/li>\n<li>pensi\u00f3n completa los fines de semana;<\/li>\n<li>una habitaci\u00f3n propia c\u00f3moda, con espacio para estudiar.<\/li>\n<\/ul>\n<p>Por lo general hay un estudiante por casa. Si hay m\u00e1s de uno, nos aseguramos de que su idioma materno no coincida, a menos que haya dos personas que soliciten estar juntas.\u00a0 Las familias de acogida viven cerca de las rutas de autob\u00fas y el viaje por lo general lleva unos 30 minutos.<\/p>\n<p><iframe loading=\"lazy\" src=\"https:\/\/www.youtube-nocookie.com\/embed\/zZ5s3HKvcb8?rel=0\" width=\"560\" height=\"315\" frameborder=\"0\"><\/iframe><\/p>\n<h3>Lo que dicen los estudiantes&#8230;<\/h3>\n<p>Lea lo que dicen otros estudiantes acerca de <a href=\"http:\/\/languages.ac.nz\/category\/students-say\/accommodation-students-say\/\">c\u00f3mo es vivir con una familia de acogida<\/a>.<\/p>\n<h3>Precios<\/h3>\n<p>Consulte el documento <a title=\"precios\" href=\"https:\/\/www.languages.ac.nz\/wp-content\/uploads\/course-information.pdf\" target=\"_blank\">Informaci\u00f3n de los Cursos<\/a>\u00a0 para obtener informaci\u00f3n.<\/p>\n","protected":false},"excerpt":{"rendered":"<p>Languages International ofrece 3 tipos principales de alojamiento a los estudiantes que asisten a sus cursos. Recomendamos optar por una estad\u00eda en casa de familia, que seleccionamos cuidadosamente. Es una buena manera de mejorar los conocimientos de ingl\u00e9s y de aprender m\u00e1s acerca de Nueva Zelanda y su cultura. Si desea un alojamiento m\u00e1s independiente,<!-- ...  <a href=\"https:\/\/www.languages.ac.nz\/es\/vida-estudiantil\/alojamiento\/\" title=\"Read Alojamiento\">Lee mas &raquo;<\/a> --><\/p>\n","protected":false},"author":9,"featured_media":4546,"parent":3853,"menu_order":1,"comment_status":"closed","ping_status":"closed","template":"","meta":{"footnotes":""},"class_list":["post-3856","page","type-page","status-publish","hentry"],"acf":[],"_links":{"self":[{"href":"https:\/\/www.languages.ac.nz\/es\/wp-json\/wp\/v2\/pages\/3856","targetHints":{"allow":["GET"]}}],"collection":[{"href":"https:\/\/www.languages.ac.nz\/es\/wp-json\/wp\/v2\/pages"}],"about":[{"href":"https:\/\/www.languages.ac.nz\/es\/wp-json\/wp\/v2\/types\/page"}],"author":[{"embeddable":true,"href":"https:\/\/www.languages.ac.nz\/es\/wp-json\/wp\/v2\/users\/9"}],"replies":[{"embeddable":true,"href":"https:\/\/www.languages.ac.nz\/es\/wp-json\/wp\/v2\/comments?post=3856"}],"version-history":[{"count":2,"href":"https:\/\/www.languages.ac.nz\/es\/wp-json\/wp\/v2\/pages\/3856\/revisions"}],"predecessor-version":[{"id":30630,"href":"https:\/\/www.languages.ac.nz\/es\/wp-json\/wp\/v2\/pages\/3856\/revisions\/30630"}],"up":[{"embeddable":true,"href":"https:\/\/www.languages.ac.nz\/es\/wp-json\/wp\/v2\/pages\/3853"}],"wp:featuredmedia":[{"embeddable":true,"href":"https:\/\/www.languages.ac.nz\/es\/wp-json\/wp\/v2\/media\/4546"}],"wp:attachment":[{"href":"https:\/\/www.languages.ac.nz\/es\/wp-json\/wp\/v2\/media?parent=3856"}],"curies":[{"name":"wp","href":"https:\/\/api.w.org\/{rel}","templated":true}]}}