

{"id":3853,"date":"2019-03-01T09:35:09","date_gmt":"2019-02-28T21:35:09","guid":{"rendered":"http:\/\/languages-new.reactivework.co.nz\/?page_id=3853"},"modified":"2019-09-10T12:41:45","modified_gmt":"2019-09-10T00:41:45","slug":"vida-estudiantil","status":"publish","type":"page","link":"https:\/\/www.languages.ac.nz\/es\/vida-estudiantil\/","title":{"rendered":"Vida Estudiantil"},"content":{"rendered":"<p>Languages International lo puede ayudar con todos los aspectos de su estad\u00eda, lo que incluye: <a title=\"Alojamiento\" href=\"\/es\/vida-estudiantil\/alojamiento\/\">alojamiento<\/a>, <a href=\"#consejera\">asesoramiento en espa\u00f1ol<\/a>, <a title=\"Actividades y Programa Social\" href=\"\/es\/vida-estudiantil\/actividades-y-programa-social\/\">actividades<\/a> fuera del horario de clase, <a title=\"Trabajar en Nueva Zelanda\" href=\"\/es\/vida-estudiantil\/trabajar-en-nueva-zelanda\/\">trabajo en Nueva Zelanda<\/a>, viajes y seguros.<br \/>\n<a name=\"consejera\"><\/a><\/p>\n<h3>Consejera estudiantil de habla hispana<\/h3>\n<p><img loading=\"lazy\" decoding=\"async\" src=\"https:\/\/www.languages.ac.nz\/wp-content\/uploads\/hannah.jpg\" alt=\"Hannah\" width=\"150\" height=\"150\" class=\"alignleft size-full wp-image-22360\"><\/p>\n<p>Mi nombre es Hannah y soy una de las consejeras estudiantiles de habla hispana de Languages International.<\/p>\n<p>Mi tarea es cuidar de usted mientras se encuentre estudiando en Languages International y brindarle asesoramiento acerca de la vida en <a title=\"Nueva Zelanda\" href=\"\/es\/quienes-somos\/nueva-zelanda-aprender-ingles\/\">Nueva Zelanda<\/a>. El primer d\u00eda de clase nos conoceremos y le mostrar\u00e9 los salones, los servicios y el entorno de Languages International. Tambi\u00e9n me asegurar\u00e9 de que su alojamiento sea adecuado y de que usted comprenda c\u00f3mo ser\u00e1 su rutina diaria en la instituci\u00f3n. Despu\u00e9s del <a title=\"Primer d\u00eda en Languages International\" href=\"\/es\/cursos\/primer-dia-en-languages-international\/\">primer d\u00eda<\/a>, me pondr\u00e9 en contacto con usted regularmente para ver c\u00f3mo se encuentra, y usted podr\u00e1 pedir para verme en cualquier momento.<\/p>\n<p>\u00a1Espero con gusto recibirlo en Nueva Zelanda y en Languages International!<\/p>\n<div style=\" \"  class=\"html-cell col-6-12\"><a href=\"https:\/\/www.languages.ac.nz\/es\/vida-estudiantil\/primer-dia-en-languages-international\/\"><img loading=\"lazy\" decoding=\"async\" src=\"https:\/\/www.languages.ac.nz\/wp-content\/uploads\/primer-dia.jpg\" alt=\"Tu primer d\u00eda en Languages International\" width=\"350\" height=\"350\" class=\"alignnone size-full wp-image-29205\"><\/a><\/div>\n<div style=\" \"  class=\"html-cell col-6-12\"><a href=\"https:\/\/www.languages.ac.nz\/es\/vida-estudiantil\/alojamiento\/\"><img loading=\"lazy\" decoding=\"async\" src=\"https:\/\/www.languages.ac.nz\/wp-content\/uploads\/alojamiento.jpg\" alt=\"Alojamiento para estudiantes en Auckland, New Zealand\" width=\"350\" height=\"350\" class=\"alignnone size-full wp-image-29218\"><\/a><\/div>\n<div style=\" \"  class=\"html-cell col-6-12\"><a href=\"https:\/\/www.languages.ac.nz\/es\/vida-estudiantil\/actividades-y-programa-social\/\"><img loading=\"lazy\" decoding=\"async\" src=\"https:\/\/www.languages.ac.nz\/wp-content\/uploads\/progama-social.jpg\" alt=\"Actividades y Programa Social en Languages International in New Zealand\" width=\"350\" height=\"350\" class=\"alignnone size-full wp-image-29193\"><\/a><\/div>\n<div style=\" \"  class=\"html-cell col-6-12\"><a href=\"https:\/\/www.languages.ac.nz\/es\/vida-estudiantil\/trabajar-en-nueva-zelanda\/\"><img loading=\"lazy\" decoding=\"async\" src=\"https:\/\/www.languages.ac.nz\/wp-content\/uploads\/trabajar.jpg\" alt=\"Trabajar y estudiar en Auckland, New Zealand\" width=\"350\" height=\"350\" class=\"alignnone size-full wp-image-29171\"><\/a><\/div>\n","protected":false},"excerpt":{"rendered":"<p>Languages International lo puede ayudar con todos los aspectos de su estad\u00eda, lo que incluye: alojamiento, asesoramiento en espa\u00f1ol, actividades fuera del horario de clase, trabajo en Nueva Zelanda, viajes y seguros. Consejera estudiantil de habla hispana Mi nombre es Hannah y soy una de las consejeras estudiantiles de habla hispana de Languages International. Mi<!-- ...  <a href=\"https:\/\/www.languages.ac.nz\/es\/vida-estudiantil\/\" title=\"Read Vida Estudiantil\">Lee mas &raquo;<\/a> --><\/p>\n","protected":false},"author":9,"featured_media":0,"parent":0,"menu_order":41,"comment_status":"closed","ping_status":"closed","template":"","meta":{"footnotes":""},"class_list":["post-3853","page","type-page","status-publish","hentry"],"acf":[],"_links":{"self":[{"href":"https:\/\/www.languages.ac.nz\/es\/wp-json\/wp\/v2\/pages\/3853","targetHints":{"allow":["GET"]}}],"collection":[{"href":"https:\/\/www.languages.ac.nz\/es\/wp-json\/wp\/v2\/pages"}],"about":[{"href":"https:\/\/www.languages.ac.nz\/es\/wp-json\/wp\/v2\/types\/page"}],"author":[{"embeddable":true,"href":"https:\/\/www.languages.ac.nz\/es\/wp-json\/wp\/v2\/users\/9"}],"replies":[{"embeddable":true,"href":"https:\/\/www.languages.ac.nz\/es\/wp-json\/wp\/v2\/comments?post=3853"}],"version-history":[{"count":9,"href":"https:\/\/www.languages.ac.nz\/es\/wp-json\/wp\/v2\/pages\/3853\/revisions"}],"predecessor-version":[{"id":31139,"href":"https:\/\/www.languages.ac.nz\/es\/wp-json\/wp\/v2\/pages\/3853\/revisions\/31139"}],"wp:attachment":[{"href":"https:\/\/www.languages.ac.nz\/es\/wp-json\/wp\/v2\/media?parent=3853"}],"curies":[{"name":"wp","href":"https:\/\/api.w.org\/{rel}","templated":true}]}}