

{"id":1631,"date":"2012-08-29T02:17:54","date_gmt":"2012-08-28T14:17:54","guid":{"rendered":"http:\/\/languages-new.reactivework.co.nz\/?page_id=1631"},"modified":"2023-02-10T13:55:36","modified_gmt":"2023-02-10T01:55:36","slug":"cambridge","status":"publish","type":"page","link":"https:\/\/www.languages.ac.nz\/es\/cursos\/cambridge\/","title":{"rendered":"Cambridge"},"content":{"rendered":"<h2>Cursos de preparaci\u00f3n para ex\u00e1menes de Cambridge<\/h2>\n<p>Los ex\u00e1menes de idioma ingl\u00e9s para hablantes de otras lenguas (ESOL) de Cambridge son reconocidos por empleadores e instituciones educativas de todo el mundo. Languages International ofrece cursos de preparaci\u00f3n para los siguientes ex\u00e1menes: First Certificate (FCE), Advanced (CAE), Proficiency (CPE) y Business English Certificates (BEC).<\/p>\n<p>Nuestros docentes cuentan con amplia experiencia en la preparaci\u00f3n de estudiantes para estos ex\u00e1menes, y nuestros cursos constituyen la mejor oportunidad de obtener los resultados deseados. Para saber cu\u00e1l de los ex\u00e1menes es el adecuado para usted, haga la <a title=\"Prueba previa en l\u00ednea\" href=\"\/courses\/test-your-english\/\" target=\"_blank\" rel=\"noopener\">prueba previa en l\u00ednea<\/a> y le haremos una recomendaci\u00f3n.<\/p>\n<table border=\"0\" cellpadding=\"0\">\n<tbody>\n<tr>\n<td valign=\"top\">\n<h3>Nivel de ingreso para los cursos<\/h3>\n<\/td>\n<td valign=\"top\">\n<table border=\"1\" cellspacing=\"0\" cellpadding=\"0\">\n<tbody>\n<tr>\n<td valign=\"top\" width=\"229\"><em>Curso para examen<\/em><\/td>\n<td valign=\"top\" width=\"229\"><em>Nivel de ingreso<\/em><\/td>\n<\/tr>\n<tr>\n<td valign=\"top\">FCE<\/td>\n<td valign=\"top\">Intermedio superior \/ B2<\/td>\n<\/tr>\n<tr>\n<td valign=\"top\">CAE<\/td>\n<td valign=\"top\">Avanzado \/ C1<\/td>\n<\/tr>\n<tr>\n<td valign=\"top\">CPE<\/td>\n<td valign=\"top\">Posavanzado \/ C2<\/td>\n<\/tr>\n<tr>\n<td valign=\"top\">BEC Preliminary<\/td>\n<td valign=\"top\">Intermedio \/ B1+<\/td>\n<\/tr>\n<tr>\n<td valign=\"top\">BEC Vantage<\/td>\n<td valign=\"top\">Intermedio superior \/ B2<\/td>\n<\/tr>\n<tr>\n<td valign=\"top\">BEC Higher<\/td>\n<td valign=\"top\">Avanzado \/ C1<\/td>\n<\/tr>\n<\/tbody>\n<\/table>\n<p>&nbsp;<\/td>\n<\/tr>\n<tr>\n<td valign=\"top\">\n<h3>Duraci\u00f3n de los cursos<\/h3>\n<\/td>\n<td valign=\"top\">De 9 a 12 semanas<\/td>\n<\/tr>\n<tr>\n<td valign=\"top\">\n<h3>Horario de los cursos<\/h3>\n<\/td>\n<td valign=\"top\">Horario completo: 23 horas semanales<br \/>\n20 horas (de 60 minutos) en clase<br \/>\n3 horas (de 60 minutos) de estudio independiente con supervisi\u00f3n docente <a title=\"horario modelo\" href=\"\/courses\/sample-timetable\/\" target=\"_blank\" rel=\"noopener\">Consulte un horario modelo<\/a><\/td>\n<\/tr>\n<tr>\n<td valign=\"top\">\n<h3>Fechas de inicio<\/h3>\n<\/td>\n<td valign=\"top\">Consulte el documento&nbsp;<a title=\"Fechas de inicio y precios\" href=\"https:\/\/www.languages.ac.nz\/wp-content\/uploads\/2023-Course-Information-1.pdf\" target=\"_blank\" rel=\"noopener\">Informaci\u00f3n de los Cursos<\/a>&nbsp;para obtener informaci\u00f3n.<\/td>\n<\/tr>\n<tr>\n<td valign=\"top\">\n<h3>Ubicaci\u00f3n<\/h3>\n<\/td>\n<td valign=\"top\">Los cursos se dictan en <a title=\"Languages International en Auckland\" href=\"\/es\/quienes-somos\/languages-international-auckland\/\">Auckland<\/a>, Nueva Zelanda<\/td>\n<\/tr>\n<tr>\n<td valign=\"top\">\n<h3>Tama\u00f1o de los grupos<\/h3>\n<\/td>\n<td valign=\"top\">12 estudiantes (FCE, CAE y CPE) o 14 estudiantes (BEC) como m\u00e1ximo<\/td>\n<\/tr>\n<tr>\n<td valign=\"top\">\n<h3>Precio de los cursos y&nbsp;costo de los ex\u00e1menes&nbsp;(NZ$)<\/h3>\n<\/td>\n<td valign=\"top\">Consulte el documento <a title=\"Precios y fechas de inicio\" href=\"https:\/\/www.languages.ac.nz\/wp-content\/uploads\/2023-Course-Information-1.pdf\" target=\"_blank\" rel=\"noopener\">Informaci\u00f3n de los Cursos<\/a>&nbsp;para obtener informaci\u00f3n.<\/td>\n<\/tr>\n<tr>\n<td valign=\"top\">\n<h3>Lo que dicen los estudiantes<\/h3>\n<\/td>\n<td valign=\"top\">Lea lo que dicen nuestros estudiantes acerca de los cursos de preparaci\u00f3n para ex\u00e1menes de Cambridge en <a title=\"Cambridge Blog\" href=\"\/category\/news\/cambridge\/\">nuestro blog<\/a>.<\/td>\n<\/tr>\n<\/tbody>\n<\/table>\n<div class=\"clear\" style=\" \"><\/div>\n<a class=\"enrol-now\" href=\"\/es\/cursos\/como-me-inscribo\/\">Inscribirse ahora<\/a><\/p>\n","protected":false},"excerpt":{"rendered":"<p>Cursos de preparaci\u00f3n para ex\u00e1menes de Cambridge Los ex\u00e1menes de idioma ingl\u00e9s para hablantes de otras lenguas (ESOL) de Cambridge son reconocidos por empleadores e instituciones educativas de todo el mundo. Languages International ofrece cursos de preparaci\u00f3n para los siguientes ex\u00e1menes: First Certificate (FCE), Advanced (CAE), Proficiency (CPE) y Business English Certificates (BEC). Nuestros docentes<!-- ...  <a href=\"https:\/\/www.languages.ac.nz\/es\/cursos\/cambridge\/\" title=\"Read Cambridge\">Lee mas &raquo;<\/a> --><\/p>\n","protected":false},"author":11,"featured_media":0,"parent":607,"menu_order":6,"comment_status":"closed","ping_status":"closed","template":"","meta":{"footnotes":""},"class_list":["post-1631","page","type-page","status-publish","hentry"],"acf":[],"_links":{"self":[{"href":"https:\/\/www.languages.ac.nz\/es\/wp-json\/wp\/v2\/pages\/1631","targetHints":{"allow":["GET"]}}],"collection":[{"href":"https:\/\/www.languages.ac.nz\/es\/wp-json\/wp\/v2\/pages"}],"about":[{"href":"https:\/\/www.languages.ac.nz\/es\/wp-json\/wp\/v2\/types\/page"}],"author":[{"embeddable":true,"href":"https:\/\/www.languages.ac.nz\/es\/wp-json\/wp\/v2\/users\/11"}],"replies":[{"embeddable":true,"href":"https:\/\/www.languages.ac.nz\/es\/wp-json\/wp\/v2\/comments?post=1631"}],"version-history":[{"count":3,"href":"https:\/\/www.languages.ac.nz\/es\/wp-json\/wp\/v2\/pages\/1631\/revisions"}],"predecessor-version":[{"id":34319,"href":"https:\/\/www.languages.ac.nz\/es\/wp-json\/wp\/v2\/pages\/1631\/revisions\/34319"}],"up":[{"embeddable":true,"href":"https:\/\/www.languages.ac.nz\/es\/wp-json\/wp\/v2\/pages\/607"}],"wp:attachment":[{"href":"https:\/\/www.languages.ac.nz\/es\/wp-json\/wp\/v2\/media?parent=1631"}],"curies":[{"name":"wp","href":"https:\/\/api.w.org\/{rel}","templated":true}]}}