

{"id":1543,"date":"2012-08-11T04:27:13","date_gmt":"2012-08-10T16:27:13","guid":{"rendered":"http:\/\/languages-new.reactivework.co.nz\/?page_id=1543"},"modified":"2019-07-09T16:31:09","modified_gmt":"2019-07-09T04:31:09","slug":"trabajar-en-nueva-zelanda","status":"publish","type":"page","link":"https:\/\/www.languages.ac.nz\/es\/vida-estudiantil\/trabajar-en-nueva-zelanda\/","title":{"rendered":"Trabajar en Nueva Zelanda"},"content":{"rendered":"<p style=\"text-align: justify;\">En Languages International, puede combinar <a title=\"cursos de ingl\u00e9s\" href=\"\/es\/cursos\/\">los mejores cursos de idioma ingl\u00e9s<\/a> con la oportunidad de practicar el idioma tambi\u00e9n en el mundo real. Ofrecemos programas de experiencia laboral que combinan el estudio en Languages International con el empleo en un sitio de trabajo de <a title=\"Nueva Zelanda\" href=\"\/es\/quienes-somos\/nueva-zelanda-aprender-ingles\/\">Nueva Zelanda<\/a>. Nuestra socia, INTERNeX, cuenta con vasta experiencia y conocimientos en el asesoramiento de estudiantes internacionales y en la prestaci\u00f3n de asistencia para ubicarlos en un trabajo. Antes de que usted salga de su pa\u00eds de origen, INTERNeX y Languages International le pedir\u00e1n informaci\u00f3n sobre su persona, sus conocimientos de idioma ingl\u00e9s y sus planes, y luego le proporcionar\u00e1n asesoramiento y apoyo mientras est\u00e9 viviendo su experiencia estudiantil y laboral.<\/p>\n<p style=\"text-align: justify;\">Se debe contar con una visa para Nueva Zelanda que d\u00e9 permiso para trabajar. F\u00edjese si cumple con los requisitos para solicitar <a href=\"http:\/\/www.immigration.govt.nz\/migrant\/stream\/work\/workingholiday\" target=\"_blank\">una visa de vacaciones y trabajo<\/a> u obtenga informaci\u00f3n acerca de <a href=\"http:\/\/www.immigration.govt.nz\/migrant\/stream\/study\/canistudyinnewzealand\/allaboutvisas\/#workingwhilestudying\" target=\"_blank\">c\u00f3mo trabajar con visa de estudiante<\/a>.<\/p>\n<p style=\"text-align: justify;\">Hay dos programas disponibles: <strong>Trabajo y Vacaciones<\/strong>, y <strong>Pasant\u00edas<\/strong><\/p>\n<h3>\u00a0Trabajo y Vacaciones<\/h3>\n<ul>\n<li>Los principales objetivos de este programa consisten en asegurarse de que usted obtenga la informaci\u00f3n que necesita acerca del trabajo en Nueva Zelanda, ayudarlo a hallar un trabajo en el sitio que desea y apoyarlo durante toda su estad\u00eda en Nueva Zelanda.<\/li>\n<li>Para participar en este programa, se debe contar con <a href=\"http:\/\/www.immigration.govt.nz\/migrant\/stream\/work\/workingholiday\/\" target=\"_blank\">una visa de trabajo y vacaciones<\/a> y con un nivel de ingl\u00e9s intermedio (B1) como m\u00ednimo. Para averiguar cu\u00e1l es su nivel de ingl\u00e9s, tome<a href=\"\/courses\/test-your-english\/\"> nuestra prueba previa en l\u00ednea<\/a>.<\/li>\n<li>Debe estudiar en Languages International durante 4 semanas como m\u00ednimo antes de comenzar a trabajar, para que tenga tiempo de acostumbrarse a Nueva Zelanda, hacer algunos amigos y pulir su ingl\u00e9s como preparaci\u00f3n para el trabajo.<\/li>\n<li>Costo: <strong>$600<\/strong> para recibir un apoyo de hasta 12 meses<\/li>\n<\/ul>\n<h3>Pasant\u00edas<\/h3>\n<ul>\n<li>Este programa est\u00e1 dirigido a estudiantes de grado y de posgrado que deseen adquirir experiencia profesional en su campo de estudios en un sitio de trabajo neozeland\u00e9s. Trabajaremos junto a usted para asignarle una pasant\u00eda en la cual pueda alcanzar sus objetivos y satisfacer sus intereses.<\/li>\n<li>\u00a0Las pasant\u00edas pueden ser en campos profesionales como\u00a0 administraci\u00f3n de empresas,\u00a0mercadeo,\u00a0 operaciones,\u00a0 recursos humanos,\u00a0 finanzas,\u00a0 prensa, organizaciones sin fines de lucro y\u00a0 sector de\u00a0deportes, \u00a0sector tur\u00edstico y gastron\u00f3mico o sector agr\u00edcola de Nueva Zelanda.<\/li>\n<li>\u00a0Para participar en este programa, se debe contar con <a href=\"http:\/\/www.immigration.govt.nz\/migrant\/stream\/work\/workingholiday\" target=\"_blank\">una visa de trabajo y vacaciones <\/a>o con <a href=\"http:\/\/www.immigration.govt.nz\/migrant\/stream\/work\/worktemporarily\/requirements\/studenttrainee.htm\" target=\"_blank\">una visa de trabajo para estudiantes y aprendices<\/a>. Puede haber otras posibilidades, as\u00ed que, si no puede obtener ninguna de estas visas, comun\u00edquese con nosotros para que podamos asesorarlo. Su nivel de ingl\u00e9s debe ser intermedio superior (B2). Puede averiguar cu\u00e1l es su nivel tomando <a href=\"\/courses\/test-your-english\/\">nuestra prueba previa en l\u00ednea<\/a>.<\/li>\n<li>Debe estudiar en Languages International durante 4 semanas como m\u00ednimo antes de comenzar su pasant\u00eda, para que tenga tiempo de acostumbrarse a Nueva Zelanda, hacer algunos amigos y pulir su ingl\u00e9s como preparaci\u00f3n para el trabajo.<\/li>\n<li>Costo: <strong>$1200<\/strong> para ser asignado a una pasant\u00eda y recibir hasta 12 meses de apoyo<\/li>\n<\/ul>\n","protected":false},"excerpt":{"rendered":"<p>En Languages International, puede combinar los mejores cursos de idioma ingl\u00e9s con la oportunidad de practicar el idioma tambi\u00e9n en el mundo real. Ofrecemos programas de experiencia laboral que combinan el estudio en Languages International con el empleo en un sitio de trabajo de Nueva Zelanda. Nuestra socia, INTERNeX, cuenta con vasta experiencia y conocimientos<!-- ...  <a href=\"https:\/\/www.languages.ac.nz\/es\/vida-estudiantil\/trabajar-en-nueva-zelanda\/\" title=\"Read Trabajar en Nueva Zelanda\">Lee mas &raquo;<\/a> --><\/p>\n","protected":false},"author":11,"featured_media":0,"parent":3853,"menu_order":4,"comment_status":"closed","ping_status":"closed","template":"","meta":{"footnotes":""},"class_list":["post-1543","page","type-page","status-publish","hentry"],"acf":[],"_links":{"self":[{"href":"https:\/\/www.languages.ac.nz\/es\/wp-json\/wp\/v2\/pages\/1543","targetHints":{"allow":["GET"]}}],"collection":[{"href":"https:\/\/www.languages.ac.nz\/es\/wp-json\/wp\/v2\/pages"}],"about":[{"href":"https:\/\/www.languages.ac.nz\/es\/wp-json\/wp\/v2\/types\/page"}],"author":[{"embeddable":true,"href":"https:\/\/www.languages.ac.nz\/es\/wp-json\/wp\/v2\/users\/11"}],"replies":[{"embeddable":true,"href":"https:\/\/www.languages.ac.nz\/es\/wp-json\/wp\/v2\/comments?post=1543"}],"version-history":[{"count":1,"href":"https:\/\/www.languages.ac.nz\/es\/wp-json\/wp\/v2\/pages\/1543\/revisions"}],"predecessor-version":[{"id":28846,"href":"https:\/\/www.languages.ac.nz\/es\/wp-json\/wp\/v2\/pages\/1543\/revisions\/28846"}],"up":[{"embeddable":true,"href":"https:\/\/www.languages.ac.nz\/es\/wp-json\/wp\/v2\/pages\/3853"}],"wp:attachment":[{"href":"https:\/\/www.languages.ac.nz\/es\/wp-json\/wp\/v2\/media?parent=1543"}],"curies":[{"name":"wp","href":"https:\/\/api.w.org\/{rel}","templated":true}]}}