

{"id":1535,"date":"2012-11-28T22:45:40","date_gmt":"2012-11-28T22:45:40","guid":{"rendered":"http:\/\/languages-new.reactivework.co.nz\/?page_id=1535"},"modified":"2015-10-16T13:38:59","modified_gmt":"2015-10-16T01:38:59","slug":"cursos-de-capacitacion-docente","status":"publish","type":"page","link":"https:\/\/www.languages.ac.nz\/es\/cursos-de-capacitacion-docente\/","title":{"rendered":"Cursos de Capacitaci\u00f3n Docente"},"content":{"rendered":"<h3><a title=\"Inscribirse ahora\" href=\"\/es\/cursos\/como-me-inscribo\/\"><img loading=\"lazy\" decoding=\"async\" class=\"size-full wp-image-3763 alignnone\" title=\"Inscribirse ahora\" src=\"\/wp-content\/uploads\/2012\/08\/enroll-esp.png\" alt=\"Inscribirse ahora\" width=\"150\" height=\"49\" \/><\/a><\/h3>\n<p>Desde el lanzamiento de su primer curso de capacitaci\u00f3n docente en 1988, Languages International ha formado y desarrollado a m\u00e1s de 1200 docentes. El LITEC (Centro de Capacitaci\u00f3n Docente de Languages International) ofrece una gama de cursos para hablantes nativos y no nativos en Auckland, Nueva Zelanda:<\/p>\n<ul>\n<li><a href=\"\/teacher-training\/celta-course\/\" target=\"_blank\">Certificado de Ense\u00f1anza de Idioma Ingl\u00e9s para Adultos de Cambridge (CELTA)<\/a> (enlace en ingl\u00e9s) para personas con nivel nativo de ingl\u00e9s que desean comenzar una carrera en la ense\u00f1anza del idioma.<\/li>\n<li><a href=\"https:\/\/www.languages.ac.nz\/teacher-training\/delta-course\/\">Diploma de Ense\u00f1anza de Idioma Ingl\u00e9s para Adultos de Cambridge (DELTA)<\/a> (enlace en ingl\u00e9s) para docentes de idioma ingl\u00e9s con nivel nativo del idioma que desean desarrollar sus habilidades de ense\u00f1anza.<\/li>\n<li><a href=\"https:\/\/www.languages.ac.nz\/teacher-training\/tesoltkt-course\/\">Curso para docentes de ingl\u00e9s para hablantes de otras lenguas (TESOL) <\/a>(enlace en ingl\u00e9s) para docentes de idioma ingl\u00e9s no nativos que desean desarrollar sus habilidades de ense\u00f1anza y sus conocimientos del idioma.<\/li>\n<li><a href=\"https:\/\/www.languages.ac.nz\/teacher-training\/tesoltkt-course\/tkt-teaching-knowledge-test\/\">Prueba de conocimientos de ense\u00f1anza (TKT)<\/a> de Cambridge (enlace en ingl\u00e9s) para estudiantes con nivel de ingl\u00e9s intermedio o superior que desean desarrollar sus conocimientos de ense\u00f1anza del idioma.<\/li>\n<li><a title=\"ESOL Teaching Skills TaskBook (ETS TaskBook)\" href=\"https:\/\/www.languages.ac.nz\/teacher-training\/esol-teaching-skills-task-book\/\" target=\"_blank\">ESOL Teaching Skills TaskBook <\/a>(enlace en ingl\u00e9s) es un recurso gratuito de desarrollo profesional para docentes de ingl\u00e9s. El TaskBook contiene 40 lecciones con soluciones, centradas en las habilidades de ense\u00f1anza del idioma. Puede ser utilizado por docentes que est\u00e9n trabajando por su cuenta o por capacitadores que deseen conducir seminarios de<br \/>\ndesarrollo profesional.<\/li>\n<\/ul>\n<p>Todos nuestros capacitadores est\u00e1n altamente calificados (al menos la mitad de ellos tiene una Maestr\u00eda en Ling\u00fc\u00edstica Aplicada) y cuentan con experiencia en pa\u00edses tan diversos como Australia, Canad\u00e1, EE. UU., Egipto, Francia, Grecia, Inglaterra, Italia, Jap\u00f3n, L\u00edbano, Rusia, Suecia, Tailandia, Turqu\u00eda y Vietnam.<\/p>\n<p>Fuimos la primera instituci\u00f3n neozelandesa en ofrecer el RSA\/Cambridge CTEFLA (ahora Cambridge CELTA ), as\u00ed como tambi\u00e9n el RSA\/Cambridge DTEFLA (ahora Cambridge Delta ). Tambi\u00e9n hemos llevado a cabo seminarios de <a href=\"https:\/\/www.languages.ac.nz\/wp-content\/uploads\/2013\/05\/Authorised-Centre_Large_RGB.jpg\"><img loading=\"lazy\" decoding=\"async\" class=\"alignright size-medium wp-image-6385\" title=\"CambEng_300_P_CMYK\" src=\"https:\/\/www.languages.ac.nz\/wp-content\/uploads\/2013\/05\/Authorised-Centre_Large_RGB-300x59.jpg\" alt=\"\" width=\"300\" height=\"59\" \/><\/a>desarrollo profesional para docentes de idiomas de escuelas de todo Auckland, incluso para profesores de segundas lenguas de la Universidad de Auckland.<\/p>\n<h3><a title=\"Inscribirse ahora\" href=\"\/es\/cursos\/como-me-inscribo\/\"><img loading=\"lazy\" decoding=\"async\" class=\"size-full wp-image-3763 alignnone\" title=\"Inscribirse ahora\" src=\"\/wp-content\/uploads\/2012\/08\/enroll-esp.png\" alt=\"Inscribirse ahora\" width=\"150\" height=\"49\" \/><\/a><\/h3>\n","protected":false},"excerpt":{"rendered":"<p>Desde el lanzamiento de su primer curso de capacitaci\u00f3n docente en 1988, Languages International ha formado y desarrollado a m\u00e1s de 1200 docentes. El LITEC (Centro de Capacitaci\u00f3n Docente de Languages International) ofrece una gama de cursos para hablantes nativos y no nativos en Auckland, Nueva Zelanda: Certificado de Ense\u00f1anza de Idioma Ingl\u00e9s para Adultos<!-- ...  <a href=\"https:\/\/www.languages.ac.nz\/es\/cursos-de-capacitacion-docente\/\" title=\"Read Cursos de Capacitaci\u00f3n Docente\">Lee mas &raquo;<\/a> --><\/p>\n","protected":false},"author":11,"featured_media":0,"parent":0,"menu_order":77,"comment_status":"closed","ping_status":"closed","template":"","meta":{"footnotes":""},"class_list":["post-1535","page","type-page","status-publish","hentry"],"acf":[],"_links":{"self":[{"href":"https:\/\/www.languages.ac.nz\/es\/wp-json\/wp\/v2\/pages\/1535","targetHints":{"allow":["GET"]}}],"collection":[{"href":"https:\/\/www.languages.ac.nz\/es\/wp-json\/wp\/v2\/pages"}],"about":[{"href":"https:\/\/www.languages.ac.nz\/es\/wp-json\/wp\/v2\/types\/page"}],"author":[{"embeddable":true,"href":"https:\/\/www.languages.ac.nz\/es\/wp-json\/wp\/v2\/users\/11"}],"replies":[{"embeddable":true,"href":"https:\/\/www.languages.ac.nz\/es\/wp-json\/wp\/v2\/comments?post=1535"}],"version-history":[{"count":0,"href":"https:\/\/www.languages.ac.nz\/es\/wp-json\/wp\/v2\/pages\/1535\/revisions"}],"wp:attachment":[{"href":"https:\/\/www.languages.ac.nz\/es\/wp-json\/wp\/v2\/media?parent=1535"}],"curies":[{"name":"wp","href":"https:\/\/api.w.org\/{rel}","templated":true}]}}