

{"id":1528,"date":"2012-08-29T02:32:49","date_gmt":"2012-08-28T14:32:49","guid":{"rendered":"http:\/\/languages-new.reactivework.co.nz\/?page_id=1528"},"modified":"2015-10-17T20:43:19","modified_gmt":"2015-10-17T08:43:19","slug":"primer-dia-en-languages-international","status":"publish","type":"page","link":"https:\/\/www.languages.ac.nz\/es\/vida-estudiantil\/primer-dia-en-languages-international\/","title":{"rendered":"Primer d\u00eda en Languages International"},"content":{"rendered":"<p style=\"text-align: justify;\">El primer lunes que asista a la instituci\u00f3n, pase por la recepci\u00f3n entre las 08:00 y las 08:45. Si se est\u00e1 quedando en <a href=\"https:\/\/www.languages.ac.nz\/accommodation\/homestay\/\">casa de familia<\/a>, la familia de acogida lo ayudar\u00e1 a llegar a nuestra sede.<\/p>\n<p style=\"text-align: justify;\">Luego de tener una entrevista y de tomar una prueba para determinar el curso apropiado para usted, tendr\u00e1 una sesi\u00f3n de orientaci\u00f3n con nuestra <a href=\"\/es\/vida-estudiantil\/#consejera\">consejera estudiantil de habla hispana<\/a>. Ella le informar\u00e1 acerca de sus clases y de los servicios de la instituci\u00f3n, y le har\u00e1 algunas recomendaciones para que saque el mayor provecho de su experiencia en Nueva Zelanda. Le contar\u00e1 c\u00f3mo es la vida aqu\u00ed, incluso c\u00f3mo funciona el servicio de autobuses y c\u00f3mo abrir una cuenta bancaria. Se le har\u00e1 asi mismo una recorrida guiada por el establecimiento y las zonas aleda\u00f1as. O nuestra consejera estudiantil de habla hispana tambi\u00e9n estar\u00e1 a su disposici\u00f3n en las semanas siguientes para responder cualquier pregunta que pueda tener. De tarde, le hablaremos sobre las clases, el <a href=\"https:\/\/www.languages.ac.nz\/es\/quienes-somos\/nuestros-centros-de-aprendizaje\/\">Centro de Aprendizaje <\/a>y el <a href=\"https:\/\/www.languages.ac.nz\/es\/quienes-somos\/actividades-y-programa-social\/\">Programa Social<\/a>. Sus clases comenzar\u00e1n el martes.<\/p>\n<p style=\"text-align: justify;\">Qu\u00e9 traer el primer d\u00eda<\/p>\n<ul>\n<li>\n<div style=\"text-align: justify;\">una foto tama\u00f1o pasaporte (para su tarjeta de identificaci\u00f3n como estudiante)<\/div>\n<\/li>\n<li>\n<div style=\"text-align: justify;\">un bol\u00edgrafo<\/div>\n<\/li>\n<li>su dispositivo WiFi (smartphone, tablet o port\u00e1til)<\/li>\n<li>\n<div style=\"text-align: justify;\">el pasaporte (el original, no una fotocopia)<\/div>\n<\/li>\n<li>\n<div style=\"text-align: justify;\">la informaci\u00f3n relativa al seguro<\/div>\n<\/li>\n<\/ul>\n<p style=\"text-align: justify;\">Para obtener m\u00e1s informaci\u00f3n, descargue la gu\u00eda\u00a0<a title=\"Guide book Auckland\" href=\"https:\/\/www.languages.ac.nz\/wp-content\/uploads\/1st-day-book.pdf\">1st Day Guide Book Auckland<\/a> (en ingl\u00e9s).<\/p>\n","protected":false},"excerpt":{"rendered":"<p>El primer lunes que asista a la instituci\u00f3n, pase por la recepci\u00f3n entre las 08:00 y las 08:45. Si se est\u00e1 quedando en casa de familia, la familia de acogida lo ayudar\u00e1 a llegar a nuestra sede. Luego de tener una entrevista y de tomar una prueba para determinar el curso apropiado para usted, tendr\u00e1<!-- ...  <a href=\"https:\/\/www.languages.ac.nz\/es\/vida-estudiantil\/primer-dia-en-languages-international\/\" title=\"Read Primer d\u00eda en Languages International\">Lee mas &raquo;<\/a> --><\/p>\n","protected":false},"author":11,"featured_media":4689,"parent":3853,"menu_order":2,"comment_status":"closed","ping_status":"closed","template":"","meta":{"footnotes":""},"class_list":["post-1528","page","type-page","status-publish","hentry"],"acf":[],"_links":{"self":[{"href":"https:\/\/www.languages.ac.nz\/es\/wp-json\/wp\/v2\/pages\/1528","targetHints":{"allow":["GET"]}}],"collection":[{"href":"https:\/\/www.languages.ac.nz\/es\/wp-json\/wp\/v2\/pages"}],"about":[{"href":"https:\/\/www.languages.ac.nz\/es\/wp-json\/wp\/v2\/types\/page"}],"author":[{"embeddable":true,"href":"https:\/\/www.languages.ac.nz\/es\/wp-json\/wp\/v2\/users\/11"}],"replies":[{"embeddable":true,"href":"https:\/\/www.languages.ac.nz\/es\/wp-json\/wp\/v2\/comments?post=1528"}],"version-history":[{"count":0,"href":"https:\/\/www.languages.ac.nz\/es\/wp-json\/wp\/v2\/pages\/1528\/revisions"}],"up":[{"embeddable":true,"href":"https:\/\/www.languages.ac.nz\/es\/wp-json\/wp\/v2\/pages\/3853"}],"wp:featuredmedia":[{"embeddable":true,"href":"https:\/\/www.languages.ac.nz\/es\/wp-json\/wp\/v2\/media\/4689"}],"wp:attachment":[{"href":"https:\/\/www.languages.ac.nz\/es\/wp-json\/wp\/v2\/media?parent=1528"}],"curies":[{"name":"wp","href":"https:\/\/api.w.org\/{rel}","templated":true}]}}