

{"id":1522,"date":"2012-08-29T02:22:43","date_gmt":"2012-08-28T14:22:43","guid":{"rendered":"http:\/\/languages-new.reactivework.co.nz\/?page_id=1522"},"modified":"2023-02-10T13:54:18","modified_gmt":"2023-02-10T01:54:18","slug":"curso-de-preparacion-para-el-ielts","status":"publish","type":"page","link":"https:\/\/www.languages.ac.nz\/es\/cursos\/curso-de-preparacion-para-el-ielts\/","title":{"rendered":"Curso de preparaci\u00f3n para el IELTS"},"content":{"rendered":"<h2>Curso de preparaci\u00f3n para el IELTS<\/h2>\n<p style=\"text-align: justify;\">Curso de tiempo completo que combina <a href=\"https:\/\/www.languages.ac.nz\/es\/cursos\/curso-de-ingles-universitario\/\">Ingl\u00e9s Universitario<\/a>, <a href=\"https:\/\/www.languages.ac.nz\/es\/cursos\/ingles-general\/\">Ingl\u00e9s General <\/a>o <a href=\"https:\/\/www.languages.ac.nz\/es\/cursos\/curso-de-ingles-comercial\/\">Ingl\u00e9s Comercial<\/a>, con la preparaci\u00f3n para el IELTS. Estamos convencidos de que esta combinaci\u00f3n ofrece la mejor preparaci\u00f3n tanto para el examen IELTS como para el curso de <a href=\"https:\/\/www.languages.ac.nz\/es\/cursos\/curso-de-ingles-universitario\/\">estudios terciarios<\/a> que se vaya a tomar despu\u00e9s.<\/p>\n<p style=\"text-align: justify;\">El IELTS (Sistema Internacional de Evaluaci\u00f3n de Idioma Ingl\u00e9s) es una prueba de conocimientos de ingl\u00e9s que tiene dos objetivos principales: en primer lugar, est\u00e1 destinada a personas que desean <a href=\"https:\/\/www.languages.ac.nz\/es\/cursos\/curso-de-ingles-universitario\/\">estudiar en la universidad, en un instituto polit\u00e9cnico o en otras instituciones terciarias<\/a> de <a href=\"https:\/\/www.languages.ac.nz\/es\/quienes-somos\/nueva-zelanda-aprender-ingles\/\">Nueva Zelanda<\/a>, Australia o el Reino Unido; en segundo lugar, es uno de los requisitos para ser aceptado como inmigrante en Nueva Zelanda y Australia. En Nueva Zelanda, el IELTS es el principal examen utilizado para demostrar la competencia en idioma ingl\u00e9s con fines de estudio.<\/p>\n<p>Hay una serie de centros de evaluaci\u00f3n IELTS en los cuales se puede dar el examen en <a href=\"https:\/\/www.languages.ac.nz\/es\/languages-international-en-auckland\/ciudad-de-auckland\/\">Auckland<\/a>. En estos centros se toman ex\u00e1menes cada dos a cuatro semanas. Lo podemos ayudar a hallar un centro y a postularse para dar el examen luego de iniciar el curso en Languages<br \/>\nInternational.<\/p>\n<table border=\"0\">\n<tbody>\n<tr valign=\"top\">\n<td width=\"210\">\n<h3>Nivel de ingreso para los cursos<\/h3>\n<\/td>\n<td>Intermedio inferior<br \/>\n(<a href=\"\/courses\/test-your-english\/\">Sepa cu\u00e1l es su nivel<\/a>)<\/td>\n<\/tr>\n<tr valign=\"top\">\n<td>\n<h3>Duraci\u00f3n de los cursos<\/h3>\n<\/td>\n<td>2 semanas en adelante<\/td>\n<\/tr>\n<tr valign=\"top\">\n<td>\n<h3>Horario de los cursos<\/h3>\n<\/td>\n<td>Horario completo: 23 horas semanales<br \/>\n20 horas (de 60 minutos) en clase<br \/>\n3 horas (de 60 minutos) de <a href=\"\/es\/quienes-somos\/nuestros-centros-de-aprendizaje\/\">estudio independiente con supervisi\u00f3n docente <\/a><br \/>\n<a href=\"\/courses\/sample-timetable\/\">Consulte un horario modelo<\/a><\/td>\n<\/tr>\n<tr valign=\"top\">\n<td>\n<h3>Ubicaci\u00f3n<\/h3>\n<\/td>\n<td>El curso se dicta en <a href=\"https:\/\/www.languages.ac.nz\/es\/languages-international-en-auckland\/ciudad-de-auckland\/\">Auckland<\/a>,<a href=\"https:\/\/www.languages.ac.nz\/es\/quienes-somos\/nueva-zelanda-aprender-ingles\/\"> Nueva Zelanda<\/a>.<\/td>\n<\/tr>\n<tr valign=\"top\">\n<td>\n<h3>Tama\u00f1o de los grupos<\/h3>\n<\/td>\n<td>M\u00e1ximo de 14 estudiantes<\/td>\n<\/tr>\n<tr valign=\"top\">\n<td>\n<h3>Fechas de inicio<\/h3>\n<\/td>\n<td>Todos los lunes<\/td>\n<\/tr>\n<tr valign=\"top\">\n<td>\n<h3>Precios<\/h3>\n<\/td>\n<td>Consulte el documento&nbsp;<a title=\"Precios y fechas de inicio\" href=\"https:\/\/www.languages.ac.nz\/wp-content\/uploads\/2023-Course-Information-1.pdf\" target=\"_blank\" rel=\"noopener\">Informaci\u00f3n de los Cursos<\/a> para obtener informaci\u00f3n.<\/td>\n<\/tr>\n<tr valign=\"top\">\n<td>\n<h3>Costo del examen IELTS (NZ$)<\/h3>\n<\/td>\n<td>Consulte el documento <a title=\"Precios y fechas de inicio\" href=\"https:\/\/www.languages.ac.nz\/wp-content\/uploads\/course-information.pdf\" target=\"_blank\" rel=\"noopener\">Informaci\u00f3n de los Cursos<\/a>&nbsp; para obtener informaci\u00f3n.<\/td>\n<\/tr>\n<tr valign=\"top\">\n<td>\n<h3>Otras opciones<\/h3>\n<\/td>\n<td>\n<ul>\n<li>Si desea recibir m\u00e1s capacitaci\u00f3n para el IELTS por las noches, puede inscribirse en nuestra clase adicional IELTS Academic Writing Course que ofrece ocho horas m\u00e1s de&nbsp;preparaci\u00f3n para el IELTS por semana.<\/li>\n<li>Tambi\u00e9n puede practicar m\u00e1s sus habilidades de comunicaci\u00f3n oral en el <a href=\"https:\/\/www.languages.ac.nz\/es\/nuestros-centros-de-aprendizaje\/\">Centro de Aprendizaje<\/a>&nbsp;(pregunte a un docente acerca de \u00abConversation Exchange\u00bb) y a trav\u00e9s del <a href=\"https:\/\/www.languages.ac.nz\/about-us\/social-programme\/\">Programa Social<\/a>.<\/li>\n<\/ul>\n<\/td>\n<\/tr>\n<tr valign=\"top\">\n<td>\n<h3>Lo que dicen los estudiantes&#8230;<\/h3>\n<\/td>\n<td>Lea lo que dicen los estudiantes acerca del curso de preparaci\u00f3n para el IELTS en la p\u00e1gina \u00ab<a title=\"IELTS students say\" href=\"\/category\/students-say\/ielts-students-say\/\" target=\"_blank\" rel=\"noopener\">Lo que dicen los estudiantes del IELTS<\/a>\u00bb de este sitio web.<\/td>\n<\/tr>\n<\/tbody>\n<\/table>\n<div class=\"clear\" style=\" \"><\/div><a class=\"enrol-now\" href=\"\/es\/cursos\/como-me-inscribo\/\">Inscribirse ahora<\/a><\/p>\n","protected":false},"excerpt":{"rendered":"<p>Curso de preparaci\u00f3n para el IELTS Curso de tiempo completo que combina Ingl\u00e9s Universitario, Ingl\u00e9s General o Ingl\u00e9s Comercial, con la preparaci\u00f3n para el IELTS. Estamos convencidos de que esta combinaci\u00f3n ofrece la mejor preparaci\u00f3n tanto para el examen IELTS como para el curso de estudios terciarios que se vaya a tomar despu\u00e9s. El IELTS<!-- ...  <a href=\"https:\/\/www.languages.ac.nz\/es\/cursos\/curso-de-preparacion-para-el-ielts\/\" title=\"Read Curso de preparaci\u00f3n para el IELTS\">Lee mas &raquo;<\/a> --><\/p>\n","protected":false},"author":11,"featured_media":4680,"parent":607,"menu_order":5,"comment_status":"closed","ping_status":"closed","template":"","meta":{"footnotes":""},"class_list":["post-1522","page","type-page","status-publish","hentry"],"acf":[],"_links":{"self":[{"href":"https:\/\/www.languages.ac.nz\/es\/wp-json\/wp\/v2\/pages\/1522","targetHints":{"allow":["GET"]}}],"collection":[{"href":"https:\/\/www.languages.ac.nz\/es\/wp-json\/wp\/v2\/pages"}],"about":[{"href":"https:\/\/www.languages.ac.nz\/es\/wp-json\/wp\/v2\/types\/page"}],"author":[{"embeddable":true,"href":"https:\/\/www.languages.ac.nz\/es\/wp-json\/wp\/v2\/users\/11"}],"replies":[{"embeddable":true,"href":"https:\/\/www.languages.ac.nz\/es\/wp-json\/wp\/v2\/comments?post=1522"}],"version-history":[{"count":5,"href":"https:\/\/www.languages.ac.nz\/es\/wp-json\/wp\/v2\/pages\/1522\/revisions"}],"predecessor-version":[{"id":34317,"href":"https:\/\/www.languages.ac.nz\/es\/wp-json\/wp\/v2\/pages\/1522\/revisions\/34317"}],"up":[{"embeddable":true,"href":"https:\/\/www.languages.ac.nz\/es\/wp-json\/wp\/v2\/pages\/607"}],"wp:featuredmedia":[{"embeddable":true,"href":"https:\/\/www.languages.ac.nz\/es\/wp-json\/wp\/v2\/media\/4680"}],"wp:attachment":[{"href":"https:\/\/www.languages.ac.nz\/es\/wp-json\/wp\/v2\/media?parent=1522"}],"curies":[{"name":"wp","href":"https:\/\/api.w.org\/{rel}","templated":true}]}}