

{"id":1505,"date":"2012-08-29T02:10:41","date_gmt":"2012-08-28T14:10:41","guid":{"rendered":"http:\/\/languages-new.reactivework.co.nz\/?page_id=1505"},"modified":"2020-01-15T16:54:29","modified_gmt":"2020-01-15T04:54:29","slug":"como-me-inscribo","status":"publish","type":"page","link":"https:\/\/www.languages.ac.nz\/es\/cursos\/como-me-inscribo\/","title":{"rendered":"\u00bfC\u00f3mo me inscribo?"},"content":{"rendered":"<p style=\"text-align: justify;\">Puede obtener asistencia de un especialista en viajes de aprendizaje de idiomas que hable espa\u00f1ol, ya sea de su pa\u00eds o de Nueva Zelanda. El agente le podr\u00e1 brindar m\u00e1s informaci\u00f3n acerca de Languages International y de nuestros cursos. Lo puede ayudar a completar el formulario de solicitud y a comprender las Condiciones de Inscripci\u00f3n. En algunos casos, tambi\u00e9n lo puede ayudar con la solicitud de la visa y la organizaci\u00f3n del viaje. En el siguiente enlace encontrar\u00e1 <a href=\"https:\/\/www.languages.ac.nz\/es\/cursos\/como-me-inscribo\/ayuda\/\" target=\"_blank\" rel=\"noopener noreferrer\">una lista de especialistas<\/a> en viajes de aprendizaje de idiomas a los que puede recurrir para reservar un sitio en un curso de Languages International.<\/p>\n<p style=\"text-align: justify;\">Si desea presentar la solicitud por s\u00ed mismo, puede usar el <a href=\"\/courses\/enrol-now\/\" target=\"_blank\" rel=\"noopener noreferrer\">formulario de inscripci\u00f3n en l\u00ednea<\/a> o imprimir una copia del&nbsp;<a href=\"https:\/\/www.languages.ac.nz\/wp-content\/uploads\/application-form.pdf\" target=\"_blank\" rel=\"noopener noreferrer\">formulario de inscripci\u00f3n en papel<\/a>. Le responderemos de forma inmediata. Los dos formularios est\u00e1n en ingl\u00e9s y deben ser completados en ingl\u00e9s. Es importante que comprenda las Condiciones de Inscripci\u00f3n, que tambi\u00e9n est\u00e1n en ingl\u00e9s. Este es uno de los motivos por los cuales podr\u00eda ser \u00fatil recurrir a <a href=\"https:\/\/www.languages.ac.nz\/es\/cursos\/como-me-inscribo\/ayuda\/\" target=\"_blank\" rel=\"noopener noreferrer\">un especialista en viajes de aprendizaje de idiomas<\/a>.&nbsp; Asimismo, si tiene menos de 18 a\u00f1os, lea nuestra <a href=\"\/courses\/enrol-now\/are-you-under-18-years-old\/\" target=\"_blank\" rel=\"noopener noreferrer\">informaci\u00f3n para menores de 18 a\u00f1os<\/a> (en ingl\u00e9s) antes de presentar una solicitud de inscripci\u00f3n.<\/p>\n<p><a title=\"Inscribirse ahora\" class=\"enrol-now\">Inscribirse ahora<\/a><\/p>\n","protected":false},"excerpt":{"rendered":"<p>Puede obtener asistencia de un especialista en viajes de aprendizaje de idiomas que hable espa\u00f1ol, ya sea de su pa\u00eds o de Nueva Zelanda. El agente le podr\u00e1 brindar m\u00e1s informaci\u00f3n acerca de Languages International y de nuestros cursos. Lo puede ayudar a completar el formulario de solicitud y a comprender las Condiciones de Inscripci\u00f3n.<!-- ...  <a href=\"https:\/\/www.languages.ac.nz\/es\/cursos\/como-me-inscribo\/\" title=\"Read \u00bfC\u00f3mo me inscribo?\">Lee mas &raquo;<\/a> --><\/p>\n","protected":false},"author":11,"featured_media":0,"parent":607,"menu_order":1,"comment_status":"closed","ping_status":"closed","template":"","meta":{"footnotes":""},"class_list":["post-1505","page","type-page","status-publish","hentry"],"acf":[],"_links":{"self":[{"href":"https:\/\/www.languages.ac.nz\/es\/wp-json\/wp\/v2\/pages\/1505","targetHints":{"allow":["GET"]}}],"collection":[{"href":"https:\/\/www.languages.ac.nz\/es\/wp-json\/wp\/v2\/pages"}],"about":[{"href":"https:\/\/www.languages.ac.nz\/es\/wp-json\/wp\/v2\/types\/page"}],"author":[{"embeddable":true,"href":"https:\/\/www.languages.ac.nz\/es\/wp-json\/wp\/v2\/users\/11"}],"replies":[{"embeddable":true,"href":"https:\/\/www.languages.ac.nz\/es\/wp-json\/wp\/v2\/comments?post=1505"}],"version-history":[{"count":3,"href":"https:\/\/www.languages.ac.nz\/es\/wp-json\/wp\/v2\/pages\/1505\/revisions"}],"predecessor-version":[{"id":31678,"href":"https:\/\/www.languages.ac.nz\/es\/wp-json\/wp\/v2\/pages\/1505\/revisions\/31678"}],"up":[{"embeddable":true,"href":"https:\/\/www.languages.ac.nz\/es\/wp-json\/wp\/v2\/pages\/607"}],"wp:attachment":[{"href":"https:\/\/www.languages.ac.nz\/es\/wp-json\/wp\/v2\/media?parent=1505"}],"curies":[{"name":"wp","href":"https:\/\/api.w.org\/{rel}","templated":true}]}}