

{"id":1494,"date":"2012-08-29T02:13:43","date_gmt":"2012-08-28T14:13:43","guid":{"rendered":"http:\/\/languages-new.reactivework.co.nz\/?page_id=1494"},"modified":"2023-02-10T13:53:41","modified_gmt":"2023-02-10T01:53:41","slug":"curso-de-ingles-universitario","status":"publish","type":"page","link":"https:\/\/www.languages.ac.nz\/es\/cursos\/curso-de-ingles-universitario\/","title":{"rendered":"Curso de Ingl\u00e9s Universitario"},"content":{"rendered":"<h2>Curso de Ingl\u00e9s Universitario<\/h2>\n<ul>\n<li>&nbsp;Prep\u00e1rese para estudiar en la universidad o en otras instituciones de educaci\u00f3n terciaria en Nueva Zelanda u otros pa\u00edses de habla inglesa.<\/li>\n<li>Acceda a carreras terciarias.<\/li>\n<li>Mejore sus habilidades de comunicaci\u00f3n acad\u00e9mica y de estudio.<\/li>\n<li>Desarrolle su capacidad para leer art\u00edculos y libros acad\u00e9micos y t\u00e9cnicos, escribir ensayos e informes, escuchar las clases y tomar notas, as\u00ed como participar en discusiones acad\u00e9micas, cursos tutoriales y seminarios.<\/li>\n<li>El personal de nuestros cursos de ingl\u00e9s universitario lo ayudar\u00e1 a obtener la aprobaci\u00f3n para ingresar en cursos universitarios y polit\u00e9cnicos.<\/li>\n<li>Puede combinar este curso con preparaci\u00f3n para las prueba&nbsp;<a title=\"Curso de preparaci\u00f3n para el IELTS\" href=\"\/es\/cursos\/curso-de-preparacion-para-el-ielts\/\">IELTS<\/a>.<\/li>\n<\/ul>\n<p>Los cursos de Ingl\u00e9s Universitario se centran en la ejecuci\u00f3n de tareas pr\u00e1cticas, la conducci\u00f3n de investigaciones, la realizaci\u00f3n de presentaciones y la redacci\u00f3n de largos ensayos e informes sobre diversos temas. Los cursos de Ingl\u00e9s Universitario se dictan en tres niveles. Para cumplir con los requisitos para realizar estudios terciarios, se debe completar el nivel m\u00e1s alto.<\/p>\n<p>El cuadro que figura a continuaci\u00f3n muestra c\u00f3mo se adapta el programa de Ingl\u00e9s Universitario (EU, por sus siglas en ingl\u00e9s) de Languages International a su carrera terciaria.<\/p>\n<p><a href=\"\/wp-content\/uploads\/2013\/04\/university-pathways.png\"><img loading=\"lazy\" decoding=\"async\" class=\"alignnone size-full wp-image-3788\" title=\"University Pathways\" src=\"\/wp-content\/uploads\/2013\/04\/university-pathways.png\" alt=\"University Pathways\" width=\"482\" height=\"600\" srcset=\"https:\/\/www.languages.ac.nz\/wp-content\/uploads\/2013\/04\/university-pathways.png 482w, https:\/\/www.languages.ac.nz\/wp-content\/uploads\/2013\/04\/university-pathways-241x300.png 241w\" sizes=\"auto, (max-width: 482px) 100vw, 482px\" \/><\/a><\/p>\n<table border=\"0\">\n<tbody>\n<tr valign=\"top\">\n<td width=\"200\">\n<h3>Nivel de ingreso para los cursos<\/h3>\n<\/td>\n<td>Intermedio inferior para EU Lower<br \/>\nIntermedio para EU Intermediate<br \/>\nIntermedio superior para EU Higher<br \/>\n(<a title=\"Test Your English\" href=\"\/courses\/test-your-english\/\" target=\"_blank\" rel=\"noopener\">Sepa cu\u00e1l es su nivel<\/a>)<\/td>\n<\/tr>\n<tr>\n<td>\n<h3>Duraci\u00f3n de los cursos<\/h3>\n<\/td>\n<td>12 semanas<\/td>\n<\/tr>\n<tr>\n<td>\n<h3>Tama\u00f1o de los grupos<\/h3>\n<\/td>\n<td>M\u00e1ximo de 14 estudiantes<\/td>\n<\/tr>\n<tr valign=\"top\">\n<td>\n<h3>Horario de los cursos<\/h3>\n<\/td>\n<td><em>Horario completo:<\/em> 23 horas semanales<br \/>\n20 horas (de 60 minutos) en clase<br \/>\n3 horas (de 60 minutos) de <a title=\"Nuestros Centros de Aprendizaje\" href=\"\/es\/nuestros-centros-de-aprendizaje\/\">estudio independiente con supervisi\u00f3n docente<\/a> <a href=\"https:\/\/www.languages.ac.nz\/eu-sample-timetable.html\"><br \/>\n<\/a>Consulte un <a title=\"EU Sample Timetable\" href=\"\/further-studies\/english-for-university\/eu-sample-timetable\/\" target=\"_blank\" rel=\"noopener\">horario modelo<\/a><\/td>\n<\/tr>\n<tr valign=\"top\">\n<td>\n<h3>Fechas de inicio y precio del curso<\/h3>\n<\/td>\n<td>Consulte el documento&nbsp;<a title=\"Precios y fechas de inicio\" href=\"https:\/\/www.languages.ac.nz\/wp-content\/uploads\/2023-Course-Information-1.pdf\" target=\"_blank\" rel=\"noopener\">Informaci\u00f3n de los Cursos<\/a> para obtener informaci\u00f3n.<\/td>\n<\/tr>\n<tr valign=\"top\">\n<td>\n<h3>Ubicaci\u00f3n<\/h3>\n<\/td>\n<td>El curso se dicta en <a title=\"Languages International Auckland\" href=\"\/es\/quienes-somos\/cursos-de-ingles-auckland-languages-international\/\">Auckland<\/a>, <a title=\"Nueva Zelanda\" href=\"\/es\/quienes-somos\/nueva-zelanda-aprender-ingles\/\">Nueva Zelanda<\/a>.<\/td>\n<\/tr>\n<tr valign=\"top\">\n<td>\n<h3>Lo que dicen los estudiantes&#8230;<\/h3>\n<\/td>\n<td>Lea lo que dicen los estudiantes acerca del curso de Ingl\u00e9s Universitario, en la p\u00e1gina \u00ab<a title=\"Lo que dicen los estudiantes\" href=\"\/es\/lo-que-dicen-los-estudiantes\/\">Lo que dicen los estudiantes de Ingl\u00e9s Universitario<\/a>\u00bb de este sitio web.<\/td>\n<\/tr>\n<\/tbody>\n<\/table>\n<p><a class=\"enrol-now\" href=\"\/es\/cursos\/como-me-inscribo\/\">Inscribirse ahora<\/a><\/p>\n","protected":false},"excerpt":{"rendered":"<p>Curso de Ingl\u00e9s Universitario &nbsp;Prep\u00e1rese para estudiar en la universidad o en otras instituciones de educaci\u00f3n terciaria en Nueva Zelanda u otros pa\u00edses de habla inglesa. Acceda a carreras terciarias. Mejore sus habilidades de comunicaci\u00f3n acad\u00e9mica y de estudio. Desarrolle su capacidad para leer art\u00edculos y libros acad\u00e9micos y t\u00e9cnicos, escribir ensayos e informes, escuchar<!-- ...  <a href=\"https:\/\/www.languages.ac.nz\/es\/cursos\/curso-de-ingles-universitario\/\" title=\"Read Curso de Ingl\u00e9s Universitario\">Lee mas &raquo;<\/a> --><\/p>\n","protected":false},"author":11,"featured_media":4643,"parent":607,"menu_order":4,"comment_status":"closed","ping_status":"closed","template":"","meta":{"footnotes":""},"class_list":["post-1494","page","type-page","status-publish","hentry"],"acf":[],"_links":{"self":[{"href":"https:\/\/www.languages.ac.nz\/es\/wp-json\/wp\/v2\/pages\/1494","targetHints":{"allow":["GET"]}}],"collection":[{"href":"https:\/\/www.languages.ac.nz\/es\/wp-json\/wp\/v2\/pages"}],"about":[{"href":"https:\/\/www.languages.ac.nz\/es\/wp-json\/wp\/v2\/types\/page"}],"author":[{"embeddable":true,"href":"https:\/\/www.languages.ac.nz\/es\/wp-json\/wp\/v2\/users\/11"}],"replies":[{"embeddable":true,"href":"https:\/\/www.languages.ac.nz\/es\/wp-json\/wp\/v2\/comments?post=1494"}],"version-history":[{"count":5,"href":"https:\/\/www.languages.ac.nz\/es\/wp-json\/wp\/v2\/pages\/1494\/revisions"}],"predecessor-version":[{"id":34316,"href":"https:\/\/www.languages.ac.nz\/es\/wp-json\/wp\/v2\/pages\/1494\/revisions\/34316"}],"up":[{"embeddable":true,"href":"https:\/\/www.languages.ac.nz\/es\/wp-json\/wp\/v2\/pages\/607"}],"wp:featuredmedia":[{"embeddable":true,"href":"https:\/\/www.languages.ac.nz\/es\/wp-json\/wp\/v2\/media\/4643"}],"wp:attachment":[{"href":"https:\/\/www.languages.ac.nz\/es\/wp-json\/wp\/v2\/media?parent=1494"}],"curies":[{"name":"wp","href":"https:\/\/api.w.org\/{rel}","templated":true}]}}