

{"id":1483,"date":"2012-08-29T02:16:34","date_gmt":"2012-08-28T14:16:34","guid":{"rendered":"http:\/\/languages-new.reactivework.co.nz\/?page_id=1483"},"modified":"2023-02-10T13:44:40","modified_gmt":"2023-02-10T01:44:40","slug":"curso-de-ingles-comercial","status":"publish","type":"page","link":"https:\/\/www.languages.ac.nz\/es\/cursos\/curso-de-ingles-comercial\/","title":{"rendered":"Curso de Ingl\u00e9s Comercial"},"content":{"rendered":"<h2>Curso de Ingl\u00e9s Comercial<\/h2>\n<ul>\n<li>Aprenda ingl\u00e9s para utilizarlo en ambientes comerciales y profesionales.<\/li>\n<li>Se brinda la opci\u00f3n de prepararse para un t\u00edtulo internacional, como por ejemplo el <a title=\"Cambridge BEC\" href=\"\/courses\/cambridge\/bec\/\" target=\"_blank\" rel=\"noopener\">Cambridge Business English Certificate (BEC)<\/a> (el enlace conduce al sitio en idioma ingl\u00e9s.)<\/li>\n<\/ul>\n<p>Este curso se centra en las interacciones frecuentes que tienen lugar en el curso de los negocios, como las conversaciones telef\u00f3nicas, la redacci\u00f3n de cartas comerciales, la participaci\u00f3n en reuniones y la realizaci\u00f3n de presentaciones. Hay un s\u00f3lido \u00e9nfasis en las habilidades orales y en la gram\u00e1tica, as\u00ed como tambi\u00e9n en la redacci\u00f3n de textos formales y en el vocabulario comercial.<\/p>\n<table border=\"0\">\n<tbody>\n<tr valign=\"top\">\n<td width=\"200\">\n<h3>Nivel de ingreso<\/h3>\n<\/td>\n<td>Intermedio (<a title=\"Test Your English\" href=\"\/courses\/test-your-english\/\" target=\"_blank\" rel=\"noopener\">Sepa cu\u00e1l es su nivel<\/a>)<br \/>\nLos cursos de Ingl\u00e9s Comercial se ofrecen para la gama de niveles desde intermedio a avanzado.<\/td>\n<\/tr>\n<tr valign=\"top\">\n<td>\n<h3>Duraci\u00f3n de los cursos<\/h3>\n<\/td>\n<td>&nbsp;2 semanas en adelante<\/td>\n<\/tr>\n<tr valign=\"top\">\n<td>\n<h3>Horario de los cursos<\/h3>\n<\/td>\n<td><em>Horario completo:<\/em> 23 horas semanales<br \/>\n20 horas (de 60 minutos) en clase<br \/>\n3 horas (de 60 minutos) de <a title=\"Nuestros Centros de Aprendizaje\" href=\"\/es\/quienes-somos\/nuestros-centros-de-aprendizaje\/\">estudio independiente con supervisi\u00f3n docente<\/a><br \/>\n<em>Horario parcial:<\/em> 13 horas semanales<br \/>\n10 horas (de 60 minutos) en clase<br \/>\n3 horas (de 60 minutos) de <a title=\"Nuestros Centros de Aprendizaje\" href=\"\/es\/quienes-somos\/nuestros-centros-de-aprendizaje\/\">estudio independiente con supervisi\u00f3n docente<\/a><br \/>\nConsulte un <a title=\"Sample timetable\" href=\"\/courses\/sample-timetable\/\" target=\"_blank\" rel=\"noopener\">horario modelo<\/a><\/td>\n<\/tr>\n<tr valign=\"top\">\n<td>\n<h3>Tama\u00f1o de los grupos<\/h3>\n<\/td>\n<td>M\u00e1ximo de 14 estudiantes<\/td>\n<\/tr>\n<tr>\n<td>\n<h3>Ubicaci\u00f3n<\/h3>\n<\/td>\n<td>El curso se dicta en <a title=\"Languages International Auckland\" href=\"\/es\/quienes-somos\/cursos-de-ingles-auckland-languages-international\/\">Auckland<\/a>, <a title=\"Nueva Zelanda\" href=\"\/es\/quienes-somos\/nueva-zelanda-aprender-ingles\/\">Nueva Zelanda.<\/a><\/td>\n<\/tr>\n<tr>\n<td>\n<h3>Fechas de inicio<\/h3>\n<\/td>\n<td>Todos los lunes<\/td>\n<\/tr>\n<tr>\n<td>\n<h3>Precio del curso (NZ$)<\/h3>\n<\/td>\n<td>Consulte el documento&nbsp;<a title=\"Precios y fechas de inicio\" href=\"https:\/\/www.languages.ac.nz\/wp-content\/uploads\/2023-Course-Information-1.pdf\" target=\"_blank\" rel=\"noopener\">Informaci\u00f3n de los Cursos<\/a> para obtener informaci\u00f3n.<\/td>\n<\/tr>\n<tr valign=\"top\">\n<td>\n<h3>Lo que dicen los estudiantes:<\/h3>\n<\/td>\n<td>Lea lo que dicen los estudiantes acerca del curso de Ingl\u00e9s Comercial en la p\u00e1gina \u00ab<a title=\"Lo que dicen los estudiantes\" href=\"\/es\/lo-que-dicen-los-estudiantes\/\">Lo que dicen los estudiantes de Ingl\u00e9s Comercial<\/a>\u00bb de este sitio web.<\/td>\n<\/tr>\n<\/tbody>\n<\/table>\n<div class=\"clear\" style=\" \"><\/div>\n<a class=\"enrol-now\" href=\"\/es\/cursos\/como-me-inscribo\/\">Inscribirse ahora<\/a><\/p>\n","protected":false},"excerpt":{"rendered":"<p>Curso de Ingl\u00e9s Comercial Aprenda ingl\u00e9s para utilizarlo en ambientes comerciales y profesionales. Se brinda la opci\u00f3n de prepararse para un t\u00edtulo internacional, como por ejemplo el Cambridge Business English Certificate (BEC) (el enlace conduce al sitio en idioma ingl\u00e9s.) Este curso se centra en las interacciones frecuentes que tienen lugar en el curso de<!-- ...  <a href=\"https:\/\/www.languages.ac.nz\/es\/cursos\/curso-de-ingles-comercial\/\" title=\"Read Curso de Ingl\u00e9s Comercial\">Lee mas &raquo;<\/a> --><\/p>\n","protected":false},"author":11,"featured_media":4637,"parent":607,"menu_order":3,"comment_status":"closed","ping_status":"closed","template":"","meta":{"footnotes":""},"class_list":["post-1483","page","type-page","status-publish","hentry"],"acf":[],"_links":{"self":[{"href":"https:\/\/www.languages.ac.nz\/es\/wp-json\/wp\/v2\/pages\/1483","targetHints":{"allow":["GET"]}}],"collection":[{"href":"https:\/\/www.languages.ac.nz\/es\/wp-json\/wp\/v2\/pages"}],"about":[{"href":"https:\/\/www.languages.ac.nz\/es\/wp-json\/wp\/v2\/types\/page"}],"author":[{"embeddable":true,"href":"https:\/\/www.languages.ac.nz\/es\/wp-json\/wp\/v2\/users\/11"}],"replies":[{"embeddable":true,"href":"https:\/\/www.languages.ac.nz\/es\/wp-json\/wp\/v2\/comments?post=1483"}],"version-history":[{"count":4,"href":"https:\/\/www.languages.ac.nz\/es\/wp-json\/wp\/v2\/pages\/1483\/revisions"}],"predecessor-version":[{"id":34315,"href":"https:\/\/www.languages.ac.nz\/es\/wp-json\/wp\/v2\/pages\/1483\/revisions\/34315"}],"up":[{"embeddable":true,"href":"https:\/\/www.languages.ac.nz\/es\/wp-json\/wp\/v2\/pages\/607"}],"wp:featuredmedia":[{"embeddable":true,"href":"https:\/\/www.languages.ac.nz\/es\/wp-json\/wp\/v2\/media\/4637"}],"wp:attachment":[{"href":"https:\/\/www.languages.ac.nz\/es\/wp-json\/wp\/v2\/media?parent=1483"}],"curies":[{"name":"wp","href":"https:\/\/api.w.org\/{rel}","templated":true}]}}