

{"id":1283,"date":"2012-08-28T22:01:06","date_gmt":"2012-08-28T10:01:06","guid":{"rendered":"http:\/\/languages-new.reactivework.co.nz\/?page_id=1283"},"modified":"2015-10-17T20:35:16","modified_gmt":"2015-10-17T08:35:16","slug":"nuestros-centros-de-aprendizaje","status":"publish","type":"page","link":"https:\/\/www.languages.ac.nz\/es\/quienes-somos\/nuestros-centros-de-aprendizaje\/","title":{"rendered":"Nuestro Centro de Aprendizaje"},"content":{"rendered":"<p><img loading=\"lazy\" decoding=\"async\" class=\"alignleft\" title=\"Learning Centre\" src=\"\/wp-content\/uploads\/2012\/08\/learning-centre2008.jpg\" alt=\"Learning Centre\" width=\"150\" height=\"150\" \/>En Languages International, comprendemos que usted tiene sus propios motivos particulares para estudiar ingl\u00e9s. En nuestro Centro de Aprendizaje, ampliaremos lo que aprende en las clases para ofrecerle un curso que se adapte a sus necesidades personales. Lo ayudamos a alcanzar sus objetivos en lo que respecta al idioma ingl\u00e9s prepar\u00e1ndole un plan de estudios personalizado, se\u00f1al\u00e1ndole los recursos y actividades adecuados y apoy\u00e1ndolo a medida que avanza hacia el logro de sus metas.<\/p>\n<h3>A continuaci\u00f3n mencionamos algunas caracter\u00edsticas importantes del Centro de Aprendizaje:<\/h3>\n<ul>\n<li>Usted pasar\u00e1 3 horas por semana en el Centro de Aprendizaje como parte de su <a href=\"\/es\/cursos\/\">curso<\/a>, pero puede pasar m\u00e1s tiempo estudiando all\u00ed, si lo desea.<\/li>\n<li>Nuestros docentes est\u00e1n a disposici\u00f3n en el Centro de Aprendizaje, para proporcionarle asesoramiento sobre el aprendizaje del idioma, recomendarle recursos y actividades, y ayudarlo con sus estudios.<\/li>\n<li>Adem\u00e1s, el Centro de Aprendizaje est\u00e1 abierto luego de las clases, de lunes a viernes, para que pueda profundizar sus estudios.<\/li>\n<\/ul>\n<h3>Algunos de los recursos que puede usar en el Centro de Aprendizaje son los siguientes:<\/h3>\n<h3><img loading=\"lazy\" decoding=\"async\" class=\"alignright\" title=\"Learning Centre\" src=\"\/wp-content\/uploads\/2012\/08\/learning-centre-2.jpg\" alt=\"Learning Centre\" width=\"150\" height=\"150\" \/><\/h3>\n<ul>\n<li>Actividades en los libros de texto o en la computadora, para desarrollar sus conocimientos de vocabulario, gram\u00e1tica, lectura y escritura.<\/li>\n<li>Pel\u00edculas, documentales y programas de TV en DVD.<\/li>\n<li>Pr\u00e1ctica de pronunciaci\u00f3n y comprensi\u00f3n auditiva en computadora o en CD.<\/li>\n<li>Enlaces y actividades sugeridos en Internet.<\/li>\n<li>Pruebas de pr\u00e1ctica para prepararse para los ex\u00e1menes de Cambridge, IELTS, TOEFL\u00ae, BEC o TOEIC\u00ae.<\/li>\n<li>Biblioteca con material de lectura para todos los niveles.<\/li>\n<li>Grupos para practicar conversaci\u00f3n.<\/li>\n<li>Citas con un docente para recibir asesoramiento personalizado.<\/li>\n<li>Nuestra intranet \u00abLearning Web\u00bb, con gran cantidad de informaci\u00f3n acerca del Centro de Aprendizaje y de toda la instituci\u00f3n.<\/li>\n<\/ul>\n","protected":false},"excerpt":{"rendered":"<p>En Languages International, comprendemos que usted tiene sus propios motivos particulares para estudiar ingl\u00e9s. En nuestro Centro de Aprendizaje, ampliaremos lo que aprende en las clases para ofrecerle un curso que se adapte a sus necesidades personales. Lo ayudamos a alcanzar sus objetivos en lo que respecta al idioma ingl\u00e9s prepar\u00e1ndole un plan de estudios<!-- ...  <a href=\"https:\/\/www.languages.ac.nz\/es\/quienes-somos\/nuestros-centros-de-aprendizaje\/\" title=\"Read Nuestro Centro de Aprendizaje\">Lee mas &raquo;<\/a> --><\/p>\n","protected":false},"author":11,"featured_media":4490,"parent":597,"menu_order":4,"comment_status":"closed","ping_status":"closed","template":"","meta":{"footnotes":""},"class_list":["post-1283","page","type-page","status-publish","hentry"],"acf":[],"_links":{"self":[{"href":"https:\/\/www.languages.ac.nz\/es\/wp-json\/wp\/v2\/pages\/1283","targetHints":{"allow":["GET"]}}],"collection":[{"href":"https:\/\/www.languages.ac.nz\/es\/wp-json\/wp\/v2\/pages"}],"about":[{"href":"https:\/\/www.languages.ac.nz\/es\/wp-json\/wp\/v2\/types\/page"}],"author":[{"embeddable":true,"href":"https:\/\/www.languages.ac.nz\/es\/wp-json\/wp\/v2\/users\/11"}],"replies":[{"embeddable":true,"href":"https:\/\/www.languages.ac.nz\/es\/wp-json\/wp\/v2\/comments?post=1283"}],"version-history":[{"count":0,"href":"https:\/\/www.languages.ac.nz\/es\/wp-json\/wp\/v2\/pages\/1283\/revisions"}],"up":[{"embeddable":true,"href":"https:\/\/www.languages.ac.nz\/es\/wp-json\/wp\/v2\/pages\/597"}],"wp:featuredmedia":[{"embeddable":true,"href":"https:\/\/www.languages.ac.nz\/es\/wp-json\/wp\/v2\/media\/4490"}],"wp:attachment":[{"href":"https:\/\/www.languages.ac.nz\/es\/wp-json\/wp\/v2\/media?parent=1283"}],"curies":[{"name":"wp","href":"https:\/\/api.w.org\/{rel}","templated":true}]}}