

{"id":1258,"date":"2012-08-28T21:55:57","date_gmt":"2012-08-28T09:55:57","guid":{"rendered":"http:\/\/languages-new.reactivework.co.nz\/?page_id=1258"},"modified":"2019-08-15T10:45:12","modified_gmt":"2019-08-14T22:45:12","slug":"nueva-zelanda-aprender-ingles","status":"publish","type":"page","link":"https:\/\/www.languages.ac.nz\/es\/quienes-somos\/nueva-zelanda-aprender-ingles\/","title":{"rendered":"Acerca de Nueva Zelanda"},"content":{"rendered":"<h2>Nueva Zelanda es un sitio excepcional para aprender ingl\u00e9s<\/h2>\n<h3>Nueva Zelanda es&#8230;<\/h3>\n<ul>\n<li>conocida por su gente c\u00e1lida y amable,<\/li>\n<li>un pa\u00eds seguro, pac\u00edfico y estable desde el punto de vista pol\u00edtico,<\/li>\n<li>m\u00e1s o menos del mismo tama\u00f1o que Gran Breta\u00f1a o Jap\u00f3n, pero con unos 4 millones de habitantes<\/li>\n<\/ul>\n<h3>Nueva Zelanda ofrece&#8230;<\/h3>\n<ul>\n<li>un sitio excepcional para aprender ingl\u00e9s,<\/li>\n<li>un sistema educativo reconocido a nivel mundial y 8 universidades de primera calidad,<\/li>\n<li>una calidad de vida excelente,<\/li>\n<li>un sitio seguro y tranquilo para viajar,<\/li>\n<li>garant\u00edas, gracias a la <a href=\"\/es\/quienes-somos\/nueva-zelanda-aprender-ingles\/#protegidas\">protecci\u00f3n de las matr\u00edculas acad\u00e9micas<\/a> y al <a href=\"http:\/\/www.minedu.govt.nz\/NZEducation\/EducationPolicies\/InternationalEducation\/ForProvidersOfInternationalEducation\/CodeofPracticeforInternationalStudents\/CodeOfPractice.aspx\">C\u00f3digo de Pr\u00e1cticas para el Cuidado y Bienestar de los Estudiantes Extranjeros del Ministerio de Educaci\u00f3n <\/a><\/li>\n<li>paisajes hermosos y espectaculares, perfectos para ir de excursi\u00f3n,<\/li>\n<li>una excepcional relaci\u00f3n costo-calidad.<\/li>\n<\/ul>\n<h3>Costo de vida<\/h3>\n<p>Nueva Zelanda\u00a0es m\u00e1s barato que muchos otros pa\u00edses. En el estudio mundial sobre <a href=\"https:\/\/mobilityexchange.mercer.com\/Insights\/cost-of-living-rankings\">costo de vida del a\u00f1o 2019 realizado por Mercer<\/a>, se ubic\u00f3 a Auckland, la ciudad m\u00e1s grande de Nueva Zelanda, en el puesto 89 entre las 214 ciudades participantes (1 = m\u00e1s cara, 214 = menos cara). Para obtener informaci\u00f3n acerca de algunos art\u00edculos que puede llegar a comprar en Nueva Zelanda, haga clic en el siguiente enlace: <a href=\"https:\/\/www.languages.ac.nz\/about-us\/new-zealand\/\">costo de vida<\/a>.<\/p>\n<h3>Visas<\/h3>\n<p>Seg\u00fan cu\u00e1l sea su pa\u00eds de origen y por cu\u00e1nto tiempo desee quedarse, es posible que deba solicitar una visa de turista o de estudiante para estudiar en Nueva Zelanda. Consulte el sitio web del <a href=\"http:\/\/glossary.immigration.govt.nz\/VisaFreeCountries.htm\">Servicio de Inmigraci\u00f3n de Nueva Zelanda<\/a>, para obtener m\u00e1s informaci\u00f3n acerca de las visas para ingresar al pa\u00eds. Si ya se encuentra en Nueva Zelanda, puede solicitar una visa de estudiante en nuestra instituci\u00f3n, a trav\u00e9s del servicio Students Online (SOL).<\/p>\n<table border=\"0\">\n<tbody class=\"table\">\n<tr>\n<td>\n<h5>Estaci\u00f3n<\/h5>\n<\/td>\n<td style=\"text-align: center;\">\u00a0Primavera<\/td>\n<td style=\"text-align: center;\">\u00a0Verano<\/td>\n<td style=\"text-align: center;\">\u00a0 Oto\u00f1o<\/td>\n<td style=\"text-align: center;\">\u00a0Invierno<\/td>\n<\/tr>\n<tr valign=\"top\">\n<td>\n<h5>Meses<\/h5>\n<\/td>\n<td>Sep-Nov<\/td>\n<td>Dic-Feb<\/td>\n<td>Mar-May<\/td>\n<td>Jun-Ago<\/td>\n<\/tr>\n<tr valign=\"top\">\n<td>\n<h5>Promedio diario en\u00a0Auckland, m\u00e1x.\/min.<\/h5>\n<\/td>\n<td>18\u00b0C\/11\u00b0C<\/td>\n<td>24\u00b0C\/12\u00b0C<\/td>\n<td>20\u00b0C\/13\u00b0C<\/td>\n<td>15\u00b0C\/9\u00b0C<\/td>\n<\/tr>\n<tr valign=\"top\">\n<td>\n<h5>D\u00edas de lluvia en Auckland<\/h5>\n<\/td>\n<td style=\"text-align: center;\">12<\/td>\n<td style=\"text-align: center;\">8<\/td>\n<td style=\"text-align: center;\">11<\/td>\n<td style=\"text-align: center;\">15<\/td>\n<\/tr>\n<\/tbody>\n<\/table>\n<p><a name=\"protegidas\"><\/a><\/p>\n<h3>En Nueva Zelanda, las matr\u00edculas acad\u00e9micas est\u00e1n protegidas<\/h3>\n<p>La Administraci\u00f3n de T\u00edtulos de Nueva Zelanda (NZQA) exige que las instituciones acad\u00e9micas resarzan a los estudiantes por las matr\u00edculas pagadas por adelantado. Languages International mantiene un Fondo Fiduciario Estudiantil independiente, administrado por un fideicomisario independiente. Los fondos en posesi\u00f3n del fidicomisario superan las matr\u00edculas recibidas por adelantado de los estudiantes. La Administraci\u00f3n de T\u00edtulos de Nueva Zelanda (NZQA) ha aceptado este arreglo, por considerar que cumple con los requisitos de la cl\u00e1usula relativa al resarcimiento de<br \/>\nlos estudiantes por las matr\u00edculas pagadas.<\/p>\n<h3>C\u00f3digo de Pr\u00e1cticas para el Cuidado y Bienestar de los Estudiantes Extranjeros<\/h3>\n<p>El Ministerio de Educaci\u00f3n de Nueva Zelanda establece y administra requisitos relativos al cuidado y bienestar de los estudiantes extranjeros y ha publicado un c\u00f3digo de pr\u00e1cticas al respecto.\u00a0 Languages International ha aceptado respetar y estar obligada por dicho c\u00f3digo. Se pueden obtener copias del c\u00f3digo solicit\u00e1ndolas a la instituci\u00f3n o descarg\u00e1ndolas del <a href=\"http:\/\/www.minedu.govt.nz\/goto\/international\">sitio web del Ministerio de Educaci\u00f3n de Nueva Zelanda<\/a>.<\/p>\n<h3>M\u00e1s informaci\u00f3n<\/h3>\n<p>El siguiente sitio web es una buena fuente de informaci\u00f3n acerca de Nueva Zelanda: <a href=\"http:\/\/www.newzealand.com\/cl\/\">http:\/\/www.newzealand.com\/cl\/<\/a>.<\/p>\n<a href=\"\/wp-content\/uploads\/2012\/10\/New-Zealand-beach.jpg\"><img loading=\"lazy\" decoding=\"async\" class=\"alignnone size-full wp-image-1584\" title=\"New Zealand beach\" src=\"\/wp-content\/uploads\/2012\/10\/New-Zealand-beach.jpg\" alt=\"New Zealand beach\" width=\"160\" height=\"250\" \/><\/a><a href=\"\/wp-content\/uploads\/2012\/10\/new-zealand-map.png\"><img loading=\"lazy\" decoding=\"async\" class=\"alignnone size-full wp-image-1585\" title=\"New Zealand map\" src=\"\/wp-content\/uploads\/2012\/10\/new-zealand-map.png\" alt=\"\" width=\"170\" height=\"250\" \/><\/a><a href=\"\/wp-content\/uploads\/2012\/10\/New-Zealand.jpg\"><img loading=\"lazy\" decoding=\"async\" class=\"alignnone size-full wp-image-1583\" title=\"New Zealand mountains\" src=\"\/wp-content\/uploads\/2012\/10\/New-Zealand.jpg\" alt=\"New Zealand mountains\" width=\"160\" height=\"250\" \/><\/a>\n","protected":false},"excerpt":{"rendered":"<p>Nueva Zelanda es un sitio excepcional para aprender ingl\u00e9s Nueva Zelanda es&#8230; conocida por su gente c\u00e1lida y amable, un pa\u00eds seguro, pac\u00edfico y estable desde el punto de vista pol\u00edtico, m\u00e1s o menos del mismo tama\u00f1o que Gran Breta\u00f1a o Jap\u00f3n, pero con unos 4 millones de habitantes Nueva Zelanda ofrece&#8230; un sitio excepcional<!-- ...  <a href=\"https:\/\/www.languages.ac.nz\/es\/quienes-somos\/nueva-zelanda-aprender-ingles\/\" title=\"Read Acerca de Nueva Zelanda\">Lee mas &raquo;<\/a> --><\/p>\n","protected":false},"author":11,"featured_media":13992,"parent":597,"menu_order":3,"comment_status":"closed","ping_status":"closed","template":"","meta":{"footnotes":""},"class_list":["post-1258","page","type-page","status-publish","hentry"],"acf":[],"_links":{"self":[{"href":"https:\/\/www.languages.ac.nz\/es\/wp-json\/wp\/v2\/pages\/1258","targetHints":{"allow":["GET"]}}],"collection":[{"href":"https:\/\/www.languages.ac.nz\/es\/wp-json\/wp\/v2\/pages"}],"about":[{"href":"https:\/\/www.languages.ac.nz\/es\/wp-json\/wp\/v2\/types\/page"}],"author":[{"embeddable":true,"href":"https:\/\/www.languages.ac.nz\/es\/wp-json\/wp\/v2\/users\/11"}],"replies":[{"embeddable":true,"href":"https:\/\/www.languages.ac.nz\/es\/wp-json\/wp\/v2\/comments?post=1258"}],"version-history":[{"count":3,"href":"https:\/\/www.languages.ac.nz\/es\/wp-json\/wp\/v2\/pages\/1258\/revisions"}],"predecessor-version":[{"id":31034,"href":"https:\/\/www.languages.ac.nz\/es\/wp-json\/wp\/v2\/pages\/1258\/revisions\/31034"}],"up":[{"embeddable":true,"href":"https:\/\/www.languages.ac.nz\/es\/wp-json\/wp\/v2\/pages\/597"}],"wp:featuredmedia":[{"embeddable":true,"href":"https:\/\/www.languages.ac.nz\/es\/wp-json\/wp\/v2\/media\/13992"}],"wp:attachment":[{"href":"https:\/\/www.languages.ac.nz\/es\/wp-json\/wp\/v2\/media?parent=1258"}],"curies":[{"name":"wp","href":"https:\/\/api.w.org\/{rel}","templated":true}]}}