

{"id":1232,"date":"2012-08-11T05:06:52","date_gmt":"2012-08-10T17:06:52","guid":{"rendered":"http:\/\/languages-new.reactivework.co.nz\/?page_id=1232"},"modified":"2019-07-29T16:35:58","modified_gmt":"2019-07-29T04:35:58","slug":"ciudad-de-auckland","status":"publish","type":"page","link":"https:\/\/www.languages.ac.nz\/es\/quienes-somos\/ciudad-de-auckland\/","title":{"rendered":"Acerca de la ciudad de Auckland"},"content":{"rendered":"<h3>Datos de Auckland<\/h3>\n<ul>\n<li>Es la ciudad m\u00e1s grande de Nueva Zelanda.<\/li>\n<li>Aproximadamente un mill\u00f3n y medio de habitantes.<\/li>\n<li>Cosmopolita y vibrante.<\/li>\n<li>Importante centro educativo, con dos universidades y muchas otras instituciones educativas.<\/li>\n<li>Excelente calidad de vida (clasificada 3\u00aa en el mundo en el <a href=\"https:\/\/www.mercer.com\/qualityofliving\" target=\"_blank\" rel=\"noopener\">estudio sobre calidad de vida<\/a> del a\u00f1o 2019 de Mercer).<\/li>\n<li>Segura (clasificada 9\u00aa en el mundo junto con Wellington en el <a href=\"https:\/\/www.mercer.com\/qualityofliving\" target=\"_blank\" rel=\"noopener\">ranking de seguridad personal<\/a> del a\u00f1o 2019 de Mercer).<\/li>\n<li>Econ\u00f3mica (en el estudio mundial sobre costo de vida del a\u00f1o 2019 realizado por Mercer, <a href=\"https:\/\/mobilityexchange.mercer.com\/Insights\/cost-of-living-rankings\">Auckland clasific\u00f3 en el puesto 89 <\/a>entre las 209 ciudades participantes: 1 = m\u00e1s cara, 209 = menos cara).<\/li>\n<li>Conocida como \u00abla ciudad de las velas\u00bb, debido a la gran cantidad de embarcaciones per c\u00e1pita.<\/li>\n<\/ul>\n<img loading=\"lazy\" decoding=\"async\" src=\"https:\/\/www.languages.ac.nz\/wp-content\/uploads\/english-school-auckland-city-centre.jpg\" title=\"Auckland aerial shot\" alt=\"Languages International queda en el centro cercado de Auckland\" width=\"750\" height=\"502\" class=\"alignnone size-full wp-image-30483\" srcset=\"https:\/\/www.languages.ac.nz\/wp-content\/uploads\/english-school-auckland-city-centre.jpg 750w, https:\/\/www.languages.ac.nz\/wp-content\/uploads\/english-school-auckland-city-centre-300x201.jpg 300w\" sizes=\"auto, (max-width: 750px) 100vw, 750px\" \/>\n<h3>Clima<\/h3>\n<table border=\"0\">\n<tbody class=\"table\">\n<tr>\n<td>\n<h5>Estaci\u00f3n<\/h5>\n<\/td>\n<td>\u00a0Primavera<\/td>\n<td>\u00a0\u00a0\u00a0 Verano<\/td>\n<td>\u00a0 \u00a0\u00a0 Oto\u00f1o<\/td>\n<td>\u00a0\u00a0 Invierno<\/td>\n<\/tr>\n<tr>\n<td>\n<h5>Meses<\/h5>\n<\/td>\n<td>\u00a0 Sep &#8211; Nov<\/td>\n<td>\u00a0 Dic &#8211; Feb<\/td>\n<td>\u00a0 Mar &#8211; May<\/td>\n<td>\u00a0\u00a0 Jun &#8211; Ago<\/td>\n<\/tr>\n<tr>\n<td>\n<h5>Promedio diario m\u00e1x\/m\u00edn<\/h5>\n<\/td>\n<td>\u00a0\u00a018\u00b0C\/11C<\/td>\n<td>\u00a0\u00a0 24C\/12\u00b0C<\/td>\n<td>\u00a0 20\u00b0C\/13\u00b0C<\/td>\n<td>\u00a0\u00a0 \u00a015\u00b0C\/9\u00b0C<\/td>\n<\/tr>\n<tr>\n<td>\n<h5>D\u00edas de lluvia<\/h5>\n<\/td>\n<td>\u00a0\u00a0\u00a0\u00a0\u00a0\u00a0 \u00a012<\/td>\n<td>\u00a0\u00a0\u00a0\u00a0\u00a0\u00a0\u00a0 8<\/td>\n<td>\u00a0\u00a0\u00a0\u00a0\u00a0\u00a0\u00a0 11<\/td>\n<td>\u00a0\u00a0\u00a0\u00a0\u00a0\u00a0 15<\/td>\n<\/tr>\n<\/tbody>\n<\/table>\n<h2>Actividades para hacer en Auckland<\/h2>\n<p><iframe loading=\"lazy\" width=\"750\" height=\"420\" src=\"https:\/\/www.youtube-nocookie.com\/embed\/oB1kHnet72M\" frameborder=\"0\" allow=\"accelerometer; autoplay; encrypted-media; gyroscope; picture-in-picture\" allowfullscreen><\/iframe><\/p>\n<h3>Auckland ofrece&#8230;<\/h3>\n<ul>\n<li>restaurantes internacionales, bares y discotecas;<\/li>\n<li>islas, playas y parques;<\/li>\n<li>gran variedad de sitios para ir de compras;<\/li>\n<li>eventos culturales, incluso m\u00fasica en vivo y espect\u00e1culos al aire libre;<\/li>\n<li>galer\u00edas de arte, museos, teatros y cines;<\/li>\n<li>un sitio ideal para descansar;<\/li>\n<li>actividades para quienes gustan de la aventura<\/li>\n<\/ul>\n<p><iframe loading=\"lazy\" width=\"750\" height=\"420\" src=\"https:\/\/www.youtube-nocookie.com\/embed\/1qTfVEfxM6c\" frameborder=\"0\" allow=\"accelerometer; autoplay; encrypted-media; gyroscope; picture-in-picture\" allowfullscreen><\/iframe><\/p>\n<h3>Auckland metropolitana<\/h3>\n<ul>\n<li>Disfrute de la zona de caf\u00e9s en Ponsonby.<\/li>\n<li>Pruebe la vida nocturna: visite los restaurantes, bares y discotecas de Viaduct Harbour, Ponsonby Road, K Road, Parnell y Kingsland.<\/li>\n<li>Vaya de compras a Newmarket o consiga una oferta en Dressmart.<\/li>\n<\/ul>\n<img loading=\"lazy\" decoding=\"async\" src=\"https:\/\/www.languages.ac.nz\/wp-content\/uploads\/auckland-viaduct-harbour.jpg\" alt=\"Vida nocturna en Auckland\" width=\"750\" height=\"500\" class=\"alignnone size-full wp-image-30833\" srcset=\"https:\/\/www.languages.ac.nz\/wp-content\/uploads\/auckland-viaduct-harbour.jpg 750w, https:\/\/www.languages.ac.nz\/wp-content\/uploads\/auckland-viaduct-harbour-300x200.jpg 300w\" sizes=\"auto, (max-width: 750px) 100vw, 750px\" \/>\n<h3>Descanso en Auckland<\/h3>\n<ul>\n<li>Emb\u00e1rquese en un crucero por el puerto.<\/li>\n<li>B\u00e1\u00f1ese o descanse en la arena de una de las playas de North Shore.<\/li>\n<li>Haga un picnic en uno de los muchos parques de la ciudad.<\/li>\n<li>Vea de cerca los ping\u00fcinos, tiburones y mantarrayas en el Antartic Encounter and Underwater World de Kelly Tarlton.<\/li>\n<\/ul>\n<img loading=\"lazy\" decoding=\"async\" src=\"https:\/\/www.languages.ac.nz\/wp-content\/uploads\/auckland-festival.jpg\" alt=\"Festival en Auckland, Nueva Zelanda\" width=\"750\" height=\"500\" class=\"alignnone size-full wp-image-30844\" srcset=\"https:\/\/www.languages.ac.nz\/wp-content\/uploads\/auckland-festival.jpg 750w, https:\/\/www.languages.ac.nz\/wp-content\/uploads\/auckland-festival-300x200.jpg 300w\" sizes=\"auto, (max-width: 750px) 100vw, 750px\" \/>\n<h3>Deportes en Auckland<\/h3>\n<ul>\n<li>Haga bungy-jumping en la Sky Tower.<\/li>\n<li>Escale el puente Auckland Harbour Bridge.<\/li>\n<li>Vaya a navegar, a andar en kayak, a nadar o aprenda a bucear.<\/li>\n<li>Salga a andar en bicicleta, patinar, correr o caminar frente a la playa en Tamaki Drive y admire la vista.<\/li>\n<li>Practique ala delta o paracaidismo.<\/li>\n<\/ul>\n<img loading=\"lazy\" decoding=\"async\" src=\"https:\/\/www.languages.ac.nz\/wp-content\/uploads\/english_courses_new_zealand_10.jpg\" alt=\"Saltar de paraquedas en Nueva Zelanda\" width=\"750\" height=\"500\" class=\"alignnone size-full wp-image-22094\" \/>\n<h2>M\u00e1s informaci\u00f3n<\/h2>\n<p>Los siguientes sitios web son buenas fuentes de informaci\u00f3n:<\/p>\n<ul>\n<li><a href=\"http:\/\/ourauckland.aucklandcouncil.govt.nz\/\">ourauckland.aucklandcouncil.govt.nz<\/a><\/li>\n<li><a href=\"https:\/\/www.heartofthecity.co.nz\/\">www.heartofthecity.co.nz<\/a><\/li>\n<li><a title=\"http:\/\/www.aucklandnz.com\/ ... - link will open in a new window\" href=\"http:\/\/www.aucklandnz.com\/\" target=\"_blank\" rel=\"noopener\">www.aucklandnz.com<\/a><\/li>\n<\/ul>\n<p><iframe loading=\"lazy\" width=\"750\" height=\"420\" src=\"https:\/\/www.youtube-nocookie.com\/embed\/fa2QZMRquRA\" frameborder=\"0\" allow=\"accelerometer; autoplay; encrypted-media; gyroscope; picture-in-picture\" allowfullscreen><\/iframe><\/p>\n<h2>Explore la Isla Norte<\/h2>\n<p>Auckland tambi\u00e9n es un excelente punto de partida para explorar el resto de la Isla Norte. Trabajamos junto a agencias de viaje cuidadosamente seleccionadas para ofrecer una amplia gama de paseos, guiados por experimentados gu\u00edas tur\u00edsticos. En nuestro sitio web en ingl\u00e9s podr\u00e1 hallar <a href=\"\/languages-international-auckland\/auckland-city\/\">m\u00e1s informaci\u00f3n<\/a> acerca de los sitios que se pueden visitar.<\/p>\n<img loading=\"lazy\" decoding=\"async\" src=\"https:\/\/www.languages.ac.nz\/wp-content\/uploads\/english_courses_new_zealand_8-1.jpg\" alt=\"Paracaidismo en Nueva Zelanda\" width=\"750\" height=\"500\" class=\"alignnone size-full wp-image-22078\" srcset=\"https:\/\/www.languages.ac.nz\/wp-content\/uploads\/english_courses_new_zealand_8-1.jpg 750w, https:\/\/www.languages.ac.nz\/wp-content\/uploads\/english_courses_new_zealand_8-1-300x200.jpg 300w\" sizes=\"auto, (max-width: 750px) 100vw, 750px\" \/>\n","protected":false},"excerpt":{"rendered":"<p>Datos de Auckland Es la ciudad m\u00e1s grande de Nueva Zelanda. Aproximadamente un mill\u00f3n y medio de habitantes. Cosmopolita y vibrante. Importante centro educativo, con dos universidades y muchas otras instituciones educativas. Excelente calidad de vida (clasificada 3\u00aa en el mundo en el estudio sobre calidad de vida del a\u00f1o 2019 de Mercer). Segura (clasificada<!-- ...  <a href=\"https:\/\/www.languages.ac.nz\/es\/quienes-somos\/ciudad-de-auckland\/\" title=\"Read Acerca de la ciudad de Auckland\">Lee mas &raquo;<\/a> --><\/p>\n","protected":false},"author":11,"featured_media":0,"parent":597,"menu_order":2,"comment_status":"closed","ping_status":"closed","template":"","meta":{"footnotes":""},"class_list":["post-1232","page","type-page","status-publish","hentry"],"acf":[],"_links":{"self":[{"href":"https:\/\/www.languages.ac.nz\/es\/wp-json\/wp\/v2\/pages\/1232","targetHints":{"allow":["GET"]}}],"collection":[{"href":"https:\/\/www.languages.ac.nz\/es\/wp-json\/wp\/v2\/pages"}],"about":[{"href":"https:\/\/www.languages.ac.nz\/es\/wp-json\/wp\/v2\/types\/page"}],"author":[{"embeddable":true,"href":"https:\/\/www.languages.ac.nz\/es\/wp-json\/wp\/v2\/users\/11"}],"replies":[{"embeddable":true,"href":"https:\/\/www.languages.ac.nz\/es\/wp-json\/wp\/v2\/comments?post=1232"}],"version-history":[{"count":8,"href":"https:\/\/www.languages.ac.nz\/es\/wp-json\/wp\/v2\/pages\/1232\/revisions"}],"predecessor-version":[{"id":30884,"href":"https:\/\/www.languages.ac.nz\/es\/wp-json\/wp\/v2\/pages\/1232\/revisions\/30884"}],"up":[{"embeddable":true,"href":"https:\/\/www.languages.ac.nz\/es\/wp-json\/wp\/v2\/pages\/597"}],"wp:attachment":[{"href":"https:\/\/www.languages.ac.nz\/es\/wp-json\/wp\/v2\/media?parent=1232"}],"curies":[{"name":"wp","href":"https:\/\/api.w.org\/{rel}","templated":true}]}}