

{"id":1223,"date":"2012-08-29T01:54:52","date_gmt":"2012-08-28T13:54:52","guid":{"rendered":"http:\/\/languages-new.reactivework.co.nz\/?page_id=1223"},"modified":"2016-07-22T21:47:09","modified_gmt":"2016-07-22T09:47:09","slug":"premios-y-acreditaciones","status":"publish","type":"page","link":"https:\/\/www.languages.ac.nz\/es\/quienes-somos\/premios-y-acreditaciones\/","title":{"rendered":"Premios y Acreditaciones"},"content":{"rendered":"<h2>Acreditaciones<\/h2>\n<ul>\n<li><strong>Administraci\u00f3n de T\u00edtulos de Nueva Zelanda (NZQA)<\/strong>. <a href=\"\/wp-content\/uploads\/2012\/08\/LogoNZQA.gif\"><img loading=\"lazy\" decoding=\"async\" class=\"alignright  wp-image-7771\" title=\"LogoNZQA\" src=\"\/wp-content\/uploads\/2012\/08\/LogoNZQA.gif\" alt=\"\" width=\"141\" height=\"68\" \/><\/a>La instituci\u00f3n est\u00e1 <a href=\"http:\/\/www.nzqa.govt.nz\/providers\/details.do?providerId=854458001\" target=\"_blank\">registrada<\/a> ante dicho organismo. Los cursos est\u00e1n acreditados por la NZQA y Languages International obtuvo su certificaci\u00f3n Category 1, que es la calificaci\u00f3n m\u00e1s alta otorgada por la NZQA. Languages International ha suscrito el <a href=\"http:\/\/www.nzqa.govt.nz\/providers-partners\/caring-for-international-students\/\" target=\"_blank\">C\u00f3digo de Pr\u00e1cticas para el Cuidado y Bienestar de los Estudiantes Extranjeros<\/a>.<\/li>\n<li><strong>Cambridge ESOL<\/strong> (ingl\u00e9s para hablantes de otras lenguas): desde el a\u00f1o 1988.<a href=\"\/wp-content\/uploads\/2013\/05\/Authorised-Centre_Large_RGB.jpg\"><img loading=\"lazy\" decoding=\"async\" class=\"alignright size-medium wp-image-6385\" title=\"CambEng_300_P_CMYK\" src=\"\/wp-content\/uploads\/2013\/05\/Authorised-Centre_Large_RGB-300x59.jpg\" alt=\"\" width=\"300\" height=\"59\" \/><\/a> Languages International fue la primera instituci\u00f3n neozelandesa en obtener aprobaci\u00f3n para ser un centro de capacitaci\u00f3n docente de Cambridge.<\/li>\n<\/ul>\n<h2>Premios<\/h2>\n<p><strong><a href=\"http:\/\/www.hothousemedia.com\/ltm\/star.htm\">Study Travel Magazine Star Awards<\/a>: Instituci\u00f3n de Ense\u00f1anza de Ingl\u00e9s, Hemisferio Sur<\/strong><br \/>\nLa categor\u00eda Hemisferio Sur fue creada en el a\u00f1o 2007. Todos los a\u00f1os, especialistas en viajes de aprendizaje de idiomas de todo el mundo votan para elegir a la instituci\u00f3n \u00abestrella\u00bb en Australia, Sud\u00e1frica o Nueva Zelanda, y se preseleccionan 5 instituciones de la regi\u00f3n. Todos los a\u00f1os, Languages International ha ocupado un lugar entre una de esas 5 instituciones, y en el a\u00f1o 2008 gan\u00f3 el primer premio.<br \/>\n<strong>2014<\/strong> \u2013 <a href=\"\/2014-shortlisted-star-award-stm\/\" target=\"_blank\">Preseleccionada<\/a><br \/>\n<strong>2013<\/strong> \u2013 <a href=\"\/best-english-school-award-shortlisted\/\">Preseleccionada<\/a><br \/>\n<strong>2011<\/strong> \u2013 <a href=\"\/ltm-star-awards-languages-international-shortlisted-for-5th-consecutive-year\/\">Preseleccionada<\/a><a href=\"\/wp-content\/uploads\/2012\/08\/LTM-logo-resize.jpg\"><img loading=\"lazy\" decoding=\"async\" class=\"alignright size-full wp-image-4770\" title=\"LTM-logo-resize\" src=\"\/wp-content\/uploads\/2012\/08\/LTM-logo-resize.jpg\" alt=\"\" width=\"250\" height=\"132\" \/><\/a><br \/>\n<strong>2010<\/strong> \u2013 <a href=\"\/languages-international-shortlisted-for-ltm-star-award-again\/\">Preseleccionada<\/a><br \/>\n<strong>2009<\/strong> \u2013 <a href=\"\/a-new-star-in-the-southern-hemisphere\/\">Preseleccionada<\/a><br \/>\n<strong>2008<\/strong> \u2013 <a href=\"\/a-new-star-in-the-southern-hemisphere\/\">Ganadora<\/a><br \/>\n<strong>2007<\/strong> \u2013<a href=\"\/a-proud-nominee-for-ltm-star-awards-in-2007\/\"> Preseleccionada<\/a><\/p>\n","protected":false},"excerpt":{"rendered":"<p>Acreditaciones Administraci\u00f3n de T\u00edtulos de Nueva Zelanda (NZQA). La instituci\u00f3n est\u00e1 registrada ante dicho organismo. Los cursos est\u00e1n acreditados por la NZQA y Languages International obtuvo su certificaci\u00f3n Category 1, que es la calificaci\u00f3n m\u00e1s alta otorgada por la NZQA. Languages International ha suscrito el C\u00f3digo de Pr\u00e1cticas para el Cuidado y Bienestar de los<!-- ...  <a href=\"https:\/\/www.languages.ac.nz\/es\/quienes-somos\/premios-y-acreditaciones\/\" title=\"Read Premios y Acreditaciones\">Lee mas &raquo;<\/a> --><\/p>\n","protected":false},"author":11,"featured_media":4448,"parent":597,"menu_order":10,"comment_status":"closed","ping_status":"closed","template":"","meta":{"footnotes":""},"class_list":["post-1223","page","type-page","status-publish","hentry"],"acf":[],"_links":{"self":[{"href":"https:\/\/www.languages.ac.nz\/es\/wp-json\/wp\/v2\/pages\/1223","targetHints":{"allow":["GET"]}}],"collection":[{"href":"https:\/\/www.languages.ac.nz\/es\/wp-json\/wp\/v2\/pages"}],"about":[{"href":"https:\/\/www.languages.ac.nz\/es\/wp-json\/wp\/v2\/types\/page"}],"author":[{"embeddable":true,"href":"https:\/\/www.languages.ac.nz\/es\/wp-json\/wp\/v2\/users\/11"}],"replies":[{"embeddable":true,"href":"https:\/\/www.languages.ac.nz\/es\/wp-json\/wp\/v2\/comments?post=1223"}],"version-history":[{"count":1,"href":"https:\/\/www.languages.ac.nz\/es\/wp-json\/wp\/v2\/pages\/1223\/revisions"}],"predecessor-version":[{"id":10823,"href":"https:\/\/www.languages.ac.nz\/es\/wp-json\/wp\/v2\/pages\/1223\/revisions\/10823"}],"up":[{"embeddable":true,"href":"https:\/\/www.languages.ac.nz\/es\/wp-json\/wp\/v2\/pages\/597"}],"wp:featuredmedia":[{"embeddable":true,"href":"https:\/\/www.languages.ac.nz\/es\/wp-json\/wp\/v2\/media\/4448"}],"wp:attachment":[{"href":"https:\/\/www.languages.ac.nz\/es\/wp-json\/wp\/v2\/media?parent=1223"}],"curies":[{"name":"wp","href":"https:\/\/api.w.org\/{rel}","templated":true}]}}