

{"id":10711,"date":"2016-08-01T15:58:34","date_gmt":"2016-08-01T03:58:34","guid":{"rendered":"https:\/\/www.languages.ac.nz\/es\/?page_id=10711"},"modified":"2019-03-04T09:44:07","modified_gmt":"2019-03-03T21:44:07","slug":"ayuda","status":"publish","type":"page","link":"https:\/\/www.languages.ac.nz\/es\/cursos\/como-me-inscribo\/ayuda\/","title":{"rendered":"Obtenga ayuda para inscribirse"},"content":{"rendered":"<p>Especialistas en viajes de aprendizaje de idiomas que le pueden ayudar para inscribirse en Languages International:<\/p>\n<h3>Argentina<\/h3>\n<p><a href=\"http:\/\/www.anzgroup.com.ar\/\">Australia &amp; New Zealand Travel<\/a><br \/>\n<a href=\"mailto:info@anztravel.com.ar\">info@anztravel.com.ar<\/a><br \/>\n+54 (11) 4314-7265<br \/>\nParaguay 647, 4\u00ba piso, Of. 17 y 18<br \/>\nC1057AAG Buenos Aires<\/p>\n<h3>Chile<\/h3>\n<p><a href=\"http:\/\/www.studytours.cl\/\">StudyTours<br \/>\n<\/a><a href=\"mailto:info@studytours.cl\">info@studytours.cl<\/a><br \/>\n+56 (2) 2242 5359<br \/>\nAlonso de C\u00f3rdova 5870 Of. 819<br \/>\nLas Condes (Metro Manquehue, L1)<br \/>\nSantiago<\/p>\n<p><a href=\"http:\/\/www.condor-idiomas.com\">Condor Idiomas<\/a><br \/>\n<a href=\"mailto:info@condor-idiomas.com\">info@condor-idiomas.com<\/a><br \/>\n+56 (2)\u00a02365 2974<br \/>\nNueva Tajamar 481<br \/>\nTorre Norte, Piso 19<br \/>\nLas Condes<br \/>\nSantiago<\/p>\n<h3>Colombia<\/h3>\n<p><a href=\"http:\/\/www.babelstudies.com\">Babel Studies<\/a><br \/>\n<a href=\"mailto:info@babelstudies.com\">info@babelstudies.com<\/a><br \/>\nOficinas en Bucaramanga, C\u00facuta, Medell\u00edn y Tunja<br \/>\n<a href=\"http:\/\/www.babelstudies.com\/contactanos\">Contacte una oficina cerca de Usted.<\/a><\/p>\n<p><a href=\"http:\/\/www.vivaenz.com\">Viva en New Zealand<\/a><br \/>\n<a href=\"mailto:info@vivaenz.com\">info@vivaenz.com<\/a><br \/>\n+64 2181 2212<br \/>\n25 Singleton Ave<br \/>\nStonefields,\u00a0Auckland 1072<br \/>\nNueva Zelanda<\/p>\n<h3>Espa\u00f1a<\/h3>\n<p><a href=\"http:\/\/www.studycapec.com\/\">A+ CAPEC\u00a0Madrid<\/a><br \/>\n<a href=\"mailto:spain@studycapec.com\">spain@studycapec.com<\/a><br \/>\n+34 (91) 173 3873<br \/>\nC\/Costanilla de los Desamparados, 12<br \/>\n28014 Madrid<\/p>\n<p><a href=\"http:\/\/www.studycapec.com\/\">A+CAPEC Barcelona<\/a><br \/>\n<a href=\"mailto:barcelona@studycapec.com\">barcelona@studycapec.com<\/a><br \/>\n+34 (669) 744 482<br \/>\nDiputaci\u00f3, 251 5\u00aa planta<br \/>\n08007 Barcelona<\/p>\n<h3>M\u00e9xico<\/h3>\n<p><a href=\"http:\/\/www.aaii.ca\">Ad Astra International<\/a><br \/>\n<a href=\"mailto:info@aaii.ca\">info@aaii.ca<\/a><br \/>\nInsurgentes Sur No. 953 Desp. 114<br \/>\nCol. N\u00e1poles, C.P. 03810,<br \/>\nM\u00e9xico D.F.<\/p>\n<h3>Internacional<\/h3>\n<p><a href=\"http:\/\/www.sea-international.com\">SEA International<\/a><br \/>\nConsultores de educaci\u00f3n y agentes migratorios licenciados<br \/>\n<a href=\"mailto:info@sea-international.com\">info@sea-international.com<\/a><br \/>\nWhatsapp: +64211588249<br \/>\nTel\u00e9fono Colombia: 3002041923<\/p>\n<p><a href=\"http:\/\/www.lae-edu.com\/\">LAE<\/a><br \/>\n<a href=\"mailto:headoffice@lae.edu.com\">headoffice@lae.edu.com<\/a><br \/>\nLAE tiene oficinas en Australia, Argentina, Brasil, Chile, Colombia, Costa Rica, Ecuador, Espa\u00f1a, Honduras, Italia, M\u00e9xico, Nueva Zelanda, Panam\u00e1, Paraguay, Per\u00fa, Uruguay y Venezuela. <a href=\"http:\/\/www.lae-edu.com\/oficinas-lae\">Contacte una oficina cerca de Usted.<\/a><\/p>\n","protected":false},"excerpt":{"rendered":"<p>Especialistas en viajes de aprendizaje de idiomas que le pueden ayudar para inscribirse en Languages International: Argentina Australia &amp; New Zealand Travel info@anztravel.com.ar +54 (11) 4314-7265 Paraguay 647, 4\u00ba piso, Of. 17 y 18 C1057AAG Buenos Aires Chile StudyTours info@studytours.cl +56 (2) 2242 5359 Alonso de C\u00f3rdova 5870 Of. 819 Las Condes (Metro Manquehue, L1)<!-- ...  <a href=\"https:\/\/www.languages.ac.nz\/es\/cursos\/como-me-inscribo\/ayuda\/\" title=\"Read Obtenga ayuda para inscribirse\">Lee mas &raquo;<\/a> --><\/p>\n","protected":false},"author":9,"featured_media":0,"parent":1505,"menu_order":0,"comment_status":"closed","ping_status":"closed","template":"","meta":{"footnotes":""},"class_list":["post-10711","page","type-page","status-publish","hentry"],"acf":[],"_links":{"self":[{"href":"https:\/\/www.languages.ac.nz\/es\/wp-json\/wp\/v2\/pages\/10711","targetHints":{"allow":["GET"]}}],"collection":[{"href":"https:\/\/www.languages.ac.nz\/es\/wp-json\/wp\/v2\/pages"}],"about":[{"href":"https:\/\/www.languages.ac.nz\/es\/wp-json\/wp\/v2\/types\/page"}],"author":[{"embeddable":true,"href":"https:\/\/www.languages.ac.nz\/es\/wp-json\/wp\/v2\/users\/9"}],"replies":[{"embeddable":true,"href":"https:\/\/www.languages.ac.nz\/es\/wp-json\/wp\/v2\/comments?post=10711"}],"version-history":[{"count":13,"href":"https:\/\/www.languages.ac.nz\/es\/wp-json\/wp\/v2\/pages\/10711\/revisions"}],"predecessor-version":[{"id":22220,"href":"https:\/\/www.languages.ac.nz\/es\/wp-json\/wp\/v2\/pages\/10711\/revisions\/22220"}],"up":[{"embeddable":true,"href":"https:\/\/www.languages.ac.nz\/es\/wp-json\/wp\/v2\/pages\/1505"}],"wp:attachment":[{"href":"https:\/\/www.languages.ac.nz\/es\/wp-json\/wp\/v2\/media?parent=10711"}],"curies":[{"name":"wp","href":"https:\/\/api.w.org\/{rel}","templated":true}]}}