

{"id":12379,"date":"2012-08-09T01:17:21","date_gmt":"2012-08-08T13:17:21","guid":{"rendered":"https:\/\/www.languages.ac.nz\/de\/languages-international-2\/"},"modified":"2019-07-18T16:22:59","modified_gmt":"2019-07-18T04:22:59","slug":"languages-international-2","status":"publish","type":"page","link":"https:\/\/www.languages.ac.nz\/de\/","title":{"rendered":"Languages International"},"content":{"rendered":"<h2 class=\"h1\">Languages International<\/h2>\n<p>Dies ist eine kurze Zusammenfassung unserer <a href=\"https:\/\/www.languages.ac.nz\/\">englischen Webseite<\/a>. Ausf\u00fchrlichere Informationen und Fotos finden sie auf der <a href=\"https:\/\/www.languages.ac.nz\/\">englischen Seite<\/a>.<\/p>\n<p>Willkommen bei Languages International.\u00a0Wie bieten Ihnen eine\u00a0wundersch\u00f6nen Lage im Stadtzentrum in Auckland, Neuseeland.\u00a0 Unsere Schule befindet sich in drei historischen Geb\u00e4uden in und um den malerischen Albert Park in Auckland.<\/p>\n<p>Wir bieten Ihnen ausgezeichneten Unterricht mit umfassender pers\u00f6nlicher Betreuung und eine angenehme, lebendige Atmosph\u00e4re. Bei uns treffen Sie interessante Menschen aus der ganzen Welt. Geselligkeit, bestens ausgebildete, freundliche Lehrer, hilfsbereite neuseel\u00e4ndische Gastfamilien und eine grosse Auswahl an Freizeitaktivit\u00e4ten verhelfen Ihnen zu einem anregenden, erfolgreichen Aufenthalt in unserer sch\u00f6nen Stadt.<\/p>\n<p>Languages International wurde im Jahre 1978 gegr\u00fcndet und ist die am l\u00e4ngsten bestehende, private Sprachschule f\u00fcr Englisch in Neuseeland. Die Schule hat weltweit einen ausgezeichneten Ruf f\u00fcr Qualit\u00e4t und Zuverl\u00e4ssigkeit, sowie f\u00fcr die vorz\u00fcgliche Betreuung, die wir unseren Studenten zukommen lassen.<\/p>\n<h3><span class=\"h2\">Languages International bietet Ihnen :<br \/>\n<\/span><\/h3>\n<ul>\n<li>eine\u00a0wundersch\u00f6nen Lage im Stadtzentrum<\/li>\n<li>hoch qualifizierte, freundliche Lehrer. Das gesamte akademische<br \/>\nF\u00fchrungspersonal hat Masters-Abschluss in Angewandter Linguistik<\/li>\n<li>maximale Klassengr\u00f6sse von 14 Kursteilnehmern<\/li>\n<li>eine ausgewogene Mischung erwachsener Studenten aus Europa, Asien,<br \/>\nS\u00fcdamerika und dem Pazifik-Raum<\/li>\n<li>komfortable Klassenzimmer in stilvollen historischen Geb\u00e4uden<\/li>\n<li>eine grosse Auswahl von zukunftsorientierten Kursen<\/li>\n<li>ein mit Computern und Bibliothek ausgestattetes Lernzentrum f\u00fcr<br \/>\nselbstst\u00e4ndige Freiarbeit<\/li>\n<li>konstant hohe Erfolgsquoten bei Pr\u00fcfungen<\/li>\n<li>E-Mail und Internet-Zugang kostenlos<\/li>\n<li>auf Wunsch Flughafentransfer<\/li>\n<li>regelm\u00e4ssiges Aktivit\u00e4tenprogramm<\/li>\n<li>organisierte Wochenendausfl\u00fcge<\/li>\n<li>Grillfeste und Partys<\/li>\n<\/ul>\n<h3><span class=\"h2\">Counsellors und Akademische Unterst\u00fctzung<\/span><\/h3>\n<p>Am ersten Schultag werden Sie von <em>Counsellors<\/em> ber\u00fcsst, die Ihre Sprache sprechen. Sie werden Ihnen helfen, sich in Ihrem neuen Leben in Neuseeland zurechtzufinden. F\u00fcr Fotos unserer <em>Counsellors<\/em> klicken sie <a href=\"\/about-us\/our-people\/counsellors-in-auckland\/\">hier<\/a>.<\/p>\n<p>An Ihrem ersten Tag werden sie Sie \u00fcber Ihren Unterricht und die Schule und ihre Einrichtungen informieren und Ihnen Ratschl\u00e4ge geben, wie Sie am meisten aus Ihrer Gastfamilienerfahrung machen k\u00f6nnen.<\/p>\n<p>Sie werden Ihnen das Wichtigste \u00fcber Ihr Leben in Auckland erkl\u00e4ren, zum Beispiel wo Sie einen Linienbus-Pass f\u00fcr Studenten kaufen k\u00f6nnen oder wie man ein Bankkonto er\u00f6ffnet.<\/p>\n<p>Sie werden auch eine gef\u00fchrte Besichtigung der Schule und der nahen Umgebung erhalten.\u00a0 Am wichtigsten, unsere <em>Counsellors<\/em> stehen Ihnen jede Woche zur Verf\u00fcgung, um alle Ihre Fragen zu beanworten.<\/p>\n<p>Unsere Lehrer sind ebenfalls aktiv in die Beratung der Studenten einbezogen, was Ihren Lernfortschritt anbetrifft. Wir haben ein breites Team an Verwaltungs-Personal, um eine optimale Betreuung der Studenten sicher zu stellen.<\/p>\n<p>F\u00fcr mehr Information klicken Sie <a href=\"\/courses\/your-first-day\/\">hier<\/a>, wo sie unser \u201afirst day orientation book\u2018 einsehen k\u00f6nnen.<\/p>\n<h3><span class=\"h2\">Kurse<\/span><\/h3>\n<p>Unser Schuljahr ist in Sommer-, Herbst-, Winter- und Fr\u00fchlings-Quartale unterteilt.<\/p>\n<p>Eine vollst\u00e4ndige Aufstellung unseres Kursangebotes und der Start-Termine finden sie <a href=\"\/courses\/\">hier<\/a>.<\/p>\n<p>Sie k\u00f6nnen einen Kurs f\u00fcr Allgemein-Englisch an jedem Montag anfangen. Wir sind 50 Wochen im Jahr ge\u00f6ffnet und schliessen nur f\u00fcr 2 Wochen \u00fcber Weihnachten.<\/p>\n<p>Wir bieten Ihnen ein breites Angebot von Kursen im Bereich Allgemein-Englisch, Englisch f\u00fcr die Universit\u00e4t, Englisch f\u00fcr den Handels-und Gesch\u00e4ftsbereich, sowie Kurse f\u00fcr Englisch-Lehrer.<\/p>\n<p>Wir sind spezialisiert in Kursen, die auf ein Studium an einer Universit\u00e4t oder einem Polytechnikum vorbereiten.<\/p>\n<p>Wir bereiten Studenten f\u00fcr ein breites Band von Englisch &#8211; Pr\u00fcfungen vor, wie die Cambridge-Pr\u00fcfungen (PET, FCE, CAE, CPE und BEC) Preparation for TOEIC\u00ae Test, Preparation for TOEFL\u00ae Test sowie IELTS. Die maximale Klassengr\u00f6sse betr\u00e4gt 14 Kursteilnehmer.<\/p>\n<h3><span class=\"h2\">General English (GE) \u2013 Allgemein Englisch<\/span><\/h3>\n<p>Ganztags 23 Stunden pro Woche, 20 Stunden (60 Minuten) Klassenunterricht, 3 Stunden (60 Minuten) Selbststudium unter Lehreraufsicht im Lernzentrum.<\/p>\n<p>Halbtags 13 Stunden pro Woche, 10 Stunden (60 Minuten) Klassenunterricht, 3 Stunden (60 Minuten) Selbststudium unter Lehreraufsicht im Lernzentrum.<\/p>\n<p>Die Klassen werden sorgf\u00e4ltig in acht international anerkannte Leistungsstufen eingestuft: von \u201aAnf\u00e4nger\u2018 bis \u201aPost-Fortgeschrittene\u2018.\u00a0 Das in den einzelnen Leistungsstufen behandelte Sprachprogramm richtet sich nach einem detaillierten Lehrplan. Ihre Lehrer bieten Ihnen einen interessanten und effektiven Unterricht, wobei sowohl Textb\u00fccher als auch Unterrichtsaktivit\u00e4ten eine wichtige Rolle spielen.<\/p>\n<h3><span class=\"h2\">Stundenplan<\/span><\/h3>\n<p>Die Stundenpl\u00e4ne sind unterschiedlich, wobei der Unterricht von Montag bis Freitag zwischen 8.30 und 15.50 Uhr stattfindet. Jeder Student erh\u00e4lt bei Kursbeginn einen pers\u00f6nlichen Stundenplan.<\/p>\n<h3><span class=\"h2\">Das Lernzentrum<\/span><\/h3>\n<p>Die multimedialen Lerneinrichtungen in unserem Lernzentrum stellen Ihnen alle Mittel zur Verf\u00fcgung, die Sie ben\u00f6tigen, um sich selbstst\u00e4ndig auf Ihre ganz individuellen Lernziele zu konzentrieren. Ihr w\u00f6chentlicher Stundenplan sieht feste Zeiten im Lernzentrum vor und Sie k\u00f6nnen diese w\u00f6chentlichen Lernzeiten wesentlich erweitern, indem Sie vor und nach dem Unterricht noch mehr Studienzeit dort verbringen. Zu Beginn Ihres Kurses ist Ihnen Ihr Lehrer dabei behilflich, Ihr individuelles Lernprogramm auszuarbeiten. Mit dessen Hilfe k\u00f6nnen Sie auch nach Ihrer Heimkehr weiter auf Ihre Ziele hinarbeiten.<\/p>\n<h3><span class=\"h2\">Unterkunftsm\u00f6glichkeiten<\/span><\/h3>\n<p>Wir bieten Ihnen :<\/p>\n<ul>\n<li>Familienunterk\u00fcnfte<\/li>\n<li>Studentenheime<\/li>\n<li>Appartements mit Service<\/li>\n<\/ul>\n<p>Wir haben alle Unterk\u00fcnfte in Hinblick auf ihre Einrichtung und pers\u00f6nliche Betreuung von G\u00e4sten sorgf\u00e4ltig ausgew\u00e4hlt. F\u00fcr mehr Information und Fotos klicken Sie <a href=\"\/accommodation\/\">hier<\/a><\/p>\n<h3><span class=\"h2\">Das Leben bei einer neuseel\u00e4ndischen Gastfamilie<\/span><\/h3>\n<p>Wir w\u00e4hlen die Familien in Bezug auf ihre Freundlichkeit, ihren Lebensstil sowie die Qualit\u00e4t und die Lage ihres Hauses gewissenhaft aus. Wir sind sehr stolz auf unsere Gastfamilien, die unsere Studenten seit vielen Jahren mit herzlicher F\u00fcrsorge betreuen. Neuseel\u00e4nder sind bekannt f\u00fcr ihre Gastfreundschaft. Wenn auch Sie ihnen mit Freundlichkeit begegnen, haben Sie Freunde f\u00fcr\u2018s Leben gefunden. Die Familienunterbringung schliesst an den Wochentagen Fr\u00fchst\u00fcck und Abendessen, am Wochenende auch das Mittagessen ein. Sie bekommen ein gem\u00fctliches, eigenes Zimmer mit einem Arbeitsplatz f\u00fcr Ihre Studien. Sollten mehrere Studenten gleichzeitig bei einer Familie wohnen, wird darauf geachtet, dass sie nicht die gleiche uttersprache haben. Ausnahmen werden nur gemacht, wenn zwei befreundete Studenten ausdr\u00fccklich verlangen, zusammen untergebracht zu werden. Unsere Gastfamilien wohnen alle in der N\u00e4he einer Bushaltestelle. Die Busfahrt zur Schule dauert normalerweise 20 bis 40 Minuten.<\/p>\n<h3><span class=\"h2\">Freizeit- und Wochenend-Aktivit\u00e4ten <\/span><\/h3>\n<p>Wir ermutigen unsere Studenten zum disziplinierten Lernen. Allerdings sorgen wir mit einem umfassenden Freizeitprogramm unter der Leitung einer Lehrkraft auch f\u00fcr gen\u00fcgend Abwechslung. Jeden Montag k\u00f6nnen Sie dem Anschlagbrett in Ihrer Klasse entnehmen, welches Progamm in der kommenden Woche nach dem Unterricht angeboten wird. Wenn Sie diese Angebote nutzen, haben Sie die beste Gelegenheit, Studenten aus anderen Kursen und Leistungsstufen kennenzulernen. Jedes Wochenende organisieren wir ausserdem Ausfl\u00fcge, die Sie mit der Umgebung von Auckland bekannt machen. Diese Exkursionen werden von erfahrenen Reiseleitern durchgef\u00fchrt. Besonders beliebte Ziele sind das Rotorua Thermalgebiet, die H\u00f6hlen von Waitomo, der Taupo See, der Berg Ruapeho zum Skifahren, die Coromandel Str\u00e4nde und die Bay of Islands.<\/p>\n<h3><span class=\"h2\">Versicherung <\/span><\/h3>\n<p>Es ist gesetzlich vorgeschrieben, dass Studenten ohne Nachweis einer Kranken-und Reiseversicherung nicht zum Unterricht zugelassen werden d\u00fcrfen. Sie sind verpflichtet, einen Versicherungschutz f\u00fcr Ihre gesamte Studienzeit bei Languages International zu haben. Sie k\u00f6nnen vor Ihrer Ankunft \u00fcber uns eine Versicherung abschliessen, oder eine Versicherung Ihres Heimatlandes ausw\u00e4hlen. In diesem Falle m\u00fcssen Sie uns vor Kursbeginn den Nachweis Ihres Versicherungsschutzes vorlegen (Name der Versicherung, Versicherungsnummer und Enddatum).<\/p>\n<p>Mit dabei sein ist einfach! Sie k\u00f6nnen sich <a href=\"\/courses\/enrol-now\/#\">hier<\/a> online einschreiben.<\/p>\n<p><!\u2013\u2013German Edvisor WebQuote button\u2013\u2013><br \/>\n<a class=\"enrol-now\" href=\"#\" onClick=\"new Widget({redirectUrl: '\/de\/course-search-results\/?'}).setLang('de').r()\">Angebot einholen<\/a><\/p>\n<div id=\"btWidget\"><\/div>\n","protected":false},"excerpt":{"rendered":"<p>Languages International Dies ist eine kurze Zusammenfassung unserer englischen Webseite. Ausf\u00fchrlichere Informationen und Fotos finden sie auf der englischen Seite. Willkommen bei Languages International.\u00a0Wie bieten Ihnen eine\u00a0wundersch\u00f6nen Lage im Stadtzentrum in Auckland, Neuseeland.\u00a0 Unsere Schule befindet sich in drei historischen Geb\u00e4uden in und um den malerischen Albert Park in Auckland. Wir bieten Ihnen ausgezeichneten Unterricht<!-- ...  <a href=\"https:\/\/www.languages.ac.nz\/de\/\" title=\"Read Languages International\">Mehr lesen &raquo;<\/a> --><\/p>\n","protected":false},"author":1,"featured_media":0,"parent":0,"menu_order":1,"comment_status":"closed","ping_status":"closed","template":"page-home.php","meta":{"footnotes":""},"class_list":["post-12379","page","type-page","status-publish","hentry"],"acf":[],"_links":{"self":[{"href":"https:\/\/www.languages.ac.nz\/de\/wp-json\/wp\/v2\/pages\/12379","targetHints":{"allow":["GET"]}}],"collection":[{"href":"https:\/\/www.languages.ac.nz\/de\/wp-json\/wp\/v2\/pages"}],"about":[{"href":"https:\/\/www.languages.ac.nz\/de\/wp-json\/wp\/v2\/types\/page"}],"author":[{"embeddable":true,"href":"https:\/\/www.languages.ac.nz\/de\/wp-json\/wp\/v2\/users\/1"}],"replies":[{"embeddable":true,"href":"https:\/\/www.languages.ac.nz\/de\/wp-json\/wp\/v2\/comments?post=12379"}],"version-history":[{"count":20,"href":"https:\/\/www.languages.ac.nz\/de\/wp-json\/wp\/v2\/pages\/12379\/revisions"}],"predecessor-version":[{"id":30253,"href":"https:\/\/www.languages.ac.nz\/de\/wp-json\/wp\/v2\/pages\/12379\/revisions\/30253"}],"wp:attachment":[{"href":"https:\/\/www.languages.ac.nz\/de\/wp-json\/wp\/v2\/media?parent=12379"}],"curies":[{"name":"wp","href":"https:\/\/api.w.org\/{rel}","templated":true}]}}